{"id":2183,"date":"2016-02-28T08:28:22","date_gmt":"2016-02-28T08:28:22","guid":{"rendered":"https:\/\/demo2.chethemes.com\/electro\/?page_id=2183"},"modified":"2019-01-31T11:30:09","modified_gmt":"2019-01-31T10:30:09","slug":"conditions-generales-dutilisation","status":"publish","type":"page","link":"https:\/\/www.4bdistrib.com\/en\/conditions-generales-dutilisation\/","title":{"rendered":"Conditions G\u00e9n\u00e9rales d&#8217;Utilisation"},"content":{"rendered":"<section class=\"section inner-bottom-xs\">\n<h2>Article 1: object<\/h2>\n<p>Les pr\u00e9sentes &#8220;conditions g\u00e9n\u00e9rales d&#8217;utilisation&#8221; ont pour objet l&#8217;encadrement juridique de l&#8217;utilisation du site 4B DISTRIB et de ses services.<\/p>\n<p>This contract is concluded between:<\/p>\n<p>Le g\u00e9rant du site internet, ci apr\u00e8s d\u00e9sign\u00e9 &#8220;l&#8217;\u00c9diteur&#8221;,<\/p>\n<p>Toute personne physique ou morale souhaitant acc\u00e9der au site et \u00e0 ses services, ci-apr\u00e8s appel\u00e9 &#8220;l&#8217;Utilisateur&#8221;.<\/p>\n<p>The general conditions of use must be accepted by any User, and their access to the site constitutes acceptance of these conditions.<\/p>\n<\/section>\n<section class=\"section inner-bottom-xs\">\n<h2>Article 2: Legal notices<\/h2>\n<p>The 4B DISTRIB site is published by the company 4B DISTRIB, SAS with capital of 10,000 euros, whose head office is located at Parc d'Activit\u00e9s de la Francilienne, 62 Boulevard de Beaubourg, 77184 Emerainville, registered with the RCS under number 800 344 319, VAT number FR20800344319, represented by Mr Marco BOSI.<\/p>\n<p>The 4B DISTRIB site is hosted by WP SERVEUR, a company incorporated under French law with capital of 10,000 euros, with domicile at 7 rue de la Cit\u00e9 Foulc 30000 N\u00eemes, registered with the RCS under number 808 840 474.<\/p>\n<\/section>\n<section class=\"section inner-bottom-xs\">\n<h2>Article 3: Access to services<\/h2>\n<p>L&#8217;Utilisateur du site 4B DISTRIB a acc\u00e8s aux services suivants :<\/p>\n<ul>\n<li>Product information,<\/li>\n<li>Consultation of the online catalog,<\/li>\n<li>Downloading the product catalog,<\/li>\n<li>Information sur des sujets d&#8217;actualit\u00e9s de la soci\u00e9t\u00e9 4B DISTRIB,<\/li>\n<li>Viewing videos of 4B DISTRIB products,<\/li>\n<li>Demande d&#8217;information via le formulaire de contact.<\/li>\n<\/ul>\n<p>Tout utilisateur ayant acc\u00e8s \u00e0 internet peut acc\u00e9der gratuitement et depuis n&#8217;importe o\u00f9 au site. Les frais support\u00e9s par l&#8217;Utilisateur pour y acc\u00e9der (connexion internet, mat\u00e9riel informatique, etc.) ne sont pas \u00e0 la charge de l&#8217;\u00c9diteur.<\/p>\n<p>Le site et ses diff\u00e9rents services peuvent \u00eatre interrompus ou suspendus par l&#8217;\u00c9diteur, notamment \u00e0 l&#8217;occasion d&#8217;une maintenance, sans obligation de pr\u00e9avis ou de justification.<\/p>\n<\/section>\n<section class=\"section inner-bottom-xs\">\n<h2>Article 4 : Responsabilit\u00e9 de l&#8217;Utilisateur<\/h2>\n<p>L&#8217;Utilisateur assume l&#8217;enti\u00e8re responsabilit\u00e9 de l&#8217;utilisation qu&#8217;il fait des informations et contenus pr\u00e9sents sur le site internet 4B DISTRIB.<\/p>\n<p>Tout usage du service par l&#8217;Utilisateur ayant directement ou indirectement pour cons\u00e9quence des dommages doit faire l&#8217;objet d&#8217;une indemnisation au profit du site.<\/p>\n<\/section>\n<section class=\"section inner-bottom-xs\">\n<h2>Article 5 : Responsabilit\u00e9 de l&#8217;\u00c9diteur<\/h2>\n<p>Tout dysfonctionnement du serveur ou du r\u00e9seau ne peut engager la responsabilit\u00e9 de l&#8217;\u00c9diteur.<\/p>\n<p>Likewise, the site cannot be held liable in the event of force majeure or the unforeseeable and insurmountable act of a third party?<\/p>\n<p>Le site 4B DISTRIB s&#8217;engage \u00e0 mettre en \u0153uvre tous les moyens n\u00e9cessaires pour garantir la s\u00e9curit\u00e9 et la confidentialit\u00e9 des donn\u00e9es. Toutefois, il n&#8217;apporte pas une garantie de s\u00e9curit\u00e9 totale.<\/p>\n<p>L&#8217;\u00c9diteur se r\u00e9serve la facult\u00e9 d&#8217;une non-garantie de la fiabilit\u00e9 des sources, bien que les informations diffus\u00e9es sur le site soient r\u00e9put\u00e9es fiables.<\/p>\n<\/section>\n<section class=\"section inner-bottom-xs\">\n<h2>Article 6: Intellectual property<\/h2>\n<p>The contents of the 4B DISTRIB site (logos, texts, graphic elements, videos, etc.) are protected by copyright, under the Intellectual Property Code.<\/p>\n<p>L&#8217;Utilisateur devra obtenir l&#8217;autorisation de l&#8217;\u00e9diteur du site avant toute reproduction, copie ou publication de ces diff\u00e9rents contenus.<\/p>\n<p>These can be used by users for private purposes; any commercial use is prohibited.<\/p>\n<\/section>\n<section class=\"section inner-bottom-xs\">\n<h2>Article 7: Personal data<\/h2>\n<p>L&#8217;adresse \u00e9lectronique (email) de l&#8217;Utilisateur pourra notamment \u00eatre utilis\u00e9e par le site 4B DISTRIB pour la communication d&#8217;informations diverses et la gestion du compte.<\/p>\n<p>4B DISTRIB garantie le respect de la vie priv\u00e9e de l&#8217;Utilisateur, conform\u00e9ment \u00e0 la loi n\u00b078-17 du 6 janvier 1978 relative \u00e0 l&#8217;informatique, aux fichiers et aux libert\u00e9s.<\/p>\n<p>En vertu des articles 39 et 40 de la loi en date du 6 janvier 1978, l&#8217;Utilisateur dispose d&#8217;un droit d&#8217;acc\u00e8s, de rectification, de suppression et d&#8217;opposition de ses donn\u00e9es personnelles. L&#8217;utilisateur exerce ce droit via :<\/p>\n<ul>\n<li>A contact form,<\/li>\n<li>Par mail \u00e0 l&#8217;adresse contact@4bdistrib.com<\/li>\n<li>By post to PA de la Francilienne, 62 Boulevard de Beaubourg, 77184 \u00c9merainville<\/li>\n<\/ul>\n<\/section>\n<section class=\"section inner-bottom-xs\">\n<h2>Article 8: Hypertext links<\/h2>\n<p>Les domaines vers lesquels m\u00e8nent les liens hypertextes sur le site n&#8217;engagent pas la\u00a0 responsabilit\u00e9 de l&#8217;\u00c9diteur de 4B DISTRIB, qui n&#8217;a aucun contr\u00f4le sur ces liens.<\/p>\n<p>It is possible for a third party to create a link to a page of the 4B DISTRIB site without express authorization from the publisher.<\/p>\n<\/section>\n<section class=\"section inner-bottom-xs\">\n<h2>Article 9 : \u00c9volution des conditions g\u00e9n\u00e9rales d&#8217;utilisation<\/h2>\n<p>The 4B DISTRIB site reserves the right to modify the clauses of these general conditions of use at any time and without justification.<\/p>\n<\/section>\n<section class=\"section inner-bottom-xs\">\n<h2>Article 10: Duration of the contract<\/h2>\n<p>La dur\u00e9e du pr\u00e9sent contrat est ind\u00e9termin\u00e9e. Le contrat produit ses effets \u00e0 l&#8217;\u00e9gard de l&#8217;Utilisateur \u00e0 compter du d\u00e9but de l&#8217;utilisation du service.<\/p>\n<\/section>\n<section class=\"section inner-bottom-xs\">\n<h2>Article 11: Applicable law and jurisdiction<\/h2>\n<p>This contract depends on French legislation.<\/p>\n<p>En cas de litige non r\u00e9solu \u00e0 l&#8217;amiable entre l&#8217;Utilisateur et l&#8217;\u00c9diteur, les tribunaux de Meaux sont comp\u00e9tents pour r\u00e9gler le contentieux.<\/p>\n<\/section>","protected":false},"excerpt":{"rendered":"<p>Article 1 : Objet Les pr\u00e9sentes &#8220;conditions g\u00e9n\u00e9rales d&#8217;utilisation&#8221; ont pour objet l&#8217;encadrement juridique de l&#8217;utilisation du site 4B DISTRIB et de ses services. Ce contrat est conclu entre :<\/p>","protected":false},"author":2,"featured_media":0,"parent":0,"menu_order":0,"comment_status":"closed","ping_status":"closed","template":"","meta":{"_exactmetrics_skip_tracking":false,"_exactmetrics_sitenote_active":false,"_exactmetrics_sitenote_note":"","_exactmetrics_sitenote_category":0,"footnotes":""},"class_list":["post-2183","page","type-page","status-publish","hentry"],"yoast_head":"<!-- This site is optimized with the Yoast SEO plugin v27.2 - https:\/\/yoast.com\/product\/yoast-seo-wordpress\/ -->\n<title>Conditions G\u00e9n\u00e9rales d&#039;Utilisation - 4B DISTRIB<\/title>\n<meta name=\"description\" content=\"Conditions g\u00e9n\u00e9rales d&#039;utilisation du site internet 4B DISTRIB. Fabricant et distributeur de mat\u00e9riels de nettoyage professionnel de qualit\u00e9.\" \/>\n<meta name=\"robots\" content=\"index, follow, max-snippet:-1, max-image-preview:large, max-video-preview:-1\" \/>\n<link rel=\"canonical\" href=\"https:\/\/www.4bdistrib.com\/en\/conditions-generales-dutilisation\/\" \/>\n<meta property=\"og:locale\" content=\"en_GB\" \/>\n<meta property=\"og:type\" content=\"article\" \/>\n<meta property=\"og:title\" content=\"Conditions G\u00e9n\u00e9rales d&#039;Utilisation - 4B DISTRIB\" \/>\n<meta property=\"og:description\" content=\"Conditions g\u00e9n\u00e9rales d&#039;utilisation du site internet 4B DISTRIB. Fabricant et distributeur de mat\u00e9riels de nettoyage professionnel de qualit\u00e9.\" \/>\n<meta property=\"og:url\" content=\"https:\/\/www.4bdistrib.com\/en\/conditions-generales-dutilisation\/\" \/>\n<meta property=\"og:site_name\" content=\"4B DISTRIB\" \/>\n<meta property=\"article:modified_time\" content=\"2019-01-31T10:30:09+00:00\" \/>\n<meta name=\"twitter:card\" content=\"summary_large_image\" \/>\n<meta name=\"twitter:label1\" content=\"Estimated reading time\" \/>\n\t<meta name=\"twitter:data1\" content=\"4 minutes\" \/>\n<script type=\"application\/ld+json\" class=\"yoast-schema-graph\">{\"@context\":\"https:\/\/schema.org\",\"@graph\":[{\"@type\":\"WebPage\",\"@id\":\"https:\/\/www.4bdistrib.com\/conditions-generales-dutilisation\/\",\"url\":\"https:\/\/www.4bdistrib.com\/conditions-generales-dutilisation\/\",\"name\":\"Conditions G\u00e9n\u00e9rales d'Utilisation - 4B DISTRIB\",\"isPartOf\":{\"@id\":\"https:\/\/www.4bdistrib.com\/#website\"},\"datePublished\":\"2016-02-28T08:28:22+00:00\",\"dateModified\":\"2019-01-31T10:30:09+00:00\",\"description\":\"Conditions g\u00e9n\u00e9rales d'utilisation du site internet 4B DISTRIB. Fabricant et distributeur de mat\u00e9riels de nettoyage professionnel de qualit\u00e9.\",\"breadcrumb\":{\"@id\":\"https:\/\/www.4bdistrib.com\/conditions-generales-dutilisation\/#breadcrumb\"},\"inLanguage\":\"en-GB\",\"potentialAction\":[{\"@type\":\"ReadAction\",\"target\":[\"https:\/\/www.4bdistrib.com\/conditions-generales-dutilisation\/\"]}]},{\"@type\":\"BreadcrumbList\",\"@id\":\"https:\/\/www.4bdistrib.com\/conditions-generales-dutilisation\/#breadcrumb\",\"itemListElement\":[{\"@type\":\"ListItem\",\"position\":1,\"name\":\"Home\",\"item\":\"https:\/\/www.4bdistrib.com\/\"},{\"@type\":\"ListItem\",\"position\":2,\"name\":\"Conditions G\u00e9n\u00e9rales d&#8217;Utilisation\"}]},{\"@type\":\"WebSite\",\"@id\":\"https:\/\/www.4bdistrib.com\/#website\",\"url\":\"https:\/\/www.4bdistrib.com\/\",\"name\":\"4B DISTRIB\",\"description\":\"Equipements Conseils Services\",\"potentialAction\":[{\"@type\":\"SearchAction\",\"target\":{\"@type\":\"EntryPoint\",\"urlTemplate\":\"https:\/\/www.4bdistrib.com\/?s={search_term_string}\"},\"query-input\":{\"@type\":\"PropertyValueSpecification\",\"valueRequired\":true,\"valueName\":\"search_term_string\"}}],\"inLanguage\":\"en-GB\"}]}<\/script>\n<!-- \/ Yoast SEO plugin. -->","yoast_head_json":{"title":"Conditions G\u00e9n\u00e9rales d'Utilisation - 4B DISTRIB","description":"Conditions g\u00e9n\u00e9rales d'utilisation du site internet 4B DISTRIB. Fabricant et distributeur de mat\u00e9riels de nettoyage professionnel de qualit\u00e9.","robots":{"index":"index","follow":"follow","max-snippet":"max-snippet:-1","max-image-preview":"max-image-preview:large","max-video-preview":"max-video-preview:-1"},"canonical":"https:\/\/www.4bdistrib.com\/en\/conditions-generales-dutilisation\/","og_locale":"en_GB","og_type":"article","og_title":"Conditions G\u00e9n\u00e9rales d'Utilisation - 4B DISTRIB","og_description":"Conditions g\u00e9n\u00e9rales d'utilisation du site internet 4B DISTRIB. Fabricant et distributeur de mat\u00e9riels de nettoyage professionnel de qualit\u00e9.","og_url":"https:\/\/www.4bdistrib.com\/en\/conditions-generales-dutilisation\/","og_site_name":"4B DISTRIB","article_modified_time":"2019-01-31T10:30:09+00:00","twitter_card":"summary_large_image","twitter_misc":{"Estimated reading time":"4 minutes"},"schema":{"@context":"https:\/\/schema.org","@graph":[{"@type":"WebPage","@id":"https:\/\/www.4bdistrib.com\/conditions-generales-dutilisation\/","url":"https:\/\/www.4bdistrib.com\/conditions-generales-dutilisation\/","name":"Conditions G\u00e9n\u00e9rales d'Utilisation - 4B DISTRIB","isPartOf":{"@id":"https:\/\/www.4bdistrib.com\/#website"},"datePublished":"2016-02-28T08:28:22+00:00","dateModified":"2019-01-31T10:30:09+00:00","description":"Conditions g\u00e9n\u00e9rales d'utilisation du site internet 4B DISTRIB. Fabricant et distributeur de mat\u00e9riels de nettoyage professionnel de qualit\u00e9.","breadcrumb":{"@id":"https:\/\/www.4bdistrib.com\/conditions-generales-dutilisation\/#breadcrumb"},"inLanguage":"en-GB","potentialAction":[{"@type":"ReadAction","target":["https:\/\/www.4bdistrib.com\/conditions-generales-dutilisation\/"]}]},{"@type":"BreadcrumbList","@id":"https:\/\/www.4bdistrib.com\/conditions-generales-dutilisation\/#breadcrumb","itemListElement":[{"@type":"ListItem","position":1,"name":"Home","item":"https:\/\/www.4bdistrib.com\/"},{"@type":"ListItem","position":2,"name":"Conditions G\u00e9n\u00e9rales d&#8217;Utilisation"}]},{"@type":"WebSite","@id":"https:\/\/www.4bdistrib.com\/#website","url":"https:\/\/www.4bdistrib.com\/","name":"4B DISTRIB","description":"Equipements Conseils Services","potentialAction":[{"@type":"SearchAction","target":{"@type":"EntryPoint","urlTemplate":"https:\/\/www.4bdistrib.com\/?s={search_term_string}"},"query-input":{"@type":"PropertyValueSpecification","valueRequired":true,"valueName":"search_term_string"}}],"inLanguage":"en-GB"}]}},"_links":{"self":[{"href":"https:\/\/www.4bdistrib.com\/en\/wp-json\/wp\/v2\/pages\/2183","targetHints":{"allow":["GET"]}}],"collection":[{"href":"https:\/\/www.4bdistrib.com\/en\/wp-json\/wp\/v2\/pages"}],"about":[{"href":"https:\/\/www.4bdistrib.com\/en\/wp-json\/wp\/v2\/types\/page"}],"author":[{"embeddable":true,"href":"https:\/\/www.4bdistrib.com\/en\/wp-json\/wp\/v2\/users\/2"}],"replies":[{"embeddable":true,"href":"https:\/\/www.4bdistrib.com\/en\/wp-json\/wp\/v2\/comments?post=2183"}],"version-history":[{"count":0,"href":"https:\/\/www.4bdistrib.com\/en\/wp-json\/wp\/v2\/pages\/2183\/revisions"}],"wp:attachment":[{"href":"https:\/\/www.4bdistrib.com\/en\/wp-json\/wp\/v2\/media?parent=2183"}],"curies":[{"name":"wp","href":"https:\/\/api.w.org\/{rel}","templated":true}]}}