{"id":6085,"date":"2018-06-26T10:41:25","date_gmt":"2018-06-26T08:41:25","guid":{"rendered":"https:\/\/www.4bdistrib.com\/video-grid-gallery\/"},"modified":"2018-09-28T11:52:59","modified_gmt":"2018-09-28T09:52:59","slug":"galerie-videos","status":"publish","type":"page","link":"https:\/\/www.4bdistrib.com\/en\/gallery-videos\/","title":{"rendered":"Video Gallery"},"content":{"rendered":"<div id='video_grid_1_emd_video-cont' class='emd-container'>\n\t\t\t\t\t\t\t\t<div id='video_grid_1_emd_video-view' class='emd-view-results'>\n\t\t\t\t\t\t\t\t<input type='hidden' id='emd_entity' name='emd_entity' value='emd_video'>\n\t\t\t\t<input type='hidden' id='emd_view' name='emd_view' value='video_grid'>\n\t\t\t\t<input type='hidden' id='emd_view_count' name='emd_view_count' value='1'>\t\n\t\t\t\t<input type='hidden' id='emd_app' name='emd_app' value='youtube_showcase'>\n\t\t\t\t<div class=\"row row-no-gutter\"><a href=\"https:\/\/www.4bdistrib.com\/en\/videos\/4b-distrib-fetes-ses-10-ans\/\" title=\"4B DISTRIB CELEBRATES ITS 10TH ANNIVERSARY!\">\n<div class=\"col-lg-3 col-sm-4 col-xs-6\">\n<div class=\"panel panel-info item-video\">\n  <div class=\"panel-body emd-vid\">\n            <div class=\"thumbnail\" style=\"padding:0;border: 0;border-bottom-left-radius: 0;border-bottom-right-radius: 0;\">\n                <img decoding=\"async\" style=\"width:100%;height:auto;\" src=\"https:\/\/www.4bdistrib.com\/wp-content\/uploads\/2024\/03\/Vid\u00e9o-10-ans.mp4\" alt=\"4B DISTRIB CELEBRATES ITS 10TH ANNIVERSARY!\" \/>\n            <\/div>\n  <\/div>\n  <div class=\"panel-footer\" style=\"background-color: rgba(0, 0, 0, 0);\">4B DISTRIB CELEBRATES ITS 10TH ANNIVERSARY!<\/div>\n<\/div>\n <\/div>\n<\/a><a href=\"https:\/\/www.4bdistrib.com\/en\/videos\/foam-sprayer-4b-distrib\/\" title=\"FOAM SPRAYER 4B DISTRIB\">\n<div class=\"col-lg-3 col-sm-4 col-xs-6\">\n<div class=\"panel panel-info item-video\">\n  <div class=\"panel-body emd-vid\">\n            <div class=\"thumbnail\" style=\"padding:0;border: 0;border-bottom-left-radius: 0;border-bottom-right-radius: 0;\">\n                <img decoding=\"async\" style=\"width:100%;height:auto;\" src=\"https:\/\/img.youtube.com\/vi\/d_X0Ewp5s3Y\/mqdefault.jpg\" alt=\"FOAM SPRAYER 4B DISTRIB\" \/>\n            <\/div>\n  <\/div>\n  <div class=\"panel-footer\" style=\"background-color: rgba(0, 0, 0, 0);\">FOAM SPRAYER 4B DISTRIB<\/div>\n<\/div>\n <\/div>\n<\/a><a href=\"https:\/\/www.4bdistrib.com\/en\/videos\/video-connecteurs-bag-in-box\/\" title=\"VIDEO CONNECTEURS BAG IN BOX\">\n<div class=\"col-lg-3 col-sm-4 col-xs-6\">\n<div class=\"panel panel-info item-video\">\n  <div class=\"panel-body emd-vid\">\n            <div class=\"thumbnail\" style=\"padding:0;border: 0;border-bottom-left-radius: 0;border-bottom-right-radius: 0;\">\n                <img decoding=\"async\" style=\"width:100%;height:auto;\" src=\"https:\/\/img.youtube.com\/vi\/UQ4Aqe8U3QI\/mqdefault.jpg\" alt=\"VIDEO CONNECTEURS BAG IN BOX\" \/>\n            <\/div>\n  <\/div>\n  <div class=\"panel-footer\" style=\"background-color: rgba(0, 0, 0, 0);\">VIDEO CONNECTEURS BAG IN BOX<\/div>\n<\/div>\n <\/div>\n<\/a><a href=\"https:\/\/www.4bdistrib.com\/en\/videos\/lampe-frontale-4b-distrib\/\" title=\"Lampe frontale 4B DISTRIB\">\n<div class=\"col-lg-3 col-sm-4 col-xs-6\">\n<div class=\"panel panel-info item-video\">\n  <div class=\"panel-body emd-vid\">\n            <div class=\"thumbnail\" style=\"padding:0;border: 0;border-bottom-left-radius: 0;border-bottom-right-radius: 0;\">\n                <img decoding=\"async\" style=\"width:100%;height:auto;\" src=\"https:\/\/img.youtube.com\/vi\/UfEZkNJryvg\/mqdefault.jpg\" alt=\"Lampe frontale 4B DISTRIB\" \/>\n            <\/div>\n  <\/div>\n  <div class=\"panel-footer\" style=\"background-color: rgba(0, 0, 0, 0);\">Lampe frontale 4B DISTRIB<\/div>\n<\/div>\n <\/div>\n<\/a><a href=\"https:\/\/www.4bdistrib.com\/en\/videos\/nebuliseur-magic-dorsale\/\" title=\"MAGIC DORSALE nebulizer\">\n<div class=\"col-lg-3 col-sm-4 col-xs-6\">\n<div class=\"panel panel-info item-video\">\n  <div class=\"panel-body emd-vid\">\n            <div class=\"thumbnail\" style=\"padding:0;border: 0;border-bottom-left-radius: 0;border-bottom-right-radius: 0;\">\n                <img decoding=\"async\" style=\"width:100%;height:auto;\" src=\"https:\/\/img.youtube.com\/vi\/bibIa5nCsMs\/mqdefault.jpg\" alt=\"MAGIC DORSALE nebulizer\" \/>\n            <\/div>\n  <\/div>\n  <div class=\"panel-footer\" style=\"background-color: rgba(0, 0, 0, 0);\">MAGIC DORSALE nebulizer<\/div>\n<\/div>\n <\/div>\n<\/a><a href=\"https:\/\/www.4bdistrib.com\/en\/videos\/nebuliseur-nano-sprayer\/\" title=\"NANO SPRAYER Nebulizer\">\n<div class=\"col-lg-3 col-sm-4 col-xs-6\">\n<div class=\"panel panel-info item-video\">\n  <div class=\"panel-body emd-vid\">\n            <div class=\"thumbnail\" style=\"padding:0;border: 0;border-bottom-left-radius: 0;border-bottom-right-radius: 0;\">\n                <img decoding=\"async\" style=\"width:100%;height:auto;\" src=\"https:\/\/img.youtube.com\/vi\/4Ey7DLioNP0\/mqdefault.jpg\" alt=\"NANO SPRAYER Nebulizer\" \/>\n            <\/div>\n  <\/div>\n  <div class=\"panel-footer\" style=\"background-color: rgba(0, 0, 0, 0);\">NANO SPRAYER Nebulizer<\/div>\n<\/div>\n <\/div>\n<\/a><a href=\"https:\/\/www.4bdistrib.com\/en\/videos\/pistolet-de-nettoyage-cyclone-cartool-classic\/\" title=\"Cleaning gun \u2013 CYCLONE CARTOOL CLASSIC\">\n<div class=\"col-lg-3 col-sm-4 col-xs-6\">\n<div class=\"panel panel-info item-video\">\n  <div class=\"panel-body emd-vid\">\n            <div class=\"thumbnail\" style=\"padding:0;border: 0;border-bottom-left-radius: 0;border-bottom-right-radius: 0;\">\n                <img decoding=\"async\" style=\"width:100%;height:auto;\" src=\"https:\/\/img.youtube.com\/vi\/io_nOWNL6EI\/mqdefault.jpg\" alt=\"Cleaning gun \u2013 CYCLONE CARTOOL CLASSIC\" \/>\n            <\/div>\n  <\/div>\n  <div class=\"panel-footer\" style=\"background-color: rgba(0, 0, 0, 0);\">Cleaning gun \u2013 CYCLONE CARTOOL CLASSIC<\/div>\n<\/div>\n <\/div>\n<\/a><a href=\"https:\/\/www.4bdistrib.com\/en\/videos\/mousseur-foam-gun\/\" title=\"Foamer \u2013 FOAM GUN\">\n<div class=\"col-lg-3 col-sm-4 col-xs-6\">\n<div class=\"panel panel-info item-video\">\n  <div class=\"panel-body emd-vid\">\n            <div class=\"thumbnail\" style=\"padding:0;border: 0;border-bottom-left-radius: 0;border-bottom-right-radius: 0;\">\n                <img decoding=\"async\" style=\"width:100%;height:auto;\" src=\"https:\/\/img.youtube.com\/vi\/6Qhq6YWm1ZI\/mqdefault.jpg\" alt=\"Foamer \u2013 FOAM GUN\" \/>\n            <\/div>\n  <\/div>\n  <div class=\"panel-footer\" style=\"background-color: rgba(0, 0, 0, 0);\">Foamer - FOAM GUN<\/div>\n<\/div>\n <\/div>\n<\/a><a href=\"https:\/\/www.4bdistrib.com\/en\/videos\/pistolet-de-nettoyage-cyclone-cartool-super-turbo-booster\/\" title=\"Cleaning gun \u2013 CYCLONE CARTOOL SUPER TURBO BOOSTER\">\n<div class=\"col-lg-3 col-sm-4 col-xs-6\">\n<div class=\"panel panel-info item-video\">\n  <div class=\"panel-body emd-vid\">\n            <div class=\"thumbnail\" style=\"padding:0;border: 0;border-bottom-left-radius: 0;border-bottom-right-radius: 0;\">\n                <img decoding=\"async\" style=\"width:100%;height:auto;\" src=\"https:\/\/img.youtube.com\/vi\/4XCCP3sdvVA\/mqdefault.jpg\" alt=\"Cleaning gun \u2013 CYCLONE CARTOOL SUPER TURBO BOOSTER\" \/>\n            <\/div>\n  <\/div>\n  <div class=\"panel-footer\" style=\"background-color: rgba(0, 0, 0, 0);\">Cleaning gun \u2013 CYCLONE CARTOOL SUPER TURBO BOOSTER<\/div>\n<\/div>\n <\/div>\n<\/a><a href=\"https:\/\/www.4bdistrib.com\/en\/videos\/distributeur-sans-contact-sur-pied\/\" title=\"Doser \u2013 CONTACTLESS dispenser on foot\">\n<div class=\"col-lg-3 col-sm-4 col-xs-6\">\n<div class=\"panel panel-info item-video\">\n  <div class=\"panel-body emd-vid\">\n            <div class=\"thumbnail\" style=\"padding:0;border: 0;border-bottom-left-radius: 0;border-bottom-right-radius: 0;\">\n                <img decoding=\"async\" style=\"width:100%;height:auto;\" src=\"https:\/\/img.youtube.com\/vi\/SKTRKdbt1BE\/mqdefault.jpg\" alt=\"Doser \u2013 CONTACTLESS dispenser on foot\" \/>\n            <\/div>\n  <\/div>\n  <div class=\"panel-footer\" style=\"background-color: rgba(0, 0, 0, 0);\">Doser - CONTACTLESS dispenser on foot<\/div>\n<\/div>\n <\/div>\n<\/a><a href=\"https:\/\/www.4bdistrib.com\/en\/videos\/pulverisateur-electrique-pro-sprayer-ii-avec-rincage-integre\/\" title=\"Electric Sprayer \u2013 PRO SPRAYER III with integrated rinsing\">\n<div class=\"col-lg-3 col-sm-4 col-xs-6\">\n<div class=\"panel panel-info item-video\">\n  <div class=\"panel-body emd-vid\">\n            <div class=\"thumbnail\" style=\"padding:0;border: 0;border-bottom-left-radius: 0;border-bottom-right-radius: 0;\">\n                <img decoding=\"async\" style=\"width:100%;height:auto;\" src=\"https:\/\/img.youtube.com\/vi\/I8NWsT3EmZI\/mqdefault.jpg\" alt=\"Electric Sprayer \u2013 PRO SPRAYER III with integrated rinsing\" \/>\n            <\/div>\n  <\/div>\n  <div class=\"panel-footer\" style=\"background-color: rgba(0, 0, 0, 0);\">Electric Sprayer \u2013 PRO SPRAYER III with integrated rinsing<\/div>\n<\/div>\n <\/div>\n<\/a><a href=\"https:\/\/www.4bdistrib.com\/en\/videos\/nebuliseur-autonome-atomizor-gun\/\" title=\"Autonomous nebulizer \u2013 ATOMIZOR GUN\">\n<div class=\"col-lg-3 col-sm-4 col-xs-6\">\n<div class=\"panel panel-info item-video\">\n  <div class=\"panel-body emd-vid\">\n            <div class=\"thumbnail\" style=\"padding:0;border: 0;border-bottom-left-radius: 0;border-bottom-right-radius: 0;\">\n                <img decoding=\"async\" style=\"width:100%;height:auto;\" src=\"https:\/\/img.youtube.com\/vi\/yjLLfe_nLbI\/mqdefault.jpg\" alt=\"Autonomous nebulizer \u2013 ATOMIZOR GUN\" \/>\n            <\/div>\n  <\/div>\n  <div class=\"panel-footer\" style=\"background-color: rgba(0, 0, 0, 0);\">Autonomous nebulizer \u2013 ATOMIZOR GUN<\/div>\n<\/div>\n <\/div>\n<\/a><a href=\"https:\/\/www.4bdistrib.com\/en\/videos\/batterie-multifonctions-mini-booster\/\" title=\"Multifunction Battery \u2013 MINI BOOSTER\">\n<div class=\"col-lg-3 col-sm-4 col-xs-6\">\n<div class=\"panel panel-info item-video\">\n  <div class=\"panel-body emd-vid\">\n            <div class=\"thumbnail\" style=\"padding:0;border: 0;border-bottom-left-radius: 0;border-bottom-right-radius: 0;\">\n                <img decoding=\"async\" style=\"width:100%;height:auto;\" src=\"https:\/\/img.youtube.com\/vi\/8atsd7_ttlg\/mqdefault.jpg\" alt=\"Multifunction Battery \u2013 MINI BOOSTER\" \/>\n            <\/div>\n  <\/div>\n  <div class=\"panel-footer\" style=\"background-color: rgba(0, 0, 0, 0);\">Multifunction Battery \u2013 MINI BOOSTER<\/div>\n<\/div>\n <\/div>\n<\/a><a href=\"https:\/\/www.4bdistrib.com\/en\/videos\/systeme-mousse-autonome-foam-sprayer\/\" title=\"Autonomous Foam System \u2013 FOAM SPRAYER\">\n<div class=\"col-lg-3 col-sm-4 col-xs-6\">\n<div class=\"panel panel-info item-video\">\n  <div class=\"panel-body emd-vid\">\n            <div class=\"thumbnail\" style=\"padding:0;border: 0;border-bottom-left-radius: 0;border-bottom-right-radius: 0;\">\n                <img decoding=\"async\" style=\"width:100%;height:auto;\" src=\"https:\/\/img.youtube.com\/vi\/l-G9aZA6Xek\/mqdefault.jpg\" alt=\"Autonomous Foam System \u2013 FOAM SPRAYER\" \/>\n            <\/div>\n  <\/div>\n  <div class=\"panel-footer\" style=\"background-color: rgba(0, 0, 0, 0);\">Autonomous Foam System \u2013 FOAM SPRAYER<\/div>\n<\/div>\n <\/div>\n<\/a><a href=\"https:\/\/www.4bdistrib.com\/en\/videos\/pulverisateur-electrique-pro-sprayer-2\/\" title=\"Autonomous Foam System \u2013 FOAM SPRAYER\">\n<div class=\"col-lg-3 col-sm-4 col-xs-6\">\n<div class=\"panel panel-info item-video\">\n  <div class=\"panel-body emd-vid\">\n            <div class=\"thumbnail\" style=\"padding:0;border: 0;border-bottom-left-radius: 0;border-bottom-right-radius: 0;\">\n                <img decoding=\"async\" style=\"width:100%;height:auto;\" src=\"https:\/\/img.youtube.com\/vi\/hc3yXy6Y0Yc\/mqdefault.jpg\" alt=\"Autonomous Foam System \u2013 FOAM SPRAYER\" \/>\n            <\/div>\n  <\/div>\n  <div class=\"panel-footer\" style=\"background-color: rgba(0, 0, 0, 0);\">Autonomous Foam System \u2013 FOAM SPRAYER<\/div>\n<\/div>\n <\/div>\n<\/a><a href=\"https:\/\/www.4bdistrib.com\/en\/videos\/pulverisateur-electrique-eco-sprayer-2\/\" title=\"Electric Sprayer \u2013 ECO SPRAYER III\">\n<div class=\"col-lg-3 col-sm-4 col-xs-6\">\n<div class=\"panel panel-info item-video\">\n  <div class=\"panel-body emd-vid\">\n            <div class=\"thumbnail\" style=\"padding:0;border: 0;border-bottom-left-radius: 0;border-bottom-right-radius: 0;\">\n                <img decoding=\"async\" style=\"width:100%;height:auto;\" src=\"https:\/\/img.youtube.com\/vi\/nZzeBguqURI\/mqdefault.jpg\" alt=\"Electric Sprayer \u2013 ECO SPRAYER III\" \/>\n            <\/div>\n  <\/div>\n  <div class=\"panel-footer\" style=\"background-color: rgba(0, 0, 0, 0);\">Electric Sprayer \u2013 ECO SPRAYER III<\/div>\n<\/div>\n <\/div>\n<\/a><\/div>\t\t\t\t\t<div class='pagination-bar' style='clear:both;'>\n\t\t\t\t\t<ul class='emd-pagination'><li class='active'><span aria-current=\"page\" class=\"page-numbers current\">1<\/span><\/li><li><a class=\"page-numbers\" href=\"https:\/\/www.4bdistrib.com\/en\/\/page\/2\/\">2<\/a><\/li><li><a class=\"next page-numbers\" href=\"https:\/\/www.4bdistrib.com\/en\/\/page\/2\/\">Next &raquo;<\/a><\/li><\/ul>\t\t\t\t\t<\/div>\n\t\t\t\t\t\t\t\t<\/div>\n\t\t\t\t<\/div>","protected":false},"excerpt":{"rendered":"","protected":false},"author":2,"featured_media":0,"parent":0,"menu_order":0,"comment_status":"closed","ping_status":"closed","template":"","meta":{"_exactmetrics_skip_tracking":false,"_exactmetrics_sitenote_active":false,"_exactmetrics_sitenote_note":"","_exactmetrics_sitenote_category":0,"footnotes":""},"class_list":["post-6085","page","type-page","status-publish","hentry"],"yoast_head":"<!-- This site is optimized with the Yoast SEO plugin v27.2 - https:\/\/yoast.com\/product\/yoast-seo-wordpress\/ -->\n<title>Vid\u00e9os produits, vid\u00e9os de d\u00e9monstration - 4B DISTRIB<\/title>\n<meta name=\"description\" content=\"Visualisez nos vid\u00e9os de d\u00e9monstrations produits. Mise en situation des produit dans dif\u00e9rentes situations, visualisation des produits.\" \/>\n<meta name=\"robots\" content=\"index, follow, max-snippet:-1, max-image-preview:large, max-video-preview:-1\" \/>\n<link rel=\"canonical\" href=\"https:\/\/www.4bdistrib.com\/en\/gallery-videos\/\" \/>\n<meta property=\"og:locale\" content=\"en_GB\" \/>\n<meta property=\"og:type\" content=\"article\" \/>\n<meta property=\"og:title\" content=\"Vid\u00e9os produits, vid\u00e9os de d\u00e9monstration - 4B DISTRIB\" \/>\n<meta property=\"og:description\" content=\"Visualisez nos vid\u00e9os de d\u00e9monstrations produits. Mise en situation des produit dans dif\u00e9rentes situations, visualisation des produits.\" \/>\n<meta property=\"og:url\" content=\"https:\/\/www.4bdistrib.com\/en\/gallery-videos\/\" \/>\n<meta property=\"og:site_name\" content=\"4B DISTRIB\" \/>\n<meta property=\"article:modified_time\" content=\"2018-09-28T09:52:59+00:00\" \/>\n<meta name=\"twitter:card\" content=\"summary_large_image\" \/>\n<script type=\"application\/ld+json\" class=\"yoast-schema-graph\">{\"@context\":\"https:\/\/schema.org\",\"@graph\":[{\"@type\":\"WebPage\",\"@id\":\"https:\/\/www.4bdistrib.com\/galerie-videos\/\",\"url\":\"https:\/\/www.4bdistrib.com\/galerie-videos\/\",\"name\":\"Vid\u00e9os produits, vid\u00e9os de d\u00e9monstration - 4B DISTRIB\",\"isPartOf\":{\"@id\":\"https:\/\/www.4bdistrib.com\/#website\"},\"datePublished\":\"2018-06-26T08:41:25+00:00\",\"dateModified\":\"2018-09-28T09:52:59+00:00\",\"description\":\"Visualisez nos vid\u00e9os de d\u00e9monstrations produits. Mise en situation des produit dans dif\u00e9rentes situations, visualisation des produits.\",\"breadcrumb\":{\"@id\":\"https:\/\/www.4bdistrib.com\/galerie-videos\/#breadcrumb\"},\"inLanguage\":\"en-GB\",\"potentialAction\":[{\"@type\":\"ReadAction\",\"target\":[\"https:\/\/www.4bdistrib.com\/galerie-videos\/\"]}]},{\"@type\":\"BreadcrumbList\",\"@id\":\"https:\/\/www.4bdistrib.com\/galerie-videos\/#breadcrumb\",\"itemListElement\":[{\"@type\":\"ListItem\",\"position\":1,\"name\":\"Home\",\"item\":\"https:\/\/www.4bdistrib.com\/\"},{\"@type\":\"ListItem\",\"position\":2,\"name\":\"Galerie Vid\u00e9os\"}]},{\"@type\":\"WebSite\",\"@id\":\"https:\/\/www.4bdistrib.com\/#website\",\"url\":\"https:\/\/www.4bdistrib.com\/\",\"name\":\"4B DISTRIB\",\"description\":\"Equipements Conseils Services\",\"potentialAction\":[{\"@type\":\"SearchAction\",\"target\":{\"@type\":\"EntryPoint\",\"urlTemplate\":\"https:\/\/www.4bdistrib.com\/?s={search_term_string}\"},\"query-input\":{\"@type\":\"PropertyValueSpecification\",\"valueRequired\":true,\"valueName\":\"search_term_string\"}}],\"inLanguage\":\"en-GB\"}]}<\/script>\n<!-- \/ Yoast SEO plugin. -->","yoast_head_json":{"title":"Product videos, demonstration videos - 4B DISTRIB","description":"View our product demonstration videos. Implementation of products in different situations, visualization of products.","robots":{"index":"index","follow":"follow","max-snippet":"max-snippet:-1","max-image-preview":"max-image-preview:large","max-video-preview":"max-video-preview:-1"},"canonical":"https:\/\/www.4bdistrib.com\/en\/gallery-videos\/","og_locale":"en_GB","og_type":"article","og_title":"Vid\u00e9os produits, vid\u00e9os de d\u00e9monstration - 4B DISTRIB","og_description":"Visualisez nos vid\u00e9os de d\u00e9monstrations produits. Mise en situation des produit dans dif\u00e9rentes situations, visualisation des produits.","og_url":"https:\/\/www.4bdistrib.com\/en\/gallery-videos\/","og_site_name":"4B DISTRIB","article_modified_time":"2018-09-28T09:52:59+00:00","twitter_card":"summary_large_image","schema":{"@context":"https:\/\/schema.org","@graph":[{"@type":"WebPage","@id":"https:\/\/www.4bdistrib.com\/galerie-videos\/","url":"https:\/\/www.4bdistrib.com\/galerie-videos\/","name":"Product videos, demonstration videos - 4B DISTRIB","isPartOf":{"@id":"https:\/\/www.4bdistrib.com\/#website"},"datePublished":"2018-06-26T08:41:25+00:00","dateModified":"2018-09-28T09:52:59+00:00","description":"View our product demonstration videos. Implementation of products in different situations, visualization of products.","breadcrumb":{"@id":"https:\/\/www.4bdistrib.com\/galerie-videos\/#breadcrumb"},"inLanguage":"en-GB","potentialAction":[{"@type":"ReadAction","target":["https:\/\/www.4bdistrib.com\/galerie-videos\/"]}]},{"@type":"BreadcrumbList","@id":"https:\/\/www.4bdistrib.com\/galerie-videos\/#breadcrumb","itemListElement":[{"@type":"ListItem","position":1,"name":"Home","item":"https:\/\/www.4bdistrib.com\/"},{"@type":"ListItem","position":2,"name":"Galerie Vid\u00e9os"}]},{"@type":"WebSite","@id":"https:\/\/www.4bdistrib.com\/#website","url":"https:\/\/www.4bdistrib.com\/","name":"4B DISTRIB","description":"Equipements Conseils Services","potentialAction":[{"@type":"SearchAction","target":{"@type":"EntryPoint","urlTemplate":"https:\/\/www.4bdistrib.com\/?s={search_term_string}"},"query-input":{"@type":"PropertyValueSpecification","valueRequired":true,"valueName":"search_term_string"}}],"inLanguage":"en-GB"}]}},"_links":{"self":[{"href":"https:\/\/www.4bdistrib.com\/en\/wp-json\/wp\/v2\/pages\/6085","targetHints":{"allow":["GET"]}}],"collection":[{"href":"https:\/\/www.4bdistrib.com\/en\/wp-json\/wp\/v2\/pages"}],"about":[{"href":"https:\/\/www.4bdistrib.com\/en\/wp-json\/wp\/v2\/types\/page"}],"author":[{"embeddable":true,"href":"https:\/\/www.4bdistrib.com\/en\/wp-json\/wp\/v2\/users\/2"}],"replies":[{"embeddable":true,"href":"https:\/\/www.4bdistrib.com\/en\/wp-json\/wp\/v2\/comments?post=6085"}],"version-history":[{"count":0,"href":"https:\/\/www.4bdistrib.com\/en\/wp-json\/wp\/v2\/pages\/6085\/revisions"}],"wp:attachment":[{"href":"https:\/\/www.4bdistrib.com\/en\/wp-json\/wp\/v2\/media?parent=6085"}],"curies":[{"name":"wp","href":"https:\/\/api.w.org\/{rel}","templated":true}]}}