{"id":10301,"date":"2020-02-07T09:26:06","date_gmt":"2020-02-07T08:26:06","guid":{"rendered":"https:\/\/www.4bdistrib.com\/?post_type=product&#038;p=10301"},"modified":"2023-02-20T09:24:08","modified_gmt":"2023-02-20T08:24:08","slug":"coupleur-rapide-et-orientable-360-pour-buses","status":"publish","type":"product","link":"https:\/\/www.4bdistrib.com\/en\/produits\/pulverisateurs\/electriques\/accessoires-pulverisateurs-electriques\/coupleur-rapide-et-orientable-360-pour-buses\/","title":{"rendered":"Quick and 360\u00b0 rotatable coupler for nozzles"},"content":{"rendered":"<h3>Technical characteristics<\/h3>\n<p>&nbsp;<\/p>\n<table class=\"table\">\n<tbody>\n<tr>\n<td>Model :<\/td>\n<td>Quick and 360\u00b0 rotatable coupler for nozzles<\/td>\n<\/tr>\n<tr>\n<td>Compatibility<\/td>\n<td>PRO SPRAYER and DORSAL SPRAYER<\/td>\n<\/tr>\n<tr>\n<td>Size<\/td>\n<td>7 x 5 x 6 cm<\/td>\n<\/tr>\n<tr>\n<td>Weight<\/td>\n<td>0.2 Kg<\/td>\n<\/tr>\n<\/tbody>\n<\/table>","protected":false},"excerpt":{"rendered":"<div class=\"flex flex-grow flex-col gap-3\">\n<div class=\"min-h-[20px] flex flex-col items-start gap-4 whitespace-pre-wrap\">\n<div class=\"markdown prose w-full break-words dark:prose-invert light\">\n<ul>\n<li>Compatible avec le PRO SPRAYER et le DORSAL SPRAYER.<\/li>\n<li>Am\u00e9liorez votre pulv\u00e9risation avec le Coupleur Rapide Orientable \u00e0 360\u00b0 pour buses.<\/li>\n<li>Capacit\u00e9 \u00e0 pivoter \u00e0 360\u00b0 pour diriger la pulv\u00e9risation dans la direction souhait\u00e9e pour un r\u00e9sultat uniforme et pr\u00e9cis.<\/li>\n<li>Couplage rapide pour un montage et un d\u00e9montage des buses plus rapides et plus faciles.<\/li>\n<\/ul>\n<\/div>\n<\/div>\n<\/div>\n","protected":false},"featured_media":10302,"template":"","meta":{"_exactmetrics_skip_tracking":false,"_exactmetrics_sitenote_active":false,"_exactmetrics_sitenote_note":"","_exactmetrics_sitenote_category":0},"product_brand":[],"product_cat":[259],"product_tag":[],"class_list":{"0":"post-10301","1":"product","2":"type-product","3":"status-publish","4":"has-post-thumbnail","6":"product_cat-accessoires-pulverisateurs-electriques","8":"first","9":"instock","10":"shipping-taxable","11":"product-type-simple"},"yoast_head":"<!-- This site is optimized with the Yoast SEO plugin v27.2 - https:\/\/yoast.com\/product\/yoast-seo-wordpress\/ -->\n<title>Coupleur rapide et orientable 360\u00b0 pour buses - 4B DISTRIB<\/title>\n<meta name=\"robots\" content=\"index, follow, max-snippet:-1, max-image-preview:large, max-video-preview:-1\" \/>\n<link rel=\"canonical\" href=\"https:\/\/www.4bdistrib.com\/en\/produits\/pulverisateurs\/electriques\/accessoires-pulverisateurs-electriques\/coupleur-rapide-et-orientable-360-pour-buses\/\" \/>\n<meta property=\"og:locale\" content=\"en_GB\" \/>\n<meta property=\"og:type\" content=\"article\" \/>\n<meta property=\"og:title\" content=\"Coupleur rapide et orientable 360\u00b0 pour buses - 4B DISTRIB\" \/>\n<meta property=\"og:description\" content=\"Compatible avec le PRO SPRAYER et le DORSAL SPRAYER.  Am\u00e9liorez votre pulv\u00e9risation avec le Coupleur Rapide Orientable \u00e0 360\u00b0 pour buses.  Capacit\u00e9 \u00e0 pivoter \u00e0 360\u00b0 pour diriger la pulv\u00e9risation dans la direction souhait\u00e9e pour un r\u00e9sultat uniforme et pr\u00e9cis.  Couplage rapide pour un montage et un d\u00e9montage des buses plus rapides et plus faciles.\" \/>\n<meta property=\"og:url\" content=\"https:\/\/www.4bdistrib.com\/en\/produits\/pulverisateurs\/electriques\/accessoires-pulverisateurs-electriques\/coupleur-rapide-et-orientable-360-pour-buses\/\" \/>\n<meta property=\"og:site_name\" content=\"4B DISTRIB\" \/>\n<meta property=\"article:modified_time\" content=\"2023-02-20T08:24:08+00:00\" \/>\n<meta property=\"og:image\" content=\"https:\/\/www.4bdistrib.com\/wp-content\/uploads\/2023\/02\/100A066.png\" \/>\n\t<meta property=\"og:image:width\" content=\"480\" \/>\n\t<meta property=\"og:image:height\" content=\"640\" \/>\n\t<meta property=\"og:image:type\" content=\"image\/png\" \/>\n<meta name=\"twitter:card\" content=\"summary_large_image\" \/>\n<script type=\"application\/ld+json\" class=\"yoast-schema-graph\">{\"@context\":\"https:\/\/schema.org\",\"@graph\":[{\"@type\":\"WebPage\",\"@id\":\"https:\/\/www.4bdistrib.com\/produits\/pulverisateurs\/electriques\/accessoires-pulverisateurs-electriques\/coupleur-rapide-et-orientable-360-pour-buses\/\",\"url\":\"https:\/\/www.4bdistrib.com\/produits\/pulverisateurs\/electriques\/accessoires-pulverisateurs-electriques\/coupleur-rapide-et-orientable-360-pour-buses\/\",\"name\":\"Coupleur rapide et orientable 360\u00b0 pour buses - 4B DISTRIB\",\"isPartOf\":{\"@id\":\"https:\/\/www.4bdistrib.com\/#website\"},\"primaryImageOfPage\":{\"@id\":\"https:\/\/www.4bdistrib.com\/produits\/pulverisateurs\/electriques\/accessoires-pulverisateurs-electriques\/coupleur-rapide-et-orientable-360-pour-buses\/#primaryimage\"},\"image\":{\"@id\":\"https:\/\/www.4bdistrib.com\/produits\/pulverisateurs\/electriques\/accessoires-pulverisateurs-electriques\/coupleur-rapide-et-orientable-360-pour-buses\/#primaryimage\"},\"thumbnailUrl\":\"https:\/\/www.4bdistrib.com\/wp-content\/uploads\/2023\/02\/100A066.png\",\"datePublished\":\"2020-02-07T08:26:06+00:00\",\"dateModified\":\"2023-02-20T08:24:08+00:00\",\"breadcrumb\":{\"@id\":\"https:\/\/www.4bdistrib.com\/produits\/pulverisateurs\/electriques\/accessoires-pulverisateurs-electriques\/coupleur-rapide-et-orientable-360-pour-buses\/#breadcrumb\"},\"inLanguage\":\"en-GB\",\"potentialAction\":[{\"@type\":\"ReadAction\",\"target\":[\"https:\/\/www.4bdistrib.com\/produits\/pulverisateurs\/electriques\/accessoires-pulverisateurs-electriques\/coupleur-rapide-et-orientable-360-pour-buses\/\"]}]},{\"@type\":\"ImageObject\",\"inLanguage\":\"en-GB\",\"@id\":\"https:\/\/www.4bdistrib.com\/produits\/pulverisateurs\/electriques\/accessoires-pulverisateurs-electriques\/coupleur-rapide-et-orientable-360-pour-buses\/#primaryimage\",\"url\":\"https:\/\/www.4bdistrib.com\/wp-content\/uploads\/2023\/02\/100A066.png\",\"contentUrl\":\"https:\/\/www.4bdistrib.com\/wp-content\/uploads\/2023\/02\/100A066.png\",\"width\":480,\"height\":640},{\"@type\":\"BreadcrumbList\",\"@id\":\"https:\/\/www.4bdistrib.com\/produits\/pulverisateurs\/electriques\/accessoires-pulverisateurs-electriques\/coupleur-rapide-et-orientable-360-pour-buses\/#breadcrumb\",\"itemListElement\":[{\"@type\":\"ListItem\",\"position\":1,\"name\":\"Home\",\"item\":\"https:\/\/www.4bdistrib.com\/\"},{\"@type\":\"ListItem\",\"position\":2,\"name\":\"Produits\",\"item\":\"https:\/\/www.4bdistrib.com\/produits\/\"},{\"@type\":\"ListItem\",\"position\":3,\"name\":\"Coupleur rapide et orientable 360\u00b0 pour buses\"}]},{\"@type\":\"WebSite\",\"@id\":\"https:\/\/www.4bdistrib.com\/#website\",\"url\":\"https:\/\/www.4bdistrib.com\/\",\"name\":\"4B DISTRIB\",\"description\":\"Equipements Conseils Services\",\"potentialAction\":[{\"@type\":\"SearchAction\",\"target\":{\"@type\":\"EntryPoint\",\"urlTemplate\":\"https:\/\/www.4bdistrib.com\/?s={search_term_string}\"},\"query-input\":{\"@type\":\"PropertyValueSpecification\",\"valueRequired\":true,\"valueName\":\"search_term_string\"}}],\"inLanguage\":\"en-GB\"}]}<\/script>\n<!-- \/ Yoast SEO plugin. -->","yoast_head_json":{"title":"Quick and 360\u00b0 rotatable coupler for nozzles - 4B DISTRIB","robots":{"index":"index","follow":"follow","max-snippet":"max-snippet:-1","max-image-preview":"max-image-preview:large","max-video-preview":"max-video-preview:-1"},"canonical":"https:\/\/www.4bdistrib.com\/en\/produits\/pulverisateurs\/electriques\/accessoires-pulverisateurs-electriques\/coupleur-rapide-et-orientable-360-pour-buses\/","og_locale":"en_GB","og_type":"article","og_title":"Coupleur rapide et orientable 360\u00b0 pour buses - 4B DISTRIB","og_description":"Compatible avec le PRO SPRAYER et le DORSAL SPRAYER.  Am\u00e9liorez votre pulv\u00e9risation avec le Coupleur Rapide Orientable \u00e0 360\u00b0 pour buses.  Capacit\u00e9 \u00e0 pivoter \u00e0 360\u00b0 pour diriger la pulv\u00e9risation dans la direction souhait\u00e9e pour un r\u00e9sultat uniforme et pr\u00e9cis.  Couplage rapide pour un montage et un d\u00e9montage des buses plus rapides et plus faciles.","og_url":"https:\/\/www.4bdistrib.com\/en\/produits\/pulverisateurs\/electriques\/accessoires-pulverisateurs-electriques\/coupleur-rapide-et-orientable-360-pour-buses\/","og_site_name":"4B DISTRIB","article_modified_time":"2023-02-20T08:24:08+00:00","og_image":[{"width":480,"height":640,"url":"https:\/\/www.4bdistrib.com\/wp-content\/uploads\/2023\/02\/100A066.png","type":"image\/png"}],"twitter_card":"summary_large_image","schema":{"@context":"https:\/\/schema.org","@graph":[{"@type":"WebPage","@id":"https:\/\/www.4bdistrib.com\/produits\/pulverisateurs\/electriques\/accessoires-pulverisateurs-electriques\/coupleur-rapide-et-orientable-360-pour-buses\/","url":"https:\/\/www.4bdistrib.com\/produits\/pulverisateurs\/electriques\/accessoires-pulverisateurs-electriques\/coupleur-rapide-et-orientable-360-pour-buses\/","name":"Quick and 360\u00b0 rotatable coupler for nozzles - 4B DISTRIB","isPartOf":{"@id":"https:\/\/www.4bdistrib.com\/#website"},"primaryImageOfPage":{"@id":"https:\/\/www.4bdistrib.com\/produits\/pulverisateurs\/electriques\/accessoires-pulverisateurs-electriques\/coupleur-rapide-et-orientable-360-pour-buses\/#primaryimage"},"image":{"@id":"https:\/\/www.4bdistrib.com\/produits\/pulverisateurs\/electriques\/accessoires-pulverisateurs-electriques\/coupleur-rapide-et-orientable-360-pour-buses\/#primaryimage"},"thumbnailUrl":"https:\/\/www.4bdistrib.com\/wp-content\/uploads\/2023\/02\/100A066.png","datePublished":"2020-02-07T08:26:06+00:00","dateModified":"2023-02-20T08:24:08+00:00","breadcrumb":{"@id":"https:\/\/www.4bdistrib.com\/produits\/pulverisateurs\/electriques\/accessoires-pulverisateurs-electriques\/coupleur-rapide-et-orientable-360-pour-buses\/#breadcrumb"},"inLanguage":"en-GB","potentialAction":[{"@type":"ReadAction","target":["https:\/\/www.4bdistrib.com\/produits\/pulverisateurs\/electriques\/accessoires-pulverisateurs-electriques\/coupleur-rapide-et-orientable-360-pour-buses\/"]}]},{"@type":"ImageObject","inLanguage":"en-GB","@id":"https:\/\/www.4bdistrib.com\/produits\/pulverisateurs\/electriques\/accessoires-pulverisateurs-electriques\/coupleur-rapide-et-orientable-360-pour-buses\/#primaryimage","url":"https:\/\/www.4bdistrib.com\/wp-content\/uploads\/2023\/02\/100A066.png","contentUrl":"https:\/\/www.4bdistrib.com\/wp-content\/uploads\/2023\/02\/100A066.png","width":480,"height":640},{"@type":"BreadcrumbList","@id":"https:\/\/www.4bdistrib.com\/produits\/pulverisateurs\/electriques\/accessoires-pulverisateurs-electriques\/coupleur-rapide-et-orientable-360-pour-buses\/#breadcrumb","itemListElement":[{"@type":"ListItem","position":1,"name":"Home","item":"https:\/\/www.4bdistrib.com\/"},{"@type":"ListItem","position":2,"name":"Produits","item":"https:\/\/www.4bdistrib.com\/produits\/"},{"@type":"ListItem","position":3,"name":"Coupleur rapide et orientable 360\u00b0 pour buses"}]},{"@type":"WebSite","@id":"https:\/\/www.4bdistrib.com\/#website","url":"https:\/\/www.4bdistrib.com\/","name":"4B DISTRIB","description":"Equipements Conseils Services","potentialAction":[{"@type":"SearchAction","target":{"@type":"EntryPoint","urlTemplate":"https:\/\/www.4bdistrib.com\/?s={search_term_string}"},"query-input":{"@type":"PropertyValueSpecification","valueRequired":true,"valueName":"search_term_string"}}],"inLanguage":"en-GB"}]}},"_links":{"self":[{"href":"https:\/\/www.4bdistrib.com\/en\/wp-json\/wp\/v2\/product\/10301","targetHints":{"allow":["GET"]}}],"collection":[{"href":"https:\/\/www.4bdistrib.com\/en\/wp-json\/wp\/v2\/product"}],"about":[{"href":"https:\/\/www.4bdistrib.com\/en\/wp-json\/wp\/v2\/types\/product"}],"wp:featuredmedia":[{"embeddable":true,"href":"https:\/\/www.4bdistrib.com\/en\/wp-json\/wp\/v2\/media\/10302"}],"wp:attachment":[{"href":"https:\/\/www.4bdistrib.com\/en\/wp-json\/wp\/v2\/media?parent=10301"}],"wp:term":[{"taxonomy":"product_brand","embeddable":true,"href":"https:\/\/www.4bdistrib.com\/en\/wp-json\/wp\/v2\/product_brand?post=10301"},{"taxonomy":"product_cat","embeddable":true,"href":"https:\/\/www.4bdistrib.com\/en\/wp-json\/wp\/v2\/product_cat?post=10301"},{"taxonomy":"product_tag","embeddable":true,"href":"https:\/\/www.4bdistrib.com\/en\/wp-json\/wp\/v2\/product_tag?post=10301"}],"curies":[{"name":"wp","href":"https:\/\/api.w.org\/{rel}","templated":true}]}}