{"id":10313,"date":"2023-02-08T11:07:39","date_gmt":"2023-02-08T10:07:39","guid":{"rendered":"https:\/\/www.4bdistrib.com\/?post_type=product&#038;p=10313"},"modified":"2023-02-08T11:08:46","modified_gmt":"2023-02-08T10:08:46","slug":"diluclean-version-1-produit","status":"publish","type":"product","link":"https:\/\/www.4bdistrib.com\/en\/produits\/systemes-de-dosage\/systemes-de-dilution\/gamme-diluclean\/diluclean-version-1-product\/","title":{"rendered":"Diluclean \u2013 Version 1 product"},"content":{"rendered":"<ul>\n<li>SKU 151M001: Flow rate 4 x 8 L\/MIN (special bottle)<\/li>\n<li>SKU 151M001: Flow rate 4 x 8 L\/MIN (special bottle)<\/li>\n<\/ul>","protected":false},"excerpt":{"rendered":"<ul>\n<li>Automatic dilution system is economical for dispensing a variety of diluted solutions.<\/li>\n<li>Controlled dilution thanks to different calibration nozzles for precise and constant dosing without mixing products.<\/li>\n<li>Dosers can be interconnected to improve productivity and save time.<\/li>\n<li>Strengthens employee safety by eliminating the risk of contact with concentrated products.<\/li>\n<li>Eco-friendly.<\/li>\n<\/ul>","protected":false},"featured_media":10316,"template":"","meta":{"_exactmetrics_skip_tracking":false,"_exactmetrics_sitenote_active":false,"_exactmetrics_sitenote_note":"","_exactmetrics_sitenote_category":0},"product_brand":[],"product_cat":[706,647,643],"product_tag":[],"class_list":{"0":"post-10313","1":"product","2":"type-product","3":"status-publish","4":"has-post-thumbnail","6":"product_cat-gamme-diluclean","7":"product_cat-systemes-de-dilution","8":"product_cat-systemes-de-dosage","10":"first","11":"instock","12":"shipping-taxable","13":"product-type-simple"},"yoast_head":"<!-- This site is optimized with the Yoast SEO plugin v27.2 - https:\/\/yoast.com\/product\/yoast-seo-wordpress\/ -->\n<title>Diluclean - Version 1 produit - 4B DISTRIB<\/title>\n<meta name=\"robots\" content=\"index, follow, max-snippet:-1, max-image-preview:large, max-video-preview:-1\" \/>\n<link rel=\"canonical\" href=\"https:\/\/www.4bdistrib.com\/en\/produits\/systemes-de-dosage\/systemes-de-dilution\/gamme-diluclean\/diluclean-version-1-product\/\" \/>\n<meta property=\"og:locale\" content=\"en_GB\" \/>\n<meta property=\"og:type\" content=\"article\" \/>\n<meta property=\"og:title\" content=\"Diluclean - Version 1 produit - 4B DISTRIB\" \/>\n<meta property=\"og:description\" content=\"Syst\u00e8me de dilution automatique est \u00e9conomique pour distribuer une vari\u00e9t\u00e9 de solutions dilu\u00e9es.  Dilution contr\u00f4l\u00e9e gr\u00e2ce \u00e0 diff\u00e9rentes buses de calibrage pour un dosage pr\u00e9cis et constant sans m\u00e9lange de produits.  Les doseurs peuvent \u00eatre interconnect\u00e9s pour am\u00e9liorer la productivit\u00e9 et le gain de temps.  Renforce la s\u00e9curit\u00e9 des employ\u00e9s en \u00e9liminant les risques de contact avec les produits concentr\u00e9s.  Respectueux de l\u2019environnement.\" \/>\n<meta property=\"og:url\" content=\"https:\/\/www.4bdistrib.com\/en\/produits\/systemes-de-dosage\/systemes-de-dilution\/gamme-diluclean\/diluclean-version-1-product\/\" \/>\n<meta property=\"og:site_name\" content=\"4B DISTRIB\" \/>\n<meta property=\"article:modified_time\" content=\"2023-02-08T10:08:46+00:00\" \/>\n<meta property=\"og:image\" content=\"https:\/\/www.4bdistrib.com\/wp-content\/uploads\/2023\/02\/151M001-151M002.png\" \/>\n\t<meta property=\"og:image:width\" content=\"433\" \/>\n\t<meta property=\"og:image:height\" content=\"577\" \/>\n\t<meta property=\"og:image:type\" content=\"image\/png\" \/>\n<meta name=\"twitter:card\" content=\"summary_large_image\" \/>\n<script type=\"application\/ld+json\" class=\"yoast-schema-graph\">{\"@context\":\"https:\/\/schema.org\",\"@graph\":[{\"@type\":\"WebPage\",\"@id\":\"https:\/\/www.4bdistrib.com\/produits\/systemes-de-dosage\/systemes-de-dilution\/gamme-diluclean\/diluclean-version-1-produit\/\",\"url\":\"https:\/\/www.4bdistrib.com\/produits\/systemes-de-dosage\/systemes-de-dilution\/gamme-diluclean\/diluclean-version-1-produit\/\",\"name\":\"Diluclean - Version 1 produit - 4B DISTRIB\",\"isPartOf\":{\"@id\":\"https:\/\/www.4bdistrib.com\/#website\"},\"primaryImageOfPage\":{\"@id\":\"https:\/\/www.4bdistrib.com\/produits\/systemes-de-dosage\/systemes-de-dilution\/gamme-diluclean\/diluclean-version-1-produit\/#primaryimage\"},\"image\":{\"@id\":\"https:\/\/www.4bdistrib.com\/produits\/systemes-de-dosage\/systemes-de-dilution\/gamme-diluclean\/diluclean-version-1-produit\/#primaryimage\"},\"thumbnailUrl\":\"https:\/\/www.4bdistrib.com\/wp-content\/uploads\/2023\/02\/151M001-151M002.png\",\"datePublished\":\"2023-02-08T10:07:39+00:00\",\"dateModified\":\"2023-02-08T10:08:46+00:00\",\"breadcrumb\":{\"@id\":\"https:\/\/www.4bdistrib.com\/produits\/systemes-de-dosage\/systemes-de-dilution\/gamme-diluclean\/diluclean-version-1-produit\/#breadcrumb\"},\"inLanguage\":\"en-GB\",\"potentialAction\":[{\"@type\":\"ReadAction\",\"target\":[\"https:\/\/www.4bdistrib.com\/produits\/systemes-de-dosage\/systemes-de-dilution\/gamme-diluclean\/diluclean-version-1-produit\/\"]}]},{\"@type\":\"ImageObject\",\"inLanguage\":\"en-GB\",\"@id\":\"https:\/\/www.4bdistrib.com\/produits\/systemes-de-dosage\/systemes-de-dilution\/gamme-diluclean\/diluclean-version-1-produit\/#primaryimage\",\"url\":\"https:\/\/www.4bdistrib.com\/wp-content\/uploads\/2023\/02\/151M001-151M002.png\",\"contentUrl\":\"https:\/\/www.4bdistrib.com\/wp-content\/uploads\/2023\/02\/151M001-151M002.png\",\"width\":433,\"height\":577},{\"@type\":\"BreadcrumbList\",\"@id\":\"https:\/\/www.4bdistrib.com\/produits\/systemes-de-dosage\/systemes-de-dilution\/gamme-diluclean\/diluclean-version-1-produit\/#breadcrumb\",\"itemListElement\":[{\"@type\":\"ListItem\",\"position\":1,\"name\":\"Home\",\"item\":\"https:\/\/www.4bdistrib.com\/\"},{\"@type\":\"ListItem\",\"position\":2,\"name\":\"Produits\",\"item\":\"https:\/\/www.4bdistrib.com\/produits\/\"},{\"@type\":\"ListItem\",\"position\":3,\"name\":\"Diluclean &#8211; Version 1 produit\"}]},{\"@type\":\"WebSite\",\"@id\":\"https:\/\/www.4bdistrib.com\/#website\",\"url\":\"https:\/\/www.4bdistrib.com\/\",\"name\":\"4B DISTRIB\",\"description\":\"Equipements Conseils Services\",\"potentialAction\":[{\"@type\":\"SearchAction\",\"target\":{\"@type\":\"EntryPoint\",\"urlTemplate\":\"https:\/\/www.4bdistrib.com\/?s={search_term_string}\"},\"query-input\":{\"@type\":\"PropertyValueSpecification\",\"valueRequired\":true,\"valueName\":\"search_term_string\"}}],\"inLanguage\":\"en-GB\"}]}<\/script>\n<!-- \/ Yoast SEO plugin. -->","yoast_head_json":{"title":"Diluclean - Version 1 product - 4B DISTRIB","robots":{"index":"index","follow":"follow","max-snippet":"max-snippet:-1","max-image-preview":"max-image-preview:large","max-video-preview":"max-video-preview:-1"},"canonical":"https:\/\/www.4bdistrib.com\/en\/produits\/systemes-de-dosage\/systemes-de-dilution\/gamme-diluclean\/diluclean-version-1-product\/","og_locale":"en_GB","og_type":"article","og_title":"Diluclean - Version 1 produit - 4B DISTRIB","og_description":"Syst\u00e8me de dilution automatique est \u00e9conomique pour distribuer une vari\u00e9t\u00e9 de solutions dilu\u00e9es.  Dilution contr\u00f4l\u00e9e gr\u00e2ce \u00e0 diff\u00e9rentes buses de calibrage pour un dosage pr\u00e9cis et constant sans m\u00e9lange de produits.  Les doseurs peuvent \u00eatre interconnect\u00e9s pour am\u00e9liorer la productivit\u00e9 et le gain de temps.  Renforce la s\u00e9curit\u00e9 des employ\u00e9s en \u00e9liminant les risques de contact avec les produits concentr\u00e9s.  Respectueux de l\u2019environnement.","og_url":"https:\/\/www.4bdistrib.com\/en\/produits\/systemes-de-dosage\/systemes-de-dilution\/gamme-diluclean\/diluclean-version-1-product\/","og_site_name":"4B DISTRIB","article_modified_time":"2023-02-08T10:08:46+00:00","og_image":[{"width":433,"height":577,"url":"https:\/\/www.4bdistrib.com\/wp-content\/uploads\/2023\/02\/151M001-151M002.png","type":"image\/png"}],"twitter_card":"summary_large_image","schema":{"@context":"https:\/\/schema.org","@graph":[{"@type":"WebPage","@id":"https:\/\/www.4bdistrib.com\/produits\/systemes-de-dosage\/systemes-de-dilution\/gamme-diluclean\/diluclean-version-1-produit\/","url":"https:\/\/www.4bdistrib.com\/produits\/systemes-de-dosage\/systemes-de-dilution\/gamme-diluclean\/diluclean-version-1-produit\/","name":"Diluclean - Version 1 product - 4B DISTRIB","isPartOf":{"@id":"https:\/\/www.4bdistrib.com\/#website"},"primaryImageOfPage":{"@id":"https:\/\/www.4bdistrib.com\/produits\/systemes-de-dosage\/systemes-de-dilution\/gamme-diluclean\/diluclean-version-1-produit\/#primaryimage"},"image":{"@id":"https:\/\/www.4bdistrib.com\/produits\/systemes-de-dosage\/systemes-de-dilution\/gamme-diluclean\/diluclean-version-1-produit\/#primaryimage"},"thumbnailUrl":"https:\/\/www.4bdistrib.com\/wp-content\/uploads\/2023\/02\/151M001-151M002.png","datePublished":"2023-02-08T10:07:39+00:00","dateModified":"2023-02-08T10:08:46+00:00","breadcrumb":{"@id":"https:\/\/www.4bdistrib.com\/produits\/systemes-de-dosage\/systemes-de-dilution\/gamme-diluclean\/diluclean-version-1-produit\/#breadcrumb"},"inLanguage":"en-GB","potentialAction":[{"@type":"ReadAction","target":["https:\/\/www.4bdistrib.com\/produits\/systemes-de-dosage\/systemes-de-dilution\/gamme-diluclean\/diluclean-version-1-produit\/"]}]},{"@type":"ImageObject","inLanguage":"en-GB","@id":"https:\/\/www.4bdistrib.com\/produits\/systemes-de-dosage\/systemes-de-dilution\/gamme-diluclean\/diluclean-version-1-produit\/#primaryimage","url":"https:\/\/www.4bdistrib.com\/wp-content\/uploads\/2023\/02\/151M001-151M002.png","contentUrl":"https:\/\/www.4bdistrib.com\/wp-content\/uploads\/2023\/02\/151M001-151M002.png","width":433,"height":577},{"@type":"BreadcrumbList","@id":"https:\/\/www.4bdistrib.com\/produits\/systemes-de-dosage\/systemes-de-dilution\/gamme-diluclean\/diluclean-version-1-produit\/#breadcrumb","itemListElement":[{"@type":"ListItem","position":1,"name":"Home","item":"https:\/\/www.4bdistrib.com\/"},{"@type":"ListItem","position":2,"name":"Produits","item":"https:\/\/www.4bdistrib.com\/produits\/"},{"@type":"ListItem","position":3,"name":"Diluclean &#8211; Version 1 produit"}]},{"@type":"WebSite","@id":"https:\/\/www.4bdistrib.com\/#website","url":"https:\/\/www.4bdistrib.com\/","name":"4B DISTRIB","description":"Equipements Conseils Services","potentialAction":[{"@type":"SearchAction","target":{"@type":"EntryPoint","urlTemplate":"https:\/\/www.4bdistrib.com\/?s={search_term_string}"},"query-input":{"@type":"PropertyValueSpecification","valueRequired":true,"valueName":"search_term_string"}}],"inLanguage":"en-GB"}]}},"_links":{"self":[{"href":"https:\/\/www.4bdistrib.com\/en\/wp-json\/wp\/v2\/product\/10313","targetHints":{"allow":["GET"]}}],"collection":[{"href":"https:\/\/www.4bdistrib.com\/en\/wp-json\/wp\/v2\/product"}],"about":[{"href":"https:\/\/www.4bdistrib.com\/en\/wp-json\/wp\/v2\/types\/product"}],"wp:featuredmedia":[{"embeddable":true,"href":"https:\/\/www.4bdistrib.com\/en\/wp-json\/wp\/v2\/media\/10316"}],"wp:attachment":[{"href":"https:\/\/www.4bdistrib.com\/en\/wp-json\/wp\/v2\/media?parent=10313"}],"wp:term":[{"taxonomy":"product_brand","embeddable":true,"href":"https:\/\/www.4bdistrib.com\/en\/wp-json\/wp\/v2\/product_brand?post=10313"},{"taxonomy":"product_cat","embeddable":true,"href":"https:\/\/www.4bdistrib.com\/en\/wp-json\/wp\/v2\/product_cat?post=10313"},{"taxonomy":"product_tag","embeddable":true,"href":"https:\/\/www.4bdistrib.com\/en\/wp-json\/wp\/v2\/product_tag?post=10313"}],"curies":[{"name":"wp","href":"https:\/\/api.w.org\/{rel}","templated":true}]}}