{"id":10315,"date":"2023-02-08T11:13:54","date_gmt":"2023-02-08T10:13:54","guid":{"rendered":"https:\/\/www.4bdistrib.com\/?post_type=product&#038;p=10315"},"modified":"2023-02-08T11:44:33","modified_gmt":"2023-02-08T10:44:33","slug":"fill-clean","status":"publish","type":"product","link":"https:\/\/www.4bdistrib.com\/en\/produits\/systemes-de-dosage\/systemes-de-dilution\/fill-clean\/","title":{"rendered":"Fill Clean"},"content":{"rendered":"<p>\u2013 SKU 164M001: Version 1 product \u2013 WHITE gun \u2013 5m hose \u2013 VERSION WITHOUT COVER<br \/>\n\u2013 SKU 164M002: Version 1 product \u2013 WHITE gun \u2013 5m hose \u2013 VERSION WITH HOOD<\/p>","protected":false},"excerpt":{"rendered":"<ul>\n<li>Compact, lightweight design for easy handling<\/li>\n<li>Adequate maximum temperature and pressure for optimal use<\/li>\n<li>Reinforced health protection to guarantee safety<\/li>\n<li>Reinforced health protection to guarantee safety<\/li>\n<\/ul>","protected":false},"featured_media":10399,"template":"","meta":{"_exactmetrics_skip_tracking":false,"_exactmetrics_sitenote_active":false,"_exactmetrics_sitenote_note":"","_exactmetrics_sitenote_category":0},"product_brand":[],"product_cat":[647,643],"product_tag":[],"class_list":{"0":"post-10315","1":"product","2":"type-product","3":"status-publish","4":"has-post-thumbnail","6":"product_cat-systemes-de-dilution","7":"product_cat-systemes-de-dosage","9":"first","10":"instock","11":"shipping-taxable","12":"product-type-simple"},"yoast_head":"<!-- This site is optimized with the Yoast SEO plugin v27.2 - https:\/\/yoast.com\/product\/yoast-seo-wordpress\/ -->\n<title>Fill Clean - 4B DISTRIB<\/title>\n<meta name=\"robots\" content=\"index, follow, max-snippet:-1, max-image-preview:large, max-video-preview:-1\" \/>\n<link rel=\"canonical\" href=\"https:\/\/www.4bdistrib.com\/en\/produits\/systemes-de-dosage\/systemes-de-dilution\/fill-clean\/\" \/>\n<meta property=\"og:locale\" content=\"en_GB\" \/>\n<meta property=\"og:type\" content=\"article\" \/>\n<meta property=\"og:title\" content=\"Fill Clean - 4B DISTRIB\" \/>\n<meta property=\"og:description\" content=\"Conception compacte et l\u00e9g\u00e8re pour une manipulation facile  Temp\u00e9rature et pression maximales ad\u00e9quates pour un usage optimal  Protection sanitaire renforc\u00e9e pour garantir la s\u00e9curit\u00e9  D\u00e9bit \u00e9lev\u00e9 pour une efficacit\u00e9 accrue\" \/>\n<meta property=\"og:url\" content=\"https:\/\/www.4bdistrib.com\/en\/produits\/systemes-de-dosage\/systemes-de-dilution\/fill-clean\/\" \/>\n<meta property=\"og:site_name\" content=\"4B DISTRIB\" \/>\n<meta property=\"article:modified_time\" content=\"2023-02-08T10:44:33+00:00\" \/>\n<meta property=\"og:image\" content=\"https:\/\/www.4bdistrib.com\/wp-content\/uploads\/2023\/02\/164M001.jpg\" \/>\n\t<meta property=\"og:image:width\" content=\"720\" \/>\n\t<meta property=\"og:image:height\" content=\"660\" \/>\n\t<meta property=\"og:image:type\" content=\"image\/jpeg\" \/>\n<meta name=\"twitter:card\" content=\"summary_large_image\" \/>\n<script type=\"application\/ld+json\" class=\"yoast-schema-graph\">{\"@context\":\"https:\/\/schema.org\",\"@graph\":[{\"@type\":\"WebPage\",\"@id\":\"https:\/\/www.4bdistrib.com\/produits\/systemes-de-dosage\/systemes-de-dilution\/fill-clean\/\",\"url\":\"https:\/\/www.4bdistrib.com\/produits\/systemes-de-dosage\/systemes-de-dilution\/fill-clean\/\",\"name\":\"Fill Clean - 4B DISTRIB\",\"isPartOf\":{\"@id\":\"https:\/\/www.4bdistrib.com\/#website\"},\"primaryImageOfPage\":{\"@id\":\"https:\/\/www.4bdistrib.com\/produits\/systemes-de-dosage\/systemes-de-dilution\/fill-clean\/#primaryimage\"},\"image\":{\"@id\":\"https:\/\/www.4bdistrib.com\/produits\/systemes-de-dosage\/systemes-de-dilution\/fill-clean\/#primaryimage\"},\"thumbnailUrl\":\"https:\/\/www.4bdistrib.com\/wp-content\/uploads\/2023\/02\/164M001.jpg\",\"datePublished\":\"2023-02-08T10:13:54+00:00\",\"dateModified\":\"2023-02-08T10:44:33+00:00\",\"breadcrumb\":{\"@id\":\"https:\/\/www.4bdistrib.com\/produits\/systemes-de-dosage\/systemes-de-dilution\/fill-clean\/#breadcrumb\"},\"inLanguage\":\"en-GB\",\"potentialAction\":[{\"@type\":\"ReadAction\",\"target\":[\"https:\/\/www.4bdistrib.com\/produits\/systemes-de-dosage\/systemes-de-dilution\/fill-clean\/\"]}]},{\"@type\":\"ImageObject\",\"inLanguage\":\"en-GB\",\"@id\":\"https:\/\/www.4bdistrib.com\/produits\/systemes-de-dosage\/systemes-de-dilution\/fill-clean\/#primaryimage\",\"url\":\"https:\/\/www.4bdistrib.com\/wp-content\/uploads\/2023\/02\/164M001.jpg\",\"contentUrl\":\"https:\/\/www.4bdistrib.com\/wp-content\/uploads\/2023\/02\/164M001.jpg\",\"width\":720,\"height\":660},{\"@type\":\"BreadcrumbList\",\"@id\":\"https:\/\/www.4bdistrib.com\/produits\/systemes-de-dosage\/systemes-de-dilution\/fill-clean\/#breadcrumb\",\"itemListElement\":[{\"@type\":\"ListItem\",\"position\":1,\"name\":\"Home\",\"item\":\"https:\/\/www.4bdistrib.com\/\"},{\"@type\":\"ListItem\",\"position\":2,\"name\":\"Produits\",\"item\":\"https:\/\/www.4bdistrib.com\/produits\/\"},{\"@type\":\"ListItem\",\"position\":3,\"name\":\"Fill Clean\"}]},{\"@type\":\"WebSite\",\"@id\":\"https:\/\/www.4bdistrib.com\/#website\",\"url\":\"https:\/\/www.4bdistrib.com\/\",\"name\":\"4B DISTRIB\",\"description\":\"Equipements Conseils Services\",\"potentialAction\":[{\"@type\":\"SearchAction\",\"target\":{\"@type\":\"EntryPoint\",\"urlTemplate\":\"https:\/\/www.4bdistrib.com\/?s={search_term_string}\"},\"query-input\":{\"@type\":\"PropertyValueSpecification\",\"valueRequired\":true,\"valueName\":\"search_term_string\"}}],\"inLanguage\":\"en-GB\"}]}<\/script>\n<!-- \/ Yoast SEO plugin. -->","yoast_head_json":{"title":"Fill Clean - 4B DISTRIB","robots":{"index":"index","follow":"follow","max-snippet":"max-snippet:-1","max-image-preview":"max-image-preview:large","max-video-preview":"max-video-preview:-1"},"canonical":"https:\/\/www.4bdistrib.com\/en\/produits\/systemes-de-dosage\/systemes-de-dilution\/fill-clean\/","og_locale":"en_GB","og_type":"article","og_title":"Fill Clean - 4B DISTRIB","og_description":"Conception compacte et l\u00e9g\u00e8re pour une manipulation facile  Temp\u00e9rature et pression maximales ad\u00e9quates pour un usage optimal  Protection sanitaire renforc\u00e9e pour garantir la s\u00e9curit\u00e9  D\u00e9bit \u00e9lev\u00e9 pour une efficacit\u00e9 accrue","og_url":"https:\/\/www.4bdistrib.com\/en\/produits\/systemes-de-dosage\/systemes-de-dilution\/fill-clean\/","og_site_name":"4B DISTRIB","article_modified_time":"2023-02-08T10:44:33+00:00","og_image":[{"width":720,"height":660,"url":"https:\/\/www.4bdistrib.com\/wp-content\/uploads\/2023\/02\/164M001.jpg","type":"image\/jpeg"}],"twitter_card":"summary_large_image","schema":{"@context":"https:\/\/schema.org","@graph":[{"@type":"WebPage","@id":"https:\/\/www.4bdistrib.com\/produits\/systemes-de-dosage\/systemes-de-dilution\/fill-clean\/","url":"https:\/\/www.4bdistrib.com\/produits\/systemes-de-dosage\/systemes-de-dilution\/fill-clean\/","name":"Fill Clean - 4B DISTRIB","isPartOf":{"@id":"https:\/\/www.4bdistrib.com\/#website"},"primaryImageOfPage":{"@id":"https:\/\/www.4bdistrib.com\/produits\/systemes-de-dosage\/systemes-de-dilution\/fill-clean\/#primaryimage"},"image":{"@id":"https:\/\/www.4bdistrib.com\/produits\/systemes-de-dosage\/systemes-de-dilution\/fill-clean\/#primaryimage"},"thumbnailUrl":"https:\/\/www.4bdistrib.com\/wp-content\/uploads\/2023\/02\/164M001.jpg","datePublished":"2023-02-08T10:13:54+00:00","dateModified":"2023-02-08T10:44:33+00:00","breadcrumb":{"@id":"https:\/\/www.4bdistrib.com\/produits\/systemes-de-dosage\/systemes-de-dilution\/fill-clean\/#breadcrumb"},"inLanguage":"en-GB","potentialAction":[{"@type":"ReadAction","target":["https:\/\/www.4bdistrib.com\/produits\/systemes-de-dosage\/systemes-de-dilution\/fill-clean\/"]}]},{"@type":"ImageObject","inLanguage":"en-GB","@id":"https:\/\/www.4bdistrib.com\/produits\/systemes-de-dosage\/systemes-de-dilution\/fill-clean\/#primaryimage","url":"https:\/\/www.4bdistrib.com\/wp-content\/uploads\/2023\/02\/164M001.jpg","contentUrl":"https:\/\/www.4bdistrib.com\/wp-content\/uploads\/2023\/02\/164M001.jpg","width":720,"height":660},{"@type":"BreadcrumbList","@id":"https:\/\/www.4bdistrib.com\/produits\/systemes-de-dosage\/systemes-de-dilution\/fill-clean\/#breadcrumb","itemListElement":[{"@type":"ListItem","position":1,"name":"Home","item":"https:\/\/www.4bdistrib.com\/"},{"@type":"ListItem","position":2,"name":"Produits","item":"https:\/\/www.4bdistrib.com\/produits\/"},{"@type":"ListItem","position":3,"name":"Fill Clean"}]},{"@type":"WebSite","@id":"https:\/\/www.4bdistrib.com\/#website","url":"https:\/\/www.4bdistrib.com\/","name":"4B DISTRIB","description":"Equipements Conseils Services","potentialAction":[{"@type":"SearchAction","target":{"@type":"EntryPoint","urlTemplate":"https:\/\/www.4bdistrib.com\/?s={search_term_string}"},"query-input":{"@type":"PropertyValueSpecification","valueRequired":true,"valueName":"search_term_string"}}],"inLanguage":"en-GB"}]}},"_links":{"self":[{"href":"https:\/\/www.4bdistrib.com\/en\/wp-json\/wp\/v2\/product\/10315","targetHints":{"allow":["GET"]}}],"collection":[{"href":"https:\/\/www.4bdistrib.com\/en\/wp-json\/wp\/v2\/product"}],"about":[{"href":"https:\/\/www.4bdistrib.com\/en\/wp-json\/wp\/v2\/types\/product"}],"wp:featuredmedia":[{"embeddable":true,"href":"https:\/\/www.4bdistrib.com\/en\/wp-json\/wp\/v2\/media\/10399"}],"wp:attachment":[{"href":"https:\/\/www.4bdistrib.com\/en\/wp-json\/wp\/v2\/media?parent=10315"}],"wp:term":[{"taxonomy":"product_brand","embeddable":true,"href":"https:\/\/www.4bdistrib.com\/en\/wp-json\/wp\/v2\/product_brand?post=10315"},{"taxonomy":"product_cat","embeddable":true,"href":"https:\/\/www.4bdistrib.com\/en\/wp-json\/wp\/v2\/product_cat?post=10315"},{"taxonomy":"product_tag","embeddable":true,"href":"https:\/\/www.4bdistrib.com\/en\/wp-json\/wp\/v2\/product_tag?post=10315"}],"curies":[{"name":"wp","href":"https:\/\/api.w.org\/{rel}","templated":true}]}}