{"id":10385,"date":"2023-02-08T16:14:54","date_gmt":"2023-02-08T15:14:54","guid":{"rendered":"https:\/\/www.4bdistrib.com\/?post_type=product&#038;p=10385"},"modified":"2023-02-08T16:14:54","modified_gmt":"2023-02-08T15:14:54","slug":"lampe-de-travail-orientable-multi-fonctions-3-en-1","status":"publish","type":"product","link":"https:\/\/www.4bdistrib.com\/en\/produits\/lampes-et-rampes-eclairage\/lampes\/lampes-orientables\/adjustable-multi-function-3-in-1-work-lamp\/","title":{"rendered":"3 in 1 multi-function adjustable work light"},"content":{"rendered":"<h3>Technical characteristics<\/h3>\n<p>&nbsp;<\/p>\n<table class=\"table\">\n<tbody>\n<tr>\n<td>Model :<\/td>\n<td>MULTI-FUNCTION adjustable work lamp<\/td>\n<\/tr>\n<tr>\n<td>Brightness<\/td>\n<td>From 100 to 400 lumens<\/td>\n<\/tr>\n<tr>\n<td>Battery<\/td>\n<td>Rechargeable, Lithium 2200 mAh 3.7 V<\/td>\n<\/tr>\n<tr>\n<td>Protection<\/td>\n<td>IP54<\/td>\n<\/tr>\n<tr>\n<td>Battery charge indicator<\/td>\n<td>\u2013 Red LED: charging the lamp<\/p>\n<p>\u2013 Green LED: Ready for use<\/td>\n<\/tr>\n<tr>\n<td>Charging time<\/td>\n<td>4 \u2013 5 hrs (if fully discharged)<\/td>\n<\/tr>\n<tr>\n<td>Operating time<\/td>\n<td>\u2013 3 W COB LED: 2h30 (if fully charged)<\/p>\n<p>\u2013 1 W flashlight: 6 hours (if fully charged)<\/td>\n<\/tr>\n<tr>\n<td>Material<\/td>\n<td>\u2013 Smooth rubber ABS housing<\/p>\n<p>\u2013 Polycarbonate lens<\/p>\n<p>&nbsp;<\/td>\n<\/tr>\n<tr>\n<td>Weight<\/td>\n<td>265 g<\/td>\n<\/tr>\n<\/tbody>\n<\/table>","protected":false},"excerpt":{"rendered":"<ul>\n<li>Multi-fonctionnel : Luminosit\u00e9 r\u00e9glable pour s&#8217;adapter \u00e0 vos besoins en mati\u00e8re d&#8217;\u00e9clairage<\/li>\n<li>Pratique : T\u00e9moin de charge LED pour suivre l&#8217;\u00e9tat de la batterie<\/li>\n<li>Durable: Run time of several hours for continuous use<\/li>\n<li>Comfortable: Smooth rubber ABS housing for comfortable grip<\/li>\n<li>Excellente qualit\u00e9 d&#8217;\u00e9clairage : Lentille en polycarbonate pour une qualit\u00e9 d&#8217;\u00e9clairage sup\u00e9rieure<\/li>\n<li>Maneuverability: Light weight for easy use on the go.<\/li>\n<\/ul>","protected":false},"featured_media":10409,"template":"","meta":{"_exactmetrics_skip_tracking":false,"_exactmetrics_sitenote_active":false,"_exactmetrics_sitenote_note":"","_exactmetrics_sitenote_category":0},"product_brand":[],"product_cat":[461,455],"product_tag":[],"class_list":{"0":"post-10385","1":"product","2":"type-product","3":"status-publish","4":"has-post-thumbnail","6":"product_cat-lampes-et-rampes-eclairage","7":"product_cat-lampes-orientables","9":"first","10":"instock","11":"shipping-taxable","12":"product-type-simple"},"yoast_head":"<!-- This site is optimized with the Yoast SEO plugin v27.2 - https:\/\/yoast.com\/product\/yoast-seo-wordpress\/ -->\n<title>Lampe de travail orientable multi fonctions 3 en 1 - 4B DISTRIB<\/title>\n<meta name=\"robots\" content=\"index, follow, max-snippet:-1, max-image-preview:large, max-video-preview:-1\" \/>\n<link rel=\"canonical\" href=\"https:\/\/www.4bdistrib.com\/en\/produits\/lampes-et-rampes-eclairage\/lampes\/lampes-orientables\/adjustable-multi-function-3-in-1-work-lamp\/\" \/>\n<meta property=\"og:locale\" content=\"en_GB\" \/>\n<meta property=\"og:type\" content=\"article\" \/>\n<meta property=\"og:title\" content=\"Lampe de travail orientable multi fonctions 3 en 1 - 4B DISTRIB\" \/>\n<meta property=\"og:description\" content=\"Multi-fonctionnel : Luminosit\u00e9 r\u00e9glable pour s&#039;adapter \u00e0 vos besoins en mati\u00e8re d&#039;\u00e9clairage  Pratique : T\u00e9moin de charge LED pour suivre l&#039;\u00e9tat de la batterie  Durable : Dur\u00e9e de fonctionnement de plusieurs heures pour une utilisation continue  Confortable : Bo\u00eetier ABS en caoutchouc lisse pour une prise en main confortable  Excellente qualit\u00e9 d&#039;\u00e9clairage : Lentille en polycarbonate pour une qualit\u00e9 d&#039;\u00e9clairage sup\u00e9rieure  Maniabilit\u00e9 : Poids l\u00e9ger pour une utilisation facile en d\u00e9placement.\" \/>\n<meta property=\"og:url\" content=\"https:\/\/www.4bdistrib.com\/en\/produits\/lampes-et-rampes-eclairage\/lampes\/lampes-orientables\/adjustable-multi-function-3-in-1-work-lamp\/\" \/>\n<meta property=\"og:site_name\" content=\"4B DISTRIB\" \/>\n<meta property=\"og:image\" content=\"https:\/\/www.4bdistrib.com\/wp-content\/uploads\/2023\/02\/lampe-multi-fonctions.jpg\" \/>\n\t<meta property=\"og:image:width\" content=\"720\" \/>\n\t<meta property=\"og:image:height\" content=\"660\" \/>\n\t<meta property=\"og:image:type\" content=\"image\/jpeg\" \/>\n<meta name=\"twitter:card\" content=\"summary_large_image\" \/>\n<script type=\"application\/ld+json\" class=\"yoast-schema-graph\">{\"@context\":\"https:\/\/schema.org\",\"@graph\":[{\"@type\":\"WebPage\",\"@id\":\"https:\/\/www.4bdistrib.com\/produits\/lampes-et-rampes-eclairage\/lampes\/lampes-orientables\/lampe-de-travail-orientable-multi-fonctions-3-en-1\/\",\"url\":\"https:\/\/www.4bdistrib.com\/produits\/lampes-et-rampes-eclairage\/lampes\/lampes-orientables\/lampe-de-travail-orientable-multi-fonctions-3-en-1\/\",\"name\":\"Lampe de travail orientable multi fonctions 3 en 1 - 4B DISTRIB\",\"isPartOf\":{\"@id\":\"https:\/\/www.4bdistrib.com\/#website\"},\"primaryImageOfPage\":{\"@id\":\"https:\/\/www.4bdistrib.com\/produits\/lampes-et-rampes-eclairage\/lampes\/lampes-orientables\/lampe-de-travail-orientable-multi-fonctions-3-en-1\/#primaryimage\"},\"image\":{\"@id\":\"https:\/\/www.4bdistrib.com\/produits\/lampes-et-rampes-eclairage\/lampes\/lampes-orientables\/lampe-de-travail-orientable-multi-fonctions-3-en-1\/#primaryimage\"},\"thumbnailUrl\":\"https:\/\/www.4bdistrib.com\/wp-content\/uploads\/2023\/02\/lampe-multi-fonctions.jpg\",\"datePublished\":\"2023-02-08T15:14:54+00:00\",\"breadcrumb\":{\"@id\":\"https:\/\/www.4bdistrib.com\/produits\/lampes-et-rampes-eclairage\/lampes\/lampes-orientables\/lampe-de-travail-orientable-multi-fonctions-3-en-1\/#breadcrumb\"},\"inLanguage\":\"en-GB\",\"potentialAction\":[{\"@type\":\"ReadAction\",\"target\":[\"https:\/\/www.4bdistrib.com\/produits\/lampes-et-rampes-eclairage\/lampes\/lampes-orientables\/lampe-de-travail-orientable-multi-fonctions-3-en-1\/\"]}]},{\"@type\":\"ImageObject\",\"inLanguage\":\"en-GB\",\"@id\":\"https:\/\/www.4bdistrib.com\/produits\/lampes-et-rampes-eclairage\/lampes\/lampes-orientables\/lampe-de-travail-orientable-multi-fonctions-3-en-1\/#primaryimage\",\"url\":\"https:\/\/www.4bdistrib.com\/wp-content\/uploads\/2023\/02\/lampe-multi-fonctions.jpg\",\"contentUrl\":\"https:\/\/www.4bdistrib.com\/wp-content\/uploads\/2023\/02\/lampe-multi-fonctions.jpg\",\"width\":720,\"height\":660},{\"@type\":\"BreadcrumbList\",\"@id\":\"https:\/\/www.4bdistrib.com\/produits\/lampes-et-rampes-eclairage\/lampes\/lampes-orientables\/lampe-de-travail-orientable-multi-fonctions-3-en-1\/#breadcrumb\",\"itemListElement\":[{\"@type\":\"ListItem\",\"position\":1,\"name\":\"Home\",\"item\":\"https:\/\/www.4bdistrib.com\/\"},{\"@type\":\"ListItem\",\"position\":2,\"name\":\"Produits\",\"item\":\"https:\/\/www.4bdistrib.com\/produits\/\"},{\"@type\":\"ListItem\",\"position\":3,\"name\":\"Lampe de travail orientable multi fonctions 3 en 1\"}]},{\"@type\":\"WebSite\",\"@id\":\"https:\/\/www.4bdistrib.com\/#website\",\"url\":\"https:\/\/www.4bdistrib.com\/\",\"name\":\"4B DISTRIB\",\"description\":\"Equipements Conseils Services\",\"potentialAction\":[{\"@type\":\"SearchAction\",\"target\":{\"@type\":\"EntryPoint\",\"urlTemplate\":\"https:\/\/www.4bdistrib.com\/?s={search_term_string}\"},\"query-input\":{\"@type\":\"PropertyValueSpecification\",\"valueRequired\":true,\"valueName\":\"search_term_string\"}}],\"inLanguage\":\"en-GB\"}]}<\/script>\n<!-- \/ Yoast SEO plugin. -->","yoast_head_json":{"title":"3 in 1 multi-function adjustable work lamp - 4B DISTRIB","robots":{"index":"index","follow":"follow","max-snippet":"max-snippet:-1","max-image-preview":"max-image-preview:large","max-video-preview":"max-video-preview:-1"},"canonical":"https:\/\/www.4bdistrib.com\/en\/produits\/lampes-et-rampes-eclairage\/lampes\/lampes-orientables\/adjustable-multi-function-3-in-1-work-lamp\/","og_locale":"en_GB","og_type":"article","og_title":"Lampe de travail orientable multi fonctions 3 en 1 - 4B DISTRIB","og_description":"Multi-fonctionnel : Luminosit\u00e9 r\u00e9glable pour s'adapter \u00e0 vos besoins en mati\u00e8re d'\u00e9clairage  Pratique : T\u00e9moin de charge LED pour suivre l'\u00e9tat de la batterie  Durable : Dur\u00e9e de fonctionnement de plusieurs heures pour une utilisation continue  Confortable : Bo\u00eetier ABS en caoutchouc lisse pour une prise en main confortable  Excellente qualit\u00e9 d'\u00e9clairage : Lentille en polycarbonate pour une qualit\u00e9 d'\u00e9clairage sup\u00e9rieure  Maniabilit\u00e9 : Poids l\u00e9ger pour une utilisation facile en d\u00e9placement.","og_url":"https:\/\/www.4bdistrib.com\/en\/produits\/lampes-et-rampes-eclairage\/lampes\/lampes-orientables\/adjustable-multi-function-3-in-1-work-lamp\/","og_site_name":"4B DISTRIB","og_image":[{"width":720,"height":660,"url":"https:\/\/www.4bdistrib.com\/wp-content\/uploads\/2023\/02\/lampe-multi-fonctions.jpg","type":"image\/jpeg"}],"twitter_card":"summary_large_image","schema":{"@context":"https:\/\/schema.org","@graph":[{"@type":"WebPage","@id":"https:\/\/www.4bdistrib.com\/produits\/lampes-et-rampes-eclairage\/lampes\/lampes-orientables\/lampe-de-travail-orientable-multi-fonctions-3-en-1\/","url":"https:\/\/www.4bdistrib.com\/produits\/lampes-et-rampes-eclairage\/lampes\/lampes-orientables\/lampe-de-travail-orientable-multi-fonctions-3-en-1\/","name":"3 in 1 multi-function adjustable work lamp - 4B DISTRIB","isPartOf":{"@id":"https:\/\/www.4bdistrib.com\/#website"},"primaryImageOfPage":{"@id":"https:\/\/www.4bdistrib.com\/produits\/lampes-et-rampes-eclairage\/lampes\/lampes-orientables\/lampe-de-travail-orientable-multi-fonctions-3-en-1\/#primaryimage"},"image":{"@id":"https:\/\/www.4bdistrib.com\/produits\/lampes-et-rampes-eclairage\/lampes\/lampes-orientables\/lampe-de-travail-orientable-multi-fonctions-3-en-1\/#primaryimage"},"thumbnailUrl":"https:\/\/www.4bdistrib.com\/wp-content\/uploads\/2023\/02\/lampe-multi-fonctions.jpg","datePublished":"2023-02-08T15:14:54+00:00","breadcrumb":{"@id":"https:\/\/www.4bdistrib.com\/produits\/lampes-et-rampes-eclairage\/lampes\/lampes-orientables\/lampe-de-travail-orientable-multi-fonctions-3-en-1\/#breadcrumb"},"inLanguage":"en-GB","potentialAction":[{"@type":"ReadAction","target":["https:\/\/www.4bdistrib.com\/produits\/lampes-et-rampes-eclairage\/lampes\/lampes-orientables\/lampe-de-travail-orientable-multi-fonctions-3-en-1\/"]}]},{"@type":"ImageObject","inLanguage":"en-GB","@id":"https:\/\/www.4bdistrib.com\/produits\/lampes-et-rampes-eclairage\/lampes\/lampes-orientables\/lampe-de-travail-orientable-multi-fonctions-3-en-1\/#primaryimage","url":"https:\/\/www.4bdistrib.com\/wp-content\/uploads\/2023\/02\/lampe-multi-fonctions.jpg","contentUrl":"https:\/\/www.4bdistrib.com\/wp-content\/uploads\/2023\/02\/lampe-multi-fonctions.jpg","width":720,"height":660},{"@type":"BreadcrumbList","@id":"https:\/\/www.4bdistrib.com\/produits\/lampes-et-rampes-eclairage\/lampes\/lampes-orientables\/lampe-de-travail-orientable-multi-fonctions-3-en-1\/#breadcrumb","itemListElement":[{"@type":"ListItem","position":1,"name":"Home","item":"https:\/\/www.4bdistrib.com\/"},{"@type":"ListItem","position":2,"name":"Produits","item":"https:\/\/www.4bdistrib.com\/produits\/"},{"@type":"ListItem","position":3,"name":"Lampe de travail orientable multi fonctions 3 en 1"}]},{"@type":"WebSite","@id":"https:\/\/www.4bdistrib.com\/#website","url":"https:\/\/www.4bdistrib.com\/","name":"4B DISTRIB","description":"Equipements Conseils Services","potentialAction":[{"@type":"SearchAction","target":{"@type":"EntryPoint","urlTemplate":"https:\/\/www.4bdistrib.com\/?s={search_term_string}"},"query-input":{"@type":"PropertyValueSpecification","valueRequired":true,"valueName":"search_term_string"}}],"inLanguage":"en-GB"}]}},"_links":{"self":[{"href":"https:\/\/www.4bdistrib.com\/en\/wp-json\/wp\/v2\/product\/10385","targetHints":{"allow":["GET"]}}],"collection":[{"href":"https:\/\/www.4bdistrib.com\/en\/wp-json\/wp\/v2\/product"}],"about":[{"href":"https:\/\/www.4bdistrib.com\/en\/wp-json\/wp\/v2\/types\/product"}],"wp:featuredmedia":[{"embeddable":true,"href":"https:\/\/www.4bdistrib.com\/en\/wp-json\/wp\/v2\/media\/10409"}],"wp:attachment":[{"href":"https:\/\/www.4bdistrib.com\/en\/wp-json\/wp\/v2\/media?parent=10385"}],"wp:term":[{"taxonomy":"product_brand","embeddable":true,"href":"https:\/\/www.4bdistrib.com\/en\/wp-json\/wp\/v2\/product_brand?post=10385"},{"taxonomy":"product_cat","embeddable":true,"href":"https:\/\/www.4bdistrib.com\/en\/wp-json\/wp\/v2\/product_cat?post=10385"},{"taxonomy":"product_tag","embeddable":true,"href":"https:\/\/www.4bdistrib.com\/en\/wp-json\/wp\/v2\/product_tag?post=10385"}],"curies":[{"name":"wp","href":"https:\/\/api.w.org\/{rel}","templated":true}]}}