{"id":10466,"date":"2019-02-10T09:16:35","date_gmt":"2019-02-10T08:16:35","guid":{"rendered":"https:\/\/www.4bdistrib.com\/?post_type=product&#038;p=10466"},"modified":"2024-03-05T16:07:20","modified_gmt":"2024-03-05T15:07:20","slug":"support-inox-pour-tuyau-de-lavage","status":"publish","type":"product","link":"https:\/\/www.4bdistrib.com\/en\/produits\/systemes-de-pulverisation\/accessoires-carwash\/stainless-steel-support-for-wash-hose\/","title":{"rendered":"Stainless steel support for washing hose"},"content":{"rendered":"<h3>Technical characteristics<\/h3>\n<p>&nbsp;<\/p>\n<table class=\"table\">\n<tbody>\n<tr>\n<td>Model :<\/td>\n<td>Stainless steel support for pipe<\/td>\n<\/tr>\n<tr>\n<td>Material<\/td>\n<td>Stainless steel<\/td>\n<\/tr>\n<tr>\n<td>Size L x P x H<\/td>\n<td>20 x 21 x 25,5 cm<\/td>\n<\/tr>\n<tr>\n<td>Weight<\/td>\n<td>0,570 kg<\/td>\n<\/tr>\n<\/tbody>\n<\/table>","protected":false},"excerpt":{"rendered":"<ul>\n<li>Made from high quality stainless steel to guarantee optimal resistance.<\/li>\n<li>Stability: Holds pipes of appropriate diameter in place to ensure maximum stability.<\/li>\n<li>Corrosion Resistant: Corrosion resistant, it is perfect for use in demanding environments.<\/li>\n<\/ul>","protected":false},"featured_media":10467,"template":"","meta":{"_exactmetrics_skip_tracking":false,"_exactmetrics_sitenote_active":false,"_exactmetrics_sitenote_note":"","_exactmetrics_sitenote_category":0},"product_brand":[],"product_cat":[646,643],"product_tag":[],"class_list":{"0":"post-10466","1":"product","2":"type-product","3":"status-publish","4":"has-post-thumbnail","6":"product_cat-accessoires-carwash","7":"product_cat-systemes-de-dosage","9":"first","10":"instock","11":"shipping-taxable","12":"product-type-simple"},"yoast_head":"<!-- This site is optimized with the Yoast SEO plugin v27.2 - https:\/\/yoast.com\/product\/yoast-seo-wordpress\/ -->\n<title>Support Inox pour tuyau de lavage - 4B DISTRIB<\/title>\n<meta name=\"robots\" content=\"index, follow, max-snippet:-1, max-image-preview:large, max-video-preview:-1\" \/>\n<link rel=\"canonical\" href=\"https:\/\/www.4bdistrib.com\/en\/produits\/systemes-de-pulverisation\/accessoires-carwash\/stainless-steel-support-for-wash-hose\/\" \/>\n<meta property=\"og:locale\" content=\"en_GB\" \/>\n<meta property=\"og:type\" content=\"article\" \/>\n<meta property=\"og:title\" content=\"Support Inox pour tuyau de lavage - 4B DISTRIB\" \/>\n<meta property=\"og:description\" content=\"Con\u00e7u en acier inoxydable de haute qualit\u00e9 pour garantir une r\u00e9sistance optimale.  Stabilit\u00e9 : Maintient en place des tuyaux de diam\u00e8tre appropri\u00e9 pour garantir une stabilit\u00e9 maximale.  R\u00e9sistant \u00e0 la corrosion : R\u00e9sistant \u00e0 la corrosion, il est parfait pour une utilisation dans des environnements exigeants.\" \/>\n<meta property=\"og:url\" content=\"https:\/\/www.4bdistrib.com\/en\/produits\/systemes-de-pulverisation\/accessoires-carwash\/stainless-steel-support-for-wash-hose\/\" \/>\n<meta property=\"og:site_name\" content=\"4B DISTRIB\" \/>\n<meta property=\"article:modified_time\" content=\"2024-03-05T15:07:20+00:00\" \/>\n<meta property=\"og:image\" content=\"https:\/\/www.4bdistrib.com\/wp-content\/uploads\/2023\/02\/160A089.jpg\" \/>\n\t<meta property=\"og:image:width\" content=\"480\" \/>\n\t<meta property=\"og:image:height\" content=\"640\" \/>\n\t<meta property=\"og:image:type\" content=\"image\/jpeg\" \/>\n<meta name=\"twitter:card\" content=\"summary_large_image\" \/>\n<script type=\"application\/ld+json\" class=\"yoast-schema-graph\">{\"@context\":\"https:\/\/schema.org\",\"@graph\":[{\"@type\":\"WebPage\",\"@id\":\"https:\/\/www.4bdistrib.com\/produits\/systemes-de-pulverisation\/accessoires-carwash\/support-inox-pour-tuyau-de-lavage\/\",\"url\":\"https:\/\/www.4bdistrib.com\/produits\/systemes-de-pulverisation\/accessoires-carwash\/support-inox-pour-tuyau-de-lavage\/\",\"name\":\"Support Inox pour tuyau de lavage - 4B DISTRIB\",\"isPartOf\":{\"@id\":\"https:\/\/www.4bdistrib.com\/#website\"},\"primaryImageOfPage\":{\"@id\":\"https:\/\/www.4bdistrib.com\/produits\/systemes-de-pulverisation\/accessoires-carwash\/support-inox-pour-tuyau-de-lavage\/#primaryimage\"},\"image\":{\"@id\":\"https:\/\/www.4bdistrib.com\/produits\/systemes-de-pulverisation\/accessoires-carwash\/support-inox-pour-tuyau-de-lavage\/#primaryimage\"},\"thumbnailUrl\":\"https:\/\/www.4bdistrib.com\/wp-content\/uploads\/2023\/02\/160A089.jpg\",\"datePublished\":\"2019-02-10T08:16:35+00:00\",\"dateModified\":\"2024-03-05T15:07:20+00:00\",\"breadcrumb\":{\"@id\":\"https:\/\/www.4bdistrib.com\/produits\/systemes-de-pulverisation\/accessoires-carwash\/support-inox-pour-tuyau-de-lavage\/#breadcrumb\"},\"inLanguage\":\"en-GB\",\"potentialAction\":[{\"@type\":\"ReadAction\",\"target\":[\"https:\/\/www.4bdistrib.com\/produits\/systemes-de-pulverisation\/accessoires-carwash\/support-inox-pour-tuyau-de-lavage\/\"]}]},{\"@type\":\"ImageObject\",\"inLanguage\":\"en-GB\",\"@id\":\"https:\/\/www.4bdistrib.com\/produits\/systemes-de-pulverisation\/accessoires-carwash\/support-inox-pour-tuyau-de-lavage\/#primaryimage\",\"url\":\"https:\/\/www.4bdistrib.com\/wp-content\/uploads\/2023\/02\/160A089.jpg\",\"contentUrl\":\"https:\/\/www.4bdistrib.com\/wp-content\/uploads\/2023\/02\/160A089.jpg\",\"width\":480,\"height\":640},{\"@type\":\"BreadcrumbList\",\"@id\":\"https:\/\/www.4bdistrib.com\/produits\/systemes-de-pulverisation\/accessoires-carwash\/support-inox-pour-tuyau-de-lavage\/#breadcrumb\",\"itemListElement\":[{\"@type\":\"ListItem\",\"position\":1,\"name\":\"Home\",\"item\":\"https:\/\/www.4bdistrib.com\/\"},{\"@type\":\"ListItem\",\"position\":2,\"name\":\"Produits\",\"item\":\"https:\/\/www.4bdistrib.com\/produits\/\"},{\"@type\":\"ListItem\",\"position\":3,\"name\":\"Support Inox pour tuyau de lavage\"}]},{\"@type\":\"WebSite\",\"@id\":\"https:\/\/www.4bdistrib.com\/#website\",\"url\":\"https:\/\/www.4bdistrib.com\/\",\"name\":\"4B DISTRIB\",\"description\":\"Equipements Conseils Services\",\"potentialAction\":[{\"@type\":\"SearchAction\",\"target\":{\"@type\":\"EntryPoint\",\"urlTemplate\":\"https:\/\/www.4bdistrib.com\/?s={search_term_string}\"},\"query-input\":{\"@type\":\"PropertyValueSpecification\",\"valueRequired\":true,\"valueName\":\"search_term_string\"}}],\"inLanguage\":\"en-GB\"}]}<\/script>\n<!-- \/ Yoast SEO plugin. -->","yoast_head_json":{"title":"Stainless steel support for washing hose - 4B DISTRIB","robots":{"index":"index","follow":"follow","max-snippet":"max-snippet:-1","max-image-preview":"max-image-preview:large","max-video-preview":"max-video-preview:-1"},"canonical":"https:\/\/www.4bdistrib.com\/en\/produits\/systemes-de-pulverisation\/accessoires-carwash\/stainless-steel-support-for-wash-hose\/","og_locale":"en_GB","og_type":"article","og_title":"Support Inox pour tuyau de lavage - 4B DISTRIB","og_description":"Con\u00e7u en acier inoxydable de haute qualit\u00e9 pour garantir une r\u00e9sistance optimale.  Stabilit\u00e9 : Maintient en place des tuyaux de diam\u00e8tre appropri\u00e9 pour garantir une stabilit\u00e9 maximale.  R\u00e9sistant \u00e0 la corrosion : R\u00e9sistant \u00e0 la corrosion, il est parfait pour une utilisation dans des environnements exigeants.","og_url":"https:\/\/www.4bdistrib.com\/en\/produits\/systemes-de-pulverisation\/accessoires-carwash\/stainless-steel-support-for-wash-hose\/","og_site_name":"4B DISTRIB","article_modified_time":"2024-03-05T15:07:20+00:00","og_image":[{"width":480,"height":640,"url":"https:\/\/www.4bdistrib.com\/wp-content\/uploads\/2023\/02\/160A089.jpg","type":"image\/jpeg"}],"twitter_card":"summary_large_image","schema":{"@context":"https:\/\/schema.org","@graph":[{"@type":"WebPage","@id":"https:\/\/www.4bdistrib.com\/produits\/systemes-de-pulverisation\/accessoires-carwash\/support-inox-pour-tuyau-de-lavage\/","url":"https:\/\/www.4bdistrib.com\/produits\/systemes-de-pulverisation\/accessoires-carwash\/support-inox-pour-tuyau-de-lavage\/","name":"Stainless steel support for washing hose - 4B DISTRIB","isPartOf":{"@id":"https:\/\/www.4bdistrib.com\/#website"},"primaryImageOfPage":{"@id":"https:\/\/www.4bdistrib.com\/produits\/systemes-de-pulverisation\/accessoires-carwash\/support-inox-pour-tuyau-de-lavage\/#primaryimage"},"image":{"@id":"https:\/\/www.4bdistrib.com\/produits\/systemes-de-pulverisation\/accessoires-carwash\/support-inox-pour-tuyau-de-lavage\/#primaryimage"},"thumbnailUrl":"https:\/\/www.4bdistrib.com\/wp-content\/uploads\/2023\/02\/160A089.jpg","datePublished":"2019-02-10T08:16:35+00:00","dateModified":"2024-03-05T15:07:20+00:00","breadcrumb":{"@id":"https:\/\/www.4bdistrib.com\/produits\/systemes-de-pulverisation\/accessoires-carwash\/support-inox-pour-tuyau-de-lavage\/#breadcrumb"},"inLanguage":"en-GB","potentialAction":[{"@type":"ReadAction","target":["https:\/\/www.4bdistrib.com\/produits\/systemes-de-pulverisation\/accessoires-carwash\/support-inox-pour-tuyau-de-lavage\/"]}]},{"@type":"ImageObject","inLanguage":"en-GB","@id":"https:\/\/www.4bdistrib.com\/produits\/systemes-de-pulverisation\/accessoires-carwash\/support-inox-pour-tuyau-de-lavage\/#primaryimage","url":"https:\/\/www.4bdistrib.com\/wp-content\/uploads\/2023\/02\/160A089.jpg","contentUrl":"https:\/\/www.4bdistrib.com\/wp-content\/uploads\/2023\/02\/160A089.jpg","width":480,"height":640},{"@type":"BreadcrumbList","@id":"https:\/\/www.4bdistrib.com\/produits\/systemes-de-pulverisation\/accessoires-carwash\/support-inox-pour-tuyau-de-lavage\/#breadcrumb","itemListElement":[{"@type":"ListItem","position":1,"name":"Home","item":"https:\/\/www.4bdistrib.com\/"},{"@type":"ListItem","position":2,"name":"Produits","item":"https:\/\/www.4bdistrib.com\/produits\/"},{"@type":"ListItem","position":3,"name":"Support Inox pour tuyau de lavage"}]},{"@type":"WebSite","@id":"https:\/\/www.4bdistrib.com\/#website","url":"https:\/\/www.4bdistrib.com\/","name":"4B DISTRIB","description":"Equipements Conseils Services","potentialAction":[{"@type":"SearchAction","target":{"@type":"EntryPoint","urlTemplate":"https:\/\/www.4bdistrib.com\/?s={search_term_string}"},"query-input":{"@type":"PropertyValueSpecification","valueRequired":true,"valueName":"search_term_string"}}],"inLanguage":"en-GB"}]}},"_links":{"self":[{"href":"https:\/\/www.4bdistrib.com\/en\/wp-json\/wp\/v2\/product\/10466","targetHints":{"allow":["GET"]}}],"collection":[{"href":"https:\/\/www.4bdistrib.com\/en\/wp-json\/wp\/v2\/product"}],"about":[{"href":"https:\/\/www.4bdistrib.com\/en\/wp-json\/wp\/v2\/types\/product"}],"wp:featuredmedia":[{"embeddable":true,"href":"https:\/\/www.4bdistrib.com\/en\/wp-json\/wp\/v2\/media\/10467"}],"wp:attachment":[{"href":"https:\/\/www.4bdistrib.com\/en\/wp-json\/wp\/v2\/media?parent=10466"}],"wp:term":[{"taxonomy":"product_brand","embeddable":true,"href":"https:\/\/www.4bdistrib.com\/en\/wp-json\/wp\/v2\/product_brand?post=10466"},{"taxonomy":"product_cat","embeddable":true,"href":"https:\/\/www.4bdistrib.com\/en\/wp-json\/wp\/v2\/product_cat?post=10466"},{"taxonomy":"product_tag","embeddable":true,"href":"https:\/\/www.4bdistrib.com\/en\/wp-json\/wp\/v2\/product_tag?post=10466"}],"curies":[{"name":"wp","href":"https:\/\/api.w.org\/{rel}","templated":true}]}}