{"id":5040,"date":"2021-03-18T13:58:59","date_gmt":"2021-03-18T12:58:59","guid":{"rendered":"https:\/\/www.4bdistrib.com\/?post_type=product&#038;p=5040"},"modified":"2021-03-18T14:41:17","modified_gmt":"2021-03-18T13:41:17","slug":"pulverisateur-electrique-dorsal-sprayer","status":"publish","type":"product","link":"https:\/\/www.4bdistrib.com\/en\/produits\/pulverisateurs\/electriques\/autonomes\/pulverisateur-electrique-dorsal-sprayer\/","title":{"rendered":"DORSAL SPRAYER Autonomous Electric Sprayer"},"content":{"rendered":"<p>With its 5 bars of pressure, the <strong>sprayer DORSAL SPRAYER<\/strong> has a jet that can reach 10 meters and spray hard-to-reach places such as roofs, facades, etc.<\/p>\n<p><img loading=\"lazy\" decoding=\"async\" class=\"alignnone size-full wp-image-5241\" src=\"https:\/\/www.4bdistrib.com\/wp-content\/uploads\/2018\/05\/dorsal-sprayer-nettoyage-toiture.jpg\" alt=\"\" width=\"400\" height=\"367\" srcset=\"https:\/\/www.4bdistrib.com\/wp-content\/uploads\/2018\/05\/dorsal-sprayer-nettoyage-toiture.jpg 720w, https:\/\/www.4bdistrib.com\/wp-content\/uploads\/2018\/05\/dorsal-sprayer-nettoyage-toiture-300x275.jpg 300w, https:\/\/www.4bdistrib.com\/wp-content\/uploads\/2018\/05\/dorsal-sprayer-nettoyage-toiture-600x550.jpg 600w\" sizes=\"auto, (max-width: 400px) 100vw, 400px\" \/><\/p>\n<p>Thanks to its back transport straps and its ergonomics (small and light), the sprayer <strong>DORSAL SPRAYER <\/strong>is ideal for applications with reduced mobility: roofs, facades, frames, green spaces, playgrounds, etc.<\/p>\n<p>This <strong>autonomous electric sprayer<\/strong> peut \u00e9galement \u00eatre \u00e9quip\u00e9 d&#8217;une perche t\u00e9lescopique vous permettant d&#8217;augmenter votre port\u00e9e de jet et d&#8217;\u00eatre plus pr\u00e9cis.<\/p>\n<p>La version 2 batterie vous permettra d&#8217;effectuer un nettoyage en continu.<\/p>","protected":false},"excerpt":{"rendered":"<ul>\n<li>Port\u00e9e du jet jusqu&#8217;\u00e0 10 m<\/li>\n<li>Tank capacity: 16 L<\/li>\n<li>Flow rate: 3 L\/min<\/li>\n<li>Hose length: 1.5 m<\/li>\n<li>Interior gun in stainless steel and PTFE (special aggressive chemicals)<\/li>\n<li>Ref 100M003: 1 battery version<\/li>\n<li>Ref 100M004: 2 battery version<\/li>\n<\/ul>","protected":false},"featured_media":5238,"template":"","meta":{"_exactmetrics_skip_tracking":false,"_exactmetrics_sitenote_active":false,"_exactmetrics_sitenote_note":"","_exactmetrics_sitenote_category":0},"product_brand":[],"product_cat":[242,241,240],"product_tag":[],"class_list":{"0":"post-5040","1":"product","2":"type-product","3":"status-publish","4":"has-post-thumbnail","6":"product_cat-autonomes","7":"product_cat-electriques","8":"product_cat-pulverisateurs","9":"pa_modele-pulverisateur-dorsal-sprayer","10":"pa_type-produit-pulverisateur-machines","12":"first","13":"instock","14":"shipping-taxable","15":"product-type-simple"},"yoast_head":"<!-- This site is optimized with the Yoast SEO plugin v27.2 - https:\/\/yoast.com\/product\/yoast-seo-wordpress\/ -->\n<title>Pulv\u00e9risateur \u00e9lectrique Dorsal Sprayer - 4B DISTRIB<\/title>\n<meta name=\"description\" content=\"Pulv\u00e9risateur \u00e9lectrique Dorsal Sprayer, Version 1 ou 2 batteries, R\u00e9servoir avec sangles de transport, Nettoyage des toitures, des espaces verts...\" \/>\n<meta name=\"robots\" content=\"index, follow, max-snippet:-1, max-image-preview:large, max-video-preview:-1\" \/>\n<link rel=\"canonical\" href=\"https:\/\/www.4bdistrib.com\/en\/produits\/pulverisateurs\/electriques\/autonomes\/pulverisateur-electrique-dorsal-sprayer\/\" \/>\n<meta property=\"og:locale\" content=\"en_GB\" \/>\n<meta property=\"og:type\" content=\"article\" \/>\n<meta property=\"og:title\" content=\"Pulv\u00e9risateur \u00e9lectrique Dorsal Sprayer - 4B DISTRIB\" \/>\n<meta property=\"og:description\" content=\"Pulv\u00e9risateur \u00e9lectrique Dorsal Sprayer, Version 1 ou 2 batteries, R\u00e9servoir avec sangles de transport, Nettoyage des toitures, des espaces verts...\" \/>\n<meta property=\"og:url\" content=\"https:\/\/www.4bdistrib.com\/en\/produits\/pulverisateurs\/electriques\/autonomes\/pulverisateur-electrique-dorsal-sprayer\/\" \/>\n<meta property=\"og:site_name\" content=\"4B DISTRIB\" \/>\n<meta property=\"article:modified_time\" content=\"2021-03-18T13:41:17+00:00\" \/>\n<meta property=\"og:image\" content=\"https:\/\/www.4bdistrib.com\/wp-content\/uploads\/2018\/05\/pulverisateur-dorsal-sprayer-e1538992324252.jpg\" \/>\n\t<meta property=\"og:image:width\" content=\"720\" \/>\n\t<meta property=\"og:image:height\" content=\"660\" \/>\n\t<meta property=\"og:image:type\" content=\"image\/jpeg\" \/>\n<meta name=\"twitter:card\" content=\"summary_large_image\" \/>\n<meta name=\"twitter:label1\" content=\"Estimated reading time\" \/>\n\t<meta name=\"twitter:data1\" content=\"1 minute\" \/>\n<script type=\"application\/ld+json\" class=\"yoast-schema-graph\">{\"@context\":\"https:\/\/schema.org\",\"@graph\":[{\"@type\":\"WebPage\",\"@id\":\"https:\/\/www.4bdistrib.com\/produits\/pulverisateurs\/electriques\/autonomes\/pulverisateur-electrique-dorsal-sprayer\/\",\"url\":\"https:\/\/www.4bdistrib.com\/produits\/pulverisateurs\/electriques\/autonomes\/pulverisateur-electrique-dorsal-sprayer\/\",\"name\":\"Pulv\u00e9risateur \u00e9lectrique Dorsal Sprayer - 4B DISTRIB\",\"isPartOf\":{\"@id\":\"https:\/\/www.4bdistrib.com\/#website\"},\"primaryImageOfPage\":{\"@id\":\"https:\/\/www.4bdistrib.com\/produits\/pulverisateurs\/electriques\/autonomes\/pulverisateur-electrique-dorsal-sprayer\/#primaryimage\"},\"image\":{\"@id\":\"https:\/\/www.4bdistrib.com\/produits\/pulverisateurs\/electriques\/autonomes\/pulverisateur-electrique-dorsal-sprayer\/#primaryimage\"},\"thumbnailUrl\":\"https:\/\/www.4bdistrib.com\/wp-content\/uploads\/2018\/05\/pulverisateur-dorsal-sprayer-e1538992324252.jpg\",\"datePublished\":\"2021-03-18T12:58:59+00:00\",\"dateModified\":\"2021-03-18T13:41:17+00:00\",\"description\":\"Pulv\u00e9risateur \u00e9lectrique Dorsal Sprayer, Version 1 ou 2 batteries, R\u00e9servoir avec sangles de transport, Nettoyage des toitures, des espaces verts...\",\"breadcrumb\":{\"@id\":\"https:\/\/www.4bdistrib.com\/produits\/pulverisateurs\/electriques\/autonomes\/pulverisateur-electrique-dorsal-sprayer\/#breadcrumb\"},\"inLanguage\":\"en-GB\",\"potentialAction\":[{\"@type\":\"ReadAction\",\"target\":[\"https:\/\/www.4bdistrib.com\/produits\/pulverisateurs\/electriques\/autonomes\/pulverisateur-electrique-dorsal-sprayer\/\"]}]},{\"@type\":\"ImageObject\",\"inLanguage\":\"en-GB\",\"@id\":\"https:\/\/www.4bdistrib.com\/produits\/pulverisateurs\/electriques\/autonomes\/pulverisateur-electrique-dorsal-sprayer\/#primaryimage\",\"url\":\"https:\/\/www.4bdistrib.com\/wp-content\/uploads\/2018\/05\/pulverisateur-dorsal-sprayer-e1538992324252.jpg\",\"contentUrl\":\"https:\/\/www.4bdistrib.com\/wp-content\/uploads\/2018\/05\/pulverisateur-dorsal-sprayer-e1538992324252.jpg\",\"width\":720,\"height\":660,\"caption\":\"Pulv\u00e9risateur \u00e9lectrique Dorsal Sprayer\"},{\"@type\":\"BreadcrumbList\",\"@id\":\"https:\/\/www.4bdistrib.com\/produits\/pulverisateurs\/electriques\/autonomes\/pulverisateur-electrique-dorsal-sprayer\/#breadcrumb\",\"itemListElement\":[{\"@type\":\"ListItem\",\"position\":1,\"name\":\"Home\",\"item\":\"https:\/\/www.4bdistrib.com\/\"},{\"@type\":\"ListItem\",\"position\":2,\"name\":\"Produits\",\"item\":\"https:\/\/www.4bdistrib.com\/produits\/\"},{\"@type\":\"ListItem\",\"position\":3,\"name\":\"Pulv\u00e9risateur \u00c9lectrique Autonome DORSAL SPRAYER\"}]},{\"@type\":\"WebSite\",\"@id\":\"https:\/\/www.4bdistrib.com\/#website\",\"url\":\"https:\/\/www.4bdistrib.com\/\",\"name\":\"4B DISTRIB\",\"description\":\"Equipements Conseils Services\",\"potentialAction\":[{\"@type\":\"SearchAction\",\"target\":{\"@type\":\"EntryPoint\",\"urlTemplate\":\"https:\/\/www.4bdistrib.com\/?s={search_term_string}\"},\"query-input\":{\"@type\":\"PropertyValueSpecification\",\"valueRequired\":true,\"valueName\":\"search_term_string\"}}],\"inLanguage\":\"en-GB\"}]}<\/script>\n<!-- \/ Yoast SEO plugin. -->","yoast_head_json":{"title":"Pulv\u00e9risateur \u00e9lectrique Dorsal Sprayer - 4B DISTRIB","description":"Pulv\u00e9risateur \u00e9lectrique Dorsal Sprayer, Version 1 ou 2 batteries, R\u00e9servoir avec sangles de transport, Nettoyage des toitures, des espaces verts...","robots":{"index":"index","follow":"follow","max-snippet":"max-snippet:-1","max-image-preview":"max-image-preview:large","max-video-preview":"max-video-preview:-1"},"canonical":"https:\/\/www.4bdistrib.com\/en\/produits\/pulverisateurs\/electriques\/autonomes\/pulverisateur-electrique-dorsal-sprayer\/","og_locale":"en_GB","og_type":"article","og_title":"Pulv\u00e9risateur \u00e9lectrique Dorsal Sprayer - 4B DISTRIB","og_description":"Pulv\u00e9risateur \u00e9lectrique Dorsal Sprayer, Version 1 ou 2 batteries, R\u00e9servoir avec sangles de transport, Nettoyage des toitures, des espaces verts...","og_url":"https:\/\/www.4bdistrib.com\/en\/produits\/pulverisateurs\/electriques\/autonomes\/pulverisateur-electrique-dorsal-sprayer\/","og_site_name":"4B DISTRIB","article_modified_time":"2021-03-18T13:41:17+00:00","og_image":[{"width":720,"height":660,"url":"https:\/\/www.4bdistrib.com\/wp-content\/uploads\/2018\/05\/pulverisateur-dorsal-sprayer-e1538992324252.jpg","type":"image\/jpeg"}],"twitter_card":"summary_large_image","twitter_misc":{"Estimated reading time":"1 minute"},"schema":{"@context":"https:\/\/schema.org","@graph":[{"@type":"WebPage","@id":"https:\/\/www.4bdistrib.com\/produits\/pulverisateurs\/electriques\/autonomes\/pulverisateur-electrique-dorsal-sprayer\/","url":"https:\/\/www.4bdistrib.com\/produits\/pulverisateurs\/electriques\/autonomes\/pulverisateur-electrique-dorsal-sprayer\/","name":"Pulv\u00e9risateur \u00e9lectrique Dorsal Sprayer - 4B DISTRIB","isPartOf":{"@id":"https:\/\/www.4bdistrib.com\/#website"},"primaryImageOfPage":{"@id":"https:\/\/www.4bdistrib.com\/produits\/pulverisateurs\/electriques\/autonomes\/pulverisateur-electrique-dorsal-sprayer\/#primaryimage"},"image":{"@id":"https:\/\/www.4bdistrib.com\/produits\/pulverisateurs\/electriques\/autonomes\/pulverisateur-electrique-dorsal-sprayer\/#primaryimage"},"thumbnailUrl":"https:\/\/www.4bdistrib.com\/wp-content\/uploads\/2018\/05\/pulverisateur-dorsal-sprayer-e1538992324252.jpg","datePublished":"2021-03-18T12:58:59+00:00","dateModified":"2021-03-18T13:41:17+00:00","description":"Pulv\u00e9risateur \u00e9lectrique Dorsal Sprayer, Version 1 ou 2 batteries, R\u00e9servoir avec sangles de transport, Nettoyage des toitures, des espaces verts...","breadcrumb":{"@id":"https:\/\/www.4bdistrib.com\/produits\/pulverisateurs\/electriques\/autonomes\/pulverisateur-electrique-dorsal-sprayer\/#breadcrumb"},"inLanguage":"en-GB","potentialAction":[{"@type":"ReadAction","target":["https:\/\/www.4bdistrib.com\/produits\/pulverisateurs\/electriques\/autonomes\/pulverisateur-electrique-dorsal-sprayer\/"]}]},{"@type":"ImageObject","inLanguage":"en-GB","@id":"https:\/\/www.4bdistrib.com\/produits\/pulverisateurs\/electriques\/autonomes\/pulverisateur-electrique-dorsal-sprayer\/#primaryimage","url":"https:\/\/www.4bdistrib.com\/wp-content\/uploads\/2018\/05\/pulverisateur-dorsal-sprayer-e1538992324252.jpg","contentUrl":"https:\/\/www.4bdistrib.com\/wp-content\/uploads\/2018\/05\/pulverisateur-dorsal-sprayer-e1538992324252.jpg","width":720,"height":660,"caption":"Pulv\u00e9risateur \u00e9lectrique Dorsal Sprayer"},{"@type":"BreadcrumbList","@id":"https:\/\/www.4bdistrib.com\/produits\/pulverisateurs\/electriques\/autonomes\/pulverisateur-electrique-dorsal-sprayer\/#breadcrumb","itemListElement":[{"@type":"ListItem","position":1,"name":"Home","item":"https:\/\/www.4bdistrib.com\/"},{"@type":"ListItem","position":2,"name":"Produits","item":"https:\/\/www.4bdistrib.com\/produits\/"},{"@type":"ListItem","position":3,"name":"Pulv\u00e9risateur \u00c9lectrique Autonome DORSAL SPRAYER"}]},{"@type":"WebSite","@id":"https:\/\/www.4bdistrib.com\/#website","url":"https:\/\/www.4bdistrib.com\/","name":"4B DISTRIB","description":"Equipements Conseils Services","potentialAction":[{"@type":"SearchAction","target":{"@type":"EntryPoint","urlTemplate":"https:\/\/www.4bdistrib.com\/?s={search_term_string}"},"query-input":{"@type":"PropertyValueSpecification","valueRequired":true,"valueName":"search_term_string"}}],"inLanguage":"en-GB"}]}},"_links":{"self":[{"href":"https:\/\/www.4bdistrib.com\/en\/wp-json\/wp\/v2\/product\/5040","targetHints":{"allow":["GET"]}}],"collection":[{"href":"https:\/\/www.4bdistrib.com\/en\/wp-json\/wp\/v2\/product"}],"about":[{"href":"https:\/\/www.4bdistrib.com\/en\/wp-json\/wp\/v2\/types\/product"}],"wp:featuredmedia":[{"embeddable":true,"href":"https:\/\/www.4bdistrib.com\/en\/wp-json\/wp\/v2\/media\/5238"}],"wp:attachment":[{"href":"https:\/\/www.4bdistrib.com\/en\/wp-json\/wp\/v2\/media?parent=5040"}],"wp:term":[{"taxonomy":"product_brand","embeddable":true,"href":"https:\/\/www.4bdistrib.com\/en\/wp-json\/wp\/v2\/product_brand?post=5040"},{"taxonomy":"product_cat","embeddable":true,"href":"https:\/\/www.4bdistrib.com\/en\/wp-json\/wp\/v2\/product_cat?post=5040"},{"taxonomy":"product_tag","embeddable":true,"href":"https:\/\/www.4bdistrib.com\/en\/wp-json\/wp\/v2\/product_tag?post=5040"}],"curies":[{"name":"wp","href":"https:\/\/api.w.org\/{rel}","templated":true}]}}