{"id":5041,"date":"2021-03-18T13:57:20","date_gmt":"2021-03-18T12:57:20","guid":{"rendered":"https:\/\/www.4bdistrib.com\/?post_type=product&#038;p=5041"},"modified":"2021-04-27T15:04:17","modified_gmt":"2021-04-27T13:04:17","slug":"pulverisateur-electrique-autonome-roller-sprayer","status":"publish","type":"product","link":"https:\/\/www.4bdistrib.com\/en\/produits\/pulverisateurs\/electriques\/autonomes\/pulverisateur-electrique-autonome-roller-sprayer\/","title":{"rendered":"ROLLER SPRAYER Autonomous Electric Sprayer"},"content":{"rendered":"<p>The <strong>autonomous electric sprayer ROLLER SPRAYER<\/strong> is a real innovation: it allows you to spray without pumping thanks to its electro-pneumatic head. It starts automatically when the pressure decreases and stops when the pressure increases.<\/p>\n<p>With the <strong>ROLLER SPRAYER sprayer <\/strong>:<\/p>\n<ul>\n<li>No more pumping<\/li>\n<li>Pressurizing the tank using the electro-pneumatic head<\/li>\n<li>No contact between product and pump<\/li>\n<li>Large integrated filling funnel<\/li>\n<\/ul>\n<p>Continuous work for 1h30 with 1 electro-pneumatic head and non-stop with 2 heads.<\/p>\n<p>Very handy and easily transportable.<\/p>\n<p>Possibility of pairing the <strong>sprayer ROLLER SPRAYER<\/strong> at <a href=\"https:\/\/www.4bdistrib.com\/en\/produits\/systemes-de-dosage\/systemes-de-dilution\/systeme-hydromaster\/systeme-de-dilution-et-remplissage-hydromaster\/\">HYDROMASTER system<\/a> . The system <b>HYDROMASTER<\/b> allows the dilution of cleaning or disinfection products and the filling of large containers such as the ROLLER SPRAYER.<\/p>\n<ul>\n<li>Dilution gros d\u00e9bit jusqu&#8217;\u00e0 50%,<\/li>\n<li>Utilise uniquement la puissance de l&#8217;eau et un simple raccordement en eau est n\u00e9cessaire,<\/li>\n<li>Chemical resistant materials.<\/li>\n<\/ul>\n<p><a href=\"https:\/\/www.4bdistrib.com\/wp-content\/uploads\/2018\/05\/hydromaster-roller-sprayer.jpg\"><img loading=\"lazy\" decoding=\"async\" class=\"alignnone size-full wp-image-7876\" src=\"https:\/\/www.4bdistrib.com\/wp-content\/uploads\/2018\/05\/hydromaster-roller-sprayer.jpg\" alt=\"Hydromaster + Roller Sprayer\" width=\"600\" height=\"300\" srcset=\"https:\/\/www.4bdistrib.com\/wp-content\/uploads\/2018\/05\/hydromaster-roller-sprayer.jpg 600w, https:\/\/www.4bdistrib.com\/wp-content\/uploads\/2018\/05\/hydromaster-roller-sprayer-300x150.jpg 300w\" sizes=\"auto, (max-width: 600px) 100vw, 600px\" \/><\/a><\/p>","protected":false},"excerpt":{"rendered":"<ul>\n<li>Tank capacity: 12 L<\/li>\n<li>Hose length: 3 m<\/li>\n<li>Stainless steel telescopic lance: 90 cm (2 x 45cm)<\/li>\n<li>Equipped with an electro-pneumatic head<\/li>\n<li>Equipped with emergency manual pump<\/li>\n<li>No more pumping<\/li>\n<\/ul>","protected":false},"featured_media":5248,"template":"","meta":{"_exactmetrics_skip_tracking":false,"_exactmetrics_sitenote_active":false,"_exactmetrics_sitenote_note":"","_exactmetrics_sitenote_category":0},"product_brand":[],"product_cat":[242,241,240],"product_tag":[],"class_list":{"0":"post-5041","1":"product","2":"type-product","3":"status-publish","4":"has-post-thumbnail","6":"product_cat-autonomes","7":"product_cat-electriques","8":"product_cat-pulverisateurs","9":"pa_modele-pulverisateur-roller-sprayer","10":"pa_type-produit-pulverisateur-machines","12":"first","13":"instock","14":"shipping-taxable","15":"product-type-simple"},"yoast_head":"<!-- This site is optimized with the Yoast SEO plugin v27.2 - https:\/\/yoast.com\/product\/yoast-seo-wordpress\/ -->\n<title>Pulv\u00e9risateur \u00c9lectrique Autonome Roller Sprayer - 4B DISTRIB<\/title>\n<meta name=\"description\" content=\"Pulv\u00e9risateur \u00e9lectrique Roller Sprayer avec t\u00eate \u00e9lectro-pneumatique, Plus besoin de pomper, Se met en route et s&#039;arr\u00eate automatiquement, R\u00e9servoir 12L.\" \/>\n<meta name=\"robots\" content=\"index, follow, max-snippet:-1, max-image-preview:large, max-video-preview:-1\" \/>\n<link rel=\"canonical\" href=\"https:\/\/www.4bdistrib.com\/en\/produits\/pulverisateurs\/electriques\/autonomes\/pulverisateur-electrique-autonome-roller-sprayer\/\" \/>\n<meta property=\"og:locale\" content=\"en_GB\" \/>\n<meta property=\"og:type\" content=\"article\" \/>\n<meta property=\"og:title\" content=\"Pulv\u00e9risateur \u00c9lectrique Autonome Roller Sprayer - 4B DISTRIB\" \/>\n<meta property=\"og:description\" content=\"Pulv\u00e9risateur \u00e9lectrique Roller Sprayer avec t\u00eate \u00e9lectro-pneumatique, Plus besoin de pomper, Se met en route et s&#039;arr\u00eate automatiquement, R\u00e9servoir 12L.\" \/>\n<meta property=\"og:url\" content=\"https:\/\/www.4bdistrib.com\/en\/produits\/pulverisateurs\/electriques\/autonomes\/pulverisateur-electrique-autonome-roller-sprayer\/\" \/>\n<meta property=\"og:site_name\" content=\"4B DISTRIB\" \/>\n<meta property=\"article:modified_time\" content=\"2021-04-27T13:04:17+00:00\" \/>\n<meta property=\"og:image\" content=\"https:\/\/www.4bdistrib.com\/wp-content\/uploads\/2018\/05\/pulverisateur-roller-sprayer-e1538992428406.jpg\" \/>\n\t<meta property=\"og:image:width\" content=\"720\" \/>\n\t<meta property=\"og:image:height\" content=\"660\" \/>\n\t<meta property=\"og:image:type\" content=\"image\/jpeg\" \/>\n<meta name=\"twitter:card\" content=\"summary_large_image\" \/>\n<meta name=\"twitter:label1\" content=\"Estimated reading time\" \/>\n\t<meta name=\"twitter:data1\" content=\"1 minute\" \/>\n<script type=\"application\/ld+json\" class=\"yoast-schema-graph\">{\"@context\":\"https:\/\/schema.org\",\"@graph\":[{\"@type\":\"WebPage\",\"@id\":\"https:\/\/www.4bdistrib.com\/produits\/pulverisateurs\/electriques\/autonomes\/pulverisateur-electrique-autonome-roller-sprayer\/\",\"url\":\"https:\/\/www.4bdistrib.com\/produits\/pulverisateurs\/electriques\/autonomes\/pulverisateur-electrique-autonome-roller-sprayer\/\",\"name\":\"Pulv\u00e9risateur \u00c9lectrique Autonome Roller Sprayer - 4B DISTRIB\",\"isPartOf\":{\"@id\":\"https:\/\/www.4bdistrib.com\/#website\"},\"primaryImageOfPage\":{\"@id\":\"https:\/\/www.4bdistrib.com\/produits\/pulverisateurs\/electriques\/autonomes\/pulverisateur-electrique-autonome-roller-sprayer\/#primaryimage\"},\"image\":{\"@id\":\"https:\/\/www.4bdistrib.com\/produits\/pulverisateurs\/electriques\/autonomes\/pulverisateur-electrique-autonome-roller-sprayer\/#primaryimage\"},\"thumbnailUrl\":\"https:\/\/www.4bdistrib.com\/wp-content\/uploads\/2018\/05\/pulverisateur-roller-sprayer-e1538992428406.jpg\",\"datePublished\":\"2021-03-18T12:57:20+00:00\",\"dateModified\":\"2021-04-27T13:04:17+00:00\",\"description\":\"Pulv\u00e9risateur \u00e9lectrique Roller Sprayer avec t\u00eate \u00e9lectro-pneumatique, Plus besoin de pomper, Se met en route et s'arr\u00eate automatiquement, R\u00e9servoir 12L.\",\"breadcrumb\":{\"@id\":\"https:\/\/www.4bdistrib.com\/produits\/pulverisateurs\/electriques\/autonomes\/pulverisateur-electrique-autonome-roller-sprayer\/#breadcrumb\"},\"inLanguage\":\"en-GB\",\"potentialAction\":[{\"@type\":\"ReadAction\",\"target\":[\"https:\/\/www.4bdistrib.com\/produits\/pulverisateurs\/electriques\/autonomes\/pulverisateur-electrique-autonome-roller-sprayer\/\"]}]},{\"@type\":\"ImageObject\",\"inLanguage\":\"en-GB\",\"@id\":\"https:\/\/www.4bdistrib.com\/produits\/pulverisateurs\/electriques\/autonomes\/pulverisateur-electrique-autonome-roller-sprayer\/#primaryimage\",\"url\":\"https:\/\/www.4bdistrib.com\/wp-content\/uploads\/2018\/05\/pulverisateur-roller-sprayer-e1538992428406.jpg\",\"contentUrl\":\"https:\/\/www.4bdistrib.com\/wp-content\/uploads\/2018\/05\/pulverisateur-roller-sprayer-e1538992428406.jpg\",\"width\":720,\"height\":660,\"caption\":\"Pulverisateur \u00e9lectrique Roller Sprayer\"},{\"@type\":\"BreadcrumbList\",\"@id\":\"https:\/\/www.4bdistrib.com\/produits\/pulverisateurs\/electriques\/autonomes\/pulverisateur-electrique-autonome-roller-sprayer\/#breadcrumb\",\"itemListElement\":[{\"@type\":\"ListItem\",\"position\":1,\"name\":\"Home\",\"item\":\"https:\/\/www.4bdistrib.com\/\"},{\"@type\":\"ListItem\",\"position\":2,\"name\":\"Produits\",\"item\":\"https:\/\/www.4bdistrib.com\/produits\/\"},{\"@type\":\"ListItem\",\"position\":3,\"name\":\"Pulv\u00e9risateur \u00c9lectrique Autonome ROLLER SPRAYER\"}]},{\"@type\":\"WebSite\",\"@id\":\"https:\/\/www.4bdistrib.com\/#website\",\"url\":\"https:\/\/www.4bdistrib.com\/\",\"name\":\"4B DISTRIB\",\"description\":\"Equipements Conseils Services\",\"potentialAction\":[{\"@type\":\"SearchAction\",\"target\":{\"@type\":\"EntryPoint\",\"urlTemplate\":\"https:\/\/www.4bdistrib.com\/?s={search_term_string}\"},\"query-input\":{\"@type\":\"PropertyValueSpecification\",\"valueRequired\":true,\"valueName\":\"search_term_string\"}}],\"inLanguage\":\"en-GB\"}]}<\/script>\n<!-- \/ Yoast SEO plugin. -->","yoast_head_json":{"title":"Pulv\u00e9risateur \u00c9lectrique Autonome Roller Sprayer - 4B DISTRIB","description":"Pulv\u00e9risateur \u00e9lectrique Roller Sprayer avec t\u00eate \u00e9lectro-pneumatique, Plus besoin de pomper, Se met en route et s'arr\u00eate automatiquement, R\u00e9servoir 12L.","robots":{"index":"index","follow":"follow","max-snippet":"max-snippet:-1","max-image-preview":"max-image-preview:large","max-video-preview":"max-video-preview:-1"},"canonical":"https:\/\/www.4bdistrib.com\/en\/produits\/pulverisateurs\/electriques\/autonomes\/pulverisateur-electrique-autonome-roller-sprayer\/","og_locale":"en_GB","og_type":"article","og_title":"Pulv\u00e9risateur \u00c9lectrique Autonome Roller Sprayer - 4B DISTRIB","og_description":"Pulv\u00e9risateur \u00e9lectrique Roller Sprayer avec t\u00eate \u00e9lectro-pneumatique, Plus besoin de pomper, Se met en route et s'arr\u00eate automatiquement, R\u00e9servoir 12L.","og_url":"https:\/\/www.4bdistrib.com\/en\/produits\/pulverisateurs\/electriques\/autonomes\/pulverisateur-electrique-autonome-roller-sprayer\/","og_site_name":"4B DISTRIB","article_modified_time":"2021-04-27T13:04:17+00:00","og_image":[{"width":720,"height":660,"url":"https:\/\/www.4bdistrib.com\/wp-content\/uploads\/2018\/05\/pulverisateur-roller-sprayer-e1538992428406.jpg","type":"image\/jpeg"}],"twitter_card":"summary_large_image","twitter_misc":{"Estimated reading time":"1 minute"},"schema":{"@context":"https:\/\/schema.org","@graph":[{"@type":"WebPage","@id":"https:\/\/www.4bdistrib.com\/produits\/pulverisateurs\/electriques\/autonomes\/pulverisateur-electrique-autonome-roller-sprayer\/","url":"https:\/\/www.4bdistrib.com\/produits\/pulverisateurs\/electriques\/autonomes\/pulverisateur-electrique-autonome-roller-sprayer\/","name":"Pulv\u00e9risateur \u00c9lectrique Autonome Roller Sprayer - 4B DISTRIB","isPartOf":{"@id":"https:\/\/www.4bdistrib.com\/#website"},"primaryImageOfPage":{"@id":"https:\/\/www.4bdistrib.com\/produits\/pulverisateurs\/electriques\/autonomes\/pulverisateur-electrique-autonome-roller-sprayer\/#primaryimage"},"image":{"@id":"https:\/\/www.4bdistrib.com\/produits\/pulverisateurs\/electriques\/autonomes\/pulverisateur-electrique-autonome-roller-sprayer\/#primaryimage"},"thumbnailUrl":"https:\/\/www.4bdistrib.com\/wp-content\/uploads\/2018\/05\/pulverisateur-roller-sprayer-e1538992428406.jpg","datePublished":"2021-03-18T12:57:20+00:00","dateModified":"2021-04-27T13:04:17+00:00","description":"Pulv\u00e9risateur \u00e9lectrique Roller Sprayer avec t\u00eate \u00e9lectro-pneumatique, Plus besoin de pomper, Se met en route et s'arr\u00eate automatiquement, R\u00e9servoir 12L.","breadcrumb":{"@id":"https:\/\/www.4bdistrib.com\/produits\/pulverisateurs\/electriques\/autonomes\/pulverisateur-electrique-autonome-roller-sprayer\/#breadcrumb"},"inLanguage":"en-GB","potentialAction":[{"@type":"ReadAction","target":["https:\/\/www.4bdistrib.com\/produits\/pulverisateurs\/electriques\/autonomes\/pulverisateur-electrique-autonome-roller-sprayer\/"]}]},{"@type":"ImageObject","inLanguage":"en-GB","@id":"https:\/\/www.4bdistrib.com\/produits\/pulverisateurs\/electriques\/autonomes\/pulverisateur-electrique-autonome-roller-sprayer\/#primaryimage","url":"https:\/\/www.4bdistrib.com\/wp-content\/uploads\/2018\/05\/pulverisateur-roller-sprayer-e1538992428406.jpg","contentUrl":"https:\/\/www.4bdistrib.com\/wp-content\/uploads\/2018\/05\/pulverisateur-roller-sprayer-e1538992428406.jpg","width":720,"height":660,"caption":"Pulverisateur \u00e9lectrique Roller Sprayer"},{"@type":"BreadcrumbList","@id":"https:\/\/www.4bdistrib.com\/produits\/pulverisateurs\/electriques\/autonomes\/pulverisateur-electrique-autonome-roller-sprayer\/#breadcrumb","itemListElement":[{"@type":"ListItem","position":1,"name":"Home","item":"https:\/\/www.4bdistrib.com\/"},{"@type":"ListItem","position":2,"name":"Produits","item":"https:\/\/www.4bdistrib.com\/produits\/"},{"@type":"ListItem","position":3,"name":"Pulv\u00e9risateur \u00c9lectrique Autonome ROLLER SPRAYER"}]},{"@type":"WebSite","@id":"https:\/\/www.4bdistrib.com\/#website","url":"https:\/\/www.4bdistrib.com\/","name":"4B DISTRIB","description":"Equipements Conseils Services","potentialAction":[{"@type":"SearchAction","target":{"@type":"EntryPoint","urlTemplate":"https:\/\/www.4bdistrib.com\/?s={search_term_string}"},"query-input":{"@type":"PropertyValueSpecification","valueRequired":true,"valueName":"search_term_string"}}],"inLanguage":"en-GB"}]}},"_links":{"self":[{"href":"https:\/\/www.4bdistrib.com\/en\/wp-json\/wp\/v2\/product\/5041","targetHints":{"allow":["GET"]}}],"collection":[{"href":"https:\/\/www.4bdistrib.com\/en\/wp-json\/wp\/v2\/product"}],"about":[{"href":"https:\/\/www.4bdistrib.com\/en\/wp-json\/wp\/v2\/types\/product"}],"wp:featuredmedia":[{"embeddable":true,"href":"https:\/\/www.4bdistrib.com\/en\/wp-json\/wp\/v2\/media\/5248"}],"wp:attachment":[{"href":"https:\/\/www.4bdistrib.com\/en\/wp-json\/wp\/v2\/media?parent=5041"}],"wp:term":[{"taxonomy":"product_brand","embeddable":true,"href":"https:\/\/www.4bdistrib.com\/en\/wp-json\/wp\/v2\/product_brand?post=5041"},{"taxonomy":"product_cat","embeddable":true,"href":"https:\/\/www.4bdistrib.com\/en\/wp-json\/wp\/v2\/product_cat?post=5041"},{"taxonomy":"product_tag","embeddable":true,"href":"https:\/\/www.4bdistrib.com\/en\/wp-json\/wp\/v2\/product_tag?post=5041"}],"curies":[{"name":"wp","href":"https:\/\/api.w.org\/{rel}","templated":true}]}}