{"id":5274,"date":"2021-02-26T08:48:53","date_gmt":"2021-02-26T07:48:53","guid":{"rendered":"https:\/\/www.4bdistrib.com\/?post_type=product&#038;p=5274"},"modified":"2021-04-27T16:10:20","modified_gmt":"2021-04-27T14:10:20","slug":"buse-a-jet-plat-pour-pro-dual-dorsal-gladiator-sprayer","status":"publish","type":"product","link":"https:\/\/www.4bdistrib.com\/en\/produits\/pulverisateurs\/electriques\/accessoires-pulverisateurs-electriques\/buse-a-jet-plat-pour-pro-dual-dorsal-gladiator-sprayer\/","title":{"rendered":"Flat Jet Nozzle \u2013 PRO SPRAYER \u2013 DORSAL SPRAYER \u2013 GLADIATOR SPRAYER"},"content":{"rendered":"<p><strong>Flat jet nozzle<\/strong> for self-contained electric sprayers <a href=\"https:\/\/www.4bdistrib.com\/en\/produits\/pulverisateurs\/pulverisateur-electrique-autonome-pro-sprayer-2\/\">Pro Sprayer<\/a>,\u00a0<a href=\"https:\/\/www.4bdistrib.com\/en\/produits\/pulverisateurs\/pulverisateur-electrique-autonome-dorsal-sprayer\/\">Dorsal Sprayer<\/a> and <a href=\"https:\/\/www.4bdistrib.com\/en\/produits\/pulverisateurs\/electriques\/autonomes\/pulverisateur-electrique-autonome-gladiator-sprayer\/\">Gladiator Sprayer<\/a>.<\/p>\n<p>Dimensions: 14 x 8 x 2 cm<\/p>\n<p>Weight: 49.9g<\/p>\n<p>Color: green<\/p>","protected":false},"excerpt":{"rendered":"<ul>\n<li>With quick tip<\/li>\n<li>Brush jet spraying<\/li>\n<li>For Dorsal, Pro, Gladiator Sprayer electric sprayers<\/li>\n<\/ul>","protected":false},"featured_media":5276,"template":"","meta":{"_exactmetrics_skip_tracking":false,"_exactmetrics_sitenote_active":false,"_exactmetrics_sitenote_note":"","_exactmetrics_sitenote_category":0},"product_brand":[],"product_cat":[259,241,240],"product_tag":[],"class_list":{"0":"post-5274","1":"product","2":"type-product","3":"status-publish","4":"has-post-thumbnail","6":"product_cat-accessoires-pulverisateurs-electriques","7":"product_cat-electriques","8":"product_cat-pulverisateurs","9":"pa_accessoire-pulverisateur-buses","10":"pa_modele-pulverisateur-dorsal-sprayer","11":"pa_modele-pulverisateur-dual-sprayer","12":"pa_modele-pulverisateur-gladiator-sprayer","13":"pa_modele-pulverisateur-pro-sprayer","14":"pa_type-produit-pulverisateur-accessoires","16":"first","17":"instock","18":"shipping-taxable","19":"product-type-simple"},"yoast_head":"<!-- This site is optimized with the Yoast SEO plugin v27.2 - https:\/\/yoast.com\/product\/yoast-seo-wordpress\/ -->\n<title>Buse \u00e0 jet plat pour Pro, Dual, Dorsal et Gladiator Sprayer - 4B DISTRIB<\/title>\n<meta name=\"description\" content=\"Buse \u00e0 jet plat pour pulv\u00e9risateurs \u00e9lectriques gamme autonome, Coloris vert, Pulv\u00e9risation \u00e0 jet pinceau, Angle de pulv\u00e9risation de 25\u00b0.\" \/>\n<meta name=\"robots\" content=\"index, follow, max-snippet:-1, max-image-preview:large, max-video-preview:-1\" \/>\n<link rel=\"canonical\" href=\"https:\/\/www.4bdistrib.com\/en\/produits\/pulverisateurs\/electriques\/accessoires-pulverisateurs-electriques\/buse-a-jet-plat-pour-pro-dual-dorsal-gladiator-sprayer\/\" \/>\n<meta property=\"og:locale\" content=\"en_GB\" \/>\n<meta property=\"og:type\" content=\"article\" \/>\n<meta property=\"og:title\" content=\"Buse \u00e0 jet plat pour Pro, Dual, Dorsal et Gladiator Sprayer - 4B DISTRIB\" \/>\n<meta property=\"og:description\" content=\"Buse \u00e0 jet plat pour pulv\u00e9risateurs \u00e9lectriques gamme autonome, Coloris vert, Pulv\u00e9risation \u00e0 jet pinceau, Angle de pulv\u00e9risation de 25\u00b0.\" \/>\n<meta property=\"og:url\" content=\"https:\/\/www.4bdistrib.com\/en\/produits\/pulverisateurs\/electriques\/accessoires-pulverisateurs-electriques\/buse-a-jet-plat-pour-pro-dual-dorsal-gladiator-sprayer\/\" \/>\n<meta property=\"og:site_name\" content=\"4B DISTRIB\" \/>\n<meta property=\"article:modified_time\" content=\"2021-04-27T14:10:20+00:00\" \/>\n<meta property=\"og:image\" content=\"https:\/\/www.4bdistrib.com\/wp-content\/uploads\/2018\/05\/buse-\u00e0-plat-gamme-sprayer.jpg\" \/>\n\t<meta property=\"og:image:width\" content=\"720\" \/>\n\t<meta property=\"og:image:height\" content=\"660\" \/>\n\t<meta property=\"og:image:type\" content=\"image\/jpeg\" \/>\n<meta name=\"twitter:card\" content=\"summary_large_image\" \/>\n<script type=\"application\/ld+json\" class=\"yoast-schema-graph\">{\"@context\":\"https:\/\/schema.org\",\"@graph\":[{\"@type\":\"WebPage\",\"@id\":\"https:\/\/www.4bdistrib.com\/produits\/pulverisateurs\/electriques\/accessoires-pulverisateurs-electriques\/buse-a-jet-plat-pour-pro-dual-dorsal-gladiator-sprayer\/\",\"url\":\"https:\/\/www.4bdistrib.com\/produits\/pulverisateurs\/electriques\/accessoires-pulverisateurs-electriques\/buse-a-jet-plat-pour-pro-dual-dorsal-gladiator-sprayer\/\",\"name\":\"Buse \u00e0 jet plat pour Pro, Dual, Dorsal et Gladiator Sprayer - 4B DISTRIB\",\"isPartOf\":{\"@id\":\"https:\/\/www.4bdistrib.com\/#website\"},\"primaryImageOfPage\":{\"@id\":\"https:\/\/www.4bdistrib.com\/produits\/pulverisateurs\/electriques\/accessoires-pulverisateurs-electriques\/buse-a-jet-plat-pour-pro-dual-dorsal-gladiator-sprayer\/#primaryimage\"},\"image\":{\"@id\":\"https:\/\/www.4bdistrib.com\/produits\/pulverisateurs\/electriques\/accessoires-pulverisateurs-electriques\/buse-a-jet-plat-pour-pro-dual-dorsal-gladiator-sprayer\/#primaryimage\"},\"thumbnailUrl\":\"https:\/\/www.4bdistrib.com\/wp-content\/uploads\/2018\/05\/buse-\u00e0-plat-gamme-sprayer.jpg\",\"datePublished\":\"2021-02-26T07:48:53+00:00\",\"dateModified\":\"2021-04-27T14:10:20+00:00\",\"description\":\"Buse \u00e0 jet plat pour pulv\u00e9risateurs \u00e9lectriques gamme autonome, Coloris vert, Pulv\u00e9risation \u00e0 jet pinceau, Angle de pulv\u00e9risation de 25\u00b0.\",\"breadcrumb\":{\"@id\":\"https:\/\/www.4bdistrib.com\/produits\/pulverisateurs\/electriques\/accessoires-pulverisateurs-electriques\/buse-a-jet-plat-pour-pro-dual-dorsal-gladiator-sprayer\/#breadcrumb\"},\"inLanguage\":\"en-GB\",\"potentialAction\":[{\"@type\":\"ReadAction\",\"target\":[\"https:\/\/www.4bdistrib.com\/produits\/pulverisateurs\/electriques\/accessoires-pulverisateurs-electriques\/buse-a-jet-plat-pour-pro-dual-dorsal-gladiator-sprayer\/\"]}]},{\"@type\":\"ImageObject\",\"inLanguage\":\"en-GB\",\"@id\":\"https:\/\/www.4bdistrib.com\/produits\/pulverisateurs\/electriques\/accessoires-pulverisateurs-electriques\/buse-a-jet-plat-pour-pro-dual-dorsal-gladiator-sprayer\/#primaryimage\",\"url\":\"https:\/\/www.4bdistrib.com\/wp-content\/uploads\/2018\/05\/buse-\u00e0-plat-gamme-sprayer.jpg\",\"contentUrl\":\"https:\/\/www.4bdistrib.com\/wp-content\/uploads\/2018\/05\/buse-\u00e0-plat-gamme-sprayer.jpg\",\"width\":720,\"height\":660,\"caption\":\"Buse \u00e0 jet plat gamme Sprayer\"},{\"@type\":\"BreadcrumbList\",\"@id\":\"https:\/\/www.4bdistrib.com\/produits\/pulverisateurs\/electriques\/accessoires-pulverisateurs-electriques\/buse-a-jet-plat-pour-pro-dual-dorsal-gladiator-sprayer\/#breadcrumb\",\"itemListElement\":[{\"@type\":\"ListItem\",\"position\":1,\"name\":\"Home\",\"item\":\"https:\/\/www.4bdistrib.com\/\"},{\"@type\":\"ListItem\",\"position\":2,\"name\":\"Produits\",\"item\":\"https:\/\/www.4bdistrib.com\/produits\/\"},{\"@type\":\"ListItem\",\"position\":3,\"name\":\"Buse \u00e0 Jet Plat &#8211; PRO SPRAYER &#8211; DORSAL SPRAYER &#8211; GLADIATOR SPRAYER\"}]},{\"@type\":\"WebSite\",\"@id\":\"https:\/\/www.4bdistrib.com\/#website\",\"url\":\"https:\/\/www.4bdistrib.com\/\",\"name\":\"4B DISTRIB\",\"description\":\"Equipements Conseils Services\",\"potentialAction\":[{\"@type\":\"SearchAction\",\"target\":{\"@type\":\"EntryPoint\",\"urlTemplate\":\"https:\/\/www.4bdistrib.com\/?s={search_term_string}\"},\"query-input\":{\"@type\":\"PropertyValueSpecification\",\"valueRequired\":true,\"valueName\":\"search_term_string\"}}],\"inLanguage\":\"en-GB\"}]}<\/script>\n<!-- \/ Yoast SEO plugin. -->","yoast_head_json":{"title":"Buse \u00e0 jet plat pour Pro, Dual, Dorsal et Gladiator Sprayer - 4B DISTRIB","description":"Buse \u00e0 jet plat pour pulv\u00e9risateurs \u00e9lectriques gamme autonome, Coloris vert, Pulv\u00e9risation \u00e0 jet pinceau, Angle de pulv\u00e9risation de 25\u00b0.","robots":{"index":"index","follow":"follow","max-snippet":"max-snippet:-1","max-image-preview":"max-image-preview:large","max-video-preview":"max-video-preview:-1"},"canonical":"https:\/\/www.4bdistrib.com\/en\/produits\/pulverisateurs\/electriques\/accessoires-pulverisateurs-electriques\/buse-a-jet-plat-pour-pro-dual-dorsal-gladiator-sprayer\/","og_locale":"en_GB","og_type":"article","og_title":"Buse \u00e0 jet plat pour Pro, Dual, Dorsal et Gladiator Sprayer - 4B DISTRIB","og_description":"Buse \u00e0 jet plat pour pulv\u00e9risateurs \u00e9lectriques gamme autonome, Coloris vert, Pulv\u00e9risation \u00e0 jet pinceau, Angle de pulv\u00e9risation de 25\u00b0.","og_url":"https:\/\/www.4bdistrib.com\/en\/produits\/pulverisateurs\/electriques\/accessoires-pulverisateurs-electriques\/buse-a-jet-plat-pour-pro-dual-dorsal-gladiator-sprayer\/","og_site_name":"4B DISTRIB","article_modified_time":"2021-04-27T14:10:20+00:00","og_image":[{"width":720,"height":660,"url":"https:\/\/www.4bdistrib.com\/wp-content\/uploads\/2018\/05\/buse-\u00e0-plat-gamme-sprayer.jpg","type":"image\/jpeg"}],"twitter_card":"summary_large_image","schema":{"@context":"https:\/\/schema.org","@graph":[{"@type":"WebPage","@id":"https:\/\/www.4bdistrib.com\/produits\/pulverisateurs\/electriques\/accessoires-pulverisateurs-electriques\/buse-a-jet-plat-pour-pro-dual-dorsal-gladiator-sprayer\/","url":"https:\/\/www.4bdistrib.com\/produits\/pulverisateurs\/electriques\/accessoires-pulverisateurs-electriques\/buse-a-jet-plat-pour-pro-dual-dorsal-gladiator-sprayer\/","name":"Buse \u00e0 jet plat pour Pro, Dual, Dorsal et Gladiator Sprayer - 4B DISTRIB","isPartOf":{"@id":"https:\/\/www.4bdistrib.com\/#website"},"primaryImageOfPage":{"@id":"https:\/\/www.4bdistrib.com\/produits\/pulverisateurs\/electriques\/accessoires-pulverisateurs-electriques\/buse-a-jet-plat-pour-pro-dual-dorsal-gladiator-sprayer\/#primaryimage"},"image":{"@id":"https:\/\/www.4bdistrib.com\/produits\/pulverisateurs\/electriques\/accessoires-pulverisateurs-electriques\/buse-a-jet-plat-pour-pro-dual-dorsal-gladiator-sprayer\/#primaryimage"},"thumbnailUrl":"https:\/\/www.4bdistrib.com\/wp-content\/uploads\/2018\/05\/buse-\u00e0-plat-gamme-sprayer.jpg","datePublished":"2021-02-26T07:48:53+00:00","dateModified":"2021-04-27T14:10:20+00:00","description":"Buse \u00e0 jet plat pour pulv\u00e9risateurs \u00e9lectriques gamme autonome, Coloris vert, Pulv\u00e9risation \u00e0 jet pinceau, Angle de pulv\u00e9risation de 25\u00b0.","breadcrumb":{"@id":"https:\/\/www.4bdistrib.com\/produits\/pulverisateurs\/electriques\/accessoires-pulverisateurs-electriques\/buse-a-jet-plat-pour-pro-dual-dorsal-gladiator-sprayer\/#breadcrumb"},"inLanguage":"en-GB","potentialAction":[{"@type":"ReadAction","target":["https:\/\/www.4bdistrib.com\/produits\/pulverisateurs\/electriques\/accessoires-pulverisateurs-electriques\/buse-a-jet-plat-pour-pro-dual-dorsal-gladiator-sprayer\/"]}]},{"@type":"ImageObject","inLanguage":"en-GB","@id":"https:\/\/www.4bdistrib.com\/produits\/pulverisateurs\/electriques\/accessoires-pulverisateurs-electriques\/buse-a-jet-plat-pour-pro-dual-dorsal-gladiator-sprayer\/#primaryimage","url":"https:\/\/www.4bdistrib.com\/wp-content\/uploads\/2018\/05\/buse-\u00e0-plat-gamme-sprayer.jpg","contentUrl":"https:\/\/www.4bdistrib.com\/wp-content\/uploads\/2018\/05\/buse-\u00e0-plat-gamme-sprayer.jpg","width":720,"height":660,"caption":"Buse \u00e0 jet plat gamme Sprayer"},{"@type":"BreadcrumbList","@id":"https:\/\/www.4bdistrib.com\/produits\/pulverisateurs\/electriques\/accessoires-pulverisateurs-electriques\/buse-a-jet-plat-pour-pro-dual-dorsal-gladiator-sprayer\/#breadcrumb","itemListElement":[{"@type":"ListItem","position":1,"name":"Home","item":"https:\/\/www.4bdistrib.com\/"},{"@type":"ListItem","position":2,"name":"Produits","item":"https:\/\/www.4bdistrib.com\/produits\/"},{"@type":"ListItem","position":3,"name":"Buse \u00e0 Jet Plat &#8211; PRO SPRAYER &#8211; DORSAL SPRAYER &#8211; GLADIATOR SPRAYER"}]},{"@type":"WebSite","@id":"https:\/\/www.4bdistrib.com\/#website","url":"https:\/\/www.4bdistrib.com\/","name":"4B DISTRIB","description":"Equipements Conseils Services","potentialAction":[{"@type":"SearchAction","target":{"@type":"EntryPoint","urlTemplate":"https:\/\/www.4bdistrib.com\/?s={search_term_string}"},"query-input":{"@type":"PropertyValueSpecification","valueRequired":true,"valueName":"search_term_string"}}],"inLanguage":"en-GB"}]}},"_links":{"self":[{"href":"https:\/\/www.4bdistrib.com\/en\/wp-json\/wp\/v2\/product\/5274","targetHints":{"allow":["GET"]}}],"collection":[{"href":"https:\/\/www.4bdistrib.com\/en\/wp-json\/wp\/v2\/product"}],"about":[{"href":"https:\/\/www.4bdistrib.com\/en\/wp-json\/wp\/v2\/types\/product"}],"wp:featuredmedia":[{"embeddable":true,"href":"https:\/\/www.4bdistrib.com\/en\/wp-json\/wp\/v2\/media\/5276"}],"wp:attachment":[{"href":"https:\/\/www.4bdistrib.com\/en\/wp-json\/wp\/v2\/media?parent=5274"}],"wp:term":[{"taxonomy":"product_brand","embeddable":true,"href":"https:\/\/www.4bdistrib.com\/en\/wp-json\/wp\/v2\/product_brand?post=5274"},{"taxonomy":"product_cat","embeddable":true,"href":"https:\/\/www.4bdistrib.com\/en\/wp-json\/wp\/v2\/product_cat?post=5274"},{"taxonomy":"product_tag","embeddable":true,"href":"https:\/\/www.4bdistrib.com\/en\/wp-json\/wp\/v2\/product_tag?post=5274"}],"curies":[{"name":"wp","href":"https:\/\/api.w.org\/{rel}","templated":true}]}}