{"id":5395,"date":"2021-03-18T13:16:52","date_gmt":"2021-03-18T12:16:52","guid":{"rendered":"https:\/\/www.4bdistrib.com\/?post_type=product&#038;p=5395"},"modified":"2021-04-26T15:48:04","modified_gmt":"2021-04-26T13:48:04","slug":"pulverisateur-a-pression-prealable-venus-acide","status":"publish","type":"product","link":"https:\/\/www.4bdistrib.com\/en\/produits\/pulverisateurs\/pression-prealable\/venus-super\/pulverisateur-a-pression-prealable-venus-acide\/","title":{"rendered":"VENUS ACIDE Pre-Pressure Sprayer 1.5 L"},"content":{"rendered":"<p>The <strong>pre-pressure sprayer VENUS ACIDE <\/strong>is\u00a0a sprayer designed with fpm seals to\u00a0resist acidic products.<\/p>\n<p>The sprayer <strong>VENUS ACIDE<\/strong> est maniable et l\u00e9ger et il dispose d&#8217;une buse r\u00e9glable et directionnelle pour ajuster la pulv\u00e9risation.<\/p>\n<p>An indicator allows you to monitor the product level. A reinforcement ring provides basic stabilization and protection against visible damage.<\/p>","protected":false},"excerpt":{"rendered":"<ul>\n<li>Total capacity: 1.9 L<\/li>\n<li>FPM gaskets resistant to acid products<\/li>\n<li>Adjustable nozzle<\/li>\n<li>Level indicator<\/li>\n<li>Relief valve<\/li>\n<\/ul>","protected":false},"featured_media":5396,"template":"","meta":{"_exactmetrics_skip_tracking":false,"_exactmetrics_sitenote_active":false,"_exactmetrics_sitenote_note":"","_exactmetrics_sitenote_category":0},"product_brand":[],"product_cat":[245,240,249],"product_tag":[],"class_list":{"0":"post-5395","1":"product","2":"type-product","3":"status-publish","4":"has-post-thumbnail","6":"product_cat-pression-prealable","7":"product_cat-pulverisateurs","8":"product_cat-venus-super","9":"pa_modele-pulverisateur-venus-super","10":"pa_type-produit-pulverisateur-machines","12":"first","13":"instock","14":"shipping-taxable","15":"product-type-simple"},"yoast_head":"<!-- This site is optimized with the Yoast SEO plugin v27.2 - https:\/\/yoast.com\/product\/yoast-seo-wordpress\/ -->\n<title>Pulv\u00e9risateur \u00e0 pression pr\u00e9alable Venus Acide 1,5L - 4B DISTRIB<\/title>\n<meta name=\"description\" content=\"Pulv\u00e9risateur venus acide, capacit\u00e9 1,5l, joints fpm r\u00e9sistants aux produits acides, Indicateur de niveau, Pulv\u00e9risation 360\u00b0 t\u00eate en bas, Pression 2,6 bars\" \/>\n<meta name=\"robots\" content=\"index, follow, max-snippet:-1, max-image-preview:large, max-video-preview:-1\" \/>\n<link rel=\"canonical\" href=\"https:\/\/www.4bdistrib.com\/en\/produits\/pulverisateurs\/pression-prealable\/venus-super\/pulverisateur-a-pression-prealable-venus-acide\/\" \/>\n<meta property=\"og:locale\" content=\"en_GB\" \/>\n<meta property=\"og:type\" content=\"article\" \/>\n<meta property=\"og:title\" content=\"Pulv\u00e9risateur \u00e0 pression pr\u00e9alable Venus Acide 1,5L - 4B DISTRIB\" \/>\n<meta property=\"og:description\" content=\"Pulv\u00e9risateur venus acide, capacit\u00e9 1,5l, joints fpm r\u00e9sistants aux produits acides, Indicateur de niveau, Pulv\u00e9risation 360\u00b0 t\u00eate en bas, Pression 2,6 bars\" \/>\n<meta property=\"og:url\" content=\"https:\/\/www.4bdistrib.com\/en\/produits\/pulverisateurs\/pression-prealable\/venus-super\/pulverisateur-a-pression-prealable-venus-acide\/\" \/>\n<meta property=\"og:site_name\" content=\"4B DISTRIB\" \/>\n<meta property=\"article:modified_time\" content=\"2021-04-26T13:48:04+00:00\" \/>\n<meta property=\"og:image\" content=\"https:\/\/www.4bdistrib.com\/wp-content\/uploads\/2018\/05\/pulverisateur-a-pression-prealable-venus-acide.jpg\" \/>\n\t<meta property=\"og:image:width\" content=\"720\" \/>\n\t<meta property=\"og:image:height\" content=\"660\" \/>\n\t<meta property=\"og:image:type\" content=\"image\/jpeg\" \/>\n<meta name=\"twitter:card\" content=\"summary_large_image\" \/>\n<script type=\"application\/ld+json\" class=\"yoast-schema-graph\">{\"@context\":\"https:\/\/schema.org\",\"@graph\":[{\"@type\":\"WebPage\",\"@id\":\"https:\/\/www.4bdistrib.com\/produits\/pulverisateurs\/pression-prealable\/venus-super\/pulverisateur-a-pression-prealable-venus-acide\/\",\"url\":\"https:\/\/www.4bdistrib.com\/produits\/pulverisateurs\/pression-prealable\/venus-super\/pulverisateur-a-pression-prealable-venus-acide\/\",\"name\":\"Pulv\u00e9risateur \u00e0 pression pr\u00e9alable Venus Acide 1,5L - 4B DISTRIB\",\"isPartOf\":{\"@id\":\"https:\/\/www.4bdistrib.com\/#website\"},\"primaryImageOfPage\":{\"@id\":\"https:\/\/www.4bdistrib.com\/produits\/pulverisateurs\/pression-prealable\/venus-super\/pulverisateur-a-pression-prealable-venus-acide\/#primaryimage\"},\"image\":{\"@id\":\"https:\/\/www.4bdistrib.com\/produits\/pulverisateurs\/pression-prealable\/venus-super\/pulverisateur-a-pression-prealable-venus-acide\/#primaryimage\"},\"thumbnailUrl\":\"https:\/\/www.4bdistrib.com\/wp-content\/uploads\/2018\/05\/pulverisateur-a-pression-prealable-venus-acide.jpg\",\"datePublished\":\"2021-03-18T12:16:52+00:00\",\"dateModified\":\"2021-04-26T13:48:04+00:00\",\"description\":\"Pulv\u00e9risateur venus acide, capacit\u00e9 1,5l, joints fpm r\u00e9sistants aux produits acides, Indicateur de niveau, Pulv\u00e9risation 360\u00b0 t\u00eate en bas, Pression 2,6 bars\",\"breadcrumb\":{\"@id\":\"https:\/\/www.4bdistrib.com\/produits\/pulverisateurs\/pression-prealable\/venus-super\/pulverisateur-a-pression-prealable-venus-acide\/#breadcrumb\"},\"inLanguage\":\"en-GB\",\"potentialAction\":[{\"@type\":\"ReadAction\",\"target\":[\"https:\/\/www.4bdistrib.com\/produits\/pulverisateurs\/pression-prealable\/venus-super\/pulverisateur-a-pression-prealable-venus-acide\/\"]}]},{\"@type\":\"ImageObject\",\"inLanguage\":\"en-GB\",\"@id\":\"https:\/\/www.4bdistrib.com\/produits\/pulverisateurs\/pression-prealable\/venus-super\/pulverisateur-a-pression-prealable-venus-acide\/#primaryimage\",\"url\":\"https:\/\/www.4bdistrib.com\/wp-content\/uploads\/2018\/05\/pulverisateur-a-pression-prealable-venus-acide.jpg\",\"contentUrl\":\"https:\/\/www.4bdistrib.com\/wp-content\/uploads\/2018\/05\/pulverisateur-a-pression-prealable-venus-acide.jpg\",\"width\":720,\"height\":660,\"caption\":\"Pulv\u00e9risateur \u00e0 pression pr\u00e9alable Venus Acide 1,5L\"},{\"@type\":\"BreadcrumbList\",\"@id\":\"https:\/\/www.4bdistrib.com\/produits\/pulverisateurs\/pression-prealable\/venus-super\/pulverisateur-a-pression-prealable-venus-acide\/#breadcrumb\",\"itemListElement\":[{\"@type\":\"ListItem\",\"position\":1,\"name\":\"Home\",\"item\":\"https:\/\/www.4bdistrib.com\/\"},{\"@type\":\"ListItem\",\"position\":2,\"name\":\"Produits\",\"item\":\"https:\/\/www.4bdistrib.com\/produits\/\"},{\"@type\":\"ListItem\",\"position\":3,\"name\":\"Pulv\u00e9risateur \u00e0 Pression Pr\u00e9alable VENUS ACIDE 1,5 L\"}]},{\"@type\":\"WebSite\",\"@id\":\"https:\/\/www.4bdistrib.com\/#website\",\"url\":\"https:\/\/www.4bdistrib.com\/\",\"name\":\"4B DISTRIB\",\"description\":\"Equipements Conseils Services\",\"potentialAction\":[{\"@type\":\"SearchAction\",\"target\":{\"@type\":\"EntryPoint\",\"urlTemplate\":\"https:\/\/www.4bdistrib.com\/?s={search_term_string}\"},\"query-input\":{\"@type\":\"PropertyValueSpecification\",\"valueRequired\":true,\"valueName\":\"search_term_string\"}}],\"inLanguage\":\"en-GB\"}]}<\/script>\n<!-- \/ Yoast SEO plugin. -->","yoast_head_json":{"title":"Pulv\u00e9risateur \u00e0 pression pr\u00e9alable Venus Acide 1,5L - 4B DISTRIB","description":"Pulv\u00e9risateur venus acide, capacit\u00e9 1,5l, joints fpm r\u00e9sistants aux produits acides, Indicateur de niveau, Pulv\u00e9risation 360\u00b0 t\u00eate en bas, Pression 2,6 bars","robots":{"index":"index","follow":"follow","max-snippet":"max-snippet:-1","max-image-preview":"max-image-preview:large","max-video-preview":"max-video-preview:-1"},"canonical":"https:\/\/www.4bdistrib.com\/en\/produits\/pulverisateurs\/pression-prealable\/venus-super\/pulverisateur-a-pression-prealable-venus-acide\/","og_locale":"en_GB","og_type":"article","og_title":"Pulv\u00e9risateur \u00e0 pression pr\u00e9alable Venus Acide 1,5L - 4B DISTRIB","og_description":"Pulv\u00e9risateur venus acide, capacit\u00e9 1,5l, joints fpm r\u00e9sistants aux produits acides, Indicateur de niveau, Pulv\u00e9risation 360\u00b0 t\u00eate en bas, Pression 2,6 bars","og_url":"https:\/\/www.4bdistrib.com\/en\/produits\/pulverisateurs\/pression-prealable\/venus-super\/pulverisateur-a-pression-prealable-venus-acide\/","og_site_name":"4B DISTRIB","article_modified_time":"2021-04-26T13:48:04+00:00","og_image":[{"width":720,"height":660,"url":"https:\/\/www.4bdistrib.com\/wp-content\/uploads\/2018\/05\/pulverisateur-a-pression-prealable-venus-acide.jpg","type":"image\/jpeg"}],"twitter_card":"summary_large_image","schema":{"@context":"https:\/\/schema.org","@graph":[{"@type":"WebPage","@id":"https:\/\/www.4bdistrib.com\/produits\/pulverisateurs\/pression-prealable\/venus-super\/pulverisateur-a-pression-prealable-venus-acide\/","url":"https:\/\/www.4bdistrib.com\/produits\/pulverisateurs\/pression-prealable\/venus-super\/pulverisateur-a-pression-prealable-venus-acide\/","name":"Pulv\u00e9risateur \u00e0 pression pr\u00e9alable Venus Acide 1,5L - 4B DISTRIB","isPartOf":{"@id":"https:\/\/www.4bdistrib.com\/#website"},"primaryImageOfPage":{"@id":"https:\/\/www.4bdistrib.com\/produits\/pulverisateurs\/pression-prealable\/venus-super\/pulverisateur-a-pression-prealable-venus-acide\/#primaryimage"},"image":{"@id":"https:\/\/www.4bdistrib.com\/produits\/pulverisateurs\/pression-prealable\/venus-super\/pulverisateur-a-pression-prealable-venus-acide\/#primaryimage"},"thumbnailUrl":"https:\/\/www.4bdistrib.com\/wp-content\/uploads\/2018\/05\/pulverisateur-a-pression-prealable-venus-acide.jpg","datePublished":"2021-03-18T12:16:52+00:00","dateModified":"2021-04-26T13:48:04+00:00","description":"Pulv\u00e9risateur venus acide, capacit\u00e9 1,5l, joints fpm r\u00e9sistants aux produits acides, Indicateur de niveau, Pulv\u00e9risation 360\u00b0 t\u00eate en bas, Pression 2,6 bars","breadcrumb":{"@id":"https:\/\/www.4bdistrib.com\/produits\/pulverisateurs\/pression-prealable\/venus-super\/pulverisateur-a-pression-prealable-venus-acide\/#breadcrumb"},"inLanguage":"en-GB","potentialAction":[{"@type":"ReadAction","target":["https:\/\/www.4bdistrib.com\/produits\/pulverisateurs\/pression-prealable\/venus-super\/pulverisateur-a-pression-prealable-venus-acide\/"]}]},{"@type":"ImageObject","inLanguage":"en-GB","@id":"https:\/\/www.4bdistrib.com\/produits\/pulverisateurs\/pression-prealable\/venus-super\/pulverisateur-a-pression-prealable-venus-acide\/#primaryimage","url":"https:\/\/www.4bdistrib.com\/wp-content\/uploads\/2018\/05\/pulverisateur-a-pression-prealable-venus-acide.jpg","contentUrl":"https:\/\/www.4bdistrib.com\/wp-content\/uploads\/2018\/05\/pulverisateur-a-pression-prealable-venus-acide.jpg","width":720,"height":660,"caption":"Pulv\u00e9risateur \u00e0 pression pr\u00e9alable Venus Acide 1,5L"},{"@type":"BreadcrumbList","@id":"https:\/\/www.4bdistrib.com\/produits\/pulverisateurs\/pression-prealable\/venus-super\/pulverisateur-a-pression-prealable-venus-acide\/#breadcrumb","itemListElement":[{"@type":"ListItem","position":1,"name":"Home","item":"https:\/\/www.4bdistrib.com\/"},{"@type":"ListItem","position":2,"name":"Produits","item":"https:\/\/www.4bdistrib.com\/produits\/"},{"@type":"ListItem","position":3,"name":"Pulv\u00e9risateur \u00e0 Pression Pr\u00e9alable VENUS ACIDE 1,5 L"}]},{"@type":"WebSite","@id":"https:\/\/www.4bdistrib.com\/#website","url":"https:\/\/www.4bdistrib.com\/","name":"4B DISTRIB","description":"Equipements Conseils Services","potentialAction":[{"@type":"SearchAction","target":{"@type":"EntryPoint","urlTemplate":"https:\/\/www.4bdistrib.com\/?s={search_term_string}"},"query-input":{"@type":"PropertyValueSpecification","valueRequired":true,"valueName":"search_term_string"}}],"inLanguage":"en-GB"}]}},"_links":{"self":[{"href":"https:\/\/www.4bdistrib.com\/en\/wp-json\/wp\/v2\/product\/5395","targetHints":{"allow":["GET"]}}],"collection":[{"href":"https:\/\/www.4bdistrib.com\/en\/wp-json\/wp\/v2\/product"}],"about":[{"href":"https:\/\/www.4bdistrib.com\/en\/wp-json\/wp\/v2\/types\/product"}],"wp:featuredmedia":[{"embeddable":true,"href":"https:\/\/www.4bdistrib.com\/en\/wp-json\/wp\/v2\/media\/5396"}],"wp:attachment":[{"href":"https:\/\/www.4bdistrib.com\/en\/wp-json\/wp\/v2\/media?parent=5395"}],"wp:term":[{"taxonomy":"product_brand","embeddable":true,"href":"https:\/\/www.4bdistrib.com\/en\/wp-json\/wp\/v2\/product_brand?post=5395"},{"taxonomy":"product_cat","embeddable":true,"href":"https:\/\/www.4bdistrib.com\/en\/wp-json\/wp\/v2\/product_cat?post=5395"},{"taxonomy":"product_tag","embeddable":true,"href":"https:\/\/www.4bdistrib.com\/en\/wp-json\/wp\/v2\/product_tag?post=5395"}],"curies":[{"name":"wp","href":"https:\/\/api.w.org\/{rel}","templated":true}]}}