{"id":5415,"date":"2021-03-18T13:08:06","date_gmt":"2021-03-18T12:08:06","guid":{"rendered":"https:\/\/www.4bdistrib.com\/?post_type=product&#038;p=5415"},"modified":"2021-04-27T15:13:01","modified_gmt":"2021-04-27T13:13:01","slug":"pulverisateur-mercury-pro-360-double-action","status":"publish","type":"product","link":"https:\/\/www.4bdistrib.com\/en\/produits\/pulverisateurs\/manuels\/mercury-pro-360\/pulverisateur-mercury-pro-360-double-action\/","title":{"rendered":"MERCURY PRO + 360\u00b0 Double Action Sprayer"},"content":{"rendered":"<p>The<strong> pulv\u00e9risateur MERCURY PRO + 360\u00b0<\/strong>\u00a0permet d&#8217;avoir une <strong>pulv\u00e9risation\u00a0double action<\/strong>: il pulv\u00e9rise en actionnant la g\u00e2chette et il pulv\u00e9rise en la rel\u00e2chant. La surface \u00e0 traiter est donc\u00a0recouverte 2 fois plus rapidement.<\/p>\n<p>Pratique et ergonomique, le <strong>pulv\u00e9risateur MERCURY PRO<\/strong> fonctionne la t\u00eate en bas, \u00e0 360\u00b0.<\/p>\n<p>MERCURY PRO est r\u00e9sistant aux produits acides gr\u00e2ce aux joints viton. Il poss\u00e8de une bague de renfort et de maintien: stabilisation et protection de la base contre les dommages visibles.<\/p>\n<p>Pour faciliter la surveillance du niveau, ce pulv\u00e9risateur manuel est \u00e9quip\u00e9 d&#8217;un niveau produit. Il poss\u00e8de une buse r\u00e9glable qui permet d&#8217;ajuster la pulv\u00e9risation plus ou moins fine.<\/p>\n<p>Codes couleur suivant la norme europ\u00e9enne de la propret\u00e9:<\/p>\n<ul>\n<li>Vert pour les sols<\/li>\n<li>Bleu pour les vitres<\/li>\n<li>Rouge pour les sanitaires<\/li>\n<li>Jaune pour la d\u00e9sinfection<\/li>\n<\/ul>","protected":false},"excerpt":{"rendered":"<ul>\n<li>Capacity: 0.5 L or 1 L<\/li>\n<li>Viton seals resistant to acid products<\/li>\n<li>Works upside down<\/li>\n<li>Double action spray without interruption<\/li>\n<li>Kwazar brand<\/li>\n<li>SKU 140M001 \u2013 Green color 0.5 L<\/li>\n<li>SKU 140M005 \u2013 Green color 1 L<\/li>\n<li>SKU 140M002 \u2013 Blue color 0.5 L<\/li>\n<li>SKU 140M006 \u2013 Blue color 1 L<\/li>\n<li>SKU 140M003 \u2013 Red color 0.5 L<\/li>\n<li>SKU 140M007 \u2013 Red color 1 L<\/li>\n<li>SKU 140M004 \u2013 Yellow color 0.5 L<\/li>\n<li>SKU 140M008 \u2013 Yellow color 1 L<\/li>\n<\/ul>","protected":false},"featured_media":5420,"template":"","meta":{"_exactmetrics_skip_tracking":false,"_exactmetrics_sitenote_active":false,"_exactmetrics_sitenote_note":"","_exactmetrics_sitenote_category":0},"product_brand":[],"product_cat":[251,252,240],"product_tag":[],"class_list":{"0":"post-5415","1":"product","2":"type-product","3":"status-publish","4":"has-post-thumbnail","6":"product_cat-manuels","7":"product_cat-mercury-pro-360","8":"product_cat-pulverisateurs","9":"pa_type-produit-pulverisateur-machines","11":"first","12":"instock","13":"shipping-taxable","14":"product-type-simple"},"yoast_head":"<!-- This site is optimized with the Yoast SEO plugin v27.2 - https:\/\/yoast.com\/product\/yoast-seo-wordpress\/ -->\n<title>Pulv\u00e9risateur Mercury Pro + 360\u00b0, 0,5L ou 1L, 4 coloris- 4B DISTRIB<\/title>\n<meta name=\"description\" content=\"Pulv\u00e9risateur Mercury Pro +, Pulv\u00e9risation double action sans interruption, Fonctionne t\u00eate en bas 360\u00b0, Joints vitons r\u00e9sistants aux produits acides.\" \/>\n<meta name=\"robots\" content=\"index, follow, max-snippet:-1, max-image-preview:large, max-video-preview:-1\" \/>\n<link rel=\"canonical\" href=\"https:\/\/www.4bdistrib.com\/en\/produits\/pulverisateurs\/manuels\/mercury-pro-360\/pulverisateur-mercury-pro-360-double-action\/\" \/>\n<meta property=\"og:locale\" content=\"en_GB\" \/>\n<meta property=\"og:type\" content=\"article\" \/>\n<meta property=\"og:title\" content=\"Pulv\u00e9risateur Mercury Pro + 360\u00b0, 0,5L ou 1L, 4 coloris- 4B DISTRIB\" \/>\n<meta property=\"og:description\" content=\"Pulv\u00e9risateur Mercury Pro +, Pulv\u00e9risation double action sans interruption, Fonctionne t\u00eate en bas 360\u00b0, Joints vitons r\u00e9sistants aux produits acides.\" \/>\n<meta property=\"og:url\" content=\"https:\/\/www.4bdistrib.com\/en\/produits\/pulverisateurs\/manuels\/mercury-pro-360\/pulverisateur-mercury-pro-360-double-action\/\" \/>\n<meta property=\"og:site_name\" content=\"4B DISTRIB\" \/>\n<meta property=\"article:modified_time\" content=\"2021-04-27T13:13:01+00:00\" \/>\n<meta property=\"og:image\" content=\"https:\/\/www.4bdistrib.com\/wp-content\/uploads\/2018\/05\/pulverisateur-manuel-mercury-pro-360-double-action.jpg\" \/>\n\t<meta property=\"og:image:width\" content=\"720\" \/>\n\t<meta property=\"og:image:height\" content=\"660\" \/>\n\t<meta property=\"og:image:type\" content=\"image\/jpeg\" \/>\n<meta name=\"twitter:card\" content=\"summary_large_image\" \/>\n<meta name=\"twitter:label1\" content=\"Estimated reading time\" \/>\n\t<meta name=\"twitter:data1\" content=\"1 minute\" \/>\n<script type=\"application\/ld+json\" class=\"yoast-schema-graph\">{\"@context\":\"https:\/\/schema.org\",\"@graph\":[{\"@type\":\"WebPage\",\"@id\":\"https:\/\/www.4bdistrib.com\/en\/produits\/pulverisateurs\/manuels\/mercury-pro-360\/pulverisateur-mercury-pro-360-double-action\/\",\"url\":\"https:\/\/www.4bdistrib.com\/en\/produits\/pulverisateurs\/manuels\/mercury-pro-360\/pulverisateur-mercury-pro-360-double-action\/\",\"name\":\"Pulv\u00e9risateur Mercury Pro + 360\u00b0, 0,5L ou 1L, 4 coloris- 4B DISTRIB\",\"isPartOf\":{\"@id\":\"https:\/\/www.4bdistrib.com\/#website\"},\"primaryImageOfPage\":{\"@id\":\"https:\/\/www.4bdistrib.com\/en\/produits\/pulverisateurs\/manuels\/mercury-pro-360\/pulverisateur-mercury-pro-360-double-action\/#primaryimage\"},\"image\":{\"@id\":\"https:\/\/www.4bdistrib.com\/en\/produits\/pulverisateurs\/manuels\/mercury-pro-360\/pulverisateur-mercury-pro-360-double-action\/#primaryimage\"},\"thumbnailUrl\":\"https:\/\/www.4bdistrib.com\/wp-content\/uploads\/2018\/05\/pulverisateur-manuel-mercury-pro-360-double-action.jpg\",\"datePublished\":\"2021-03-18T12:08:06+00:00\",\"dateModified\":\"2021-04-27T13:13:01+00:00\",\"description\":\"Pulv\u00e9risateur Mercury Pro +, Pulv\u00e9risation double action sans interruption, Fonctionne t\u00eate en bas 360\u00b0, Joints vitons r\u00e9sistants aux produits acides.\",\"breadcrumb\":{\"@id\":\"https:\/\/www.4bdistrib.com\/en\/produits\/pulverisateurs\/manuels\/mercury-pro-360\/pulverisateur-mercury-pro-360-double-action\/#breadcrumb\"},\"inLanguage\":\"en-GB\",\"potentialAction\":[{\"@type\":\"ReadAction\",\"target\":[\"https:\/\/www.4bdistrib.com\/en\/produits\/pulverisateurs\/manuels\/mercury-pro-360\/pulverisateur-mercury-pro-360-double-action\/\"]}]},{\"@type\":\"ImageObject\",\"inLanguage\":\"en-GB\",\"@id\":\"https:\/\/www.4bdistrib.com\/en\/produits\/pulverisateurs\/manuels\/mercury-pro-360\/pulverisateur-mercury-pro-360-double-action\/#primaryimage\",\"url\":\"https:\/\/www.4bdistrib.com\/wp-content\/uploads\/2018\/05\/pulverisateur-manuel-mercury-pro-360-double-action.jpg\",\"contentUrl\":\"https:\/\/www.4bdistrib.com\/wp-content\/uploads\/2018\/05\/pulverisateur-manuel-mercury-pro-360-double-action.jpg\",\"width\":720,\"height\":660,\"caption\":\"Pulv\u00e9risateur Mercury Pro 360\u00b0\"},{\"@type\":\"BreadcrumbList\",\"@id\":\"https:\/\/www.4bdistrib.com\/en\/produits\/pulverisateurs\/manuels\/mercury-pro-360\/pulverisateur-mercury-pro-360-double-action\/#breadcrumb\",\"itemListElement\":[{\"@type\":\"ListItem\",\"position\":1,\"name\":\"Home\",\"item\":\"https:\/\/www.4bdistrib.com\/\"},{\"@type\":\"ListItem\",\"position\":2,\"name\":\"Produits\",\"item\":\"https:\/\/www.4bdistrib.com\/produits\/\"},{\"@type\":\"ListItem\",\"position\":3,\"name\":\"Pulv\u00e9risateur MERCURY PRO + 360\u00b0 Double Action\"}]},{\"@type\":\"WebSite\",\"@id\":\"https:\/\/www.4bdistrib.com\/#website\",\"url\":\"https:\/\/www.4bdistrib.com\/\",\"name\":\"4B DISTRIB\",\"description\":\"Equipements Conseils Services\",\"potentialAction\":[{\"@type\":\"SearchAction\",\"target\":{\"@type\":\"EntryPoint\",\"urlTemplate\":\"https:\/\/www.4bdistrib.com\/?s={search_term_string}\"},\"query-input\":{\"@type\":\"PropertyValueSpecification\",\"valueRequired\":true,\"valueName\":\"search_term_string\"}}],\"inLanguage\":\"en-GB\"}]}<\/script>\n<!-- \/ Yoast SEO plugin. -->","yoast_head_json":{"title":"Pulv\u00e9risateur Mercury Pro + 360\u00b0, 0,5L ou 1L, 4 coloris- 4B DISTRIB","description":"Pulv\u00e9risateur Mercury Pro +, Pulv\u00e9risation double action sans interruption, Fonctionne t\u00eate en bas 360\u00b0, Joints vitons r\u00e9sistants aux produits acides.","robots":{"index":"index","follow":"follow","max-snippet":"max-snippet:-1","max-image-preview":"max-image-preview:large","max-video-preview":"max-video-preview:-1"},"canonical":"https:\/\/www.4bdistrib.com\/en\/produits\/pulverisateurs\/manuels\/mercury-pro-360\/pulverisateur-mercury-pro-360-double-action\/","og_locale":"en_GB","og_type":"article","og_title":"Pulv\u00e9risateur Mercury Pro + 360\u00b0, 0,5L ou 1L, 4 coloris- 4B DISTRIB","og_description":"Pulv\u00e9risateur Mercury Pro +, Pulv\u00e9risation double action sans interruption, Fonctionne t\u00eate en bas 360\u00b0, Joints vitons r\u00e9sistants aux produits acides.","og_url":"https:\/\/www.4bdistrib.com\/en\/produits\/pulverisateurs\/manuels\/mercury-pro-360\/pulverisateur-mercury-pro-360-double-action\/","og_site_name":"4B DISTRIB","article_modified_time":"2021-04-27T13:13:01+00:00","og_image":[{"width":720,"height":660,"url":"https:\/\/www.4bdistrib.com\/wp-content\/uploads\/2018\/05\/pulverisateur-manuel-mercury-pro-360-double-action.jpg","type":"image\/jpeg"}],"twitter_card":"summary_large_image","twitter_misc":{"Estimated reading time":"1 minute"},"schema":{"@context":"https:\/\/schema.org","@graph":[{"@type":"WebPage","@id":"https:\/\/www.4bdistrib.com\/en\/produits\/pulverisateurs\/manuels\/mercury-pro-360\/pulverisateur-mercury-pro-360-double-action\/","url":"https:\/\/www.4bdistrib.com\/en\/produits\/pulverisateurs\/manuels\/mercury-pro-360\/pulverisateur-mercury-pro-360-double-action\/","name":"Pulv\u00e9risateur Mercury Pro + 360\u00b0, 0,5L ou 1L, 4 coloris- 4B DISTRIB","isPartOf":{"@id":"https:\/\/www.4bdistrib.com\/#website"},"primaryImageOfPage":{"@id":"https:\/\/www.4bdistrib.com\/en\/produits\/pulverisateurs\/manuels\/mercury-pro-360\/pulverisateur-mercury-pro-360-double-action\/#primaryimage"},"image":{"@id":"https:\/\/www.4bdistrib.com\/en\/produits\/pulverisateurs\/manuels\/mercury-pro-360\/pulverisateur-mercury-pro-360-double-action\/#primaryimage"},"thumbnailUrl":"https:\/\/www.4bdistrib.com\/wp-content\/uploads\/2018\/05\/pulverisateur-manuel-mercury-pro-360-double-action.jpg","datePublished":"2021-03-18T12:08:06+00:00","dateModified":"2021-04-27T13:13:01+00:00","description":"Pulv\u00e9risateur Mercury Pro +, Pulv\u00e9risation double action sans interruption, Fonctionne t\u00eate en bas 360\u00b0, Joints vitons r\u00e9sistants aux produits acides.","breadcrumb":{"@id":"https:\/\/www.4bdistrib.com\/en\/produits\/pulverisateurs\/manuels\/mercury-pro-360\/pulverisateur-mercury-pro-360-double-action\/#breadcrumb"},"inLanguage":"en-GB","potentialAction":[{"@type":"ReadAction","target":["https:\/\/www.4bdistrib.com\/en\/produits\/pulverisateurs\/manuels\/mercury-pro-360\/pulverisateur-mercury-pro-360-double-action\/"]}]},{"@type":"ImageObject","inLanguage":"en-GB","@id":"https:\/\/www.4bdistrib.com\/en\/produits\/pulverisateurs\/manuels\/mercury-pro-360\/pulverisateur-mercury-pro-360-double-action\/#primaryimage","url":"https:\/\/www.4bdistrib.com\/wp-content\/uploads\/2018\/05\/pulverisateur-manuel-mercury-pro-360-double-action.jpg","contentUrl":"https:\/\/www.4bdistrib.com\/wp-content\/uploads\/2018\/05\/pulverisateur-manuel-mercury-pro-360-double-action.jpg","width":720,"height":660,"caption":"Pulv\u00e9risateur Mercury Pro 360\u00b0"},{"@type":"BreadcrumbList","@id":"https:\/\/www.4bdistrib.com\/en\/produits\/pulverisateurs\/manuels\/mercury-pro-360\/pulverisateur-mercury-pro-360-double-action\/#breadcrumb","itemListElement":[{"@type":"ListItem","position":1,"name":"Home","item":"https:\/\/www.4bdistrib.com\/"},{"@type":"ListItem","position":2,"name":"Produits","item":"https:\/\/www.4bdistrib.com\/produits\/"},{"@type":"ListItem","position":3,"name":"Pulv\u00e9risateur MERCURY PRO + 360\u00b0 Double Action"}]},{"@type":"WebSite","@id":"https:\/\/www.4bdistrib.com\/#website","url":"https:\/\/www.4bdistrib.com\/","name":"4B DISTRIB","description":"Equipements Conseils Services","potentialAction":[{"@type":"SearchAction","target":{"@type":"EntryPoint","urlTemplate":"https:\/\/www.4bdistrib.com\/?s={search_term_string}"},"query-input":{"@type":"PropertyValueSpecification","valueRequired":true,"valueName":"search_term_string"}}],"inLanguage":"en-GB"}]}},"_links":{"self":[{"href":"https:\/\/www.4bdistrib.com\/en\/wp-json\/wp\/v2\/product\/5415","targetHints":{"allow":["GET"]}}],"collection":[{"href":"https:\/\/www.4bdistrib.com\/en\/wp-json\/wp\/v2\/product"}],"about":[{"href":"https:\/\/www.4bdistrib.com\/en\/wp-json\/wp\/v2\/types\/product"}],"wp:featuredmedia":[{"embeddable":true,"href":"https:\/\/www.4bdistrib.com\/en\/wp-json\/wp\/v2\/media\/5420"}],"wp:attachment":[{"href":"https:\/\/www.4bdistrib.com\/en\/wp-json\/wp\/v2\/media?parent=5415"}],"wp:term":[{"taxonomy":"product_brand","embeddable":true,"href":"https:\/\/www.4bdistrib.com\/en\/wp-json\/wp\/v2\/product_brand?post=5415"},{"taxonomy":"product_cat","embeddable":true,"href":"https:\/\/www.4bdistrib.com\/en\/wp-json\/wp\/v2\/product_cat?post=5415"},{"taxonomy":"product_tag","embeddable":true,"href":"https:\/\/www.4bdistrib.com\/en\/wp-json\/wp\/v2\/product_tag?post=5415"}],"curies":[{"name":"wp","href":"https:\/\/api.w.org\/{rel}","templated":true}]}}