{"id":5636,"date":"2021-04-27T10:48:59","date_gmt":"2021-04-27T08:48:59","guid":{"rendered":"https:\/\/www.4bdistrib.com\/?post_type=product&#038;p=5636"},"modified":"2021-04-30T10:05:32","modified_gmt":"2021-04-30T08:05:32","slug":"kit-mousse-hp","status":"publish","type":"product","link":"https:\/\/www.4bdistrib.com\/en\/produits\/mousseurs\/mousseurs-hp\/kits-mousse\/hp-foam-kit\/","title":{"rendered":"HP Foam Kit"},"content":{"rendered":"<p>The <strong>HP Foam Kit<\/strong> which connects to all high pressure washers\u00a0generates thick, dry foam through the combination of water and high pressure chemistry.<\/p>\n<p>The gun is equipped with a KW (Push Pull) coupler which allows you to switch from foam mode to rinsing mode in 2 clicks. It is possible to adjust the concentration and the surface to be covered.<\/p>\n<p><strong>The HP cleaning kit<\/strong> is ideal for exterior automotive cleaning. The dry and dense foam obtained clings to the bodywork and allows the chemistry to act.<\/p>\n<p>The HP foam kit is equipped with:<\/p>\n<ul>\n<li>1 HP gun<\/li>\n<li>1 foam cannon<\/li>\n<li>1 tank of 1 L<\/li>\n<li>1 rinsing lance<\/li>\n<\/ul>","protected":false},"excerpt":{"rendered":"<ul>\n<li>Foam cannon<\/li>\n<li>Tank: 1 L<\/li>\n<li>Dry, thick foam<\/li>\n<li>Connects to all HP cleaners<\/li>\n<li>HP gun equipped with KW (Push Pull) coupler<\/li>\n<li>Rinsing lance<\/li>\n<li>Concentration adjustment + surface to cover<\/li>\n<\/ul>","protected":false},"featured_media":5654,"template":"","meta":{"_exactmetrics_skip_tracking":false,"_exactmetrics_sitenote_active":false,"_exactmetrics_sitenote_note":"","_exactmetrics_sitenote_category":0},"product_brand":[],"product_cat":[356,320,334],"product_tag":[],"class_list":{"0":"post-5636","1":"product","2":"type-product","3":"status-publish","4":"has-post-thumbnail","6":"product_cat-kits-mousse","7":"product_cat-mousseurs","8":"product_cat-mousseurs-hp","10":"first","11":"instock","12":"shipping-taxable","13":"product-type-simple"},"yoast_head":"<!-- This site is optimized with the Yoast SEO plugin v27.2 - https:\/\/yoast.com\/product\/yoast-seo-wordpress\/ -->\n<title>Kit Mousse Haute Pression, Mousseur HP - 4BDISTRIB<\/title>\n<meta name=\"description\" content=\"Kit mousse haute pression, Mousse s\u00e8che et \u00e9paisse, Se raccorde sur tous les nettoyeurs haute pression, Mode mousse au mode rin\u00e7age en 2 clics.\" \/>\n<meta name=\"robots\" content=\"index, follow, max-snippet:-1, max-image-preview:large, max-video-preview:-1\" \/>\n<link rel=\"canonical\" href=\"https:\/\/www.4bdistrib.com\/en\/produits\/mousseurs\/mousseurs-hp\/kits-mousse\/hp-foam-kit\/\" \/>\n<meta property=\"og:locale\" content=\"en_GB\" \/>\n<meta property=\"og:type\" content=\"article\" \/>\n<meta property=\"og:title\" content=\"Kit Mousse Haute Pression, Mousseur HP - 4BDISTRIB\" \/>\n<meta property=\"og:description\" content=\"Kit mousse haute pression, Mousse s\u00e8che et \u00e9paisse, Se raccorde sur tous les nettoyeurs haute pression, Mode mousse au mode rin\u00e7age en 2 clics.\" \/>\n<meta property=\"og:url\" content=\"https:\/\/www.4bdistrib.com\/en\/produits\/mousseurs\/mousseurs-hp\/kits-mousse\/hp-foam-kit\/\" \/>\n<meta property=\"og:site_name\" content=\"4B DISTRIB\" \/>\n<meta property=\"article:modified_time\" content=\"2021-04-30T08:05:32+00:00\" \/>\n<meta property=\"og:image\" content=\"https:\/\/www.4bdistrib.com\/wp-content\/uploads\/2018\/05\/mousseur-kit-mousse-e1538996862734.jpg\" \/>\n\t<meta property=\"og:image:width\" content=\"720\" \/>\n\t<meta property=\"og:image:height\" content=\"660\" \/>\n\t<meta property=\"og:image:type\" content=\"image\/jpeg\" \/>\n<meta name=\"twitter:card\" content=\"summary_large_image\" \/>\n<meta name=\"twitter:label1\" content=\"Estimated reading time\" \/>\n\t<meta name=\"twitter:data1\" content=\"1 minute\" \/>\n<script type=\"application\/ld+json\" class=\"yoast-schema-graph\">{\"@context\":\"https:\/\/schema.org\",\"@graph\":[{\"@type\":\"WebPage\",\"@id\":\"https:\/\/www.4bdistrib.com\/produits\/mousseurs\/mousseurs-hp\/kits-mousse\/kit-mousse-hp\/\",\"url\":\"https:\/\/www.4bdistrib.com\/produits\/mousseurs\/mousseurs-hp\/kits-mousse\/kit-mousse-hp\/\",\"name\":\"Kit Mousse Haute Pression, Mousseur HP - 4BDISTRIB\",\"isPartOf\":{\"@id\":\"https:\/\/www.4bdistrib.com\/#website\"},\"primaryImageOfPage\":{\"@id\":\"https:\/\/www.4bdistrib.com\/produits\/mousseurs\/mousseurs-hp\/kits-mousse\/kit-mousse-hp\/#primaryimage\"},\"image\":{\"@id\":\"https:\/\/www.4bdistrib.com\/produits\/mousseurs\/mousseurs-hp\/kits-mousse\/kit-mousse-hp\/#primaryimage\"},\"thumbnailUrl\":\"https:\/\/www.4bdistrib.com\/wp-content\/uploads\/2018\/05\/mousseur-kit-mousse-e1538996862734.jpg\",\"datePublished\":\"2021-04-27T08:48:59+00:00\",\"dateModified\":\"2021-04-30T08:05:32+00:00\",\"description\":\"Kit mousse haute pression, Mousse s\u00e8che et \u00e9paisse, Se raccorde sur tous les nettoyeurs haute pression, Mode mousse au mode rin\u00e7age en 2 clics.\",\"breadcrumb\":{\"@id\":\"https:\/\/www.4bdistrib.com\/produits\/mousseurs\/mousseurs-hp\/kits-mousse\/kit-mousse-hp\/#breadcrumb\"},\"inLanguage\":\"en-GB\",\"potentialAction\":[{\"@type\":\"ReadAction\",\"target\":[\"https:\/\/www.4bdistrib.com\/produits\/mousseurs\/mousseurs-hp\/kits-mousse\/kit-mousse-hp\/\"]}]},{\"@type\":\"ImageObject\",\"inLanguage\":\"en-GB\",\"@id\":\"https:\/\/www.4bdistrib.com\/produits\/mousseurs\/mousseurs-hp\/kits-mousse\/kit-mousse-hp\/#primaryimage\",\"url\":\"https:\/\/www.4bdistrib.com\/wp-content\/uploads\/2018\/05\/mousseur-kit-mousse-e1538996862734.jpg\",\"contentUrl\":\"https:\/\/www.4bdistrib.com\/wp-content\/uploads\/2018\/05\/mousseur-kit-mousse-e1538996862734.jpg\",\"width\":720,\"height\":660,\"caption\":\"Kit mousse HP - Mousseur\"},{\"@type\":\"BreadcrumbList\",\"@id\":\"https:\/\/www.4bdistrib.com\/produits\/mousseurs\/mousseurs-hp\/kits-mousse\/kit-mousse-hp\/#breadcrumb\",\"itemListElement\":[{\"@type\":\"ListItem\",\"position\":1,\"name\":\"Home\",\"item\":\"https:\/\/www.4bdistrib.com\/\"},{\"@type\":\"ListItem\",\"position\":2,\"name\":\"Produits\",\"item\":\"https:\/\/www.4bdistrib.com\/produits\/\"},{\"@type\":\"ListItem\",\"position\":3,\"name\":\"Kit Mousse HP\"}]},{\"@type\":\"WebSite\",\"@id\":\"https:\/\/www.4bdistrib.com\/#website\",\"url\":\"https:\/\/www.4bdistrib.com\/\",\"name\":\"4B DISTRIB\",\"description\":\"Equipements Conseils Services\",\"potentialAction\":[{\"@type\":\"SearchAction\",\"target\":{\"@type\":\"EntryPoint\",\"urlTemplate\":\"https:\/\/www.4bdistrib.com\/?s={search_term_string}\"},\"query-input\":{\"@type\":\"PropertyValueSpecification\",\"valueRequired\":true,\"valueName\":\"search_term_string\"}}],\"inLanguage\":\"en-GB\"}]}<\/script>\n<!-- \/ Yoast SEO plugin. -->","yoast_head_json":{"title":"High Pressure Foam Kit, HP Foamer - 4BDISTRIB","description":"High pressure foam kit, Dry and thick foam, Connects to all high pressure washers, Foam mode to rinsing mode in 2 clicks.","robots":{"index":"index","follow":"follow","max-snippet":"max-snippet:-1","max-image-preview":"max-image-preview:large","max-video-preview":"max-video-preview:-1"},"canonical":"https:\/\/www.4bdistrib.com\/en\/produits\/mousseurs\/mousseurs-hp\/kits-mousse\/hp-foam-kit\/","og_locale":"en_GB","og_type":"article","og_title":"Kit Mousse Haute Pression, Mousseur HP - 4BDISTRIB","og_description":"Kit mousse haute pression, Mousse s\u00e8che et \u00e9paisse, Se raccorde sur tous les nettoyeurs haute pression, Mode mousse au mode rin\u00e7age en 2 clics.","og_url":"https:\/\/www.4bdistrib.com\/en\/produits\/mousseurs\/mousseurs-hp\/kits-mousse\/hp-foam-kit\/","og_site_name":"4B DISTRIB","article_modified_time":"2021-04-30T08:05:32+00:00","og_image":[{"width":720,"height":660,"url":"https:\/\/www.4bdistrib.com\/wp-content\/uploads\/2018\/05\/mousseur-kit-mousse-e1538996862734.jpg","type":"image\/jpeg"}],"twitter_card":"summary_large_image","twitter_misc":{"Estimated reading time":"1 minute"},"schema":{"@context":"https:\/\/schema.org","@graph":[{"@type":"WebPage","@id":"https:\/\/www.4bdistrib.com\/produits\/mousseurs\/mousseurs-hp\/kits-mousse\/kit-mousse-hp\/","url":"https:\/\/www.4bdistrib.com\/produits\/mousseurs\/mousseurs-hp\/kits-mousse\/kit-mousse-hp\/","name":"High Pressure Foam Kit, HP Foamer - 4BDISTRIB","isPartOf":{"@id":"https:\/\/www.4bdistrib.com\/#website"},"primaryImageOfPage":{"@id":"https:\/\/www.4bdistrib.com\/produits\/mousseurs\/mousseurs-hp\/kits-mousse\/kit-mousse-hp\/#primaryimage"},"image":{"@id":"https:\/\/www.4bdistrib.com\/produits\/mousseurs\/mousseurs-hp\/kits-mousse\/kit-mousse-hp\/#primaryimage"},"thumbnailUrl":"https:\/\/www.4bdistrib.com\/wp-content\/uploads\/2018\/05\/mousseur-kit-mousse-e1538996862734.jpg","datePublished":"2021-04-27T08:48:59+00:00","dateModified":"2021-04-30T08:05:32+00:00","description":"High pressure foam kit, Dry and thick foam, Connects to all high pressure washers, Foam mode to rinsing mode in 2 clicks.","breadcrumb":{"@id":"https:\/\/www.4bdistrib.com\/produits\/mousseurs\/mousseurs-hp\/kits-mousse\/kit-mousse-hp\/#breadcrumb"},"inLanguage":"en-GB","potentialAction":[{"@type":"ReadAction","target":["https:\/\/www.4bdistrib.com\/produits\/mousseurs\/mousseurs-hp\/kits-mousse\/kit-mousse-hp\/"]}]},{"@type":"ImageObject","inLanguage":"en-GB","@id":"https:\/\/www.4bdistrib.com\/produits\/mousseurs\/mousseurs-hp\/kits-mousse\/kit-mousse-hp\/#primaryimage","url":"https:\/\/www.4bdistrib.com\/wp-content\/uploads\/2018\/05\/mousseur-kit-mousse-e1538996862734.jpg","contentUrl":"https:\/\/www.4bdistrib.com\/wp-content\/uploads\/2018\/05\/mousseur-kit-mousse-e1538996862734.jpg","width":720,"height":660,"caption":"Kit mousse HP - Mousseur"},{"@type":"BreadcrumbList","@id":"https:\/\/www.4bdistrib.com\/produits\/mousseurs\/mousseurs-hp\/kits-mousse\/kit-mousse-hp\/#breadcrumb","itemListElement":[{"@type":"ListItem","position":1,"name":"Home","item":"https:\/\/www.4bdistrib.com\/"},{"@type":"ListItem","position":2,"name":"Produits","item":"https:\/\/www.4bdistrib.com\/produits\/"},{"@type":"ListItem","position":3,"name":"Kit Mousse HP"}]},{"@type":"WebSite","@id":"https:\/\/www.4bdistrib.com\/#website","url":"https:\/\/www.4bdistrib.com\/","name":"4B DISTRIB","description":"Equipements Conseils Services","potentialAction":[{"@type":"SearchAction","target":{"@type":"EntryPoint","urlTemplate":"https:\/\/www.4bdistrib.com\/?s={search_term_string}"},"query-input":{"@type":"PropertyValueSpecification","valueRequired":true,"valueName":"search_term_string"}}],"inLanguage":"en-GB"}]}},"_links":{"self":[{"href":"https:\/\/www.4bdistrib.com\/en\/wp-json\/wp\/v2\/product\/5636","targetHints":{"allow":["GET"]}}],"collection":[{"href":"https:\/\/www.4bdistrib.com\/en\/wp-json\/wp\/v2\/product"}],"about":[{"href":"https:\/\/www.4bdistrib.com\/en\/wp-json\/wp\/v2\/types\/product"}],"wp:featuredmedia":[{"embeddable":true,"href":"https:\/\/www.4bdistrib.com\/en\/wp-json\/wp\/v2\/media\/5654"}],"wp:attachment":[{"href":"https:\/\/www.4bdistrib.com\/en\/wp-json\/wp\/v2\/media?parent=5636"}],"wp:term":[{"taxonomy":"product_brand","embeddable":true,"href":"https:\/\/www.4bdistrib.com\/en\/wp-json\/wp\/v2\/product_brand?post=5636"},{"taxonomy":"product_cat","embeddable":true,"href":"https:\/\/www.4bdistrib.com\/en\/wp-json\/wp\/v2\/product_cat?post=5636"},{"taxonomy":"product_tag","embeddable":true,"href":"https:\/\/www.4bdistrib.com\/en\/wp-json\/wp\/v2\/product_tag?post=5636"}],"curies":[{"name":"wp","href":"https:\/\/api.w.org\/{rel}","templated":true}]}}