{"id":5660,"date":"2021-04-28T15:12:40","date_gmt":"2021-04-28T13:12:40","guid":{"rendered":"https:\/\/www.4bdistrib.com\/?post_type=product&#038;p=5660"},"modified":"2021-04-30T10:05:21","modified_gmt":"2021-04-30T08:05:21","slug":"canon-a-mousse-hp","status":"publish","type":"product","link":"https:\/\/www.4bdistrib.com\/en\/produits\/mousseurs\/mousseurs-hp\/kits-mousse\/foam-cannon-hp\/","title":{"rendered":"HP Foam Cannon"},"content":{"rendered":"<p>The <strong>HP foam cannon<\/strong> is ideal for cleaning automobiles or any vehicle (motorcycles, vans, utility vehicles, etc.). The barrel produces a dry, thick foam to let the chemistry act and obtain an impeccable result.<\/p>\n<p>Ce canon \u00e0 mousse se branche sur n&#8217;importe quel nettoyeur haute pression.<\/p>","protected":false},"excerpt":{"rendered":"<ul>\n<li>Foam cannon<\/li>\n<li>Tank: 1 L<\/li>\n<li>Dry, thick foam<\/li>\n<li>Connects to all HP cleaners<\/li>\n<li>Concentration adjustment<\/li>\n<li>Adjusting the surface to be covered<\/li>\n<\/ul>","protected":false},"featured_media":5661,"template":"","meta":{"_exactmetrics_skip_tracking":false,"_exactmetrics_sitenote_active":false,"_exactmetrics_sitenote_note":"","_exactmetrics_sitenote_category":0},"product_brand":[],"product_cat":[357,356,320,334],"product_tag":[],"class_list":{"0":"post-5660","1":"product","2":"type-product","3":"status-publish","4":"has-post-thumbnail","6":"product_cat-canons-a-mousse-mousseurs-hp","7":"product_cat-kits-mousse","8":"product_cat-mousseurs","9":"product_cat-mousseurs-hp","11":"first","12":"instock","13":"shipping-taxable","14":"product-type-simple"},"yoast_head":"<!-- This site is optimized with the Yoast SEO plugin v27.2 - https:\/\/yoast.com\/product\/yoast-seo-wordpress\/ -->\n<title>Canon \u00e0 Mousse Haute Pression, Mousseur HP - 4BDISTRIB<\/title>\n<meta name=\"description\" content=\"Canon \u00e0 mousse haute pression avec r\u00e9servoir de 1L. Produit une mousse s\u00e8che et \u00e9paisse. D\u00e9bit max 20L par minute. Temp\u00e9rature 60\u00b0C. R\u00e9glage de la concentration, r\u00e9glage de la surface \u00e0 couvrir. Id\u00e9al pour nettoyage automobile et tous autres types de v\u00e9hicules.\" \/>\n<meta name=\"robots\" content=\"index, follow, max-snippet:-1, max-image-preview:large, max-video-preview:-1\" \/>\n<link rel=\"canonical\" href=\"https:\/\/www.4bdistrib.com\/en\/produits\/mousseurs\/mousseurs-hp\/kits-mousse\/foam-cannon-hp\/\" \/>\n<meta property=\"og:locale\" content=\"en_GB\" \/>\n<meta property=\"og:type\" content=\"article\" \/>\n<meta property=\"og:title\" content=\"Canon \u00e0 Mousse Haute Pression, Mousseur HP - 4BDISTRIB\" \/>\n<meta property=\"og:description\" content=\"Canon \u00e0 mousse haute pression avec r\u00e9servoir de 1L. Produit une mousse s\u00e8che et \u00e9paisse. D\u00e9bit max 20L par minute. Temp\u00e9rature 60\u00b0C. R\u00e9glage de la concentration, r\u00e9glage de la surface \u00e0 couvrir. Id\u00e9al pour nettoyage automobile et tous autres types de v\u00e9hicules.\" \/>\n<meta property=\"og:url\" content=\"https:\/\/www.4bdistrib.com\/en\/produits\/mousseurs\/mousseurs-hp\/kits-mousse\/foam-cannon-hp\/\" \/>\n<meta property=\"og:site_name\" content=\"4B DISTRIB\" \/>\n<meta property=\"article:modified_time\" content=\"2021-04-30T08:05:21+00:00\" \/>\n<meta property=\"og:image\" content=\"https:\/\/www.4bdistrib.com\/wp-content\/uploads\/2018\/05\/canon-a-mousse-hp-e1538996932752.jpg\" \/>\n\t<meta property=\"og:image:width\" content=\"720\" \/>\n\t<meta property=\"og:image:height\" content=\"660\" \/>\n\t<meta property=\"og:image:type\" content=\"image\/jpeg\" \/>\n<meta name=\"twitter:card\" content=\"summary_large_image\" \/>\n<script type=\"application\/ld+json\" class=\"yoast-schema-graph\">{\"@context\":\"https:\/\/schema.org\",\"@graph\":[{\"@type\":\"WebPage\",\"@id\":\"https:\/\/www.4bdistrib.com\/produits\/mousseurs\/mousseurs-hp\/kits-mousse\/canon-a-mousse-hp\/\",\"url\":\"https:\/\/www.4bdistrib.com\/produits\/mousseurs\/mousseurs-hp\/kits-mousse\/canon-a-mousse-hp\/\",\"name\":\"Canon \u00e0 Mousse Haute Pression, Mousseur HP - 4BDISTRIB\",\"isPartOf\":{\"@id\":\"https:\/\/www.4bdistrib.com\/#website\"},\"primaryImageOfPage\":{\"@id\":\"https:\/\/www.4bdistrib.com\/produits\/mousseurs\/mousseurs-hp\/kits-mousse\/canon-a-mousse-hp\/#primaryimage\"},\"image\":{\"@id\":\"https:\/\/www.4bdistrib.com\/produits\/mousseurs\/mousseurs-hp\/kits-mousse\/canon-a-mousse-hp\/#primaryimage\"},\"thumbnailUrl\":\"https:\/\/www.4bdistrib.com\/wp-content\/uploads\/2018\/05\/canon-a-mousse-hp-e1538996932752.jpg\",\"datePublished\":\"2021-04-28T13:12:40+00:00\",\"dateModified\":\"2021-04-30T08:05:21+00:00\",\"description\":\"Canon \u00e0 mousse haute pression avec r\u00e9servoir de 1L. Produit une mousse s\u00e8che et \u00e9paisse. D\u00e9bit max 20L par minute. Temp\u00e9rature 60\u00b0C. R\u00e9glage de la concentration, r\u00e9glage de la surface \u00e0 couvrir. Id\u00e9al pour nettoyage automobile et tous autres types de v\u00e9hicules.\",\"breadcrumb\":{\"@id\":\"https:\/\/www.4bdistrib.com\/produits\/mousseurs\/mousseurs-hp\/kits-mousse\/canon-a-mousse-hp\/#breadcrumb\"},\"inLanguage\":\"en-GB\",\"potentialAction\":[{\"@type\":\"ReadAction\",\"target\":[\"https:\/\/www.4bdistrib.com\/produits\/mousseurs\/mousseurs-hp\/kits-mousse\/canon-a-mousse-hp\/\"]}]},{\"@type\":\"ImageObject\",\"inLanguage\":\"en-GB\",\"@id\":\"https:\/\/www.4bdistrib.com\/produits\/mousseurs\/mousseurs-hp\/kits-mousse\/canon-a-mousse-hp\/#primaryimage\",\"url\":\"https:\/\/www.4bdistrib.com\/wp-content\/uploads\/2018\/05\/canon-a-mousse-hp-e1538996932752.jpg\",\"contentUrl\":\"https:\/\/www.4bdistrib.com\/wp-content\/uploads\/2018\/05\/canon-a-mousse-hp-e1538996932752.jpg\",\"width\":720,\"height\":660,\"caption\":\"Canon \u00e0 mousse HP - Mousseur HP\"},{\"@type\":\"BreadcrumbList\",\"@id\":\"https:\/\/www.4bdistrib.com\/produits\/mousseurs\/mousseurs-hp\/kits-mousse\/canon-a-mousse-hp\/#breadcrumb\",\"itemListElement\":[{\"@type\":\"ListItem\",\"position\":1,\"name\":\"Home\",\"item\":\"https:\/\/www.4bdistrib.com\/\"},{\"@type\":\"ListItem\",\"position\":2,\"name\":\"Produits\",\"item\":\"https:\/\/www.4bdistrib.com\/produits\/\"},{\"@type\":\"ListItem\",\"position\":3,\"name\":\"Canon \u00e0 Mousse HP\"}]},{\"@type\":\"WebSite\",\"@id\":\"https:\/\/www.4bdistrib.com\/#website\",\"url\":\"https:\/\/www.4bdistrib.com\/\",\"name\":\"4B DISTRIB\",\"description\":\"Equipements Conseils Services\",\"potentialAction\":[{\"@type\":\"SearchAction\",\"target\":{\"@type\":\"EntryPoint\",\"urlTemplate\":\"https:\/\/www.4bdistrib.com\/?s={search_term_string}\"},\"query-input\":{\"@type\":\"PropertyValueSpecification\",\"valueRequired\":true,\"valueName\":\"search_term_string\"}}],\"inLanguage\":\"en-GB\"}]}<\/script>\n<!-- \/ Yoast SEO plugin. -->","yoast_head_json":{"title":"High Pressure Foam Cannon, HP Frother - 4BDISTRIB","description":"High pressure foam cannon with 1L tank. Produces a dry, thick foam. Max flow 20L per minute. Temperature 60\u00b0C. Adjustment of the concentration, adjustment of the surface to be covered. Ideal for car cleaning and all other types of vehicles.","robots":{"index":"index","follow":"follow","max-snippet":"max-snippet:-1","max-image-preview":"max-image-preview:large","max-video-preview":"max-video-preview:-1"},"canonical":"https:\/\/www.4bdistrib.com\/en\/produits\/mousseurs\/mousseurs-hp\/kits-mousse\/foam-cannon-hp\/","og_locale":"en_GB","og_type":"article","og_title":"Canon \u00e0 Mousse Haute Pression, Mousseur HP - 4BDISTRIB","og_description":"Canon \u00e0 mousse haute pression avec r\u00e9servoir de 1L. Produit une mousse s\u00e8che et \u00e9paisse. D\u00e9bit max 20L par minute. Temp\u00e9rature 60\u00b0C. R\u00e9glage de la concentration, r\u00e9glage de la surface \u00e0 couvrir. Id\u00e9al pour nettoyage automobile et tous autres types de v\u00e9hicules.","og_url":"https:\/\/www.4bdistrib.com\/en\/produits\/mousseurs\/mousseurs-hp\/kits-mousse\/foam-cannon-hp\/","og_site_name":"4B DISTRIB","article_modified_time":"2021-04-30T08:05:21+00:00","og_image":[{"width":720,"height":660,"url":"https:\/\/www.4bdistrib.com\/wp-content\/uploads\/2018\/05\/canon-a-mousse-hp-e1538996932752.jpg","type":"image\/jpeg"}],"twitter_card":"summary_large_image","schema":{"@context":"https:\/\/schema.org","@graph":[{"@type":"WebPage","@id":"https:\/\/www.4bdistrib.com\/produits\/mousseurs\/mousseurs-hp\/kits-mousse\/canon-a-mousse-hp\/","url":"https:\/\/www.4bdistrib.com\/produits\/mousseurs\/mousseurs-hp\/kits-mousse\/canon-a-mousse-hp\/","name":"High Pressure Foam Cannon, HP Frother - 4BDISTRIB","isPartOf":{"@id":"https:\/\/www.4bdistrib.com\/#website"},"primaryImageOfPage":{"@id":"https:\/\/www.4bdistrib.com\/produits\/mousseurs\/mousseurs-hp\/kits-mousse\/canon-a-mousse-hp\/#primaryimage"},"image":{"@id":"https:\/\/www.4bdistrib.com\/produits\/mousseurs\/mousseurs-hp\/kits-mousse\/canon-a-mousse-hp\/#primaryimage"},"thumbnailUrl":"https:\/\/www.4bdistrib.com\/wp-content\/uploads\/2018\/05\/canon-a-mousse-hp-e1538996932752.jpg","datePublished":"2021-04-28T13:12:40+00:00","dateModified":"2021-04-30T08:05:21+00:00","description":"High pressure foam cannon with 1L tank. Produces a dry, thick foam. Max flow 20L per minute. Temperature 60\u00b0C. Adjustment of the concentration, adjustment of the surface to be covered. Ideal for car cleaning and all other types of vehicles.","breadcrumb":{"@id":"https:\/\/www.4bdistrib.com\/produits\/mousseurs\/mousseurs-hp\/kits-mousse\/canon-a-mousse-hp\/#breadcrumb"},"inLanguage":"en-GB","potentialAction":[{"@type":"ReadAction","target":["https:\/\/www.4bdistrib.com\/produits\/mousseurs\/mousseurs-hp\/kits-mousse\/canon-a-mousse-hp\/"]}]},{"@type":"ImageObject","inLanguage":"en-GB","@id":"https:\/\/www.4bdistrib.com\/produits\/mousseurs\/mousseurs-hp\/kits-mousse\/canon-a-mousse-hp\/#primaryimage","url":"https:\/\/www.4bdistrib.com\/wp-content\/uploads\/2018\/05\/canon-a-mousse-hp-e1538996932752.jpg","contentUrl":"https:\/\/www.4bdistrib.com\/wp-content\/uploads\/2018\/05\/canon-a-mousse-hp-e1538996932752.jpg","width":720,"height":660,"caption":"Canon \u00e0 mousse HP - Mousseur HP"},{"@type":"BreadcrumbList","@id":"https:\/\/www.4bdistrib.com\/produits\/mousseurs\/mousseurs-hp\/kits-mousse\/canon-a-mousse-hp\/#breadcrumb","itemListElement":[{"@type":"ListItem","position":1,"name":"Home","item":"https:\/\/www.4bdistrib.com\/"},{"@type":"ListItem","position":2,"name":"Produits","item":"https:\/\/www.4bdistrib.com\/produits\/"},{"@type":"ListItem","position":3,"name":"Canon \u00e0 Mousse HP"}]},{"@type":"WebSite","@id":"https:\/\/www.4bdistrib.com\/#website","url":"https:\/\/www.4bdistrib.com\/","name":"4B DISTRIB","description":"Equipements Conseils Services","potentialAction":[{"@type":"SearchAction","target":{"@type":"EntryPoint","urlTemplate":"https:\/\/www.4bdistrib.com\/?s={search_term_string}"},"query-input":{"@type":"PropertyValueSpecification","valueRequired":true,"valueName":"search_term_string"}}],"inLanguage":"en-GB"}]}},"_links":{"self":[{"href":"https:\/\/www.4bdistrib.com\/en\/wp-json\/wp\/v2\/product\/5660","targetHints":{"allow":["GET"]}}],"collection":[{"href":"https:\/\/www.4bdistrib.com\/en\/wp-json\/wp\/v2\/product"}],"about":[{"href":"https:\/\/www.4bdistrib.com\/en\/wp-json\/wp\/v2\/types\/product"}],"wp:featuredmedia":[{"embeddable":true,"href":"https:\/\/www.4bdistrib.com\/en\/wp-json\/wp\/v2\/media\/5661"}],"wp:attachment":[{"href":"https:\/\/www.4bdistrib.com\/en\/wp-json\/wp\/v2\/media?parent=5660"}],"wp:term":[{"taxonomy":"product_brand","embeddable":true,"href":"https:\/\/www.4bdistrib.com\/en\/wp-json\/wp\/v2\/product_brand?post=5660"},{"taxonomy":"product_cat","embeddable":true,"href":"https:\/\/www.4bdistrib.com\/en\/wp-json\/wp\/v2\/product_cat?post=5660"},{"taxonomy":"product_tag","embeddable":true,"href":"https:\/\/www.4bdistrib.com\/en\/wp-json\/wp\/v2\/product_tag?post=5660"}],"curies":[{"name":"wp","href":"https:\/\/api.w.org\/{rel}","templated":true}]}}