{"id":5725,"date":"2021-04-14T10:34:05","date_gmt":"2021-04-14T08:34:05","guid":{"rendered":"https:\/\/www.4bdistrib.com\/?post_type=product&#038;p=5725"},"modified":"2021-04-30T10:08:15","modified_gmt":"2021-04-30T08:08:15","slug":"pulverisateur-a-pression-prealable-foamer-venus","status":"publish","type":"product","link":"https:\/\/www.4bdistrib.com\/en\/produits\/mousseurs\/mousseurs-a-pression-prealable\/foamer-venus\/pulverisateur-a-pression-prealable-foamer-venus\/","title":{"rendered":"FOAMER VENUS Pre-Pressure Frother"},"content":{"rendered":"<p>The <strong>FOAMER VENUS pre-pressure foamer<\/strong> est\u00a0fabriqu\u00e9 avec des mat\u00e9riaux r\u00e9sistants, en joints viton pour r\u00e9sister aux produits acides pr\u00e9sents dans la majorit\u00e9 des produits dans le milieu de l&#8217;industrie, de l&#8217;automobile, l&#8217;hygi\u00e8ne&#8230;<\/p>\n<p>the <strong>FOAMER VENUS Frother<\/strong> est \u00e9quip\u00e9 d&#8217;une buse sp\u00e9cialement con\u00e7ue pour cr\u00e9er une mousse \u00e9paisse, et d&#8217;une bague de renfort pour la stabilisation et la protection de base contre les dommages visibles.<\/p>\n<p>A level indicator is visible to monitor the product level.<\/p>\n<p><strong>The FOAMER VENUS pre-pressure frother<\/strong> is ideal for exterior automobile cleaning (bodywork, rims, engine, etc.), cleaning of collective environments (toilets, sinks, etc.)...<\/p>","protected":false},"excerpt":{"rendered":"<ul>\n<li>Pulv\u00e9risateur &#8220;sp\u00e9cial mousse&#8221;<\/li>\n<li>Capacity: 2 L<\/li>\n<li>Viton seals resistant to acid products<\/li>\n<li>Dry, thick foam<\/li>\n<li>Relief valve<\/li>\n<\/ul>\n<p>&nbsp;<\/p>","protected":false},"featured_media":5726,"template":"","meta":{"_exactmetrics_skip_tracking":false,"_exactmetrics_sitenote_active":false,"_exactmetrics_sitenote_note":"","_exactmetrics_sitenote_category":0},"product_brand":[],"product_cat":[320,340,364],"product_tag":[],"class_list":{"0":"post-5725","1":"product","2":"type-product","3":"status-publish","4":"has-post-thumbnail","6":"product_cat-mousseurs","7":"product_cat-mousseurs-a-pression-prealable","8":"product_cat-foamer-venus","10":"first","11":"instock","12":"shipping-taxable","13":"product-type-simple"},"yoast_head":"<!-- This site is optimized with the Yoast SEO plugin v27.2 - https:\/\/yoast.com\/product\/yoast-seo-wordpress\/ -->\n<title>Pulv\u00e9risateur \u00e0 pression pr\u00e9alable Foamer Venus - 4B DISTRIB<\/title>\n<meta name=\"description\" content=\"Pulv\u00e9risateur \u00e0 pression pr\u00e9alable sp\u00e9cial mousse, Capacit\u00e9 2L, Joints viton r\u00e9sistants aux produits de nettoyage acides, Indicateur de niveau de produit.\" \/>\n<meta name=\"robots\" content=\"index, follow, max-snippet:-1, max-image-preview:large, max-video-preview:-1\" \/>\n<link rel=\"canonical\" href=\"https:\/\/www.4bdistrib.com\/en\/produits\/mousseurs\/mousseurs-a-pression-prealable\/foamer-venus\/pulverisateur-a-pression-prealable-foamer-venus\/\" \/>\n<meta property=\"og:locale\" content=\"en_GB\" \/>\n<meta property=\"og:type\" content=\"article\" \/>\n<meta property=\"og:title\" content=\"Pulv\u00e9risateur \u00e0 pression pr\u00e9alable Foamer Venus - 4B DISTRIB\" \/>\n<meta property=\"og:description\" content=\"Pulv\u00e9risateur \u00e0 pression pr\u00e9alable sp\u00e9cial mousse, Capacit\u00e9 2L, Joints viton r\u00e9sistants aux produits de nettoyage acides, Indicateur de niveau de produit.\" \/>\n<meta property=\"og:url\" content=\"https:\/\/www.4bdistrib.com\/en\/produits\/mousseurs\/mousseurs-a-pression-prealable\/foamer-venus\/pulverisateur-a-pression-prealable-foamer-venus\/\" \/>\n<meta property=\"og:site_name\" content=\"4B DISTRIB\" \/>\n<meta property=\"article:modified_time\" content=\"2021-04-30T08:08:15+00:00\" \/>\n<meta property=\"og:image\" content=\"https:\/\/www.4bdistrib.com\/wp-content\/uploads\/2018\/05\/pulverisateur-a-pression-prealable-venus-foamer.jpg\" \/>\n\t<meta property=\"og:image:width\" content=\"720\" \/>\n\t<meta property=\"og:image:height\" content=\"660\" \/>\n\t<meta property=\"og:image:type\" content=\"image\/jpeg\" \/>\n<meta name=\"twitter:card\" content=\"summary_large_image\" \/>\n<meta name=\"twitter:label1\" content=\"Estimated reading time\" \/>\n\t<meta name=\"twitter:data1\" content=\"1 minute\" \/>\n<script type=\"application\/ld+json\" class=\"yoast-schema-graph\">{\"@context\":\"https:\/\/schema.org\",\"@graph\":[{\"@type\":\"WebPage\",\"@id\":\"https:\/\/www.4bdistrib.com\/produits\/mousseurs\/mousseurs-a-pression-prealable\/foamer-venus\/pulverisateur-a-pression-prealable-foamer-venus\/\",\"url\":\"https:\/\/www.4bdistrib.com\/produits\/mousseurs\/mousseurs-a-pression-prealable\/foamer-venus\/pulverisateur-a-pression-prealable-foamer-venus\/\",\"name\":\"Pulv\u00e9risateur \u00e0 pression pr\u00e9alable Foamer Venus - 4B DISTRIB\",\"isPartOf\":{\"@id\":\"https:\/\/www.4bdistrib.com\/#website\"},\"primaryImageOfPage\":{\"@id\":\"https:\/\/www.4bdistrib.com\/produits\/mousseurs\/mousseurs-a-pression-prealable\/foamer-venus\/pulverisateur-a-pression-prealable-foamer-venus\/#primaryimage\"},\"image\":{\"@id\":\"https:\/\/www.4bdistrib.com\/produits\/mousseurs\/mousseurs-a-pression-prealable\/foamer-venus\/pulverisateur-a-pression-prealable-foamer-venus\/#primaryimage\"},\"thumbnailUrl\":\"https:\/\/www.4bdistrib.com\/wp-content\/uploads\/2018\/05\/pulverisateur-a-pression-prealable-venus-foamer.jpg\",\"datePublished\":\"2021-04-14T08:34:05+00:00\",\"dateModified\":\"2021-04-30T08:08:15+00:00\",\"description\":\"Pulv\u00e9risateur \u00e0 pression pr\u00e9alable sp\u00e9cial mousse, Capacit\u00e9 2L, Joints viton r\u00e9sistants aux produits de nettoyage acides, Indicateur de niveau de produit.\",\"breadcrumb\":{\"@id\":\"https:\/\/www.4bdistrib.com\/produits\/mousseurs\/mousseurs-a-pression-prealable\/foamer-venus\/pulverisateur-a-pression-prealable-foamer-venus\/#breadcrumb\"},\"inLanguage\":\"en-GB\",\"potentialAction\":[{\"@type\":\"ReadAction\",\"target\":[\"https:\/\/www.4bdistrib.com\/produits\/mousseurs\/mousseurs-a-pression-prealable\/foamer-venus\/pulverisateur-a-pression-prealable-foamer-venus\/\"]}]},{\"@type\":\"ImageObject\",\"inLanguage\":\"en-GB\",\"@id\":\"https:\/\/www.4bdistrib.com\/produits\/mousseurs\/mousseurs-a-pression-prealable\/foamer-venus\/pulverisateur-a-pression-prealable-foamer-venus\/#primaryimage\",\"url\":\"https:\/\/www.4bdistrib.com\/wp-content\/uploads\/2018\/05\/pulverisateur-a-pression-prealable-venus-foamer.jpg\",\"contentUrl\":\"https:\/\/www.4bdistrib.com\/wp-content\/uploads\/2018\/05\/pulverisateur-a-pression-prealable-venus-foamer.jpg\",\"width\":720,\"height\":660,\"caption\":\"Pulv\u00e9risateur \u00e0 pression pr\u00e9alable Venus Foamer - Mousseur\"},{\"@type\":\"BreadcrumbList\",\"@id\":\"https:\/\/www.4bdistrib.com\/produits\/mousseurs\/mousseurs-a-pression-prealable\/foamer-venus\/pulverisateur-a-pression-prealable-foamer-venus\/#breadcrumb\",\"itemListElement\":[{\"@type\":\"ListItem\",\"position\":1,\"name\":\"Home\",\"item\":\"https:\/\/www.4bdistrib.com\/\"},{\"@type\":\"ListItem\",\"position\":2,\"name\":\"Produits\",\"item\":\"https:\/\/www.4bdistrib.com\/produits\/\"},{\"@type\":\"ListItem\",\"position\":3,\"name\":\"Mousseur \u00e0 Pression Pr\u00e9alable FOAMER VENUS\"}]},{\"@type\":\"WebSite\",\"@id\":\"https:\/\/www.4bdistrib.com\/#website\",\"url\":\"https:\/\/www.4bdistrib.com\/\",\"name\":\"4B DISTRIB\",\"description\":\"Equipements Conseils Services\",\"potentialAction\":[{\"@type\":\"SearchAction\",\"target\":{\"@type\":\"EntryPoint\",\"urlTemplate\":\"https:\/\/www.4bdistrib.com\/?s={search_term_string}\"},\"query-input\":{\"@type\":\"PropertyValueSpecification\",\"valueRequired\":true,\"valueName\":\"search_term_string\"}}],\"inLanguage\":\"en-GB\"}]}<\/script>\n<!-- \/ Yoast SEO plugin. -->","yoast_head_json":{"title":"Pulv\u00e9risateur \u00e0 pression pr\u00e9alable Foamer Venus - 4B DISTRIB","description":"Pulv\u00e9risateur \u00e0 pression pr\u00e9alable sp\u00e9cial mousse, Capacit\u00e9 2L, Joints viton r\u00e9sistants aux produits de nettoyage acides, Indicateur de niveau de produit.","robots":{"index":"index","follow":"follow","max-snippet":"max-snippet:-1","max-image-preview":"max-image-preview:large","max-video-preview":"max-video-preview:-1"},"canonical":"https:\/\/www.4bdistrib.com\/en\/produits\/mousseurs\/mousseurs-a-pression-prealable\/foamer-venus\/pulverisateur-a-pression-prealable-foamer-venus\/","og_locale":"en_GB","og_type":"article","og_title":"Pulv\u00e9risateur \u00e0 pression pr\u00e9alable Foamer Venus - 4B DISTRIB","og_description":"Pulv\u00e9risateur \u00e0 pression pr\u00e9alable sp\u00e9cial mousse, Capacit\u00e9 2L, Joints viton r\u00e9sistants aux produits de nettoyage acides, Indicateur de niveau de produit.","og_url":"https:\/\/www.4bdistrib.com\/en\/produits\/mousseurs\/mousseurs-a-pression-prealable\/foamer-venus\/pulverisateur-a-pression-prealable-foamer-venus\/","og_site_name":"4B DISTRIB","article_modified_time":"2021-04-30T08:08:15+00:00","og_image":[{"width":720,"height":660,"url":"https:\/\/www.4bdistrib.com\/wp-content\/uploads\/2018\/05\/pulverisateur-a-pression-prealable-venus-foamer.jpg","type":"image\/jpeg"}],"twitter_card":"summary_large_image","twitter_misc":{"Estimated reading time":"1 minute"},"schema":{"@context":"https:\/\/schema.org","@graph":[{"@type":"WebPage","@id":"https:\/\/www.4bdistrib.com\/produits\/mousseurs\/mousseurs-a-pression-prealable\/foamer-venus\/pulverisateur-a-pression-prealable-foamer-venus\/","url":"https:\/\/www.4bdistrib.com\/produits\/mousseurs\/mousseurs-a-pression-prealable\/foamer-venus\/pulverisateur-a-pression-prealable-foamer-venus\/","name":"Pulv\u00e9risateur \u00e0 pression pr\u00e9alable Foamer Venus - 4B DISTRIB","isPartOf":{"@id":"https:\/\/www.4bdistrib.com\/#website"},"primaryImageOfPage":{"@id":"https:\/\/www.4bdistrib.com\/produits\/mousseurs\/mousseurs-a-pression-prealable\/foamer-venus\/pulverisateur-a-pression-prealable-foamer-venus\/#primaryimage"},"image":{"@id":"https:\/\/www.4bdistrib.com\/produits\/mousseurs\/mousseurs-a-pression-prealable\/foamer-venus\/pulverisateur-a-pression-prealable-foamer-venus\/#primaryimage"},"thumbnailUrl":"https:\/\/www.4bdistrib.com\/wp-content\/uploads\/2018\/05\/pulverisateur-a-pression-prealable-venus-foamer.jpg","datePublished":"2021-04-14T08:34:05+00:00","dateModified":"2021-04-30T08:08:15+00:00","description":"Pulv\u00e9risateur \u00e0 pression pr\u00e9alable sp\u00e9cial mousse, Capacit\u00e9 2L, Joints viton r\u00e9sistants aux produits de nettoyage acides, Indicateur de niveau de produit.","breadcrumb":{"@id":"https:\/\/www.4bdistrib.com\/produits\/mousseurs\/mousseurs-a-pression-prealable\/foamer-venus\/pulverisateur-a-pression-prealable-foamer-venus\/#breadcrumb"},"inLanguage":"en-GB","potentialAction":[{"@type":"ReadAction","target":["https:\/\/www.4bdistrib.com\/produits\/mousseurs\/mousseurs-a-pression-prealable\/foamer-venus\/pulverisateur-a-pression-prealable-foamer-venus\/"]}]},{"@type":"ImageObject","inLanguage":"en-GB","@id":"https:\/\/www.4bdistrib.com\/produits\/mousseurs\/mousseurs-a-pression-prealable\/foamer-venus\/pulverisateur-a-pression-prealable-foamer-venus\/#primaryimage","url":"https:\/\/www.4bdistrib.com\/wp-content\/uploads\/2018\/05\/pulverisateur-a-pression-prealable-venus-foamer.jpg","contentUrl":"https:\/\/www.4bdistrib.com\/wp-content\/uploads\/2018\/05\/pulverisateur-a-pression-prealable-venus-foamer.jpg","width":720,"height":660,"caption":"Pulv\u00e9risateur \u00e0 pression pr\u00e9alable Venus Foamer - Mousseur"},{"@type":"BreadcrumbList","@id":"https:\/\/www.4bdistrib.com\/produits\/mousseurs\/mousseurs-a-pression-prealable\/foamer-venus\/pulverisateur-a-pression-prealable-foamer-venus\/#breadcrumb","itemListElement":[{"@type":"ListItem","position":1,"name":"Home","item":"https:\/\/www.4bdistrib.com\/"},{"@type":"ListItem","position":2,"name":"Produits","item":"https:\/\/www.4bdistrib.com\/produits\/"},{"@type":"ListItem","position":3,"name":"Mousseur \u00e0 Pression Pr\u00e9alable FOAMER VENUS"}]},{"@type":"WebSite","@id":"https:\/\/www.4bdistrib.com\/#website","url":"https:\/\/www.4bdistrib.com\/","name":"4B DISTRIB","description":"Equipements Conseils Services","potentialAction":[{"@type":"SearchAction","target":{"@type":"EntryPoint","urlTemplate":"https:\/\/www.4bdistrib.com\/?s={search_term_string}"},"query-input":{"@type":"PropertyValueSpecification","valueRequired":true,"valueName":"search_term_string"}}],"inLanguage":"en-GB"}]}},"_links":{"self":[{"href":"https:\/\/www.4bdistrib.com\/en\/wp-json\/wp\/v2\/product\/5725","targetHints":{"allow":["GET"]}}],"collection":[{"href":"https:\/\/www.4bdistrib.com\/en\/wp-json\/wp\/v2\/product"}],"about":[{"href":"https:\/\/www.4bdistrib.com\/en\/wp-json\/wp\/v2\/types\/product"}],"wp:featuredmedia":[{"embeddable":true,"href":"https:\/\/www.4bdistrib.com\/en\/wp-json\/wp\/v2\/media\/5726"}],"wp:attachment":[{"href":"https:\/\/www.4bdistrib.com\/en\/wp-json\/wp\/v2\/media?parent=5725"}],"wp:term":[{"taxonomy":"product_brand","embeddable":true,"href":"https:\/\/www.4bdistrib.com\/en\/wp-json\/wp\/v2\/product_brand?post=5725"},{"taxonomy":"product_cat","embeddable":true,"href":"https:\/\/www.4bdistrib.com\/en\/wp-json\/wp\/v2\/product_cat?post=5725"},{"taxonomy":"product_tag","embeddable":true,"href":"https:\/\/www.4bdistrib.com\/en\/wp-json\/wp\/v2\/product_tag?post=5725"}],"curies":[{"name":"wp","href":"https:\/\/api.w.org\/{rel}","templated":true}]}}