{"id":5731,"date":"2021-04-27T11:32:31","date_gmt":"2021-04-27T09:32:31","guid":{"rendered":"https:\/\/www.4bdistrib.com\/?post_type=product&#038;p=5731"},"modified":"2021-04-30T10:23:40","modified_gmt":"2021-04-30T08:23:40","slug":"aspirateurs-professionnel-3-moteurs-cuve-inox","status":"publish","type":"product","link":"https:\/\/www.4bdistrib.com\/en\/produits\/aspirateurs\/aspirateurs-eau-et-poussieres\/aspirateurs-3-moteurs\/professional-vacuum-cleaners-3-motors-inox-tank\/","title":{"rendered":"Professional vacuum cleaner 3 motors \u2013 Stainless steel tank"},"content":{"rendered":"<p>L&#8217;<strong>Professional Vacuum Cleaner 3 Motors<\/strong> Made of stainless steel, it is resistant to corrosion and dirt deposits.<\/p>\n<p>With a power of 3500 W and a 62 L tank, this <strong>professional vacuum cleaner<\/strong> is the most powerful in our range.<\/p>\n<p>Gr\u00e2ce \u00e0 ses roues pivotantes, cet aspirateur permet de se d\u00e9placer facilement. Il est \u00e9galement \u00e9quip\u00e9 d&#8217;un tuyau permettant d&#8217;effectuer la vidange.<\/p>\n<p><a href=\"https:\/\/www.4bdistrib.com\/wp-content\/uploads\/2018\/05\/tuyau-vidange-aspirateur-3moteurs-inox.jpg\"><img loading=\"lazy\" decoding=\"async\" class=\"alignnone size-full wp-image-5745\" src=\"https:\/\/www.4bdistrib.com\/wp-content\/uploads\/2018\/05\/tuyau-vidange-aspirateur-3moteurs-inox.jpg\" alt=\"Drain hose, Vacuum cleaner 3 stainless steel motors\" width=\"400\" height=\"191\" srcset=\"https:\/\/www.4bdistrib.com\/wp-content\/uploads\/2018\/05\/tuyau-vidange-aspirateur-3moteurs-inox.jpg 400w, https:\/\/www.4bdistrib.com\/wp-content\/uploads\/2018\/05\/tuyau-vidange-aspirateur-3moteurs-inox-300x143.jpg 300w\" sizes=\"auto, (max-width: 400px) 100vw, 400px\" \/><\/a><\/p>\n<p>L&#8217;<strong>vacuum cleaner 3 motors<\/strong> comes with:<\/p>\n<ul>\n<li>A <a href=\"https:\/\/www.4bdistrib.com\/en\/produits\/aspirateurs\/aspirateurs-eau-et-poussieres\/aspirateurs-3-moteurs\/tuyau-pour-aspirateur-professionnel-2-5m-diametre-38\/\">2.5 meter pipe \u00d838<\/a><\/li>\n<li>A <a href=\"https:\/\/www.4bdistrib.com\/en\/produits\/aspirateurs\/aspirateurs-eau-et-poussieres\/aspirateurs-3-moteurs\/round-brush-professional-vacuum-cleaner-diameter-38\/\">round brush \u00d838<\/a><\/li>\n<li>A <a href=\"https:\/\/www.4bdistrib.com\/en\/produits\/aspirateurs\/aspirateurs-eau-et-poussieres\/aspirateurs-3-moteurs\/crevice-tool-for-professional-vacuum-cleaner-diameter-38\/\">crevice tool \u00d838<\/a><\/li>\n<\/ul>\n<p>&nbsp;<\/p>\n<p><em>Model also available with <a href=\"https:\/\/www.4bdistrib.com\/en\/produits\/aspirateurs\/aspirateurs-eau-et-poussieres\/aspirateurs-3-moteurs\/aspirateur-pro-3-moteurs-cuve-plastique\/\">plastic tank<\/a>.<\/em><\/p>","protected":false},"excerpt":{"rendered":"<ul>\n<li>Professional vacuum cleaner with 3 motors<\/li>\n<li>Max power: 3500 W<\/li>\n<li>Air sucked in: 710 m\u00b3\/h<\/li>\n<li>Tank: stainless steel<\/li>\n<li>Integrated drain<\/li>\n<\/ul>\n<p>&nbsp;<\/p>","protected":false},"featured_media":5742,"template":"","meta":{"_exactmetrics_skip_tracking":false,"_exactmetrics_sitenote_active":false,"_exactmetrics_sitenote_note":"","_exactmetrics_sitenote_category":0},"product_brand":[],"product_cat":[368,372,369],"product_tag":[],"class_list":{"0":"post-5731","1":"product","2":"type-product","3":"status-publish","4":"has-post-thumbnail","6":"product_cat-aspirateurs","7":"product_cat-aspirateurs-3-moteurs","8":"product_cat-aspirateurs-eau-et-poussieres","10":"first","11":"instock","12":"shipping-taxable","13":"product-type-simple"},"yoast_head":"<!-- This site is optimized with the Yoast SEO plugin v27.2 - https:\/\/yoast.com\/product\/yoast-seo-wordpress\/ -->\n<title>Aspirateur Professionnel 3 moteurs, Cuve Inox - 4B DISTRIB<\/title>\n<meta name=\"description\" content=\"Aspirateur professionnel avec 3 moteurs, Cuve en inox, Puissance max 3500W, D\u00e9bit d&#039;air 710 m3\/h, R\u00e9servoir 62l, D\u00e9pression eau 2230 mm.\" \/>\n<meta name=\"robots\" content=\"index, follow, max-snippet:-1, max-image-preview:large, max-video-preview:-1\" \/>\n<link rel=\"canonical\" href=\"https:\/\/www.4bdistrib.com\/en\/produits\/aspirateurs\/aspirateurs-eau-et-poussieres\/aspirateurs-3-moteurs\/professional-vacuum-cleaners-3-motors-inox-tank\/\" \/>\n<meta property=\"og:locale\" content=\"en_GB\" \/>\n<meta property=\"og:type\" content=\"article\" \/>\n<meta property=\"og:title\" content=\"Aspirateur Professionnel 3 moteurs, Cuve Inox - 4B DISTRIB\" \/>\n<meta property=\"og:description\" content=\"Aspirateur professionnel avec 3 moteurs, Cuve en inox, Puissance max 3500W, D\u00e9bit d&#039;air 710 m3\/h, R\u00e9servoir 62l, D\u00e9pression eau 2230 mm.\" \/>\n<meta property=\"og:url\" content=\"https:\/\/www.4bdistrib.com\/en\/produits\/aspirateurs\/aspirateurs-eau-et-poussieres\/aspirateurs-3-moteurs\/professional-vacuum-cleaners-3-motors-inox-tank\/\" \/>\n<meta property=\"og:site_name\" content=\"4B DISTRIB\" \/>\n<meta property=\"article:modified_time\" content=\"2021-04-30T08:23:40+00:00\" \/>\n<meta property=\"og:image\" content=\"https:\/\/www.4bdistrib.com\/wp-content\/uploads\/2018\/05\/aspirateur-3-moteurs-en-inox-cuve-inox.jpg\" \/>\n\t<meta property=\"og:image:width\" content=\"720\" \/>\n\t<meta property=\"og:image:height\" content=\"660\" \/>\n\t<meta property=\"og:image:type\" content=\"image\/jpeg\" \/>\n<meta name=\"twitter:card\" content=\"summary_large_image\" \/>\n<script type=\"application\/ld+json\" class=\"yoast-schema-graph\">{\"@context\":\"https:\/\/schema.org\",\"@graph\":[{\"@type\":\"WebPage\",\"@id\":\"https:\/\/www.4bdistrib.com\/produits\/aspirateurs\/aspirateurs-eau-et-poussieres\/aspirateurs-3-moteurs\/aspirateurs-professionnel-3-moteurs-cuve-inox\/\",\"url\":\"https:\/\/www.4bdistrib.com\/produits\/aspirateurs\/aspirateurs-eau-et-poussieres\/aspirateurs-3-moteurs\/aspirateurs-professionnel-3-moteurs-cuve-inox\/\",\"name\":\"Aspirateur Professionnel 3 moteurs, Cuve Inox - 4B DISTRIB\",\"isPartOf\":{\"@id\":\"https:\/\/www.4bdistrib.com\/#website\"},\"primaryImageOfPage\":{\"@id\":\"https:\/\/www.4bdistrib.com\/produits\/aspirateurs\/aspirateurs-eau-et-poussieres\/aspirateurs-3-moteurs\/aspirateurs-professionnel-3-moteurs-cuve-inox\/#primaryimage\"},\"image\":{\"@id\":\"https:\/\/www.4bdistrib.com\/produits\/aspirateurs\/aspirateurs-eau-et-poussieres\/aspirateurs-3-moteurs\/aspirateurs-professionnel-3-moteurs-cuve-inox\/#primaryimage\"},\"thumbnailUrl\":\"https:\/\/www.4bdistrib.com\/wp-content\/uploads\/2018\/05\/aspirateur-3-moteurs-en-inox-cuve-inox.jpg\",\"datePublished\":\"2021-04-27T09:32:31+00:00\",\"dateModified\":\"2021-04-30T08:23:40+00:00\",\"description\":\"Aspirateur professionnel avec 3 moteurs, Cuve en inox, Puissance max 3500W, D\u00e9bit d'air 710 m3\/h, R\u00e9servoir 62l, D\u00e9pression eau 2230 mm.\",\"breadcrumb\":{\"@id\":\"https:\/\/www.4bdistrib.com\/produits\/aspirateurs\/aspirateurs-eau-et-poussieres\/aspirateurs-3-moteurs\/aspirateurs-professionnel-3-moteurs-cuve-inox\/#breadcrumb\"},\"inLanguage\":\"en-GB\",\"potentialAction\":[{\"@type\":\"ReadAction\",\"target\":[\"https:\/\/www.4bdistrib.com\/produits\/aspirateurs\/aspirateurs-eau-et-poussieres\/aspirateurs-3-moteurs\/aspirateurs-professionnel-3-moteurs-cuve-inox\/\"]}]},{\"@type\":\"ImageObject\",\"inLanguage\":\"en-GB\",\"@id\":\"https:\/\/www.4bdistrib.com\/produits\/aspirateurs\/aspirateurs-eau-et-poussieres\/aspirateurs-3-moteurs\/aspirateurs-professionnel-3-moteurs-cuve-inox\/#primaryimage\",\"url\":\"https:\/\/www.4bdistrib.com\/wp-content\/uploads\/2018\/05\/aspirateur-3-moteurs-en-inox-cuve-inox.jpg\",\"contentUrl\":\"https:\/\/www.4bdistrib.com\/wp-content\/uploads\/2018\/05\/aspirateur-3-moteurs-en-inox-cuve-inox.jpg\",\"width\":720,\"height\":660,\"caption\":\"Aspirateur professionnel 3 moteurs en Inox - Cuve Inox\"},{\"@type\":\"BreadcrumbList\",\"@id\":\"https:\/\/www.4bdistrib.com\/produits\/aspirateurs\/aspirateurs-eau-et-poussieres\/aspirateurs-3-moteurs\/aspirateurs-professionnel-3-moteurs-cuve-inox\/#breadcrumb\",\"itemListElement\":[{\"@type\":\"ListItem\",\"position\":1,\"name\":\"Home\",\"item\":\"https:\/\/www.4bdistrib.com\/\"},{\"@type\":\"ListItem\",\"position\":2,\"name\":\"Produits\",\"item\":\"https:\/\/www.4bdistrib.com\/produits\/\"},{\"@type\":\"ListItem\",\"position\":3,\"name\":\"Aspirateur Professionnel 3 moteurs &#8211; Cuve Inox\"}]},{\"@type\":\"WebSite\",\"@id\":\"https:\/\/www.4bdistrib.com\/#website\",\"url\":\"https:\/\/www.4bdistrib.com\/\",\"name\":\"4B DISTRIB\",\"description\":\"Equipements Conseils Services\",\"potentialAction\":[{\"@type\":\"SearchAction\",\"target\":{\"@type\":\"EntryPoint\",\"urlTemplate\":\"https:\/\/www.4bdistrib.com\/?s={search_term_string}\"},\"query-input\":{\"@type\":\"PropertyValueSpecification\",\"valueRequired\":true,\"valueName\":\"search_term_string\"}}],\"inLanguage\":\"en-GB\"}]}<\/script>\n<!-- \/ Yoast SEO plugin. -->","yoast_head_json":{"title":"Professional vacuum cleaner with 3 motors, stainless steel tank - 4B DISTRIB","description":"Professional vacuum cleaner with 3 motors, Stainless steel tank, Max power 3500W, Air flow 710 m3\/h, 62l tank, Water depression 2230 mm.","robots":{"index":"index","follow":"follow","max-snippet":"max-snippet:-1","max-image-preview":"max-image-preview:large","max-video-preview":"max-video-preview:-1"},"canonical":"https:\/\/www.4bdistrib.com\/en\/produits\/aspirateurs\/aspirateurs-eau-et-poussieres\/aspirateurs-3-moteurs\/professional-vacuum-cleaners-3-motors-inox-tank\/","og_locale":"en_GB","og_type":"article","og_title":"Aspirateur Professionnel 3 moteurs, Cuve Inox - 4B DISTRIB","og_description":"Aspirateur professionnel avec 3 moteurs, Cuve en inox, Puissance max 3500W, D\u00e9bit d'air 710 m3\/h, R\u00e9servoir 62l, D\u00e9pression eau 2230 mm.","og_url":"https:\/\/www.4bdistrib.com\/en\/produits\/aspirateurs\/aspirateurs-eau-et-poussieres\/aspirateurs-3-moteurs\/professional-vacuum-cleaners-3-motors-inox-tank\/","og_site_name":"4B DISTRIB","article_modified_time":"2021-04-30T08:23:40+00:00","og_image":[{"width":720,"height":660,"url":"https:\/\/www.4bdistrib.com\/wp-content\/uploads\/2018\/05\/aspirateur-3-moteurs-en-inox-cuve-inox.jpg","type":"image\/jpeg"}],"twitter_card":"summary_large_image","schema":{"@context":"https:\/\/schema.org","@graph":[{"@type":"WebPage","@id":"https:\/\/www.4bdistrib.com\/produits\/aspirateurs\/aspirateurs-eau-et-poussieres\/aspirateurs-3-moteurs\/aspirateurs-professionnel-3-moteurs-cuve-inox\/","url":"https:\/\/www.4bdistrib.com\/produits\/aspirateurs\/aspirateurs-eau-et-poussieres\/aspirateurs-3-moteurs\/aspirateurs-professionnel-3-moteurs-cuve-inox\/","name":"Professional vacuum cleaner with 3 motors, stainless steel tank - 4B DISTRIB","isPartOf":{"@id":"https:\/\/www.4bdistrib.com\/#website"},"primaryImageOfPage":{"@id":"https:\/\/www.4bdistrib.com\/produits\/aspirateurs\/aspirateurs-eau-et-poussieres\/aspirateurs-3-moteurs\/aspirateurs-professionnel-3-moteurs-cuve-inox\/#primaryimage"},"image":{"@id":"https:\/\/www.4bdistrib.com\/produits\/aspirateurs\/aspirateurs-eau-et-poussieres\/aspirateurs-3-moteurs\/aspirateurs-professionnel-3-moteurs-cuve-inox\/#primaryimage"},"thumbnailUrl":"https:\/\/www.4bdistrib.com\/wp-content\/uploads\/2018\/05\/aspirateur-3-moteurs-en-inox-cuve-inox.jpg","datePublished":"2021-04-27T09:32:31+00:00","dateModified":"2021-04-30T08:23:40+00:00","description":"Professional vacuum cleaner with 3 motors, Stainless steel tank, Max power 3500W, Air flow 710 m3\/h, 62l tank, Water depression 2230 mm.","breadcrumb":{"@id":"https:\/\/www.4bdistrib.com\/produits\/aspirateurs\/aspirateurs-eau-et-poussieres\/aspirateurs-3-moteurs\/aspirateurs-professionnel-3-moteurs-cuve-inox\/#breadcrumb"},"inLanguage":"en-GB","potentialAction":[{"@type":"ReadAction","target":["https:\/\/www.4bdistrib.com\/produits\/aspirateurs\/aspirateurs-eau-et-poussieres\/aspirateurs-3-moteurs\/aspirateurs-professionnel-3-moteurs-cuve-inox\/"]}]},{"@type":"ImageObject","inLanguage":"en-GB","@id":"https:\/\/www.4bdistrib.com\/produits\/aspirateurs\/aspirateurs-eau-et-poussieres\/aspirateurs-3-moteurs\/aspirateurs-professionnel-3-moteurs-cuve-inox\/#primaryimage","url":"https:\/\/www.4bdistrib.com\/wp-content\/uploads\/2018\/05\/aspirateur-3-moteurs-en-inox-cuve-inox.jpg","contentUrl":"https:\/\/www.4bdistrib.com\/wp-content\/uploads\/2018\/05\/aspirateur-3-moteurs-en-inox-cuve-inox.jpg","width":720,"height":660,"caption":"Aspirateur professionnel 3 moteurs en Inox - Cuve Inox"},{"@type":"BreadcrumbList","@id":"https:\/\/www.4bdistrib.com\/produits\/aspirateurs\/aspirateurs-eau-et-poussieres\/aspirateurs-3-moteurs\/aspirateurs-professionnel-3-moteurs-cuve-inox\/#breadcrumb","itemListElement":[{"@type":"ListItem","position":1,"name":"Home","item":"https:\/\/www.4bdistrib.com\/"},{"@type":"ListItem","position":2,"name":"Produits","item":"https:\/\/www.4bdistrib.com\/produits\/"},{"@type":"ListItem","position":3,"name":"Aspirateur Professionnel 3 moteurs &#8211; Cuve Inox"}]},{"@type":"WebSite","@id":"https:\/\/www.4bdistrib.com\/#website","url":"https:\/\/www.4bdistrib.com\/","name":"4B DISTRIB","description":"Equipements Conseils Services","potentialAction":[{"@type":"SearchAction","target":{"@type":"EntryPoint","urlTemplate":"https:\/\/www.4bdistrib.com\/?s={search_term_string}"},"query-input":{"@type":"PropertyValueSpecification","valueRequired":true,"valueName":"search_term_string"}}],"inLanguage":"en-GB"}]}},"_links":{"self":[{"href":"https:\/\/www.4bdistrib.com\/en\/wp-json\/wp\/v2\/product\/5731","targetHints":{"allow":["GET"]}}],"collection":[{"href":"https:\/\/www.4bdistrib.com\/en\/wp-json\/wp\/v2\/product"}],"about":[{"href":"https:\/\/www.4bdistrib.com\/en\/wp-json\/wp\/v2\/types\/product"}],"wp:featuredmedia":[{"embeddable":true,"href":"https:\/\/www.4bdistrib.com\/en\/wp-json\/wp\/v2\/media\/5742"}],"wp:attachment":[{"href":"https:\/\/www.4bdistrib.com\/en\/wp-json\/wp\/v2\/media?parent=5731"}],"wp:term":[{"taxonomy":"product_brand","embeddable":true,"href":"https:\/\/www.4bdistrib.com\/en\/wp-json\/wp\/v2\/product_brand?post=5731"},{"taxonomy":"product_cat","embeddable":true,"href":"https:\/\/www.4bdistrib.com\/en\/wp-json\/wp\/v2\/product_cat?post=5731"},{"taxonomy":"product_tag","embeddable":true,"href":"https:\/\/www.4bdistrib.com\/en\/wp-json\/wp\/v2\/product_tag?post=5731"}],"curies":[{"name":"wp","href":"https:\/\/api.w.org\/{rel}","templated":true}]}}