{"id":5857,"date":"2021-04-26T08:42:51","date_gmt":"2021-04-26T06:42:51","guid":{"rendered":"https:\/\/www.4bdistrib.com\/?post_type=product&#038;p=5857"},"modified":"2021-04-30T10:42:23","modified_gmt":"2021-04-30T08:42:23","slug":"pistolet-polisseuse-circulaire-minip3","status":"publish","type":"product","link":"https:\/\/www.4bdistrib.com\/en\/produits\/materiels-et-outillages\/polisseuses-ponceuses\/polisseuses-ponceuses-pneumatiques\/circular-polisher-gun-minip3\/","title":{"rendered":"MINIP3 Circular Polishing Gun"},"content":{"rendered":"<p>Light and compact, the <strong>MINIP3 Circular Polishing Gun<\/strong> est l&#8217;outil id\u00e9al pour le lustrage des optiques de phares, des r\u00e9troviseurs et des endroits difficiles d&#8217;acc\u00e8s.<\/p>\n<p>Vous pouvez y\u00a0fixer diff\u00e9rents pads selon la surface et l&#8217;utilisation.<\/p>","protected":false},"excerpt":{"rendered":"<ul>\n<li>Polisseuse circulaire \u00e0 air comprim\u00e9 3&#8243;<\/li>\n<li>Power: 2500 rpm<\/li>\n<li>Optical polishing of headlights, mirrors<\/li>\n<\/ul>\n<p>&nbsp;<\/p>","protected":false},"featured_media":5859,"template":"","meta":{"_exactmetrics_skip_tracking":false,"_exactmetrics_sitenote_active":false,"_exactmetrics_sitenote_note":"","_exactmetrics_sitenote_category":0},"product_brand":[],"product_cat":[390,404],"product_tag":[],"class_list":{"0":"post-5857","1":"product","2":"type-product","3":"status-publish","4":"has-post-thumbnail","6":"product_cat-materiels-et-outillages","7":"product_cat-polisseuses-ponceuses-pneumatiques","9":"first","10":"instock","11":"shipping-taxable","12":"product-type-simple"},"yoast_head":"<!-- This site is optimized with the Yoast SEO plugin v27.2 - https:\/\/yoast.com\/product\/yoast-seo-wordpress\/ -->\n<title>Pistolet polisseuse circulaire \u00e0 aior comprim\u00e9 MINIP3 - 4B DISTRIB<\/title>\n<meta name=\"description\" content=\"Pistolet polisseuse circulaire sp\u00e9cial optiques de phares, r\u00e9troviseurs, endroits difficilement accessibles, 2500 tours\/min, L\u00e9g\u00e8re et robuste 0,60kg.\" \/>\n<meta name=\"robots\" content=\"index, follow, max-snippet:-1, max-image-preview:large, max-video-preview:-1\" \/>\n<link rel=\"canonical\" href=\"https:\/\/www.4bdistrib.com\/en\/produits\/materiels-et-outillages\/polisseuses-ponceuses\/polisseuses-ponceuses-pneumatiques\/circular-polisher-gun-minip3\/\" \/>\n<meta property=\"og:locale\" content=\"en_GB\" \/>\n<meta property=\"og:type\" content=\"article\" \/>\n<meta property=\"og:title\" content=\"Pistolet polisseuse circulaire \u00e0 aior comprim\u00e9 MINIP3 - 4B DISTRIB\" \/>\n<meta property=\"og:description\" content=\"Pistolet polisseuse circulaire sp\u00e9cial optiques de phares, r\u00e9troviseurs, endroits difficilement accessibles, 2500 tours\/min, L\u00e9g\u00e8re et robuste 0,60kg.\" \/>\n<meta property=\"og:url\" content=\"https:\/\/www.4bdistrib.com\/en\/produits\/materiels-et-outillages\/polisseuses-ponceuses\/polisseuses-ponceuses-pneumatiques\/circular-polisher-gun-minip3\/\" \/>\n<meta property=\"og:site_name\" content=\"4B DISTRIB\" \/>\n<meta property=\"article:modified_time\" content=\"2021-04-30T08:42:23+00:00\" \/>\n<meta property=\"og:image\" content=\"https:\/\/www.4bdistrib.com\/wp-content\/uploads\/2018\/06\/pistolet-polisseuse-circulaire-mini-p3.jpg\" \/>\n\t<meta property=\"og:image:width\" content=\"720\" \/>\n\t<meta property=\"og:image:height\" content=\"660\" \/>\n\t<meta property=\"og:image:type\" content=\"image\/jpeg\" \/>\n<meta name=\"twitter:card\" content=\"summary_large_image\" \/>\n<script type=\"application\/ld+json\" class=\"yoast-schema-graph\">{\"@context\":\"https:\/\/schema.org\",\"@graph\":[{\"@type\":\"WebPage\",\"@id\":\"https:\/\/www.4bdistrib.com\/produits\/materiels-et-outillages\/polisseuses-ponceuses\/polisseuses-ponceuses-pneumatiques\/pistolet-polisseuse-circulaire-minip3\/\",\"url\":\"https:\/\/www.4bdistrib.com\/produits\/materiels-et-outillages\/polisseuses-ponceuses\/polisseuses-ponceuses-pneumatiques\/pistolet-polisseuse-circulaire-minip3\/\",\"name\":\"Pistolet polisseuse circulaire \u00e0 aior comprim\u00e9 MINIP3 - 4B DISTRIB\",\"isPartOf\":{\"@id\":\"https:\/\/www.4bdistrib.com\/#website\"},\"primaryImageOfPage\":{\"@id\":\"https:\/\/www.4bdistrib.com\/produits\/materiels-et-outillages\/polisseuses-ponceuses\/polisseuses-ponceuses-pneumatiques\/pistolet-polisseuse-circulaire-minip3\/#primaryimage\"},\"image\":{\"@id\":\"https:\/\/www.4bdistrib.com\/produits\/materiels-et-outillages\/polisseuses-ponceuses\/polisseuses-ponceuses-pneumatiques\/pistolet-polisseuse-circulaire-minip3\/#primaryimage\"},\"thumbnailUrl\":\"https:\/\/www.4bdistrib.com\/wp-content\/uploads\/2018\/06\/pistolet-polisseuse-circulaire-mini-p3.jpg\",\"datePublished\":\"2021-04-26T06:42:51+00:00\",\"dateModified\":\"2021-04-30T08:42:23+00:00\",\"description\":\"Pistolet polisseuse circulaire sp\u00e9cial optiques de phares, r\u00e9troviseurs, endroits difficilement accessibles, 2500 tours\/min, L\u00e9g\u00e8re et robuste 0,60kg.\",\"breadcrumb\":{\"@id\":\"https:\/\/www.4bdistrib.com\/produits\/materiels-et-outillages\/polisseuses-ponceuses\/polisseuses-ponceuses-pneumatiques\/pistolet-polisseuse-circulaire-minip3\/#breadcrumb\"},\"inLanguage\":\"en-GB\",\"potentialAction\":[{\"@type\":\"ReadAction\",\"target\":[\"https:\/\/www.4bdistrib.com\/produits\/materiels-et-outillages\/polisseuses-ponceuses\/polisseuses-ponceuses-pneumatiques\/pistolet-polisseuse-circulaire-minip3\/\"]}]},{\"@type\":\"ImageObject\",\"inLanguage\":\"en-GB\",\"@id\":\"https:\/\/www.4bdistrib.com\/produits\/materiels-et-outillages\/polisseuses-ponceuses\/polisseuses-ponceuses-pneumatiques\/pistolet-polisseuse-circulaire-minip3\/#primaryimage\",\"url\":\"https:\/\/www.4bdistrib.com\/wp-content\/uploads\/2018\/06\/pistolet-polisseuse-circulaire-mini-p3.jpg\",\"contentUrl\":\"https:\/\/www.4bdistrib.com\/wp-content\/uploads\/2018\/06\/pistolet-polisseuse-circulaire-mini-p3.jpg\",\"width\":720,\"height\":660,\"caption\":\"Pistolet polisseuse circulaire MINIP3\"},{\"@type\":\"BreadcrumbList\",\"@id\":\"https:\/\/www.4bdistrib.com\/produits\/materiels-et-outillages\/polisseuses-ponceuses\/polisseuses-ponceuses-pneumatiques\/pistolet-polisseuse-circulaire-minip3\/#breadcrumb\",\"itemListElement\":[{\"@type\":\"ListItem\",\"position\":1,\"name\":\"Home\",\"item\":\"https:\/\/www.4bdistrib.com\/\"},{\"@type\":\"ListItem\",\"position\":2,\"name\":\"Produits\",\"item\":\"https:\/\/www.4bdistrib.com\/produits\/\"},{\"@type\":\"ListItem\",\"position\":3,\"name\":\"Pistolet Polisseuse Circulaire MINIP3\"}]},{\"@type\":\"WebSite\",\"@id\":\"https:\/\/www.4bdistrib.com\/#website\",\"url\":\"https:\/\/www.4bdistrib.com\/\",\"name\":\"4B DISTRIB\",\"description\":\"Equipements Conseils Services\",\"potentialAction\":[{\"@type\":\"SearchAction\",\"target\":{\"@type\":\"EntryPoint\",\"urlTemplate\":\"https:\/\/www.4bdistrib.com\/?s={search_term_string}\"},\"query-input\":{\"@type\":\"PropertyValueSpecification\",\"valueRequired\":true,\"valueName\":\"search_term_string\"}}],\"inLanguage\":\"en-GB\"}]}<\/script>\n<!-- \/ Yoast SEO plugin. -->","yoast_head_json":{"title":"Circular polishing gun with compressed air MINIP3 - 4B DISTRIB","description":"Circular polishing gun special for headlight optics, rear-view mirrors, hard-to-reach places, 2500 rpm, Light and robust 0.60 kg.","robots":{"index":"index","follow":"follow","max-snippet":"max-snippet:-1","max-image-preview":"max-image-preview:large","max-video-preview":"max-video-preview:-1"},"canonical":"https:\/\/www.4bdistrib.com\/en\/produits\/materiels-et-outillages\/polisseuses-ponceuses\/polisseuses-ponceuses-pneumatiques\/circular-polisher-gun-minip3\/","og_locale":"en_GB","og_type":"article","og_title":"Pistolet polisseuse circulaire \u00e0 aior comprim\u00e9 MINIP3 - 4B DISTRIB","og_description":"Pistolet polisseuse circulaire sp\u00e9cial optiques de phares, r\u00e9troviseurs, endroits difficilement accessibles, 2500 tours\/min, L\u00e9g\u00e8re et robuste 0,60kg.","og_url":"https:\/\/www.4bdistrib.com\/en\/produits\/materiels-et-outillages\/polisseuses-ponceuses\/polisseuses-ponceuses-pneumatiques\/circular-polisher-gun-minip3\/","og_site_name":"4B DISTRIB","article_modified_time":"2021-04-30T08:42:23+00:00","og_image":[{"width":720,"height":660,"url":"https:\/\/www.4bdistrib.com\/wp-content\/uploads\/2018\/06\/pistolet-polisseuse-circulaire-mini-p3.jpg","type":"image\/jpeg"}],"twitter_card":"summary_large_image","schema":{"@context":"https:\/\/schema.org","@graph":[{"@type":"WebPage","@id":"https:\/\/www.4bdistrib.com\/produits\/materiels-et-outillages\/polisseuses-ponceuses\/polisseuses-ponceuses-pneumatiques\/pistolet-polisseuse-circulaire-minip3\/","url":"https:\/\/www.4bdistrib.com\/produits\/materiels-et-outillages\/polisseuses-ponceuses\/polisseuses-ponceuses-pneumatiques\/pistolet-polisseuse-circulaire-minip3\/","name":"Circular polishing gun with compressed air MINIP3 - 4B DISTRIB","isPartOf":{"@id":"https:\/\/www.4bdistrib.com\/#website"},"primaryImageOfPage":{"@id":"https:\/\/www.4bdistrib.com\/produits\/materiels-et-outillages\/polisseuses-ponceuses\/polisseuses-ponceuses-pneumatiques\/pistolet-polisseuse-circulaire-minip3\/#primaryimage"},"image":{"@id":"https:\/\/www.4bdistrib.com\/produits\/materiels-et-outillages\/polisseuses-ponceuses\/polisseuses-ponceuses-pneumatiques\/pistolet-polisseuse-circulaire-minip3\/#primaryimage"},"thumbnailUrl":"https:\/\/www.4bdistrib.com\/wp-content\/uploads\/2018\/06\/pistolet-polisseuse-circulaire-mini-p3.jpg","datePublished":"2021-04-26T06:42:51+00:00","dateModified":"2021-04-30T08:42:23+00:00","description":"Circular polishing gun special for headlight optics, rear-view mirrors, hard-to-reach places, 2500 rpm, Light and robust 0.60 kg.","breadcrumb":{"@id":"https:\/\/www.4bdistrib.com\/produits\/materiels-et-outillages\/polisseuses-ponceuses\/polisseuses-ponceuses-pneumatiques\/pistolet-polisseuse-circulaire-minip3\/#breadcrumb"},"inLanguage":"en-GB","potentialAction":[{"@type":"ReadAction","target":["https:\/\/www.4bdistrib.com\/produits\/materiels-et-outillages\/polisseuses-ponceuses\/polisseuses-ponceuses-pneumatiques\/pistolet-polisseuse-circulaire-minip3\/"]}]},{"@type":"ImageObject","inLanguage":"en-GB","@id":"https:\/\/www.4bdistrib.com\/produits\/materiels-et-outillages\/polisseuses-ponceuses\/polisseuses-ponceuses-pneumatiques\/pistolet-polisseuse-circulaire-minip3\/#primaryimage","url":"https:\/\/www.4bdistrib.com\/wp-content\/uploads\/2018\/06\/pistolet-polisseuse-circulaire-mini-p3.jpg","contentUrl":"https:\/\/www.4bdistrib.com\/wp-content\/uploads\/2018\/06\/pistolet-polisseuse-circulaire-mini-p3.jpg","width":720,"height":660,"caption":"Pistolet polisseuse circulaire MINIP3"},{"@type":"BreadcrumbList","@id":"https:\/\/www.4bdistrib.com\/produits\/materiels-et-outillages\/polisseuses-ponceuses\/polisseuses-ponceuses-pneumatiques\/pistolet-polisseuse-circulaire-minip3\/#breadcrumb","itemListElement":[{"@type":"ListItem","position":1,"name":"Home","item":"https:\/\/www.4bdistrib.com\/"},{"@type":"ListItem","position":2,"name":"Produits","item":"https:\/\/www.4bdistrib.com\/produits\/"},{"@type":"ListItem","position":3,"name":"Pistolet Polisseuse Circulaire MINIP3"}]},{"@type":"WebSite","@id":"https:\/\/www.4bdistrib.com\/#website","url":"https:\/\/www.4bdistrib.com\/","name":"4B DISTRIB","description":"Equipements Conseils Services","potentialAction":[{"@type":"SearchAction","target":{"@type":"EntryPoint","urlTemplate":"https:\/\/www.4bdistrib.com\/?s={search_term_string}"},"query-input":{"@type":"PropertyValueSpecification","valueRequired":true,"valueName":"search_term_string"}}],"inLanguage":"en-GB"}]}},"_links":{"self":[{"href":"https:\/\/www.4bdistrib.com\/en\/wp-json\/wp\/v2\/product\/5857","targetHints":{"allow":["GET"]}}],"collection":[{"href":"https:\/\/www.4bdistrib.com\/en\/wp-json\/wp\/v2\/product"}],"about":[{"href":"https:\/\/www.4bdistrib.com\/en\/wp-json\/wp\/v2\/types\/product"}],"wp:featuredmedia":[{"embeddable":true,"href":"https:\/\/www.4bdistrib.com\/en\/wp-json\/wp\/v2\/media\/5859"}],"wp:attachment":[{"href":"https:\/\/www.4bdistrib.com\/en\/wp-json\/wp\/v2\/media?parent=5857"}],"wp:term":[{"taxonomy":"product_brand","embeddable":true,"href":"https:\/\/www.4bdistrib.com\/en\/wp-json\/wp\/v2\/product_brand?post=5857"},{"taxonomy":"product_cat","embeddable":true,"href":"https:\/\/www.4bdistrib.com\/en\/wp-json\/wp\/v2\/product_cat?post=5857"},{"taxonomy":"product_tag","embeddable":true,"href":"https:\/\/www.4bdistrib.com\/en\/wp-json\/wp\/v2\/product_tag?post=5857"}],"curies":[{"name":"wp","href":"https:\/\/api.w.org\/{rel}","templated":true}]}}