{"id":5976,"date":"2021-04-20T16:03:56","date_gmt":"2021-04-20T14:03:56","guid":{"rendered":"https:\/\/www.4bdistrib.com\/?post_type=product&#038;p=5976"},"modified":"2021-04-30T10:37:02","modified_gmt":"2021-04-30T08:37:02","slug":"spot-led-orientable-360-avec-pieds","status":"publish","type":"product","link":"https:\/\/www.4bdistrib.com\/en\/produits\/lampes-et-rampes-eclairage\/spots\/spots-orientables\/led-spot-adjustable-360-with-feet\/","title":{"rendered":"360\u00b0 Adjustable Led Spotlight with Feet"},"content":{"rendered":"","protected":false},"excerpt":{"rendered":"<ul>\n<li>Brightness: 3000, 1500, 750 lumens depending on intensity<\/li>\n<li>360\u00b0 rotatable<\/li>\n<li>With feet<\/li>\n<\/ul>\n<p>&nbsp;<\/p>","protected":false},"featured_media":5977,"template":"","meta":{"_exactmetrics_skip_tracking":false,"_exactmetrics_sitenote_active":false,"_exactmetrics_sitenote_note":"","_exactmetrics_sitenote_category":0},"product_brand":[],"product_cat":[461,468,457],"product_tag":[],"class_list":{"0":"post-5976","1":"product","2":"type-product","3":"status-publish","4":"has-post-thumbnail","6":"product_cat-lampes-et-rampes-eclairage","7":"product_cat-spots","8":"product_cat-spots-orientables","10":"first","11":"instock","12":"shipping-taxable","13":"product-type-simple"},"yoast_head":"<!-- This site is optimized with the Yoast SEO plugin v27.2 - https:\/\/yoast.com\/product\/yoast-seo-wordpress\/ -->\n<title>Spot Led orientable 360\u00b0 avec pieds, 3 intensit\u00e9s - 4B DISTRIB<\/title>\n<meta name=\"description\" content=\"Spot led orientable avec pieds, 3 intensit\u00e9s (fort, interm\u00e9diaire et faible) de 750 lumens \u00e0 3000 lumens, Batterie lithium-ion. Jusqu&#039;\u00e0 6h d&#039;autonomie.\" \/>\n<meta name=\"robots\" content=\"index, follow, max-snippet:-1, max-image-preview:large, max-video-preview:-1\" \/>\n<link rel=\"canonical\" href=\"https:\/\/www.4bdistrib.com\/en\/produits\/lampes-et-rampes-eclairage\/spots\/spots-orientables\/led-spot-adjustable-360-with-feet\/\" \/>\n<meta property=\"og:locale\" content=\"en_GB\" \/>\n<meta property=\"og:type\" content=\"article\" \/>\n<meta property=\"og:title\" content=\"Spot Led orientable 360\u00b0 avec pieds, 3 intensit\u00e9s - 4B DISTRIB\" \/>\n<meta property=\"og:description\" content=\"Spot led orientable avec pieds, 3 intensit\u00e9s (fort, interm\u00e9diaire et faible) de 750 lumens \u00e0 3000 lumens, Batterie lithium-ion. Jusqu&#039;\u00e0 6h d&#039;autonomie.\" \/>\n<meta property=\"og:url\" content=\"https:\/\/www.4bdistrib.com\/en\/produits\/lampes-et-rampes-eclairage\/spots\/spots-orientables\/led-spot-adjustable-360-with-feet\/\" \/>\n<meta property=\"og:site_name\" content=\"4B DISTRIB\" \/>\n<meta property=\"article:modified_time\" content=\"2021-04-30T08:37:02+00:00\" \/>\n<meta property=\"og:image\" content=\"https:\/\/www.4bdistrib.com\/wp-content\/uploads\/2018\/06\/spot-orientable-360-avec-pieds.jpg\" \/>\n\t<meta property=\"og:image:width\" content=\"720\" \/>\n\t<meta property=\"og:image:height\" content=\"660\" \/>\n\t<meta property=\"og:image:type\" content=\"image\/jpeg\" \/>\n<meta name=\"twitter:card\" content=\"summary_large_image\" \/>\n<script type=\"application\/ld+json\" class=\"yoast-schema-graph\">{\"@context\":\"https:\/\/schema.org\",\"@graph\":[{\"@type\":\"WebPage\",\"@id\":\"https:\/\/www.4bdistrib.com\/produits\/lampes-et-rampes-eclairage\/spots\/spots-orientables\/spot-led-orientable-360-avec-pieds\/\",\"url\":\"https:\/\/www.4bdistrib.com\/produits\/lampes-et-rampes-eclairage\/spots\/spots-orientables\/spot-led-orientable-360-avec-pieds\/\",\"name\":\"Spot Led orientable 360\u00b0 avec pieds, 3 intensit\u00e9s - 4B DISTRIB\",\"isPartOf\":{\"@id\":\"https:\/\/www.4bdistrib.com\/#website\"},\"primaryImageOfPage\":{\"@id\":\"https:\/\/www.4bdistrib.com\/produits\/lampes-et-rampes-eclairage\/spots\/spots-orientables\/spot-led-orientable-360-avec-pieds\/#primaryimage\"},\"image\":{\"@id\":\"https:\/\/www.4bdistrib.com\/produits\/lampes-et-rampes-eclairage\/spots\/spots-orientables\/spot-led-orientable-360-avec-pieds\/#primaryimage\"},\"thumbnailUrl\":\"https:\/\/www.4bdistrib.com\/wp-content\/uploads\/2018\/06\/spot-orientable-360-avec-pieds.jpg\",\"datePublished\":\"2021-04-20T14:03:56+00:00\",\"dateModified\":\"2021-04-30T08:37:02+00:00\",\"description\":\"Spot led orientable avec pieds, 3 intensit\u00e9s (fort, interm\u00e9diaire et faible) de 750 lumens \u00e0 3000 lumens, Batterie lithium-ion. Jusqu'\u00e0 6h d'autonomie.\",\"breadcrumb\":{\"@id\":\"https:\/\/www.4bdistrib.com\/produits\/lampes-et-rampes-eclairage\/spots\/spots-orientables\/spot-led-orientable-360-avec-pieds\/#breadcrumb\"},\"inLanguage\":\"en-GB\",\"potentialAction\":[{\"@type\":\"ReadAction\",\"target\":[\"https:\/\/www.4bdistrib.com\/produits\/lampes-et-rampes-eclairage\/spots\/spots-orientables\/spot-led-orientable-360-avec-pieds\/\"]}]},{\"@type\":\"ImageObject\",\"inLanguage\":\"en-GB\",\"@id\":\"https:\/\/www.4bdistrib.com\/produits\/lampes-et-rampes-eclairage\/spots\/spots-orientables\/spot-led-orientable-360-avec-pieds\/#primaryimage\",\"url\":\"https:\/\/www.4bdistrib.com\/wp-content\/uploads\/2018\/06\/spot-orientable-360-avec-pieds.jpg\",\"contentUrl\":\"https:\/\/www.4bdistrib.com\/wp-content\/uploads\/2018\/06\/spot-orientable-360-avec-pieds.jpg\",\"width\":720,\"height\":660,\"caption\":\"Spot Led orientable 360\u00b0\"},{\"@type\":\"BreadcrumbList\",\"@id\":\"https:\/\/www.4bdistrib.com\/produits\/lampes-et-rampes-eclairage\/spots\/spots-orientables\/spot-led-orientable-360-avec-pieds\/#breadcrumb\",\"itemListElement\":[{\"@type\":\"ListItem\",\"position\":1,\"name\":\"Home\",\"item\":\"https:\/\/www.4bdistrib.com\/\"},{\"@type\":\"ListItem\",\"position\":2,\"name\":\"Produits\",\"item\":\"https:\/\/www.4bdistrib.com\/produits\/\"},{\"@type\":\"ListItem\",\"position\":3,\"name\":\"Spot Led Orientable 360\u00b0 avec Pieds\"}]},{\"@type\":\"WebSite\",\"@id\":\"https:\/\/www.4bdistrib.com\/#website\",\"url\":\"https:\/\/www.4bdistrib.com\/\",\"name\":\"4B DISTRIB\",\"description\":\"Equipements Conseils Services\",\"potentialAction\":[{\"@type\":\"SearchAction\",\"target\":{\"@type\":\"EntryPoint\",\"urlTemplate\":\"https:\/\/www.4bdistrib.com\/?s={search_term_string}\"},\"query-input\":{\"@type\":\"PropertyValueSpecification\",\"valueRequired\":true,\"valueName\":\"search_term_string\"}}],\"inLanguage\":\"en-GB\"}]}<\/script>\n<!-- \/ Yoast SEO plugin. -->","yoast_head_json":{"title":"Led spotlight adjustable 360\u00b0 with feet, 3 intensities - 4B DISTRIB","description":"Adjustable LED spotlight with feet, 3 intensities (high, intermediate and low) from 750 lumens to 3000 lumens, Lithium-ion battery. Up to 6 hours of autonomy.","robots":{"index":"index","follow":"follow","max-snippet":"max-snippet:-1","max-image-preview":"max-image-preview:large","max-video-preview":"max-video-preview:-1"},"canonical":"https:\/\/www.4bdistrib.com\/en\/produits\/lampes-et-rampes-eclairage\/spots\/spots-orientables\/led-spot-adjustable-360-with-feet\/","og_locale":"en_GB","og_type":"article","og_title":"Spot Led orientable 360\u00b0 avec pieds, 3 intensit\u00e9s - 4B DISTRIB","og_description":"Spot led orientable avec pieds, 3 intensit\u00e9s (fort, interm\u00e9diaire et faible) de 750 lumens \u00e0 3000 lumens, Batterie lithium-ion. Jusqu'\u00e0 6h d'autonomie.","og_url":"https:\/\/www.4bdistrib.com\/en\/produits\/lampes-et-rampes-eclairage\/spots\/spots-orientables\/led-spot-adjustable-360-with-feet\/","og_site_name":"4B DISTRIB","article_modified_time":"2021-04-30T08:37:02+00:00","og_image":[{"width":720,"height":660,"url":"https:\/\/www.4bdistrib.com\/wp-content\/uploads\/2018\/06\/spot-orientable-360-avec-pieds.jpg","type":"image\/jpeg"}],"twitter_card":"summary_large_image","schema":{"@context":"https:\/\/schema.org","@graph":[{"@type":"WebPage","@id":"https:\/\/www.4bdistrib.com\/produits\/lampes-et-rampes-eclairage\/spots\/spots-orientables\/spot-led-orientable-360-avec-pieds\/","url":"https:\/\/www.4bdistrib.com\/produits\/lampes-et-rampes-eclairage\/spots\/spots-orientables\/spot-led-orientable-360-avec-pieds\/","name":"Led spotlight adjustable 360\u00b0 with feet, 3 intensities - 4B DISTRIB","isPartOf":{"@id":"https:\/\/www.4bdistrib.com\/#website"},"primaryImageOfPage":{"@id":"https:\/\/www.4bdistrib.com\/produits\/lampes-et-rampes-eclairage\/spots\/spots-orientables\/spot-led-orientable-360-avec-pieds\/#primaryimage"},"image":{"@id":"https:\/\/www.4bdistrib.com\/produits\/lampes-et-rampes-eclairage\/spots\/spots-orientables\/spot-led-orientable-360-avec-pieds\/#primaryimage"},"thumbnailUrl":"https:\/\/www.4bdistrib.com\/wp-content\/uploads\/2018\/06\/spot-orientable-360-avec-pieds.jpg","datePublished":"2021-04-20T14:03:56+00:00","dateModified":"2021-04-30T08:37:02+00:00","description":"Adjustable LED spotlight with feet, 3 intensities (high, intermediate and low) from 750 lumens to 3000 lumens, Lithium-ion battery. Up to 6 hours of autonomy.","breadcrumb":{"@id":"https:\/\/www.4bdistrib.com\/produits\/lampes-et-rampes-eclairage\/spots\/spots-orientables\/spot-led-orientable-360-avec-pieds\/#breadcrumb"},"inLanguage":"en-GB","potentialAction":[{"@type":"ReadAction","target":["https:\/\/www.4bdistrib.com\/produits\/lampes-et-rampes-eclairage\/spots\/spots-orientables\/spot-led-orientable-360-avec-pieds\/"]}]},{"@type":"ImageObject","inLanguage":"en-GB","@id":"https:\/\/www.4bdistrib.com\/produits\/lampes-et-rampes-eclairage\/spots\/spots-orientables\/spot-led-orientable-360-avec-pieds\/#primaryimage","url":"https:\/\/www.4bdistrib.com\/wp-content\/uploads\/2018\/06\/spot-orientable-360-avec-pieds.jpg","contentUrl":"https:\/\/www.4bdistrib.com\/wp-content\/uploads\/2018\/06\/spot-orientable-360-avec-pieds.jpg","width":720,"height":660,"caption":"Spot Led orientable 360\u00b0"},{"@type":"BreadcrumbList","@id":"https:\/\/www.4bdistrib.com\/produits\/lampes-et-rampes-eclairage\/spots\/spots-orientables\/spot-led-orientable-360-avec-pieds\/#breadcrumb","itemListElement":[{"@type":"ListItem","position":1,"name":"Home","item":"https:\/\/www.4bdistrib.com\/"},{"@type":"ListItem","position":2,"name":"Produits","item":"https:\/\/www.4bdistrib.com\/produits\/"},{"@type":"ListItem","position":3,"name":"Spot Led Orientable 360\u00b0 avec Pieds"}]},{"@type":"WebSite","@id":"https:\/\/www.4bdistrib.com\/#website","url":"https:\/\/www.4bdistrib.com\/","name":"4B DISTRIB","description":"Equipements Conseils Services","potentialAction":[{"@type":"SearchAction","target":{"@type":"EntryPoint","urlTemplate":"https:\/\/www.4bdistrib.com\/?s={search_term_string}"},"query-input":{"@type":"PropertyValueSpecification","valueRequired":true,"valueName":"search_term_string"}}],"inLanguage":"en-GB"}]}},"_links":{"self":[{"href":"https:\/\/www.4bdistrib.com\/en\/wp-json\/wp\/v2\/product\/5976","targetHints":{"allow":["GET"]}}],"collection":[{"href":"https:\/\/www.4bdistrib.com\/en\/wp-json\/wp\/v2\/product"}],"about":[{"href":"https:\/\/www.4bdistrib.com\/en\/wp-json\/wp\/v2\/types\/product"}],"wp:featuredmedia":[{"embeddable":true,"href":"https:\/\/www.4bdistrib.com\/en\/wp-json\/wp\/v2\/media\/5977"}],"wp:attachment":[{"href":"https:\/\/www.4bdistrib.com\/en\/wp-json\/wp\/v2\/media?parent=5976"}],"wp:term":[{"taxonomy":"product_brand","embeddable":true,"href":"https:\/\/www.4bdistrib.com\/en\/wp-json\/wp\/v2\/product_brand?post=5976"},{"taxonomy":"product_cat","embeddable":true,"href":"https:\/\/www.4bdistrib.com\/en\/wp-json\/wp\/v2\/product_cat?post=5976"},{"taxonomy":"product_tag","embeddable":true,"href":"https:\/\/www.4bdistrib.com\/en\/wp-json\/wp\/v2\/product_tag?post=5976"}],"curies":[{"name":"wp","href":"https:\/\/api.w.org\/{rel}","templated":true}]}}