{"id":6218,"date":"2018-07-10T10:03:49","date_gmt":"2018-07-10T08:03:49","guid":{"rendered":"https:\/\/www.4bdistrib.com\/?post_type=product&#038;p=6218"},"modified":"2018-10-02T14:05:44","modified_gmt":"2018-10-02T12:05:44","slug":"manche-telescopique-fibre-de-verre-3m","status":"publish","type":"product","link":"https:\/\/www.4bdistrib.com\/en\/produits\/manches-de-lavage\/manches-sans-passage-eau\/manches-telescopiques-sans-passage-eau\/manche-telescopique-fibre-de-verre-3m\/","title":{"rendered":"Fiberglass Telescopic Handle 3 m"},"content":{"rendered":"<p>Telescopic fiberglass handle ideal for cleaning heavy goods vehicles.<\/p>","protected":false},"excerpt":{"rendered":"<ul>\n<li>Pro telescopic washing handle<\/li>\n<li>Sans passage d&#8217;eau<\/li>\n<li>Length: 3m (2 x 1.5m)<\/li>\n<li>Ideal heavy goods vehicles<\/li>\n<\/ul>\n<p>&nbsp;<\/p>","protected":false},"featured_media":6219,"template":"","meta":{"_exactmetrics_skip_tracking":false,"_exactmetrics_sitenote_active":false,"_exactmetrics_sitenote_note":"","_exactmetrics_sitenote_category":0},"product_brand":[],"product_cat":[474,476,479],"product_tag":[],"class_list":{"0":"post-6218","1":"product","2":"type-product","3":"status-publish","4":"has-post-thumbnail","6":"product_cat-manches-de-lavage","7":"product_cat-manches-sans-passage-eau","8":"product_cat-manches-telescopiques-sans-passage-eau","10":"first","11":"instock","12":"shipping-taxable","13":"product-type-simple"},"yoast_head":"<!-- This site is optimized with the Yoast SEO plugin v27.2 - https:\/\/yoast.com\/product\/yoast-seo-wordpress\/ -->\n<title>Manche t\u00e9lescopique fibre de verre 3m - 4B DISTRIB<\/title>\n<meta name=\"description\" content=\"Manche de lavage t\u00e9lescopique en fibre de verre sans passage d&#039;eau, Avec embout m\u00e9tallique filet\u00e9 pour brosse, Longueur 3m (2x1,5m).\" \/>\n<meta name=\"robots\" content=\"index, follow, max-snippet:-1, max-image-preview:large, max-video-preview:-1\" \/>\n<link rel=\"canonical\" href=\"https:\/\/www.4bdistrib.com\/en\/produits\/manches-de-lavage\/manches-sans-passage-eau\/manches-telescopiques-sans-passage-eau\/manche-telescopique-fibre-de-verre-3m\/\" \/>\n<meta property=\"og:locale\" content=\"en_GB\" \/>\n<meta property=\"og:type\" content=\"article\" \/>\n<meta property=\"og:title\" content=\"Manche t\u00e9lescopique fibre de verre 3m - 4B DISTRIB\" \/>\n<meta property=\"og:description\" content=\"Manche de lavage t\u00e9lescopique en fibre de verre sans passage d&#039;eau, Avec embout m\u00e9tallique filet\u00e9 pour brosse, Longueur 3m (2x1,5m).\" \/>\n<meta property=\"og:url\" content=\"https:\/\/www.4bdistrib.com\/en\/produits\/manches-de-lavage\/manches-sans-passage-eau\/manches-telescopiques-sans-passage-eau\/manche-telescopique-fibre-de-verre-3m\/\" \/>\n<meta property=\"og:site_name\" content=\"4B DISTRIB\" \/>\n<meta property=\"article:modified_time\" content=\"2018-10-02T12:05:44+00:00\" \/>\n<meta property=\"og:image\" content=\"https:\/\/www.4bdistrib.com\/wp-content\/uploads\/2018\/07\/manche-telescopique-fibre-3-m.jpg\" \/>\n\t<meta property=\"og:image:width\" content=\"720\" \/>\n\t<meta property=\"og:image:height\" content=\"660\" \/>\n\t<meta property=\"og:image:type\" content=\"image\/jpeg\" \/>\n<meta name=\"twitter:card\" content=\"summary_large_image\" \/>\n<script type=\"application\/ld+json\" class=\"yoast-schema-graph\">{\"@context\":\"https:\/\/schema.org\",\"@graph\":[{\"@type\":\"WebPage\",\"@id\":\"https:\/\/www.4bdistrib.com\/produits\/manches-de-lavage\/manches-sans-passage-eau\/manches-telescopiques-sans-passage-eau\/manche-telescopique-fibre-de-verre-3m\/\",\"url\":\"https:\/\/www.4bdistrib.com\/produits\/manches-de-lavage\/manches-sans-passage-eau\/manches-telescopiques-sans-passage-eau\/manche-telescopique-fibre-de-verre-3m\/\",\"name\":\"Manche t\u00e9lescopique fibre de verre 3m - 4B DISTRIB\",\"isPartOf\":{\"@id\":\"https:\/\/www.4bdistrib.com\/#website\"},\"primaryImageOfPage\":{\"@id\":\"https:\/\/www.4bdistrib.com\/produits\/manches-de-lavage\/manches-sans-passage-eau\/manches-telescopiques-sans-passage-eau\/manche-telescopique-fibre-de-verre-3m\/#primaryimage\"},\"image\":{\"@id\":\"https:\/\/www.4bdistrib.com\/produits\/manches-de-lavage\/manches-sans-passage-eau\/manches-telescopiques-sans-passage-eau\/manche-telescopique-fibre-de-verre-3m\/#primaryimage\"},\"thumbnailUrl\":\"https:\/\/www.4bdistrib.com\/wp-content\/uploads\/2018\/07\/manche-telescopique-fibre-3-m.jpg\",\"datePublished\":\"2018-07-10T08:03:49+00:00\",\"dateModified\":\"2018-10-02T12:05:44+00:00\",\"description\":\"Manche de lavage t\u00e9lescopique en fibre de verre sans passage d'eau, Avec embout m\u00e9tallique filet\u00e9 pour brosse, Longueur 3m (2x1,5m).\",\"breadcrumb\":{\"@id\":\"https:\/\/www.4bdistrib.com\/produits\/manches-de-lavage\/manches-sans-passage-eau\/manches-telescopiques-sans-passage-eau\/manche-telescopique-fibre-de-verre-3m\/#breadcrumb\"},\"inLanguage\":\"en-GB\",\"potentialAction\":[{\"@type\":\"ReadAction\",\"target\":[\"https:\/\/www.4bdistrib.com\/produits\/manches-de-lavage\/manches-sans-passage-eau\/manches-telescopiques-sans-passage-eau\/manche-telescopique-fibre-de-verre-3m\/\"]}]},{\"@type\":\"ImageObject\",\"inLanguage\":\"en-GB\",\"@id\":\"https:\/\/www.4bdistrib.com\/produits\/manches-de-lavage\/manches-sans-passage-eau\/manches-telescopiques-sans-passage-eau\/manche-telescopique-fibre-de-verre-3m\/#primaryimage\",\"url\":\"https:\/\/www.4bdistrib.com\/wp-content\/uploads\/2018\/07\/manche-telescopique-fibre-3-m.jpg\",\"contentUrl\":\"https:\/\/www.4bdistrib.com\/wp-content\/uploads\/2018\/07\/manche-telescopique-fibre-3-m.jpg\",\"width\":720,\"height\":660,\"caption\":\"Manche t\u00e9lescopique fibre de verre - Longueur 3m\"},{\"@type\":\"BreadcrumbList\",\"@id\":\"https:\/\/www.4bdistrib.com\/produits\/manches-de-lavage\/manches-sans-passage-eau\/manches-telescopiques-sans-passage-eau\/manche-telescopique-fibre-de-verre-3m\/#breadcrumb\",\"itemListElement\":[{\"@type\":\"ListItem\",\"position\":1,\"name\":\"Home\",\"item\":\"https:\/\/www.4bdistrib.com\/\"},{\"@type\":\"ListItem\",\"position\":2,\"name\":\"Produits\",\"item\":\"https:\/\/www.4bdistrib.com\/produits\/\"},{\"@type\":\"ListItem\",\"position\":3,\"name\":\"Manche T\u00e9lescopique Fibre de Verre 3 m\"}]},{\"@type\":\"WebSite\",\"@id\":\"https:\/\/www.4bdistrib.com\/#website\",\"url\":\"https:\/\/www.4bdistrib.com\/\",\"name\":\"4B DISTRIB\",\"description\":\"Equipements Conseils Services\",\"potentialAction\":[{\"@type\":\"SearchAction\",\"target\":{\"@type\":\"EntryPoint\",\"urlTemplate\":\"https:\/\/www.4bdistrib.com\/?s={search_term_string}\"},\"query-input\":{\"@type\":\"PropertyValueSpecification\",\"valueRequired\":true,\"valueName\":\"search_term_string\"}}],\"inLanguage\":\"en-GB\"}]}<\/script>\n<!-- \/ Yoast SEO plugin. -->","yoast_head_json":{"title":"Telescopic fiberglass handle 3m - 4B DISTRIB","description":"Telescopic fiberglass washing handle without water passage, With threaded metal tip for brush, Length 3m (2x1.5m).","robots":{"index":"index","follow":"follow","max-snippet":"max-snippet:-1","max-image-preview":"max-image-preview:large","max-video-preview":"max-video-preview:-1"},"canonical":"https:\/\/www.4bdistrib.com\/en\/produits\/manches-de-lavage\/manches-sans-passage-eau\/manches-telescopiques-sans-passage-eau\/manche-telescopique-fibre-de-verre-3m\/","og_locale":"en_GB","og_type":"article","og_title":"Manche t\u00e9lescopique fibre de verre 3m - 4B DISTRIB","og_description":"Manche de lavage t\u00e9lescopique en fibre de verre sans passage d'eau, Avec embout m\u00e9tallique filet\u00e9 pour brosse, Longueur 3m (2x1,5m).","og_url":"https:\/\/www.4bdistrib.com\/en\/produits\/manches-de-lavage\/manches-sans-passage-eau\/manches-telescopiques-sans-passage-eau\/manche-telescopique-fibre-de-verre-3m\/","og_site_name":"4B DISTRIB","article_modified_time":"2018-10-02T12:05:44+00:00","og_image":[{"width":720,"height":660,"url":"https:\/\/www.4bdistrib.com\/wp-content\/uploads\/2018\/07\/manche-telescopique-fibre-3-m.jpg","type":"image\/jpeg"}],"twitter_card":"summary_large_image","schema":{"@context":"https:\/\/schema.org","@graph":[{"@type":"WebPage","@id":"https:\/\/www.4bdistrib.com\/produits\/manches-de-lavage\/manches-sans-passage-eau\/manches-telescopiques-sans-passage-eau\/manche-telescopique-fibre-de-verre-3m\/","url":"https:\/\/www.4bdistrib.com\/produits\/manches-de-lavage\/manches-sans-passage-eau\/manches-telescopiques-sans-passage-eau\/manche-telescopique-fibre-de-verre-3m\/","name":"Telescopic fiberglass handle 3m - 4B DISTRIB","isPartOf":{"@id":"https:\/\/www.4bdistrib.com\/#website"},"primaryImageOfPage":{"@id":"https:\/\/www.4bdistrib.com\/produits\/manches-de-lavage\/manches-sans-passage-eau\/manches-telescopiques-sans-passage-eau\/manche-telescopique-fibre-de-verre-3m\/#primaryimage"},"image":{"@id":"https:\/\/www.4bdistrib.com\/produits\/manches-de-lavage\/manches-sans-passage-eau\/manches-telescopiques-sans-passage-eau\/manche-telescopique-fibre-de-verre-3m\/#primaryimage"},"thumbnailUrl":"https:\/\/www.4bdistrib.com\/wp-content\/uploads\/2018\/07\/manche-telescopique-fibre-3-m.jpg","datePublished":"2018-07-10T08:03:49+00:00","dateModified":"2018-10-02T12:05:44+00:00","description":"Telescopic fiberglass washing handle without water passage, With threaded metal tip for brush, Length 3m (2x1.5m).","breadcrumb":{"@id":"https:\/\/www.4bdistrib.com\/produits\/manches-de-lavage\/manches-sans-passage-eau\/manches-telescopiques-sans-passage-eau\/manche-telescopique-fibre-de-verre-3m\/#breadcrumb"},"inLanguage":"en-GB","potentialAction":[{"@type":"ReadAction","target":["https:\/\/www.4bdistrib.com\/produits\/manches-de-lavage\/manches-sans-passage-eau\/manches-telescopiques-sans-passage-eau\/manche-telescopique-fibre-de-verre-3m\/"]}]},{"@type":"ImageObject","inLanguage":"en-GB","@id":"https:\/\/www.4bdistrib.com\/produits\/manches-de-lavage\/manches-sans-passage-eau\/manches-telescopiques-sans-passage-eau\/manche-telescopique-fibre-de-verre-3m\/#primaryimage","url":"https:\/\/www.4bdistrib.com\/wp-content\/uploads\/2018\/07\/manche-telescopique-fibre-3-m.jpg","contentUrl":"https:\/\/www.4bdistrib.com\/wp-content\/uploads\/2018\/07\/manche-telescopique-fibre-3-m.jpg","width":720,"height":660,"caption":"Manche t\u00e9lescopique fibre de verre - Longueur 3m"},{"@type":"BreadcrumbList","@id":"https:\/\/www.4bdistrib.com\/produits\/manches-de-lavage\/manches-sans-passage-eau\/manches-telescopiques-sans-passage-eau\/manche-telescopique-fibre-de-verre-3m\/#breadcrumb","itemListElement":[{"@type":"ListItem","position":1,"name":"Home","item":"https:\/\/www.4bdistrib.com\/"},{"@type":"ListItem","position":2,"name":"Produits","item":"https:\/\/www.4bdistrib.com\/produits\/"},{"@type":"ListItem","position":3,"name":"Manche T\u00e9lescopique Fibre de Verre 3 m"}]},{"@type":"WebSite","@id":"https:\/\/www.4bdistrib.com\/#website","url":"https:\/\/www.4bdistrib.com\/","name":"4B DISTRIB","description":"Equipements Conseils Services","potentialAction":[{"@type":"SearchAction","target":{"@type":"EntryPoint","urlTemplate":"https:\/\/www.4bdistrib.com\/?s={search_term_string}"},"query-input":{"@type":"PropertyValueSpecification","valueRequired":true,"valueName":"search_term_string"}}],"inLanguage":"en-GB"}]}},"_links":{"self":[{"href":"https:\/\/www.4bdistrib.com\/en\/wp-json\/wp\/v2\/product\/6218","targetHints":{"allow":["GET"]}}],"collection":[{"href":"https:\/\/www.4bdistrib.com\/en\/wp-json\/wp\/v2\/product"}],"about":[{"href":"https:\/\/www.4bdistrib.com\/en\/wp-json\/wp\/v2\/types\/product"}],"wp:featuredmedia":[{"embeddable":true,"href":"https:\/\/www.4bdistrib.com\/en\/wp-json\/wp\/v2\/media\/6219"}],"wp:attachment":[{"href":"https:\/\/www.4bdistrib.com\/en\/wp-json\/wp\/v2\/media?parent=6218"}],"wp:term":[{"taxonomy":"product_brand","embeddable":true,"href":"https:\/\/www.4bdistrib.com\/en\/wp-json\/wp\/v2\/product_brand?post=6218"},{"taxonomy":"product_cat","embeddable":true,"href":"https:\/\/www.4bdistrib.com\/en\/wp-json\/wp\/v2\/product_cat?post=6218"},{"taxonomy":"product_tag","embeddable":true,"href":"https:\/\/www.4bdistrib.com\/en\/wp-json\/wp\/v2\/product_tag?post=6218"}],"curies":[{"name":"wp","href":"https:\/\/api.w.org\/{rel}","templated":true}]}}