{"id":6228,"date":"2021-03-18T11:17:46","date_gmt":"2021-03-18T10:17:46","guid":{"rendered":"https:\/\/www.4bdistrib.com\/?post_type=product&#038;p=6228"},"modified":"2021-04-29T15:34:37","modified_gmt":"2021-04-29T13:34:37","slug":"brosse-ronde-diametre-13cm","status":"publish","type":"product","link":"https:\/\/www.4bdistrib.com\/en\/produits\/brosses-et-raclettes-de-lavage\/brosses-de-lavage\/brosses-rondes\/brosse-ronde-diametre-13cm\/","title":{"rendered":"Round Brush \u2013 Diameter 13 cm"},"content":{"rendered":"<p>Brosse qui s&#8217;adapte sur tous les <a href=\"https:\/\/www.4bdistrib.com\/en\/categorie-produit\/manches-de-lavage\/\">washing sleeves<\/a>.<\/p>","protected":false},"excerpt":{"rendered":"<ul>\n<li>Round washing brush<\/li>\n<li>Diameter: 13 cm<\/li>\n<li>Nettoyage des endroits difficiles d&#8217;acc\u00e8s<\/li>\n<\/ul>\n<p>&nbsp;<\/p>","protected":false},"featured_media":6235,"template":"","meta":{"_exactmetrics_skip_tracking":false,"_exactmetrics_sitenote_active":false,"_exactmetrics_sitenote_note":"","_exactmetrics_sitenote_category":0},"product_brand":[],"product_cat":[492,493],"product_tag":[],"class_list":{"0":"post-6228","1":"product","2":"type-product","3":"status-publish","4":"has-post-thumbnail","6":"product_cat-brosses-et-raclettes-de-lavage","7":"product_cat-brosses-rondes","9":"first","10":"instock","11":"shipping-taxable","12":"product-type-simple"},"yoast_head":"<!-- This site is optimized with the Yoast SEO plugin v27.2 - https:\/\/yoast.com\/product\/yoast-seo-wordpress\/ -->\n<title>Brosse ronde de lavage, Diam\u00e8tre 13cm - 4B DISTRIB<\/title>\n<meta name=\"description\" content=\"Brosse de lavage ronde de qualit\u00e9, R\u00e9sistante aux produits de nettoyage, Id\u00e9al pour le nettoyage des endroits difficiles d&#039;acc\u00e8s.\" \/>\n<meta name=\"robots\" content=\"index, follow, max-snippet:-1, max-image-preview:large, max-video-preview:-1\" \/>\n<link rel=\"canonical\" href=\"https:\/\/www.4bdistrib.com\/en\/produits\/brosses-et-raclettes-de-lavage\/brosses-de-lavage\/brosses-rondes\/brosse-ronde-diametre-13cm\/\" \/>\n<meta property=\"og:locale\" content=\"en_GB\" \/>\n<meta property=\"og:type\" content=\"article\" \/>\n<meta property=\"og:title\" content=\"Brosse ronde de lavage, Diam\u00e8tre 13cm - 4B DISTRIB\" \/>\n<meta property=\"og:description\" content=\"Brosse de lavage ronde de qualit\u00e9, R\u00e9sistante aux produits de nettoyage, Id\u00e9al pour le nettoyage des endroits difficiles d&#039;acc\u00e8s.\" \/>\n<meta property=\"og:url\" content=\"https:\/\/www.4bdistrib.com\/en\/produits\/brosses-et-raclettes-de-lavage\/brosses-de-lavage\/brosses-rondes\/brosse-ronde-diametre-13cm\/\" \/>\n<meta property=\"og:site_name\" content=\"4B DISTRIB\" \/>\n<meta property=\"article:modified_time\" content=\"2021-04-29T13:34:37+00:00\" \/>\n<meta property=\"og:image\" content=\"https:\/\/www.4bdistrib.com\/wp-content\/uploads\/2018\/07\/brosse-ronde-de-lavage.jpg\" \/>\n\t<meta property=\"og:image:width\" content=\"720\" \/>\n\t<meta property=\"og:image:height\" content=\"660\" \/>\n\t<meta property=\"og:image:type\" content=\"image\/jpeg\" \/>\n<meta name=\"twitter:card\" content=\"summary_large_image\" \/>\n<script type=\"application\/ld+json\" class=\"yoast-schema-graph\">{\"@context\":\"https:\/\/schema.org\",\"@graph\":[{\"@type\":\"WebPage\",\"@id\":\"https:\/\/www.4bdistrib.com\/produits\/brosses-et-raclettes-de-lavage\/brosses-de-lavage\/brosses-rondes\/brosse-ronde-diametre-13cm\/\",\"url\":\"https:\/\/www.4bdistrib.com\/produits\/brosses-et-raclettes-de-lavage\/brosses-de-lavage\/brosses-rondes\/brosse-ronde-diametre-13cm\/\",\"name\":\"Brosse ronde de lavage, Diam\u00e8tre 13cm - 4B DISTRIB\",\"isPartOf\":{\"@id\":\"https:\/\/www.4bdistrib.com\/#website\"},\"primaryImageOfPage\":{\"@id\":\"https:\/\/www.4bdistrib.com\/produits\/brosses-et-raclettes-de-lavage\/brosses-de-lavage\/brosses-rondes\/brosse-ronde-diametre-13cm\/#primaryimage\"},\"image\":{\"@id\":\"https:\/\/www.4bdistrib.com\/produits\/brosses-et-raclettes-de-lavage\/brosses-de-lavage\/brosses-rondes\/brosse-ronde-diametre-13cm\/#primaryimage\"},\"thumbnailUrl\":\"https:\/\/www.4bdistrib.com\/wp-content\/uploads\/2018\/07\/brosse-ronde-de-lavage.jpg\",\"datePublished\":\"2021-03-18T10:17:46+00:00\",\"dateModified\":\"2021-04-29T13:34:37+00:00\",\"description\":\"Brosse de lavage ronde de qualit\u00e9, R\u00e9sistante aux produits de nettoyage, Id\u00e9al pour le nettoyage des endroits difficiles d'acc\u00e8s.\",\"breadcrumb\":{\"@id\":\"https:\/\/www.4bdistrib.com\/produits\/brosses-et-raclettes-de-lavage\/brosses-de-lavage\/brosses-rondes\/brosse-ronde-diametre-13cm\/#breadcrumb\"},\"inLanguage\":\"en-GB\",\"potentialAction\":[{\"@type\":\"ReadAction\",\"target\":[\"https:\/\/www.4bdistrib.com\/produits\/brosses-et-raclettes-de-lavage\/brosses-de-lavage\/brosses-rondes\/brosse-ronde-diametre-13cm\/\"]}]},{\"@type\":\"ImageObject\",\"inLanguage\":\"en-GB\",\"@id\":\"https:\/\/www.4bdistrib.com\/produits\/brosses-et-raclettes-de-lavage\/brosses-de-lavage\/brosses-rondes\/brosse-ronde-diametre-13cm\/#primaryimage\",\"url\":\"https:\/\/www.4bdistrib.com\/wp-content\/uploads\/2018\/07\/brosse-ronde-de-lavage.jpg\",\"contentUrl\":\"https:\/\/www.4bdistrib.com\/wp-content\/uploads\/2018\/07\/brosse-ronde-de-lavage.jpg\",\"width\":720,\"height\":660,\"caption\":\"Brosse ronde, diam\u00e8tre 13cm\"},{\"@type\":\"BreadcrumbList\",\"@id\":\"https:\/\/www.4bdistrib.com\/produits\/brosses-et-raclettes-de-lavage\/brosses-de-lavage\/brosses-rondes\/brosse-ronde-diametre-13cm\/#breadcrumb\",\"itemListElement\":[{\"@type\":\"ListItem\",\"position\":1,\"name\":\"Home\",\"item\":\"https:\/\/www.4bdistrib.com\/\"},{\"@type\":\"ListItem\",\"position\":2,\"name\":\"Produits\",\"item\":\"https:\/\/www.4bdistrib.com\/produits\/\"},{\"@type\":\"ListItem\",\"position\":3,\"name\":\"Brosse Ronde &#8211; Diam\u00e8tre 13 cm\"}]},{\"@type\":\"WebSite\",\"@id\":\"https:\/\/www.4bdistrib.com\/#website\",\"url\":\"https:\/\/www.4bdistrib.com\/\",\"name\":\"4B DISTRIB\",\"description\":\"Equipements Conseils Services\",\"potentialAction\":[{\"@type\":\"SearchAction\",\"target\":{\"@type\":\"EntryPoint\",\"urlTemplate\":\"https:\/\/www.4bdistrib.com\/?s={search_term_string}\"},\"query-input\":{\"@type\":\"PropertyValueSpecification\",\"valueRequired\":true,\"valueName\":\"search_term_string\"}}],\"inLanguage\":\"en-GB\"}]}<\/script>\n<!-- \/ Yoast SEO plugin. -->","yoast_head_json":{"title":"Brosse ronde de lavage, Diam\u00e8tre 13cm - 4B DISTRIB","description":"Brosse de lavage ronde de qualit\u00e9, R\u00e9sistante aux produits de nettoyage, Id\u00e9al pour le nettoyage des endroits difficiles d'acc\u00e8s.","robots":{"index":"index","follow":"follow","max-snippet":"max-snippet:-1","max-image-preview":"max-image-preview:large","max-video-preview":"max-video-preview:-1"},"canonical":"https:\/\/www.4bdistrib.com\/en\/produits\/brosses-et-raclettes-de-lavage\/brosses-de-lavage\/brosses-rondes\/brosse-ronde-diametre-13cm\/","og_locale":"en_GB","og_type":"article","og_title":"Brosse ronde de lavage, Diam\u00e8tre 13cm - 4B DISTRIB","og_description":"Brosse de lavage ronde de qualit\u00e9, R\u00e9sistante aux produits de nettoyage, Id\u00e9al pour le nettoyage des endroits difficiles d'acc\u00e8s.","og_url":"https:\/\/www.4bdistrib.com\/en\/produits\/brosses-et-raclettes-de-lavage\/brosses-de-lavage\/brosses-rondes\/brosse-ronde-diametre-13cm\/","og_site_name":"4B DISTRIB","article_modified_time":"2021-04-29T13:34:37+00:00","og_image":[{"width":720,"height":660,"url":"https:\/\/www.4bdistrib.com\/wp-content\/uploads\/2018\/07\/brosse-ronde-de-lavage.jpg","type":"image\/jpeg"}],"twitter_card":"summary_large_image","schema":{"@context":"https:\/\/schema.org","@graph":[{"@type":"WebPage","@id":"https:\/\/www.4bdistrib.com\/produits\/brosses-et-raclettes-de-lavage\/brosses-de-lavage\/brosses-rondes\/brosse-ronde-diametre-13cm\/","url":"https:\/\/www.4bdistrib.com\/produits\/brosses-et-raclettes-de-lavage\/brosses-de-lavage\/brosses-rondes\/brosse-ronde-diametre-13cm\/","name":"Brosse ronde de lavage, Diam\u00e8tre 13cm - 4B DISTRIB","isPartOf":{"@id":"https:\/\/www.4bdistrib.com\/#website"},"primaryImageOfPage":{"@id":"https:\/\/www.4bdistrib.com\/produits\/brosses-et-raclettes-de-lavage\/brosses-de-lavage\/brosses-rondes\/brosse-ronde-diametre-13cm\/#primaryimage"},"image":{"@id":"https:\/\/www.4bdistrib.com\/produits\/brosses-et-raclettes-de-lavage\/brosses-de-lavage\/brosses-rondes\/brosse-ronde-diametre-13cm\/#primaryimage"},"thumbnailUrl":"https:\/\/www.4bdistrib.com\/wp-content\/uploads\/2018\/07\/brosse-ronde-de-lavage.jpg","datePublished":"2021-03-18T10:17:46+00:00","dateModified":"2021-04-29T13:34:37+00:00","description":"Brosse de lavage ronde de qualit\u00e9, R\u00e9sistante aux produits de nettoyage, Id\u00e9al pour le nettoyage des endroits difficiles d'acc\u00e8s.","breadcrumb":{"@id":"https:\/\/www.4bdistrib.com\/produits\/brosses-et-raclettes-de-lavage\/brosses-de-lavage\/brosses-rondes\/brosse-ronde-diametre-13cm\/#breadcrumb"},"inLanguage":"en-GB","potentialAction":[{"@type":"ReadAction","target":["https:\/\/www.4bdistrib.com\/produits\/brosses-et-raclettes-de-lavage\/brosses-de-lavage\/brosses-rondes\/brosse-ronde-diametre-13cm\/"]}]},{"@type":"ImageObject","inLanguage":"en-GB","@id":"https:\/\/www.4bdistrib.com\/produits\/brosses-et-raclettes-de-lavage\/brosses-de-lavage\/brosses-rondes\/brosse-ronde-diametre-13cm\/#primaryimage","url":"https:\/\/www.4bdistrib.com\/wp-content\/uploads\/2018\/07\/brosse-ronde-de-lavage.jpg","contentUrl":"https:\/\/www.4bdistrib.com\/wp-content\/uploads\/2018\/07\/brosse-ronde-de-lavage.jpg","width":720,"height":660,"caption":"Brosse ronde, diam\u00e8tre 13cm"},{"@type":"BreadcrumbList","@id":"https:\/\/www.4bdistrib.com\/produits\/brosses-et-raclettes-de-lavage\/brosses-de-lavage\/brosses-rondes\/brosse-ronde-diametre-13cm\/#breadcrumb","itemListElement":[{"@type":"ListItem","position":1,"name":"Home","item":"https:\/\/www.4bdistrib.com\/"},{"@type":"ListItem","position":2,"name":"Produits","item":"https:\/\/www.4bdistrib.com\/produits\/"},{"@type":"ListItem","position":3,"name":"Brosse Ronde &#8211; Diam\u00e8tre 13 cm"}]},{"@type":"WebSite","@id":"https:\/\/www.4bdistrib.com\/#website","url":"https:\/\/www.4bdistrib.com\/","name":"4B DISTRIB","description":"Equipements Conseils Services","potentialAction":[{"@type":"SearchAction","target":{"@type":"EntryPoint","urlTemplate":"https:\/\/www.4bdistrib.com\/?s={search_term_string}"},"query-input":{"@type":"PropertyValueSpecification","valueRequired":true,"valueName":"search_term_string"}}],"inLanguage":"en-GB"}]}},"_links":{"self":[{"href":"https:\/\/www.4bdistrib.com\/en\/wp-json\/wp\/v2\/product\/6228","targetHints":{"allow":["GET"]}}],"collection":[{"href":"https:\/\/www.4bdistrib.com\/en\/wp-json\/wp\/v2\/product"}],"about":[{"href":"https:\/\/www.4bdistrib.com\/en\/wp-json\/wp\/v2\/types\/product"}],"wp:featuredmedia":[{"embeddable":true,"href":"https:\/\/www.4bdistrib.com\/en\/wp-json\/wp\/v2\/media\/6235"}],"wp:attachment":[{"href":"https:\/\/www.4bdistrib.com\/en\/wp-json\/wp\/v2\/media?parent=6228"}],"wp:term":[{"taxonomy":"product_brand","embeddable":true,"href":"https:\/\/www.4bdistrib.com\/en\/wp-json\/wp\/v2\/product_brand?post=6228"},{"taxonomy":"product_cat","embeddable":true,"href":"https:\/\/www.4bdistrib.com\/en\/wp-json\/wp\/v2\/product_cat?post=6228"},{"taxonomy":"product_tag","embeddable":true,"href":"https:\/\/www.4bdistrib.com\/en\/wp-json\/wp\/v2\/product_tag?post=6228"}],"curies":[{"name":"wp","href":"https:\/\/api.w.org\/{rel}","templated":true}]}}