{"id":6246,"date":"2021-03-10T13:28:38","date_gmt":"2021-03-10T12:28:38","guid":{"rendered":"https:\/\/www.4bdistrib.com\/?post_type=product&#038;p=6246"},"modified":"2021-04-29T15:38:12","modified_gmt":"2021-04-29T13:38:12","slug":"brosse-speciale-acide-25cm","status":"publish","type":"product","link":"https:\/\/www.4bdistrib.com\/en\/produits\/brosses-et-raclettes-de-lavage\/brosses-de-lavage\/brosses-bi-faces\/brosse-speciale-acide-25cm\/","title":{"rendered":"Special Acid Bi-Sided Brush 25 cm"},"content":{"rendered":"<p>Brosse qui s&#8217;adapte sur tous les <a href=\"https:\/\/www.4bdistrib.com\/en\/categorie-produit\/manches-de-lavage\/\">washing sleeves<\/a>.<\/p>","protected":false},"excerpt":{"rendered":"<ul>\n<li>Washing brush<\/li>\n<li>Length: 25cm<\/li>\n<li>2 fiber faces in T\u00e9talon<\/li>\n<li>Resists acidic products<\/li>\n<li>R\u00e9siste \u00e0 l&#8217;eau chaude (100\u00b0C)<\/li>\n<\/ul>\n<p>&nbsp;<\/p>","protected":false},"featured_media":6247,"template":"","meta":{"_exactmetrics_skip_tracking":false,"_exactmetrics_sitenote_active":false,"_exactmetrics_sitenote_note":"","_exactmetrics_sitenote_category":0},"product_brand":[],"product_cat":[492,495],"product_tag":[],"class_list":{"0":"post-6246","1":"product","2":"type-product","3":"status-publish","4":"has-post-thumbnail","6":"product_cat-brosses-et-raclettes-de-lavage","7":"product_cat-brosses-bi-faces","9":"first","10":"instock","11":"shipping-taxable","12":"product-type-simple"},"yoast_head":"<!-- This site is optimized with the Yoast SEO plugin v27.2 - https:\/\/yoast.com\/product\/yoast-seo-wordpress\/ -->\n<title>Brosse Bi-Faces Sp\u00e9ciale Acide, Longueur 25cm - 4B DISTRIB<\/title>\n<meta name=\"description\" content=\"Brosse de lavage avec 2 faces en fibres T\u00e9talon, R\u00e9sistante aux produits agressifs et aux acides, R\u00e9sistante \u00e0 l&#039;eau chaude 100\u00b0C, Fleurage ultra doux.\" \/>\n<meta name=\"robots\" content=\"index, follow, max-snippet:-1, max-image-preview:large, max-video-preview:-1\" \/>\n<link rel=\"canonical\" href=\"https:\/\/www.4bdistrib.com\/en\/produits\/brosses-et-raclettes-de-lavage\/brosses-de-lavage\/brosses-bi-faces\/brosse-speciale-acide-25cm\/\" \/>\n<meta property=\"og:locale\" content=\"en_GB\" \/>\n<meta property=\"og:type\" content=\"article\" \/>\n<meta property=\"og:title\" content=\"Brosse Bi-Faces Sp\u00e9ciale Acide, Longueur 25cm - 4B DISTRIB\" \/>\n<meta property=\"og:description\" content=\"Brosse de lavage avec 2 faces en fibres T\u00e9talon, R\u00e9sistante aux produits agressifs et aux acides, R\u00e9sistante \u00e0 l&#039;eau chaude 100\u00b0C, Fleurage ultra doux.\" \/>\n<meta property=\"og:url\" content=\"https:\/\/www.4bdistrib.com\/en\/produits\/brosses-et-raclettes-de-lavage\/brosses-de-lavage\/brosses-bi-faces\/brosse-speciale-acide-25cm\/\" \/>\n<meta property=\"og:site_name\" content=\"4B DISTRIB\" \/>\n<meta property=\"article:modified_time\" content=\"2021-04-29T13:38:12+00:00\" \/>\n<meta property=\"og:image\" content=\"https:\/\/www.4bdistrib.com\/wp-content\/uploads\/2018\/07\/brosse-bi-faces-speciale-acide.jpg\" \/>\n\t<meta property=\"og:image:width\" content=\"720\" \/>\n\t<meta property=\"og:image:height\" content=\"660\" \/>\n\t<meta property=\"og:image:type\" content=\"image\/jpeg\" \/>\n<meta name=\"twitter:card\" content=\"summary_large_image\" \/>\n<script type=\"application\/ld+json\" class=\"yoast-schema-graph\">{\"@context\":\"https:\/\/schema.org\",\"@graph\":[{\"@type\":\"WebPage\",\"@id\":\"https:\/\/www.4bdistrib.com\/produits\/brosses-et-raclettes-de-lavage\/brosses-de-lavage\/brosses-bi-faces\/brosse-speciale-acide-25cm\/\",\"url\":\"https:\/\/www.4bdistrib.com\/produits\/brosses-et-raclettes-de-lavage\/brosses-de-lavage\/brosses-bi-faces\/brosse-speciale-acide-25cm\/\",\"name\":\"Brosse Bi-Faces Sp\u00e9ciale Acide, Longueur 25cm - 4B DISTRIB\",\"isPartOf\":{\"@id\":\"https:\/\/www.4bdistrib.com\/#website\"},\"primaryImageOfPage\":{\"@id\":\"https:\/\/www.4bdistrib.com\/produits\/brosses-et-raclettes-de-lavage\/brosses-de-lavage\/brosses-bi-faces\/brosse-speciale-acide-25cm\/#primaryimage\"},\"image\":{\"@id\":\"https:\/\/www.4bdistrib.com\/produits\/brosses-et-raclettes-de-lavage\/brosses-de-lavage\/brosses-bi-faces\/brosse-speciale-acide-25cm\/#primaryimage\"},\"thumbnailUrl\":\"https:\/\/www.4bdistrib.com\/wp-content\/uploads\/2018\/07\/brosse-bi-faces-speciale-acide.jpg\",\"datePublished\":\"2021-03-10T12:28:38+00:00\",\"dateModified\":\"2021-04-29T13:38:12+00:00\",\"description\":\"Brosse de lavage avec 2 faces en fibres T\u00e9talon, R\u00e9sistante aux produits agressifs et aux acides, R\u00e9sistante \u00e0 l'eau chaude 100\u00b0C, Fleurage ultra doux.\",\"breadcrumb\":{\"@id\":\"https:\/\/www.4bdistrib.com\/produits\/brosses-et-raclettes-de-lavage\/brosses-de-lavage\/brosses-bi-faces\/brosse-speciale-acide-25cm\/#breadcrumb\"},\"inLanguage\":\"en-GB\",\"potentialAction\":[{\"@type\":\"ReadAction\",\"target\":[\"https:\/\/www.4bdistrib.com\/produits\/brosses-et-raclettes-de-lavage\/brosses-de-lavage\/brosses-bi-faces\/brosse-speciale-acide-25cm\/\"]}]},{\"@type\":\"ImageObject\",\"inLanguage\":\"en-GB\",\"@id\":\"https:\/\/www.4bdistrib.com\/produits\/brosses-et-raclettes-de-lavage\/brosses-de-lavage\/brosses-bi-faces\/brosse-speciale-acide-25cm\/#primaryimage\",\"url\":\"https:\/\/www.4bdistrib.com\/wp-content\/uploads\/2018\/07\/brosse-bi-faces-speciale-acide.jpg\",\"contentUrl\":\"https:\/\/www.4bdistrib.com\/wp-content\/uploads\/2018\/07\/brosse-bi-faces-speciale-acide.jpg\",\"width\":720,\"height\":660,\"caption\":\"Brosse Bi-Faces Sp\u00e9ciale Acide 25cm\"},{\"@type\":\"BreadcrumbList\",\"@id\":\"https:\/\/www.4bdistrib.com\/produits\/brosses-et-raclettes-de-lavage\/brosses-de-lavage\/brosses-bi-faces\/brosse-speciale-acide-25cm\/#breadcrumb\",\"itemListElement\":[{\"@type\":\"ListItem\",\"position\":1,\"name\":\"Home\",\"item\":\"https:\/\/www.4bdistrib.com\/\"},{\"@type\":\"ListItem\",\"position\":2,\"name\":\"Produits\",\"item\":\"https:\/\/www.4bdistrib.com\/produits\/\"},{\"@type\":\"ListItem\",\"position\":3,\"name\":\"Brosse Bi-Faces Sp\u00e9ciale Acide 25 cm\"}]},{\"@type\":\"WebSite\",\"@id\":\"https:\/\/www.4bdistrib.com\/#website\",\"url\":\"https:\/\/www.4bdistrib.com\/\",\"name\":\"4B DISTRIB\",\"description\":\"Equipements Conseils Services\",\"potentialAction\":[{\"@type\":\"SearchAction\",\"target\":{\"@type\":\"EntryPoint\",\"urlTemplate\":\"https:\/\/www.4bdistrib.com\/?s={search_term_string}\"},\"query-input\":{\"@type\":\"PropertyValueSpecification\",\"valueRequired\":true,\"valueName\":\"search_term_string\"}}],\"inLanguage\":\"en-GB\"}]}<\/script>\n<!-- \/ Yoast SEO plugin. -->","yoast_head_json":{"title":"Special Acid Bi-Sided Brush, Length 25cm - 4B DISTRIB","description":"Washing brush with 2 sides in T\u00e9talon fibers, Resistant to aggressive products and acids, Resistant to hot water 100\u00b0C, Ultra soft bloom.","robots":{"index":"index","follow":"follow","max-snippet":"max-snippet:-1","max-image-preview":"max-image-preview:large","max-video-preview":"max-video-preview:-1"},"canonical":"https:\/\/www.4bdistrib.com\/en\/produits\/brosses-et-raclettes-de-lavage\/brosses-de-lavage\/brosses-bi-faces\/brosse-speciale-acide-25cm\/","og_locale":"en_GB","og_type":"article","og_title":"Brosse Bi-Faces Sp\u00e9ciale Acide, Longueur 25cm - 4B DISTRIB","og_description":"Brosse de lavage avec 2 faces en fibres T\u00e9talon, R\u00e9sistante aux produits agressifs et aux acides, R\u00e9sistante \u00e0 l'eau chaude 100\u00b0C, Fleurage ultra doux.","og_url":"https:\/\/www.4bdistrib.com\/en\/produits\/brosses-et-raclettes-de-lavage\/brosses-de-lavage\/brosses-bi-faces\/brosse-speciale-acide-25cm\/","og_site_name":"4B DISTRIB","article_modified_time":"2021-04-29T13:38:12+00:00","og_image":[{"width":720,"height":660,"url":"https:\/\/www.4bdistrib.com\/wp-content\/uploads\/2018\/07\/brosse-bi-faces-speciale-acide.jpg","type":"image\/jpeg"}],"twitter_card":"summary_large_image","schema":{"@context":"https:\/\/schema.org","@graph":[{"@type":"WebPage","@id":"https:\/\/www.4bdistrib.com\/produits\/brosses-et-raclettes-de-lavage\/brosses-de-lavage\/brosses-bi-faces\/brosse-speciale-acide-25cm\/","url":"https:\/\/www.4bdistrib.com\/produits\/brosses-et-raclettes-de-lavage\/brosses-de-lavage\/brosses-bi-faces\/brosse-speciale-acide-25cm\/","name":"Special Acid Bi-Sided Brush, Length 25cm - 4B DISTRIB","isPartOf":{"@id":"https:\/\/www.4bdistrib.com\/#website"},"primaryImageOfPage":{"@id":"https:\/\/www.4bdistrib.com\/produits\/brosses-et-raclettes-de-lavage\/brosses-de-lavage\/brosses-bi-faces\/brosse-speciale-acide-25cm\/#primaryimage"},"image":{"@id":"https:\/\/www.4bdistrib.com\/produits\/brosses-et-raclettes-de-lavage\/brosses-de-lavage\/brosses-bi-faces\/brosse-speciale-acide-25cm\/#primaryimage"},"thumbnailUrl":"https:\/\/www.4bdistrib.com\/wp-content\/uploads\/2018\/07\/brosse-bi-faces-speciale-acide.jpg","datePublished":"2021-03-10T12:28:38+00:00","dateModified":"2021-04-29T13:38:12+00:00","description":"Washing brush with 2 sides in T\u00e9talon fibers, Resistant to aggressive products and acids, Resistant to hot water 100\u00b0C, Ultra soft bloom.","breadcrumb":{"@id":"https:\/\/www.4bdistrib.com\/produits\/brosses-et-raclettes-de-lavage\/brosses-de-lavage\/brosses-bi-faces\/brosse-speciale-acide-25cm\/#breadcrumb"},"inLanguage":"en-GB","potentialAction":[{"@type":"ReadAction","target":["https:\/\/www.4bdistrib.com\/produits\/brosses-et-raclettes-de-lavage\/brosses-de-lavage\/brosses-bi-faces\/brosse-speciale-acide-25cm\/"]}]},{"@type":"ImageObject","inLanguage":"en-GB","@id":"https:\/\/www.4bdistrib.com\/produits\/brosses-et-raclettes-de-lavage\/brosses-de-lavage\/brosses-bi-faces\/brosse-speciale-acide-25cm\/#primaryimage","url":"https:\/\/www.4bdistrib.com\/wp-content\/uploads\/2018\/07\/brosse-bi-faces-speciale-acide.jpg","contentUrl":"https:\/\/www.4bdistrib.com\/wp-content\/uploads\/2018\/07\/brosse-bi-faces-speciale-acide.jpg","width":720,"height":660,"caption":"Brosse Bi-Faces Sp\u00e9ciale Acide 25cm"},{"@type":"BreadcrumbList","@id":"https:\/\/www.4bdistrib.com\/produits\/brosses-et-raclettes-de-lavage\/brosses-de-lavage\/brosses-bi-faces\/brosse-speciale-acide-25cm\/#breadcrumb","itemListElement":[{"@type":"ListItem","position":1,"name":"Home","item":"https:\/\/www.4bdistrib.com\/"},{"@type":"ListItem","position":2,"name":"Produits","item":"https:\/\/www.4bdistrib.com\/produits\/"},{"@type":"ListItem","position":3,"name":"Brosse Bi-Faces Sp\u00e9ciale Acide 25 cm"}]},{"@type":"WebSite","@id":"https:\/\/www.4bdistrib.com\/#website","url":"https:\/\/www.4bdistrib.com\/","name":"4B DISTRIB","description":"Equipements Conseils Services","potentialAction":[{"@type":"SearchAction","target":{"@type":"EntryPoint","urlTemplate":"https:\/\/www.4bdistrib.com\/?s={search_term_string}"},"query-input":{"@type":"PropertyValueSpecification","valueRequired":true,"valueName":"search_term_string"}}],"inLanguage":"en-GB"}]}},"_links":{"self":[{"href":"https:\/\/www.4bdistrib.com\/en\/wp-json\/wp\/v2\/product\/6246","targetHints":{"allow":["GET"]}}],"collection":[{"href":"https:\/\/www.4bdistrib.com\/en\/wp-json\/wp\/v2\/product"}],"about":[{"href":"https:\/\/www.4bdistrib.com\/en\/wp-json\/wp\/v2\/types\/product"}],"wp:featuredmedia":[{"embeddable":true,"href":"https:\/\/www.4bdistrib.com\/en\/wp-json\/wp\/v2\/media\/6247"}],"wp:attachment":[{"href":"https:\/\/www.4bdistrib.com\/en\/wp-json\/wp\/v2\/media?parent=6246"}],"wp:term":[{"taxonomy":"product_brand","embeddable":true,"href":"https:\/\/www.4bdistrib.com\/en\/wp-json\/wp\/v2\/product_brand?post=6246"},{"taxonomy":"product_cat","embeddable":true,"href":"https:\/\/www.4bdistrib.com\/en\/wp-json\/wp\/v2\/product_cat?post=6246"},{"taxonomy":"product_tag","embeddable":true,"href":"https:\/\/www.4bdistrib.com\/en\/wp-json\/wp\/v2\/product_tag?post=6246"}],"curies":[{"name":"wp","href":"https:\/\/api.w.org\/{rel}","templated":true}]}}