{"id":6249,"date":"2021-03-11T11:18:58","date_gmt":"2021-03-11T10:18:58","guid":{"rendered":"https:\/\/www.4bdistrib.com\/?post_type=product&#038;p=6249"},"modified":"2021-04-29T15:38:05","modified_gmt":"2021-04-29T13:38:05","slug":"brosse-bi-faces-poils-durs-25cm","status":"publish","type":"product","link":"https:\/\/www.4bdistrib.com\/en\/produits\/brosses-et-raclettes-de-lavage\/brosses-de-lavage\/brosses-bi-faces\/brosse-bi-faces-poils-durs-25cm\/","title":{"rendered":"Two-Sided Hard Bristle Brush 25 cm"},"content":{"rendered":"<p>This <strong>two-sided brush<\/strong> with hard bristles is ideal for cleaning floors, walls, truck covers, tanks, roofs, etc.<\/p>\n<p>The hard bristles effectively remove all impregnated dirt.<\/p>\n<p>Brosse qui s&#8217;adapte sur tous les <a href=\"https:\/\/www.4bdistrib.com\/en\/categorie-produit\/manches-de-lavage\/\">washing sleeves<\/a>.<\/p>","protected":false},"excerpt":{"rendered":"<ul>\n<li>Washing brush<\/li>\n<li>Length: 25cm<\/li>\n<li>2 fiber faces<\/li>\n<li>Cleaning of floors, walls, roofs\u2026<\/li>\n<\/ul>\n<p>&nbsp;<\/p>","protected":false},"featured_media":6250,"template":"","meta":{"_exactmetrics_skip_tracking":false,"_exactmetrics_sitenote_active":false,"_exactmetrics_sitenote_note":"","_exactmetrics_sitenote_category":0},"product_brand":[],"product_cat":[492,495],"product_tag":[],"class_list":{"0":"post-6249","1":"product","2":"type-product","3":"status-publish","4":"has-post-thumbnail","6":"product_cat-brosses-et-raclettes-de-lavage","7":"product_cat-brosses-bi-faces","9":"first","10":"instock","11":"shipping-taxable","12":"product-type-simple"},"yoast_head":"<!-- This site is optimized with the Yoast SEO plugin v27.2 - https:\/\/yoast.com\/product\/yoast-seo-wordpress\/ -->\n<title>Brosse Bi-Faces Poils Durs, Longueur 25cm - 4B DiSTRIB<\/title>\n<meta name=\"description\" content=\"Brosse de lavage avec 2 faces de fibres tr\u00e8s dures, R\u00e9sistante aux produits de lavage, Id\u00e9al pour le nettoyage des sols, murs, b\u00e2ches de camions, cuves...\" \/>\n<meta name=\"robots\" content=\"index, follow, max-snippet:-1, max-image-preview:large, max-video-preview:-1\" \/>\n<link rel=\"canonical\" href=\"https:\/\/www.4bdistrib.com\/en\/produits\/brosses-et-raclettes-de-lavage\/brosses-de-lavage\/brosses-bi-faces\/brosse-bi-faces-poils-durs-25cm\/\" \/>\n<meta property=\"og:locale\" content=\"en_GB\" \/>\n<meta property=\"og:type\" content=\"article\" \/>\n<meta property=\"og:title\" content=\"Brosse Bi-Faces Poils Durs, Longueur 25cm - 4B DiSTRIB\" \/>\n<meta property=\"og:description\" content=\"Brosse de lavage avec 2 faces de fibres tr\u00e8s dures, R\u00e9sistante aux produits de lavage, Id\u00e9al pour le nettoyage des sols, murs, b\u00e2ches de camions, cuves...\" \/>\n<meta property=\"og:url\" content=\"https:\/\/www.4bdistrib.com\/en\/produits\/brosses-et-raclettes-de-lavage\/brosses-de-lavage\/brosses-bi-faces\/brosse-bi-faces-poils-durs-25cm\/\" \/>\n<meta property=\"og:site_name\" content=\"4B DISTRIB\" \/>\n<meta property=\"article:modified_time\" content=\"2021-04-29T13:38:05+00:00\" \/>\n<meta property=\"og:image\" content=\"https:\/\/www.4bdistrib.com\/wp-content\/uploads\/2018\/07\/brosse-bi-faces-poils-durs.jpg\" \/>\n\t<meta property=\"og:image:width\" content=\"720\" \/>\n\t<meta property=\"og:image:height\" content=\"660\" \/>\n\t<meta property=\"og:image:type\" content=\"image\/jpeg\" \/>\n<meta name=\"twitter:card\" content=\"summary_large_image\" \/>\n<script type=\"application\/ld+json\" class=\"yoast-schema-graph\">{\"@context\":\"https:\/\/schema.org\",\"@graph\":[{\"@type\":\"WebPage\",\"@id\":\"https:\/\/www.4bdistrib.com\/produits\/brosses-et-raclettes-de-lavage\/brosses-de-lavage\/brosses-bi-faces\/brosse-bi-faces-poils-durs-25cm\/\",\"url\":\"https:\/\/www.4bdistrib.com\/produits\/brosses-et-raclettes-de-lavage\/brosses-de-lavage\/brosses-bi-faces\/brosse-bi-faces-poils-durs-25cm\/\",\"name\":\"Brosse Bi-Faces Poils Durs, Longueur 25cm - 4B DiSTRIB\",\"isPartOf\":{\"@id\":\"https:\/\/www.4bdistrib.com\/#website\"},\"primaryImageOfPage\":{\"@id\":\"https:\/\/www.4bdistrib.com\/produits\/brosses-et-raclettes-de-lavage\/brosses-de-lavage\/brosses-bi-faces\/brosse-bi-faces-poils-durs-25cm\/#primaryimage\"},\"image\":{\"@id\":\"https:\/\/www.4bdistrib.com\/produits\/brosses-et-raclettes-de-lavage\/brosses-de-lavage\/brosses-bi-faces\/brosse-bi-faces-poils-durs-25cm\/#primaryimage\"},\"thumbnailUrl\":\"https:\/\/www.4bdistrib.com\/wp-content\/uploads\/2018\/07\/brosse-bi-faces-poils-durs.jpg\",\"datePublished\":\"2021-03-11T10:18:58+00:00\",\"dateModified\":\"2021-04-29T13:38:05+00:00\",\"description\":\"Brosse de lavage avec 2 faces de fibres tr\u00e8s dures, R\u00e9sistante aux produits de lavage, Id\u00e9al pour le nettoyage des sols, murs, b\u00e2ches de camions, cuves...\",\"breadcrumb\":{\"@id\":\"https:\/\/www.4bdistrib.com\/produits\/brosses-et-raclettes-de-lavage\/brosses-de-lavage\/brosses-bi-faces\/brosse-bi-faces-poils-durs-25cm\/#breadcrumb\"},\"inLanguage\":\"en-GB\",\"potentialAction\":[{\"@type\":\"ReadAction\",\"target\":[\"https:\/\/www.4bdistrib.com\/produits\/brosses-et-raclettes-de-lavage\/brosses-de-lavage\/brosses-bi-faces\/brosse-bi-faces-poils-durs-25cm\/\"]}]},{\"@type\":\"ImageObject\",\"inLanguage\":\"en-GB\",\"@id\":\"https:\/\/www.4bdistrib.com\/produits\/brosses-et-raclettes-de-lavage\/brosses-de-lavage\/brosses-bi-faces\/brosse-bi-faces-poils-durs-25cm\/#primaryimage\",\"url\":\"https:\/\/www.4bdistrib.com\/wp-content\/uploads\/2018\/07\/brosse-bi-faces-poils-durs.jpg\",\"contentUrl\":\"https:\/\/www.4bdistrib.com\/wp-content\/uploads\/2018\/07\/brosse-bi-faces-poils-durs.jpg\",\"width\":720,\"height\":660,\"caption\":\"Brosse Bi-Faces Poils Durs 25cm\"},{\"@type\":\"BreadcrumbList\",\"@id\":\"https:\/\/www.4bdistrib.com\/produits\/brosses-et-raclettes-de-lavage\/brosses-de-lavage\/brosses-bi-faces\/brosse-bi-faces-poils-durs-25cm\/#breadcrumb\",\"itemListElement\":[{\"@type\":\"ListItem\",\"position\":1,\"name\":\"Home\",\"item\":\"https:\/\/www.4bdistrib.com\/\"},{\"@type\":\"ListItem\",\"position\":2,\"name\":\"Produits\",\"item\":\"https:\/\/www.4bdistrib.com\/produits\/\"},{\"@type\":\"ListItem\",\"position\":3,\"name\":\"Brosse Bi-Faces Poils Durs 25 cm\"}]},{\"@type\":\"WebSite\",\"@id\":\"https:\/\/www.4bdistrib.com\/#website\",\"url\":\"https:\/\/www.4bdistrib.com\/\",\"name\":\"4B DISTRIB\",\"description\":\"Equipements Conseils Services\",\"potentialAction\":[{\"@type\":\"SearchAction\",\"target\":{\"@type\":\"EntryPoint\",\"urlTemplate\":\"https:\/\/www.4bdistrib.com\/?s={search_term_string}\"},\"query-input\":{\"@type\":\"PropertyValueSpecification\",\"valueRequired\":true,\"valueName\":\"search_term_string\"}}],\"inLanguage\":\"en-GB\"}]}<\/script>\n<!-- \/ Yoast SEO plugin. -->","yoast_head_json":{"title":"Bi-Sided Hard Bristle Brush, Length 25cm - 4B DiSTRIB","description":"Washing brush with 2 sides of very hard fibers, Resistant to washing products, Ideal for cleaning floors, walls, truck covers, tanks, etc.","robots":{"index":"index","follow":"follow","max-snippet":"max-snippet:-1","max-image-preview":"max-image-preview:large","max-video-preview":"max-video-preview:-1"},"canonical":"https:\/\/www.4bdistrib.com\/en\/produits\/brosses-et-raclettes-de-lavage\/brosses-de-lavage\/brosses-bi-faces\/brosse-bi-faces-poils-durs-25cm\/","og_locale":"en_GB","og_type":"article","og_title":"Brosse Bi-Faces Poils Durs, Longueur 25cm - 4B DiSTRIB","og_description":"Brosse de lavage avec 2 faces de fibres tr\u00e8s dures, R\u00e9sistante aux produits de lavage, Id\u00e9al pour le nettoyage des sols, murs, b\u00e2ches de camions, cuves...","og_url":"https:\/\/www.4bdistrib.com\/en\/produits\/brosses-et-raclettes-de-lavage\/brosses-de-lavage\/brosses-bi-faces\/brosse-bi-faces-poils-durs-25cm\/","og_site_name":"4B DISTRIB","article_modified_time":"2021-04-29T13:38:05+00:00","og_image":[{"width":720,"height":660,"url":"https:\/\/www.4bdistrib.com\/wp-content\/uploads\/2018\/07\/brosse-bi-faces-poils-durs.jpg","type":"image\/jpeg"}],"twitter_card":"summary_large_image","schema":{"@context":"https:\/\/schema.org","@graph":[{"@type":"WebPage","@id":"https:\/\/www.4bdistrib.com\/produits\/brosses-et-raclettes-de-lavage\/brosses-de-lavage\/brosses-bi-faces\/brosse-bi-faces-poils-durs-25cm\/","url":"https:\/\/www.4bdistrib.com\/produits\/brosses-et-raclettes-de-lavage\/brosses-de-lavage\/brosses-bi-faces\/brosse-bi-faces-poils-durs-25cm\/","name":"Bi-Sided Hard Bristle Brush, Length 25cm - 4B DiSTRIB","isPartOf":{"@id":"https:\/\/www.4bdistrib.com\/#website"},"primaryImageOfPage":{"@id":"https:\/\/www.4bdistrib.com\/produits\/brosses-et-raclettes-de-lavage\/brosses-de-lavage\/brosses-bi-faces\/brosse-bi-faces-poils-durs-25cm\/#primaryimage"},"image":{"@id":"https:\/\/www.4bdistrib.com\/produits\/brosses-et-raclettes-de-lavage\/brosses-de-lavage\/brosses-bi-faces\/brosse-bi-faces-poils-durs-25cm\/#primaryimage"},"thumbnailUrl":"https:\/\/www.4bdistrib.com\/wp-content\/uploads\/2018\/07\/brosse-bi-faces-poils-durs.jpg","datePublished":"2021-03-11T10:18:58+00:00","dateModified":"2021-04-29T13:38:05+00:00","description":"Washing brush with 2 sides of very hard fibers, Resistant to washing products, Ideal for cleaning floors, walls, truck covers, tanks, etc.","breadcrumb":{"@id":"https:\/\/www.4bdistrib.com\/produits\/brosses-et-raclettes-de-lavage\/brosses-de-lavage\/brosses-bi-faces\/brosse-bi-faces-poils-durs-25cm\/#breadcrumb"},"inLanguage":"en-GB","potentialAction":[{"@type":"ReadAction","target":["https:\/\/www.4bdistrib.com\/produits\/brosses-et-raclettes-de-lavage\/brosses-de-lavage\/brosses-bi-faces\/brosse-bi-faces-poils-durs-25cm\/"]}]},{"@type":"ImageObject","inLanguage":"en-GB","@id":"https:\/\/www.4bdistrib.com\/produits\/brosses-et-raclettes-de-lavage\/brosses-de-lavage\/brosses-bi-faces\/brosse-bi-faces-poils-durs-25cm\/#primaryimage","url":"https:\/\/www.4bdistrib.com\/wp-content\/uploads\/2018\/07\/brosse-bi-faces-poils-durs.jpg","contentUrl":"https:\/\/www.4bdistrib.com\/wp-content\/uploads\/2018\/07\/brosse-bi-faces-poils-durs.jpg","width":720,"height":660,"caption":"Brosse Bi-Faces Poils Durs 25cm"},{"@type":"BreadcrumbList","@id":"https:\/\/www.4bdistrib.com\/produits\/brosses-et-raclettes-de-lavage\/brosses-de-lavage\/brosses-bi-faces\/brosse-bi-faces-poils-durs-25cm\/#breadcrumb","itemListElement":[{"@type":"ListItem","position":1,"name":"Home","item":"https:\/\/www.4bdistrib.com\/"},{"@type":"ListItem","position":2,"name":"Produits","item":"https:\/\/www.4bdistrib.com\/produits\/"},{"@type":"ListItem","position":3,"name":"Brosse Bi-Faces Poils Durs 25 cm"}]},{"@type":"WebSite","@id":"https:\/\/www.4bdistrib.com\/#website","url":"https:\/\/www.4bdistrib.com\/","name":"4B DISTRIB","description":"Equipements Conseils Services","potentialAction":[{"@type":"SearchAction","target":{"@type":"EntryPoint","urlTemplate":"https:\/\/www.4bdistrib.com\/?s={search_term_string}"},"query-input":{"@type":"PropertyValueSpecification","valueRequired":true,"valueName":"search_term_string"}}],"inLanguage":"en-GB"}]}},"_links":{"self":[{"href":"https:\/\/www.4bdistrib.com\/en\/wp-json\/wp\/v2\/product\/6249","targetHints":{"allow":["GET"]}}],"collection":[{"href":"https:\/\/www.4bdistrib.com\/en\/wp-json\/wp\/v2\/product"}],"about":[{"href":"https:\/\/www.4bdistrib.com\/en\/wp-json\/wp\/v2\/types\/product"}],"wp:featuredmedia":[{"embeddable":true,"href":"https:\/\/www.4bdistrib.com\/en\/wp-json\/wp\/v2\/media\/6250"}],"wp:attachment":[{"href":"https:\/\/www.4bdistrib.com\/en\/wp-json\/wp\/v2\/media?parent=6249"}],"wp:term":[{"taxonomy":"product_brand","embeddable":true,"href":"https:\/\/www.4bdistrib.com\/en\/wp-json\/wp\/v2\/product_brand?post=6249"},{"taxonomy":"product_cat","embeddable":true,"href":"https:\/\/www.4bdistrib.com\/en\/wp-json\/wp\/v2\/product_cat?post=6249"},{"taxonomy":"product_tag","embeddable":true,"href":"https:\/\/www.4bdistrib.com\/en\/wp-json\/wp\/v2\/product_tag?post=6249"}],"curies":[{"name":"wp","href":"https:\/\/api.w.org\/{rel}","templated":true}]}}