{"id":6264,"date":"2018-07-12T14:42:33","date_gmt":"2018-07-12T12:42:33","guid":{"rendered":"https:\/\/www.4bdistrib.com\/?post_type=product&#038;p=6264"},"modified":"2018-10-02T14:46:57","modified_gmt":"2018-10-02T12:46:57","slug":"pad-brosse","status":"publish","type":"product","link":"https:\/\/www.4bdistrib.com\/en\/produits\/brosses-et-raclettes-de-lavage\/brosses-et-raclettes-a-mains\/brosses-jantes\/pad-brosse\/","title":{"rendered":"Pad Brush"},"content":{"rendered":"<p>The <strong>brush pad<\/strong> is ideal for effortless automotive cleaning of fabrics, carpets, rugs, seats, rims, tires, plastics, etc.<\/p>\n<p>Le pad brosse s&#8217;utilise et s&#8217;adapte sur toutes les visseuses.<\/p>\n<p>Material: 100% polypropylene<\/p>","protected":false},"excerpt":{"rendered":"<ul>\n<li>Diameter: 12 cm<\/li>\n<li>Cleaning carpets, rugs, seats, rims, tires, plastics, etc.<\/li>\n<li>S&#8217;adapte sur toutes les visseuses<\/li>\n<\/ul>\n<p>&nbsp;<\/p>","protected":false},"featured_media":6265,"template":"","meta":{"_exactmetrics_skip_tracking":false,"_exactmetrics_sitenote_active":false,"_exactmetrics_sitenote_note":"","_exactmetrics_sitenote_category":0},"product_brand":[],"product_cat":[500,501,618],"product_tag":[],"class_list":{"0":"post-6264","1":"product","2":"type-product","3":"status-publish","4":"has-post-thumbnail","6":"product_cat-brosses-et-raclettes-a-mains","7":"product_cat-brosses-jantes","8":"product_cat-brosses-moquettes","10":"first","11":"instock","12":"shipping-taxable","13":"product-type-simple"},"yoast_head":"<!-- This site is optimized with the Yoast SEO plugin v27.2 - https:\/\/yoast.com\/product\/yoast-seo-wordpress\/ -->\n<title>Pad Brosse, Fixation sur visseuses - 4B DISTRIB<\/title>\n<meta name=\"description\" content=\"Pad brosse, Diam\u00e8tre 12cm, Se fixe \u00e0 toutes les visseuses, Id\u00e9al pour nettoyage sans effort des moquettes, tapis, si\u00e8ges, jantes, pneus, plastiques...\" \/>\n<meta name=\"robots\" content=\"index, follow, max-snippet:-1, max-image-preview:large, max-video-preview:-1\" \/>\n<link rel=\"canonical\" href=\"https:\/\/www.4bdistrib.com\/en\/produits\/brosses-et-raclettes-de-lavage\/brosses-et-raclettes-a-mains\/brosses-jantes\/pad-brosse\/\" \/>\n<meta property=\"og:locale\" content=\"en_GB\" \/>\n<meta property=\"og:type\" content=\"article\" \/>\n<meta property=\"og:title\" content=\"Pad Brosse, Fixation sur visseuses - 4B DISTRIB\" \/>\n<meta property=\"og:description\" content=\"Pad brosse, Diam\u00e8tre 12cm, Se fixe \u00e0 toutes les visseuses, Id\u00e9al pour nettoyage sans effort des moquettes, tapis, si\u00e8ges, jantes, pneus, plastiques...\" \/>\n<meta property=\"og:url\" content=\"https:\/\/www.4bdistrib.com\/en\/produits\/brosses-et-raclettes-de-lavage\/brosses-et-raclettes-a-mains\/brosses-jantes\/pad-brosse\/\" \/>\n<meta property=\"og:site_name\" content=\"4B DISTRIB\" \/>\n<meta property=\"article:modified_time\" content=\"2018-10-02T12:46:57+00:00\" \/>\n<meta property=\"og:image\" content=\"https:\/\/www.4bdistrib.com\/wp-content\/uploads\/2018\/07\/pad-brosse.jpg\" \/>\n\t<meta property=\"og:image:width\" content=\"720\" \/>\n\t<meta property=\"og:image:height\" content=\"660\" \/>\n\t<meta property=\"og:image:type\" content=\"image\/jpeg\" \/>\n<meta name=\"twitter:card\" content=\"summary_large_image\" \/>\n<script type=\"application\/ld+json\" class=\"yoast-schema-graph\">{\"@context\":\"https:\/\/schema.org\",\"@graph\":[{\"@type\":\"WebPage\",\"@id\":\"https:\/\/www.4bdistrib.com\/produits\/brosses-et-raclettes-de-lavage\/brosses-et-raclettes-a-mains\/brosses-jantes\/pad-brosse\/\",\"url\":\"https:\/\/www.4bdistrib.com\/produits\/brosses-et-raclettes-de-lavage\/brosses-et-raclettes-a-mains\/brosses-jantes\/pad-brosse\/\",\"name\":\"Pad Brosse, Fixation sur visseuses - 4B DISTRIB\",\"isPartOf\":{\"@id\":\"https:\/\/www.4bdistrib.com\/#website\"},\"primaryImageOfPage\":{\"@id\":\"https:\/\/www.4bdistrib.com\/produits\/brosses-et-raclettes-de-lavage\/brosses-et-raclettes-a-mains\/brosses-jantes\/pad-brosse\/#primaryimage\"},\"image\":{\"@id\":\"https:\/\/www.4bdistrib.com\/produits\/brosses-et-raclettes-de-lavage\/brosses-et-raclettes-a-mains\/brosses-jantes\/pad-brosse\/#primaryimage\"},\"thumbnailUrl\":\"https:\/\/www.4bdistrib.com\/wp-content\/uploads\/2018\/07\/pad-brosse.jpg\",\"datePublished\":\"2018-07-12T12:42:33+00:00\",\"dateModified\":\"2018-10-02T12:46:57+00:00\",\"description\":\"Pad brosse, Diam\u00e8tre 12cm, Se fixe \u00e0 toutes les visseuses, Id\u00e9al pour nettoyage sans effort des moquettes, tapis, si\u00e8ges, jantes, pneus, plastiques...\",\"breadcrumb\":{\"@id\":\"https:\/\/www.4bdistrib.com\/produits\/brosses-et-raclettes-de-lavage\/brosses-et-raclettes-a-mains\/brosses-jantes\/pad-brosse\/#breadcrumb\"},\"inLanguage\":\"en-GB\",\"potentialAction\":[{\"@type\":\"ReadAction\",\"target\":[\"https:\/\/www.4bdistrib.com\/produits\/brosses-et-raclettes-de-lavage\/brosses-et-raclettes-a-mains\/brosses-jantes\/pad-brosse\/\"]}]},{\"@type\":\"ImageObject\",\"inLanguage\":\"en-GB\",\"@id\":\"https:\/\/www.4bdistrib.com\/produits\/brosses-et-raclettes-de-lavage\/brosses-et-raclettes-a-mains\/brosses-jantes\/pad-brosse\/#primaryimage\",\"url\":\"https:\/\/www.4bdistrib.com\/wp-content\/uploads\/2018\/07\/pad-brosse.jpg\",\"contentUrl\":\"https:\/\/www.4bdistrib.com\/wp-content\/uploads\/2018\/07\/pad-brosse.jpg\",\"width\":720,\"height\":660,\"caption\":\"Pad brosse\"},{\"@type\":\"BreadcrumbList\",\"@id\":\"https:\/\/www.4bdistrib.com\/produits\/brosses-et-raclettes-de-lavage\/brosses-et-raclettes-a-mains\/brosses-jantes\/pad-brosse\/#breadcrumb\",\"itemListElement\":[{\"@type\":\"ListItem\",\"position\":1,\"name\":\"Home\",\"item\":\"https:\/\/www.4bdistrib.com\/\"},{\"@type\":\"ListItem\",\"position\":2,\"name\":\"Produits\",\"item\":\"https:\/\/www.4bdistrib.com\/produits\/\"},{\"@type\":\"ListItem\",\"position\":3,\"name\":\"Pad Brosse\"}]},{\"@type\":\"WebSite\",\"@id\":\"https:\/\/www.4bdistrib.com\/#website\",\"url\":\"https:\/\/www.4bdistrib.com\/\",\"name\":\"4B DISTRIB\",\"description\":\"Equipements Conseils Services\",\"potentialAction\":[{\"@type\":\"SearchAction\",\"target\":{\"@type\":\"EntryPoint\",\"urlTemplate\":\"https:\/\/www.4bdistrib.com\/?s={search_term_string}\"},\"query-input\":{\"@type\":\"PropertyValueSpecification\",\"valueRequired\":true,\"valueName\":\"search_term_string\"}}],\"inLanguage\":\"en-GB\"}]}<\/script>\n<!-- \/ Yoast SEO plugin. -->","yoast_head_json":{"title":"Pad Brush, Attachment to screwdrivers - 4B DISTRIB","description":"Brush pad, Diameter 12cm, Attaches to all screwdrivers, Ideal for effortless cleaning of carpets, rugs, seats, rims, tires, plastics...","robots":{"index":"index","follow":"follow","max-snippet":"max-snippet:-1","max-image-preview":"max-image-preview:large","max-video-preview":"max-video-preview:-1"},"canonical":"https:\/\/www.4bdistrib.com\/en\/produits\/brosses-et-raclettes-de-lavage\/brosses-et-raclettes-a-mains\/brosses-jantes\/pad-brosse\/","og_locale":"en_GB","og_type":"article","og_title":"Pad Brosse, Fixation sur visseuses - 4B DISTRIB","og_description":"Pad brosse, Diam\u00e8tre 12cm, Se fixe \u00e0 toutes les visseuses, Id\u00e9al pour nettoyage sans effort des moquettes, tapis, si\u00e8ges, jantes, pneus, plastiques...","og_url":"https:\/\/www.4bdistrib.com\/en\/produits\/brosses-et-raclettes-de-lavage\/brosses-et-raclettes-a-mains\/brosses-jantes\/pad-brosse\/","og_site_name":"4B DISTRIB","article_modified_time":"2018-10-02T12:46:57+00:00","og_image":[{"width":720,"height":660,"url":"https:\/\/www.4bdistrib.com\/wp-content\/uploads\/2018\/07\/pad-brosse.jpg","type":"image\/jpeg"}],"twitter_card":"summary_large_image","schema":{"@context":"https:\/\/schema.org","@graph":[{"@type":"WebPage","@id":"https:\/\/www.4bdistrib.com\/produits\/brosses-et-raclettes-de-lavage\/brosses-et-raclettes-a-mains\/brosses-jantes\/pad-brosse\/","url":"https:\/\/www.4bdistrib.com\/produits\/brosses-et-raclettes-de-lavage\/brosses-et-raclettes-a-mains\/brosses-jantes\/pad-brosse\/","name":"Pad Brush, Attachment to screwdrivers - 4B DISTRIB","isPartOf":{"@id":"https:\/\/www.4bdistrib.com\/#website"},"primaryImageOfPage":{"@id":"https:\/\/www.4bdistrib.com\/produits\/brosses-et-raclettes-de-lavage\/brosses-et-raclettes-a-mains\/brosses-jantes\/pad-brosse\/#primaryimage"},"image":{"@id":"https:\/\/www.4bdistrib.com\/produits\/brosses-et-raclettes-de-lavage\/brosses-et-raclettes-a-mains\/brosses-jantes\/pad-brosse\/#primaryimage"},"thumbnailUrl":"https:\/\/www.4bdistrib.com\/wp-content\/uploads\/2018\/07\/pad-brosse.jpg","datePublished":"2018-07-12T12:42:33+00:00","dateModified":"2018-10-02T12:46:57+00:00","description":"Brush pad, Diameter 12cm, Attaches to all screwdrivers, Ideal for effortless cleaning of carpets, rugs, seats, rims, tires, plastics...","breadcrumb":{"@id":"https:\/\/www.4bdistrib.com\/produits\/brosses-et-raclettes-de-lavage\/brosses-et-raclettes-a-mains\/brosses-jantes\/pad-brosse\/#breadcrumb"},"inLanguage":"en-GB","potentialAction":[{"@type":"ReadAction","target":["https:\/\/www.4bdistrib.com\/produits\/brosses-et-raclettes-de-lavage\/brosses-et-raclettes-a-mains\/brosses-jantes\/pad-brosse\/"]}]},{"@type":"ImageObject","inLanguage":"en-GB","@id":"https:\/\/www.4bdistrib.com\/produits\/brosses-et-raclettes-de-lavage\/brosses-et-raclettes-a-mains\/brosses-jantes\/pad-brosse\/#primaryimage","url":"https:\/\/www.4bdistrib.com\/wp-content\/uploads\/2018\/07\/pad-brosse.jpg","contentUrl":"https:\/\/www.4bdistrib.com\/wp-content\/uploads\/2018\/07\/pad-brosse.jpg","width":720,"height":660,"caption":"Pad brosse"},{"@type":"BreadcrumbList","@id":"https:\/\/www.4bdistrib.com\/produits\/brosses-et-raclettes-de-lavage\/brosses-et-raclettes-a-mains\/brosses-jantes\/pad-brosse\/#breadcrumb","itemListElement":[{"@type":"ListItem","position":1,"name":"Home","item":"https:\/\/www.4bdistrib.com\/"},{"@type":"ListItem","position":2,"name":"Produits","item":"https:\/\/www.4bdistrib.com\/produits\/"},{"@type":"ListItem","position":3,"name":"Pad Brosse"}]},{"@type":"WebSite","@id":"https:\/\/www.4bdistrib.com\/#website","url":"https:\/\/www.4bdistrib.com\/","name":"4B DISTRIB","description":"Equipements Conseils Services","potentialAction":[{"@type":"SearchAction","target":{"@type":"EntryPoint","urlTemplate":"https:\/\/www.4bdistrib.com\/?s={search_term_string}"},"query-input":{"@type":"PropertyValueSpecification","valueRequired":true,"valueName":"search_term_string"}}],"inLanguage":"en-GB"}]}},"_links":{"self":[{"href":"https:\/\/www.4bdistrib.com\/en\/wp-json\/wp\/v2\/product\/6264","targetHints":{"allow":["GET"]}}],"collection":[{"href":"https:\/\/www.4bdistrib.com\/en\/wp-json\/wp\/v2\/product"}],"about":[{"href":"https:\/\/www.4bdistrib.com\/en\/wp-json\/wp\/v2\/types\/product"}],"wp:featuredmedia":[{"embeddable":true,"href":"https:\/\/www.4bdistrib.com\/en\/wp-json\/wp\/v2\/media\/6265"}],"wp:attachment":[{"href":"https:\/\/www.4bdistrib.com\/en\/wp-json\/wp\/v2\/media?parent=6264"}],"wp:term":[{"taxonomy":"product_brand","embeddable":true,"href":"https:\/\/www.4bdistrib.com\/en\/wp-json\/wp\/v2\/product_brand?post=6264"},{"taxonomy":"product_cat","embeddable":true,"href":"https:\/\/www.4bdistrib.com\/en\/wp-json\/wp\/v2\/product_cat?post=6264"},{"taxonomy":"product_tag","embeddable":true,"href":"https:\/\/www.4bdistrib.com\/en\/wp-json\/wp\/v2\/product_tag?post=6264"}],"curies":[{"name":"wp","href":"https:\/\/api.w.org\/{rel}","templated":true}]}}