{"id":6268,"date":"2021-04-26T16:18:13","date_gmt":"2021-04-26T14:18:13","guid":{"rendered":"https:\/\/www.4bdistrib.com\/?post_type=product&#038;p=6268"},"modified":"2021-04-30T09:04:05","modified_gmt":"2021-04-30T07:04:05","slug":"brosse-speciale-jantes-20cm","status":"publish","type":"product","link":"https:\/\/www.4bdistrib.com\/en\/produits\/brosses-et-raclettes-de-lavage\/brosses-et-raclettes-a-mains\/brosses-jantes\/special-rim-brush-20cm\/","title":{"rendered":"Special Rim Brush 20 cm"},"content":{"rendered":"<p>Thanks to its extra soft brushing, this brush is ideal for cleaning vehicle rims gently, without micro-scratches.<\/p>","protected":false},"excerpt":{"rendered":"<ul>\n<li>Length: 20cm<\/li>\n<li>High density hair quality<\/li>\n<li>Very soft flowering<\/li>\n<li>Ideal rim cleaning<\/li>\n<\/ul>\n<p>&nbsp;<\/p>","protected":false},"featured_media":6269,"template":"","meta":{"_exactmetrics_skip_tracking":false,"_exactmetrics_sitenote_active":false,"_exactmetrics_sitenote_note":"","_exactmetrics_sitenote_category":0},"product_brand":[],"product_cat":[500,501],"product_tag":[],"class_list":{"0":"post-6268","1":"product","2":"type-product","3":"status-publish","4":"has-post-thumbnail","6":"product_cat-brosses-et-raclettes-a-mains","7":"product_cat-brosses-jantes","9":"first","10":"instock","11":"shipping-taxable","12":"product-type-simple"},"yoast_head":"<!-- This site is optimized with the Yoast SEO plugin v27.2 - https:\/\/yoast.com\/product\/yoast-seo-wordpress\/ -->\n<title>Brosse Speciale Jantes 20cm, Fleurage ultra doux - 4B DISTRIB<\/title>\n<meta name=\"description\" content=\"Brosse de 20cm, Fleurage tr\u00e8s doux, Poils de qualit\u00e9 et de haute densit\u00e9, Nettoyage en douceur des jantes sans micro rayures.\" \/>\n<meta name=\"robots\" content=\"index, follow, max-snippet:-1, max-image-preview:large, max-video-preview:-1\" \/>\n<link rel=\"canonical\" href=\"https:\/\/www.4bdistrib.com\/en\/produits\/brosses-et-raclettes-de-lavage\/brosses-et-raclettes-a-mains\/brosses-jantes\/special-rim-brush-20cm\/\" \/>\n<meta property=\"og:locale\" content=\"en_GB\" \/>\n<meta property=\"og:type\" content=\"article\" \/>\n<meta property=\"og:title\" content=\"Brosse Speciale Jantes 20cm, Fleurage ultra doux - 4B DISTRIB\" \/>\n<meta property=\"og:description\" content=\"Brosse de 20cm, Fleurage tr\u00e8s doux, Poils de qualit\u00e9 et de haute densit\u00e9, Nettoyage en douceur des jantes sans micro rayures.\" \/>\n<meta property=\"og:url\" content=\"https:\/\/www.4bdistrib.com\/en\/produits\/brosses-et-raclettes-de-lavage\/brosses-et-raclettes-a-mains\/brosses-jantes\/special-rim-brush-20cm\/\" \/>\n<meta property=\"og:site_name\" content=\"4B DISTRIB\" \/>\n<meta property=\"article:modified_time\" content=\"2021-04-30T07:04:05+00:00\" \/>\n<meta property=\"og:image\" content=\"https:\/\/www.4bdistrib.com\/wp-content\/uploads\/2018\/07\/brosse-jantes-20-cm.jpg\" \/>\n\t<meta property=\"og:image:width\" content=\"720\" \/>\n\t<meta property=\"og:image:height\" content=\"660\" \/>\n\t<meta property=\"og:image:type\" content=\"image\/jpeg\" \/>\n<meta name=\"twitter:card\" content=\"summary_large_image\" \/>\n<script type=\"application\/ld+json\" class=\"yoast-schema-graph\">{\"@context\":\"https:\/\/schema.org\",\"@graph\":[{\"@type\":\"WebPage\",\"@id\":\"https:\/\/www.4bdistrib.com\/produits\/brosses-et-raclettes-de-lavage\/brosses-et-raclettes-a-mains\/brosses-jantes\/brosse-speciale-jantes-20cm\/\",\"url\":\"https:\/\/www.4bdistrib.com\/produits\/brosses-et-raclettes-de-lavage\/brosses-et-raclettes-a-mains\/brosses-jantes\/brosse-speciale-jantes-20cm\/\",\"name\":\"Brosse Speciale Jantes 20cm, Fleurage ultra doux - 4B DISTRIB\",\"isPartOf\":{\"@id\":\"https:\/\/www.4bdistrib.com\/#website\"},\"primaryImageOfPage\":{\"@id\":\"https:\/\/www.4bdistrib.com\/produits\/brosses-et-raclettes-de-lavage\/brosses-et-raclettes-a-mains\/brosses-jantes\/brosse-speciale-jantes-20cm\/#primaryimage\"},\"image\":{\"@id\":\"https:\/\/www.4bdistrib.com\/produits\/brosses-et-raclettes-de-lavage\/brosses-et-raclettes-a-mains\/brosses-jantes\/brosse-speciale-jantes-20cm\/#primaryimage\"},\"thumbnailUrl\":\"https:\/\/www.4bdistrib.com\/wp-content\/uploads\/2018\/07\/brosse-jantes-20-cm.jpg\",\"datePublished\":\"2021-04-26T14:18:13+00:00\",\"dateModified\":\"2021-04-30T07:04:05+00:00\",\"description\":\"Brosse de 20cm, Fleurage tr\u00e8s doux, Poils de qualit\u00e9 et de haute densit\u00e9, Nettoyage en douceur des jantes sans micro rayures.\",\"breadcrumb\":{\"@id\":\"https:\/\/www.4bdistrib.com\/produits\/brosses-et-raclettes-de-lavage\/brosses-et-raclettes-a-mains\/brosses-jantes\/brosse-speciale-jantes-20cm\/#breadcrumb\"},\"inLanguage\":\"en-GB\",\"potentialAction\":[{\"@type\":\"ReadAction\",\"target\":[\"https:\/\/www.4bdistrib.com\/produits\/brosses-et-raclettes-de-lavage\/brosses-et-raclettes-a-mains\/brosses-jantes\/brosse-speciale-jantes-20cm\/\"]}]},{\"@type\":\"ImageObject\",\"inLanguage\":\"en-GB\",\"@id\":\"https:\/\/www.4bdistrib.com\/produits\/brosses-et-raclettes-de-lavage\/brosses-et-raclettes-a-mains\/brosses-jantes\/brosse-speciale-jantes-20cm\/#primaryimage\",\"url\":\"https:\/\/www.4bdistrib.com\/wp-content\/uploads\/2018\/07\/brosse-jantes-20-cm.jpg\",\"contentUrl\":\"https:\/\/www.4bdistrib.com\/wp-content\/uploads\/2018\/07\/brosse-jantes-20-cm.jpg\",\"width\":720,\"height\":660,\"caption\":\"Brosse speciale jantes 20cm\"},{\"@type\":\"BreadcrumbList\",\"@id\":\"https:\/\/www.4bdistrib.com\/produits\/brosses-et-raclettes-de-lavage\/brosses-et-raclettes-a-mains\/brosses-jantes\/brosse-speciale-jantes-20cm\/#breadcrumb\",\"itemListElement\":[{\"@type\":\"ListItem\",\"position\":1,\"name\":\"Home\",\"item\":\"https:\/\/www.4bdistrib.com\/\"},{\"@type\":\"ListItem\",\"position\":2,\"name\":\"Produits\",\"item\":\"https:\/\/www.4bdistrib.com\/produits\/\"},{\"@type\":\"ListItem\",\"position\":3,\"name\":\"Brosse Speciale Jantes 20 cm\"}]},{\"@type\":\"WebSite\",\"@id\":\"https:\/\/www.4bdistrib.com\/#website\",\"url\":\"https:\/\/www.4bdistrib.com\/\",\"name\":\"4B DISTRIB\",\"description\":\"Equipements Conseils Services\",\"potentialAction\":[{\"@type\":\"SearchAction\",\"target\":{\"@type\":\"EntryPoint\",\"urlTemplate\":\"https:\/\/www.4bdistrib.com\/?s={search_term_string}\"},\"query-input\":{\"@type\":\"PropertyValueSpecification\",\"valueRequired\":true,\"valueName\":\"search_term_string\"}}],\"inLanguage\":\"en-GB\"}]}<\/script>\n<!-- \/ Yoast SEO plugin. -->","yoast_head_json":{"title":"Special Rim Brush 20cm, Ultra soft flowering - 4B DISTRIB","description":"20cm brush, Very soft bristles, Quality and high density bristles, Gentle cleaning of rims without micro scratches.","robots":{"index":"index","follow":"follow","max-snippet":"max-snippet:-1","max-image-preview":"max-image-preview:large","max-video-preview":"max-video-preview:-1"},"canonical":"https:\/\/www.4bdistrib.com\/en\/produits\/brosses-et-raclettes-de-lavage\/brosses-et-raclettes-a-mains\/brosses-jantes\/special-rim-brush-20cm\/","og_locale":"en_GB","og_type":"article","og_title":"Brosse Speciale Jantes 20cm, Fleurage ultra doux - 4B DISTRIB","og_description":"Brosse de 20cm, Fleurage tr\u00e8s doux, Poils de qualit\u00e9 et de haute densit\u00e9, Nettoyage en douceur des jantes sans micro rayures.","og_url":"https:\/\/www.4bdistrib.com\/en\/produits\/brosses-et-raclettes-de-lavage\/brosses-et-raclettes-a-mains\/brosses-jantes\/special-rim-brush-20cm\/","og_site_name":"4B DISTRIB","article_modified_time":"2021-04-30T07:04:05+00:00","og_image":[{"width":720,"height":660,"url":"https:\/\/www.4bdistrib.com\/wp-content\/uploads\/2018\/07\/brosse-jantes-20-cm.jpg","type":"image\/jpeg"}],"twitter_card":"summary_large_image","schema":{"@context":"https:\/\/schema.org","@graph":[{"@type":"WebPage","@id":"https:\/\/www.4bdistrib.com\/produits\/brosses-et-raclettes-de-lavage\/brosses-et-raclettes-a-mains\/brosses-jantes\/brosse-speciale-jantes-20cm\/","url":"https:\/\/www.4bdistrib.com\/produits\/brosses-et-raclettes-de-lavage\/brosses-et-raclettes-a-mains\/brosses-jantes\/brosse-speciale-jantes-20cm\/","name":"Special Rim Brush 20cm, Ultra soft flowering - 4B DISTRIB","isPartOf":{"@id":"https:\/\/www.4bdistrib.com\/#website"},"primaryImageOfPage":{"@id":"https:\/\/www.4bdistrib.com\/produits\/brosses-et-raclettes-de-lavage\/brosses-et-raclettes-a-mains\/brosses-jantes\/brosse-speciale-jantes-20cm\/#primaryimage"},"image":{"@id":"https:\/\/www.4bdistrib.com\/produits\/brosses-et-raclettes-de-lavage\/brosses-et-raclettes-a-mains\/brosses-jantes\/brosse-speciale-jantes-20cm\/#primaryimage"},"thumbnailUrl":"https:\/\/www.4bdistrib.com\/wp-content\/uploads\/2018\/07\/brosse-jantes-20-cm.jpg","datePublished":"2021-04-26T14:18:13+00:00","dateModified":"2021-04-30T07:04:05+00:00","description":"20cm brush, Very soft bristles, Quality and high density bristles, Gentle cleaning of rims without micro scratches.","breadcrumb":{"@id":"https:\/\/www.4bdistrib.com\/produits\/brosses-et-raclettes-de-lavage\/brosses-et-raclettes-a-mains\/brosses-jantes\/brosse-speciale-jantes-20cm\/#breadcrumb"},"inLanguage":"en-GB","potentialAction":[{"@type":"ReadAction","target":["https:\/\/www.4bdistrib.com\/produits\/brosses-et-raclettes-de-lavage\/brosses-et-raclettes-a-mains\/brosses-jantes\/brosse-speciale-jantes-20cm\/"]}]},{"@type":"ImageObject","inLanguage":"en-GB","@id":"https:\/\/www.4bdistrib.com\/produits\/brosses-et-raclettes-de-lavage\/brosses-et-raclettes-a-mains\/brosses-jantes\/brosse-speciale-jantes-20cm\/#primaryimage","url":"https:\/\/www.4bdistrib.com\/wp-content\/uploads\/2018\/07\/brosse-jantes-20-cm.jpg","contentUrl":"https:\/\/www.4bdistrib.com\/wp-content\/uploads\/2018\/07\/brosse-jantes-20-cm.jpg","width":720,"height":660,"caption":"Brosse speciale jantes 20cm"},{"@type":"BreadcrumbList","@id":"https:\/\/www.4bdistrib.com\/produits\/brosses-et-raclettes-de-lavage\/brosses-et-raclettes-a-mains\/brosses-jantes\/brosse-speciale-jantes-20cm\/#breadcrumb","itemListElement":[{"@type":"ListItem","position":1,"name":"Home","item":"https:\/\/www.4bdistrib.com\/"},{"@type":"ListItem","position":2,"name":"Produits","item":"https:\/\/www.4bdistrib.com\/produits\/"},{"@type":"ListItem","position":3,"name":"Brosse Speciale Jantes 20 cm"}]},{"@type":"WebSite","@id":"https:\/\/www.4bdistrib.com\/#website","url":"https:\/\/www.4bdistrib.com\/","name":"4B DISTRIB","description":"Equipements Conseils Services","potentialAction":[{"@type":"SearchAction","target":{"@type":"EntryPoint","urlTemplate":"https:\/\/www.4bdistrib.com\/?s={search_term_string}"},"query-input":{"@type":"PropertyValueSpecification","valueRequired":true,"valueName":"search_term_string"}}],"inLanguage":"en-GB"}]}},"_links":{"self":[{"href":"https:\/\/www.4bdistrib.com\/en\/wp-json\/wp\/v2\/product\/6268","targetHints":{"allow":["GET"]}}],"collection":[{"href":"https:\/\/www.4bdistrib.com\/en\/wp-json\/wp\/v2\/product"}],"about":[{"href":"https:\/\/www.4bdistrib.com\/en\/wp-json\/wp\/v2\/types\/product"}],"wp:featuredmedia":[{"embeddable":true,"href":"https:\/\/www.4bdistrib.com\/en\/wp-json\/wp\/v2\/media\/6269"}],"wp:attachment":[{"href":"https:\/\/www.4bdistrib.com\/en\/wp-json\/wp\/v2\/media?parent=6268"}],"wp:term":[{"taxonomy":"product_brand","embeddable":true,"href":"https:\/\/www.4bdistrib.com\/en\/wp-json\/wp\/v2\/product_brand?post=6268"},{"taxonomy":"product_cat","embeddable":true,"href":"https:\/\/www.4bdistrib.com\/en\/wp-json\/wp\/v2\/product_cat?post=6268"},{"taxonomy":"product_tag","embeddable":true,"href":"https:\/\/www.4bdistrib.com\/en\/wp-json\/wp\/v2\/product_tag?post=6268"}],"curies":[{"name":"wp","href":"https:\/\/api.w.org\/{rel}","templated":true}]}}