{"id":6347,"date":"2019-04-29T13:30:58","date_gmt":"2019-04-29T11:30:58","guid":{"rendered":"https:\/\/www.4bdistrib.com\/?post_type=product&#038;p=6347"},"modified":"2024-02-29T13:31:08","modified_gmt":"2024-02-29T12:31:08","slug":"lingettes-impregnees-speciales-exterieur","status":"publish","type":"product","link":"https:\/\/www.4bdistrib.com\/en\/produits\/microfibres-et-lingettes\/lingettes\/exterieures\/special-exterior-impregnated-wipes\/","title":{"rendered":"Special Exterior Impregnated Wipes"},"content":{"rendered":"<p>The <strong>special wipes<\/strong> exterior are cleansing, polishing and protective. They allow dry cleaning of bodywork and hard surfaces without specific equipment (vehicles, motorcycles, boats, etc.).<\/p>\n<p>Thanks to their woven material, the wipes clean all types of surfaces:<\/p>\n<ul>\n<li>They remove and absorb all dirt without micro-scratches, whatever the type of surface (bodywork, aluminum, chrome, plastics, plexiglass, rubber, etc.)<\/li>\n<li>Retirent les impacts et traces d&#8217;insectes sur les carrosseries, calandres, optiques de phares&#8230;<\/li>\n<li>Remove traces of bitumen present on the underbody<\/li>\n<li>Clean rims without damaging alloys<\/li>\n<li>Revives the shine of exterior paints and plastics<\/li>\n<\/ul>\n<p>The wipes deposit a protective film on the treated areas in order to protect and delay dirt.<\/p>\n<p>The <strong>special exterior wipes<\/strong> peuvent \u00eatre utiliser pour d&#8217;autres applications:<\/p>\n<ul>\n<li>Craftsmen, installers, businesses and services: the wipes remove fresh glue residue, allow appliances to be delivered without streaks, clean store furniture, etc.<\/li>\n<li>Industries: les lingettes permettent d&#8217;effectuer un nettoyage de finition avant la livraison du mat\u00e9riel<\/li>\n<\/ul>\n<p>&nbsp;<\/p>","protected":false},"excerpt":{"rendered":"<ul>\n<li>Box of 80 wipes<\/li>\n<li>Cleansing, polishing, protective<\/li>\n<li>Ideal for exterior vehicle cleaning<\/li>\n<li>Wipes dimensions: 24 x 20 cm<\/li>\n<\/ul>","protected":false},"featured_media":6348,"template":"","meta":{"_exactmetrics_skip_tracking":false,"_exactmetrics_sitenote_active":false,"_exactmetrics_sitenote_note":"","_exactmetrics_sitenote_category":0},"product_brand":[],"product_cat":[541,539,529],"product_tag":[],"class_list":{"0":"post-6347","1":"product","2":"type-product","3":"status-publish","4":"has-post-thumbnail","6":"product_cat-exterieures","7":"product_cat-lingettes","8":"product_cat-microfibres-et-lingettes","10":"first","11":"instock","12":"shipping-taxable","13":"product-type-simple"},"yoast_head":"<!-- This site is optimized with the Yoast SEO plugin v27.2 - https:\/\/yoast.com\/product\/yoast-seo-wordpress\/ -->\n<title>Lingettes impr\u00e9gn\u00e9es sp\u00e9ciales ext\u00e9rieur - 4B DISTRIB<\/title>\n<meta name=\"description\" content=\"Boite de 80 lingettes sp\u00e9ciales ext\u00e9rieur, Nettoyantes, lustrantes, protectrices, Nettoyage \u00e0 sec des carrosseries et surfaces dures sans micros-rayures...\" \/>\n<meta name=\"robots\" content=\"index, follow, max-snippet:-1, max-image-preview:large, max-video-preview:-1\" \/>\n<link rel=\"canonical\" href=\"https:\/\/www.4bdistrib.com\/en\/produits\/microfibres-et-lingettes\/lingettes\/exterieures\/special-exterior-impregnated-wipes\/\" \/>\n<meta property=\"og:locale\" content=\"en_GB\" \/>\n<meta property=\"og:type\" content=\"article\" \/>\n<meta property=\"og:title\" content=\"Lingettes impr\u00e9gn\u00e9es sp\u00e9ciales ext\u00e9rieur - 4B DISTRIB\" \/>\n<meta property=\"og:description\" content=\"Boite de 80 lingettes sp\u00e9ciales ext\u00e9rieur, Nettoyantes, lustrantes, protectrices, Nettoyage \u00e0 sec des carrosseries et surfaces dures sans micros-rayures...\" \/>\n<meta property=\"og:url\" content=\"https:\/\/www.4bdistrib.com\/en\/produits\/microfibres-et-lingettes\/lingettes\/exterieures\/special-exterior-impregnated-wipes\/\" \/>\n<meta property=\"og:site_name\" content=\"4B DISTRIB\" \/>\n<meta property=\"article:modified_time\" content=\"2024-02-29T12:31:08+00:00\" \/>\n<meta property=\"og:image\" content=\"https:\/\/www.4bdistrib.com\/wp-content\/uploads\/2018\/07\/lingettes-impregnees-speciales-exterieur.jpg\" \/>\n\t<meta property=\"og:image:width\" content=\"720\" \/>\n\t<meta property=\"og:image:height\" content=\"660\" \/>\n\t<meta property=\"og:image:type\" content=\"image\/jpeg\" \/>\n<meta name=\"twitter:card\" content=\"summary_large_image\" \/>\n<meta name=\"twitter:label1\" content=\"Estimated reading time\" \/>\n\t<meta name=\"twitter:data1\" content=\"1 minute\" \/>\n<script type=\"application\/ld+json\" class=\"yoast-schema-graph\">{\"@context\":\"https:\/\/schema.org\",\"@graph\":[{\"@type\":\"WebPage\",\"@id\":\"https:\/\/www.4bdistrib.com\/produits\/microfibres-et-lingettes\/lingettes\/exterieures\/lingettes-impregnees-speciales-exterieur\/\",\"url\":\"https:\/\/www.4bdistrib.com\/produits\/microfibres-et-lingettes\/lingettes\/exterieures\/lingettes-impregnees-speciales-exterieur\/\",\"name\":\"Lingettes impr\u00e9gn\u00e9es sp\u00e9ciales ext\u00e9rieur - 4B DISTRIB\",\"isPartOf\":{\"@id\":\"https:\/\/www.4bdistrib.com\/#website\"},\"primaryImageOfPage\":{\"@id\":\"https:\/\/www.4bdistrib.com\/produits\/microfibres-et-lingettes\/lingettes\/exterieures\/lingettes-impregnees-speciales-exterieur\/#primaryimage\"},\"image\":{\"@id\":\"https:\/\/www.4bdistrib.com\/produits\/microfibres-et-lingettes\/lingettes\/exterieures\/lingettes-impregnees-speciales-exterieur\/#primaryimage\"},\"thumbnailUrl\":\"https:\/\/www.4bdistrib.com\/wp-content\/uploads\/2018\/07\/lingettes-impregnees-speciales-exterieur.jpg\",\"datePublished\":\"2019-04-29T11:30:58+00:00\",\"dateModified\":\"2024-02-29T12:31:08+00:00\",\"description\":\"Boite de 80 lingettes sp\u00e9ciales ext\u00e9rieur, Nettoyantes, lustrantes, protectrices, Nettoyage \u00e0 sec des carrosseries et surfaces dures sans micros-rayures...\",\"breadcrumb\":{\"@id\":\"https:\/\/www.4bdistrib.com\/produits\/microfibres-et-lingettes\/lingettes\/exterieures\/lingettes-impregnees-speciales-exterieur\/#breadcrumb\"},\"inLanguage\":\"en-GB\",\"potentialAction\":[{\"@type\":\"ReadAction\",\"target\":[\"https:\/\/www.4bdistrib.com\/produits\/microfibres-et-lingettes\/lingettes\/exterieures\/lingettes-impregnees-speciales-exterieur\/\"]}]},{\"@type\":\"ImageObject\",\"inLanguage\":\"en-GB\",\"@id\":\"https:\/\/www.4bdistrib.com\/produits\/microfibres-et-lingettes\/lingettes\/exterieures\/lingettes-impregnees-speciales-exterieur\/#primaryimage\",\"url\":\"https:\/\/www.4bdistrib.com\/wp-content\/uploads\/2018\/07\/lingettes-impregnees-speciales-exterieur.jpg\",\"contentUrl\":\"https:\/\/www.4bdistrib.com\/wp-content\/uploads\/2018\/07\/lingettes-impregnees-speciales-exterieur.jpg\",\"width\":720,\"height\":660,\"caption\":\"Lingettes sp\u00e9ciales ext\u00e9rieur\"},{\"@type\":\"BreadcrumbList\",\"@id\":\"https:\/\/www.4bdistrib.com\/produits\/microfibres-et-lingettes\/lingettes\/exterieures\/lingettes-impregnees-speciales-exterieur\/#breadcrumb\",\"itemListElement\":[{\"@type\":\"ListItem\",\"position\":1,\"name\":\"Home\",\"item\":\"https:\/\/www.4bdistrib.com\/\"},{\"@type\":\"ListItem\",\"position\":2,\"name\":\"Produits\",\"item\":\"https:\/\/www.4bdistrib.com\/produits\/\"},{\"@type\":\"ListItem\",\"position\":3,\"name\":\"Lingettes Impr\u00e9gn\u00e9es Sp\u00e9ciales Ext\u00e9rieur\"}]},{\"@type\":\"WebSite\",\"@id\":\"https:\/\/www.4bdistrib.com\/#website\",\"url\":\"https:\/\/www.4bdistrib.com\/\",\"name\":\"4B DISTRIB\",\"description\":\"Equipements Conseils Services\",\"potentialAction\":[{\"@type\":\"SearchAction\",\"target\":{\"@type\":\"EntryPoint\",\"urlTemplate\":\"https:\/\/www.4bdistrib.com\/?s={search_term_string}\"},\"query-input\":{\"@type\":\"PropertyValueSpecification\",\"valueRequired\":true,\"valueName\":\"search_term_string\"}}],\"inLanguage\":\"en-GB\"}]}<\/script>\n<!-- \/ Yoast SEO plugin. -->","yoast_head_json":{"title":"Special impregnated exterior wipes - 4B DISTRIB","description":"Box of 80 special exterior wipes, Cleaning, polishing, protective, Dry cleaning of bodywork and hard surfaces without micro-scratches...","robots":{"index":"index","follow":"follow","max-snippet":"max-snippet:-1","max-image-preview":"max-image-preview:large","max-video-preview":"max-video-preview:-1"},"canonical":"https:\/\/www.4bdistrib.com\/en\/produits\/microfibres-et-lingettes\/lingettes\/exterieures\/special-exterior-impregnated-wipes\/","og_locale":"en_GB","og_type":"article","og_title":"Lingettes impr\u00e9gn\u00e9es sp\u00e9ciales ext\u00e9rieur - 4B DISTRIB","og_description":"Boite de 80 lingettes sp\u00e9ciales ext\u00e9rieur, Nettoyantes, lustrantes, protectrices, Nettoyage \u00e0 sec des carrosseries et surfaces dures sans micros-rayures...","og_url":"https:\/\/www.4bdistrib.com\/en\/produits\/microfibres-et-lingettes\/lingettes\/exterieures\/special-exterior-impregnated-wipes\/","og_site_name":"4B DISTRIB","article_modified_time":"2024-02-29T12:31:08+00:00","og_image":[{"width":720,"height":660,"url":"https:\/\/www.4bdistrib.com\/wp-content\/uploads\/2018\/07\/lingettes-impregnees-speciales-exterieur.jpg","type":"image\/jpeg"}],"twitter_card":"summary_large_image","twitter_misc":{"Estimated reading time":"1 minute"},"schema":{"@context":"https:\/\/schema.org","@graph":[{"@type":"WebPage","@id":"https:\/\/www.4bdistrib.com\/produits\/microfibres-et-lingettes\/lingettes\/exterieures\/lingettes-impregnees-speciales-exterieur\/","url":"https:\/\/www.4bdistrib.com\/produits\/microfibres-et-lingettes\/lingettes\/exterieures\/lingettes-impregnees-speciales-exterieur\/","name":"Special impregnated exterior wipes - 4B DISTRIB","isPartOf":{"@id":"https:\/\/www.4bdistrib.com\/#website"},"primaryImageOfPage":{"@id":"https:\/\/www.4bdistrib.com\/produits\/microfibres-et-lingettes\/lingettes\/exterieures\/lingettes-impregnees-speciales-exterieur\/#primaryimage"},"image":{"@id":"https:\/\/www.4bdistrib.com\/produits\/microfibres-et-lingettes\/lingettes\/exterieures\/lingettes-impregnees-speciales-exterieur\/#primaryimage"},"thumbnailUrl":"https:\/\/www.4bdistrib.com\/wp-content\/uploads\/2018\/07\/lingettes-impregnees-speciales-exterieur.jpg","datePublished":"2019-04-29T11:30:58+00:00","dateModified":"2024-02-29T12:31:08+00:00","description":"Box of 80 special exterior wipes, Cleaning, polishing, protective, Dry cleaning of bodywork and hard surfaces without micro-scratches...","breadcrumb":{"@id":"https:\/\/www.4bdistrib.com\/produits\/microfibres-et-lingettes\/lingettes\/exterieures\/lingettes-impregnees-speciales-exterieur\/#breadcrumb"},"inLanguage":"en-GB","potentialAction":[{"@type":"ReadAction","target":["https:\/\/www.4bdistrib.com\/produits\/microfibres-et-lingettes\/lingettes\/exterieures\/lingettes-impregnees-speciales-exterieur\/"]}]},{"@type":"ImageObject","inLanguage":"en-GB","@id":"https:\/\/www.4bdistrib.com\/produits\/microfibres-et-lingettes\/lingettes\/exterieures\/lingettes-impregnees-speciales-exterieur\/#primaryimage","url":"https:\/\/www.4bdistrib.com\/wp-content\/uploads\/2018\/07\/lingettes-impregnees-speciales-exterieur.jpg","contentUrl":"https:\/\/www.4bdistrib.com\/wp-content\/uploads\/2018\/07\/lingettes-impregnees-speciales-exterieur.jpg","width":720,"height":660,"caption":"Lingettes sp\u00e9ciales ext\u00e9rieur"},{"@type":"BreadcrumbList","@id":"https:\/\/www.4bdistrib.com\/produits\/microfibres-et-lingettes\/lingettes\/exterieures\/lingettes-impregnees-speciales-exterieur\/#breadcrumb","itemListElement":[{"@type":"ListItem","position":1,"name":"Home","item":"https:\/\/www.4bdistrib.com\/"},{"@type":"ListItem","position":2,"name":"Produits","item":"https:\/\/www.4bdistrib.com\/produits\/"},{"@type":"ListItem","position":3,"name":"Lingettes Impr\u00e9gn\u00e9es Sp\u00e9ciales Ext\u00e9rieur"}]},{"@type":"WebSite","@id":"https:\/\/www.4bdistrib.com\/#website","url":"https:\/\/www.4bdistrib.com\/","name":"4B DISTRIB","description":"Equipements Conseils Services","potentialAction":[{"@type":"SearchAction","target":{"@type":"EntryPoint","urlTemplate":"https:\/\/www.4bdistrib.com\/?s={search_term_string}"},"query-input":{"@type":"PropertyValueSpecification","valueRequired":true,"valueName":"search_term_string"}}],"inLanguage":"en-GB"}]}},"_links":{"self":[{"href":"https:\/\/www.4bdistrib.com\/en\/wp-json\/wp\/v2\/product\/6347","targetHints":{"allow":["GET"]}}],"collection":[{"href":"https:\/\/www.4bdistrib.com\/en\/wp-json\/wp\/v2\/product"}],"about":[{"href":"https:\/\/www.4bdistrib.com\/en\/wp-json\/wp\/v2\/types\/product"}],"wp:featuredmedia":[{"embeddable":true,"href":"https:\/\/www.4bdistrib.com\/en\/wp-json\/wp\/v2\/media\/6348"}],"wp:attachment":[{"href":"https:\/\/www.4bdistrib.com\/en\/wp-json\/wp\/v2\/media?parent=6347"}],"wp:term":[{"taxonomy":"product_brand","embeddable":true,"href":"https:\/\/www.4bdistrib.com\/en\/wp-json\/wp\/v2\/product_brand?post=6347"},{"taxonomy":"product_cat","embeddable":true,"href":"https:\/\/www.4bdistrib.com\/en\/wp-json\/wp\/v2\/product_cat?post=6347"},{"taxonomy":"product_tag","embeddable":true,"href":"https:\/\/www.4bdistrib.com\/en\/wp-json\/wp\/v2\/product_tag?post=6347"}],"curies":[{"name":"wp","href":"https:\/\/api.w.org\/{rel}","templated":true}]}}