{"id":6364,"date":"2019-04-24T15:47:22","date_gmt":"2019-04-24T13:47:22","guid":{"rendered":"https:\/\/www.4bdistrib.com\/?post_type=product&#038;p=6364"},"modified":"2024-02-29T13:32:44","modified_gmt":"2024-02-29T12:32:44","slug":"lingettes-impregnees-speciales-anti-graffitis","status":"publish","type":"product","link":"https:\/\/www.4bdistrib.com\/en\/produits\/microfibres-et-lingettes\/lingettes\/anti-graffitis\/special-impregnated-wipes-anti-graffiti\/","title":{"rendered":"Special Anti-Graffiti Impregnated Wipes"},"content":{"rendered":"<p>The <strong>special anti-graffiti impregnated wipes\u00a0<\/strong>are an innovative concept for removing graffiti from smooth or porous surfaces.<\/p>\n<p>These wipes comply with current legislation and do not contain methylene chloride, acetone, MEK, white spirit, toluene or other chlorinated solvents.<\/p>\n<p>Le faible taux d&#8217;\u00e9vaporation ainsi que leur composition assurent une bonne efficacit\u00e9. Elles permettent d&#8217;\u00e9liminer rapidement les traces de peintures, de feutres ou d&#8217;encres.<\/p>\n<p>The <strong>anti-graffiti wipes<\/strong> work on glass, metal surfaces, some plastics, rubber and some paints.<\/p>\n<p>&nbsp;<\/p>","protected":false},"excerpt":{"rendered":"<ul>\n<li>Box of 80 anti-graffiti wipes<\/li>\n<li>High solvent power, fast action<\/li>\n<li>Removal of graffiti and glue<\/li>\n<li>Wipes dimensions: 24 x 20 cm<\/li>\n<\/ul>","protected":false},"featured_media":6365,"template":"","meta":{"_exactmetrics_skip_tracking":false,"_exactmetrics_sitenote_active":false,"_exactmetrics_sitenote_note":"","_exactmetrics_sitenote_category":0},"product_brand":[],"product_cat":[545,539,529],"product_tag":[],"class_list":{"0":"post-6364","1":"product","2":"type-product","3":"status-publish","4":"has-post-thumbnail","6":"product_cat-anti-graffitis","7":"product_cat-lingettes","8":"product_cat-microfibres-et-lingettes","10":"first","11":"instock","12":"shipping-taxable","13":"product-type-simple"},"yoast_head":"<!-- This site is optimized with the Yoast SEO plugin v27.2 - https:\/\/yoast.com\/product\/yoast-seo-wordpress\/ -->\n<title>Lingettes impr\u00e9gn\u00e9es sp\u00e9ciales anti-graffitis - 4B DISTRIB<\/title>\n<meta name=\"description\" content=\"Boite de 80 lingettes anti-graffitis, Haut pouvoir solvant, \u00c9limination graffitis et colles sur surfaces lisses ou poreuses. Fonctionne sur verre, m\u00e9tal...\" \/>\n<meta name=\"robots\" content=\"index, follow, max-snippet:-1, max-image-preview:large, max-video-preview:-1\" \/>\n<link rel=\"canonical\" href=\"https:\/\/www.4bdistrib.com\/en\/produits\/microfibres-et-lingettes\/lingettes\/anti-graffitis\/special-impregnated-wipes-anti-graffiti\/\" \/>\n<meta property=\"og:locale\" content=\"en_GB\" \/>\n<meta property=\"og:type\" content=\"article\" \/>\n<meta property=\"og:title\" content=\"Lingettes impr\u00e9gn\u00e9es sp\u00e9ciales anti-graffitis - 4B DISTRIB\" \/>\n<meta property=\"og:description\" content=\"Boite de 80 lingettes anti-graffitis, Haut pouvoir solvant, \u00c9limination graffitis et colles sur surfaces lisses ou poreuses. Fonctionne sur verre, m\u00e9tal...\" \/>\n<meta property=\"og:url\" content=\"https:\/\/www.4bdistrib.com\/en\/produits\/microfibres-et-lingettes\/lingettes\/anti-graffitis\/special-impregnated-wipes-anti-graffiti\/\" \/>\n<meta property=\"og:site_name\" content=\"4B DISTRIB\" \/>\n<meta property=\"article:modified_time\" content=\"2024-02-29T12:32:44+00:00\" \/>\n<meta property=\"og:image\" content=\"https:\/\/www.4bdistrib.com\/wp-content\/uploads\/2018\/07\/lingettes-impregnees-speciales-anti-graffitis.jpg\" \/>\n\t<meta property=\"og:image:width\" content=\"720\" \/>\n\t<meta property=\"og:image:height\" content=\"660\" \/>\n\t<meta property=\"og:image:type\" content=\"image\/jpeg\" \/>\n<meta name=\"twitter:card\" content=\"summary_large_image\" \/>\n<meta name=\"twitter:label1\" content=\"Estimated reading time\" \/>\n\t<meta name=\"twitter:data1\" content=\"1 minute\" \/>\n<script type=\"application\/ld+json\" class=\"yoast-schema-graph\">{\"@context\":\"https:\/\/schema.org\",\"@graph\":[{\"@type\":\"WebPage\",\"@id\":\"https:\/\/www.4bdistrib.com\/produits\/microfibres-et-lingettes\/lingettes\/anti-graffitis\/lingettes-impregnees-speciales-anti-graffitis\/\",\"url\":\"https:\/\/www.4bdistrib.com\/produits\/microfibres-et-lingettes\/lingettes\/anti-graffitis\/lingettes-impregnees-speciales-anti-graffitis\/\",\"name\":\"Lingettes impr\u00e9gn\u00e9es sp\u00e9ciales anti-graffitis - 4B DISTRIB\",\"isPartOf\":{\"@id\":\"https:\/\/www.4bdistrib.com\/#website\"},\"primaryImageOfPage\":{\"@id\":\"https:\/\/www.4bdistrib.com\/produits\/microfibres-et-lingettes\/lingettes\/anti-graffitis\/lingettes-impregnees-speciales-anti-graffitis\/#primaryimage\"},\"image\":{\"@id\":\"https:\/\/www.4bdistrib.com\/produits\/microfibres-et-lingettes\/lingettes\/anti-graffitis\/lingettes-impregnees-speciales-anti-graffitis\/#primaryimage\"},\"thumbnailUrl\":\"https:\/\/www.4bdistrib.com\/wp-content\/uploads\/2018\/07\/lingettes-impregnees-speciales-anti-graffitis.jpg\",\"datePublished\":\"2019-04-24T13:47:22+00:00\",\"dateModified\":\"2024-02-29T12:32:44+00:00\",\"description\":\"Boite de 80 lingettes anti-graffitis, Haut pouvoir solvant, \u00c9limination graffitis et colles sur surfaces lisses ou poreuses. Fonctionne sur verre, m\u00e9tal...\",\"breadcrumb\":{\"@id\":\"https:\/\/www.4bdistrib.com\/produits\/microfibres-et-lingettes\/lingettes\/anti-graffitis\/lingettes-impregnees-speciales-anti-graffitis\/#breadcrumb\"},\"inLanguage\":\"en-GB\",\"potentialAction\":[{\"@type\":\"ReadAction\",\"target\":[\"https:\/\/www.4bdistrib.com\/produits\/microfibres-et-lingettes\/lingettes\/anti-graffitis\/lingettes-impregnees-speciales-anti-graffitis\/\"]}]},{\"@type\":\"ImageObject\",\"inLanguage\":\"en-GB\",\"@id\":\"https:\/\/www.4bdistrib.com\/produits\/microfibres-et-lingettes\/lingettes\/anti-graffitis\/lingettes-impregnees-speciales-anti-graffitis\/#primaryimage\",\"url\":\"https:\/\/www.4bdistrib.com\/wp-content\/uploads\/2018\/07\/lingettes-impregnees-speciales-anti-graffitis.jpg\",\"contentUrl\":\"https:\/\/www.4bdistrib.com\/wp-content\/uploads\/2018\/07\/lingettes-impregnees-speciales-anti-graffitis.jpg\",\"width\":720,\"height\":660,\"caption\":\"Lingettes sp\u00e9ciales anti-graffitis\"},{\"@type\":\"BreadcrumbList\",\"@id\":\"https:\/\/www.4bdistrib.com\/produits\/microfibres-et-lingettes\/lingettes\/anti-graffitis\/lingettes-impregnees-speciales-anti-graffitis\/#breadcrumb\",\"itemListElement\":[{\"@type\":\"ListItem\",\"position\":1,\"name\":\"Home\",\"item\":\"https:\/\/www.4bdistrib.com\/\"},{\"@type\":\"ListItem\",\"position\":2,\"name\":\"Produits\",\"item\":\"https:\/\/www.4bdistrib.com\/produits\/\"},{\"@type\":\"ListItem\",\"position\":3,\"name\":\"Lingettes Impr\u00e9gn\u00e9es Sp\u00e9ciales Anti-Graffitis\"}]},{\"@type\":\"WebSite\",\"@id\":\"https:\/\/www.4bdistrib.com\/#website\",\"url\":\"https:\/\/www.4bdistrib.com\/\",\"name\":\"4B DISTRIB\",\"description\":\"Equipements Conseils Services\",\"potentialAction\":[{\"@type\":\"SearchAction\",\"target\":{\"@type\":\"EntryPoint\",\"urlTemplate\":\"https:\/\/www.4bdistrib.com\/?s={search_term_string}\"},\"query-input\":{\"@type\":\"PropertyValueSpecification\",\"valueRequired\":true,\"valueName\":\"search_term_string\"}}],\"inLanguage\":\"en-GB\"}]}<\/script>\n<!-- \/ Yoast SEO plugin. -->","yoast_head_json":{"title":"Special impregnated anti-graffiti wipes - 4B DISTRIB","description":"Box of 80 anti-graffiti wipes, High solvent power, Removal of graffiti and glue on smooth or porous surfaces. Works on glass, metal...","robots":{"index":"index","follow":"follow","max-snippet":"max-snippet:-1","max-image-preview":"max-image-preview:large","max-video-preview":"max-video-preview:-1"},"canonical":"https:\/\/www.4bdistrib.com\/en\/produits\/microfibres-et-lingettes\/lingettes\/anti-graffitis\/special-impregnated-wipes-anti-graffiti\/","og_locale":"en_GB","og_type":"article","og_title":"Lingettes impr\u00e9gn\u00e9es sp\u00e9ciales anti-graffitis - 4B DISTRIB","og_description":"Boite de 80 lingettes anti-graffitis, Haut pouvoir solvant, \u00c9limination graffitis et colles sur surfaces lisses ou poreuses. Fonctionne sur verre, m\u00e9tal...","og_url":"https:\/\/www.4bdistrib.com\/en\/produits\/microfibres-et-lingettes\/lingettes\/anti-graffitis\/special-impregnated-wipes-anti-graffiti\/","og_site_name":"4B DISTRIB","article_modified_time":"2024-02-29T12:32:44+00:00","og_image":[{"width":720,"height":660,"url":"https:\/\/www.4bdistrib.com\/wp-content\/uploads\/2018\/07\/lingettes-impregnees-speciales-anti-graffitis.jpg","type":"image\/jpeg"}],"twitter_card":"summary_large_image","twitter_misc":{"Estimated reading time":"1 minute"},"schema":{"@context":"https:\/\/schema.org","@graph":[{"@type":"WebPage","@id":"https:\/\/www.4bdistrib.com\/produits\/microfibres-et-lingettes\/lingettes\/anti-graffitis\/lingettes-impregnees-speciales-anti-graffitis\/","url":"https:\/\/www.4bdistrib.com\/produits\/microfibres-et-lingettes\/lingettes\/anti-graffitis\/lingettes-impregnees-speciales-anti-graffitis\/","name":"Special impregnated anti-graffiti wipes - 4B DISTRIB","isPartOf":{"@id":"https:\/\/www.4bdistrib.com\/#website"},"primaryImageOfPage":{"@id":"https:\/\/www.4bdistrib.com\/produits\/microfibres-et-lingettes\/lingettes\/anti-graffitis\/lingettes-impregnees-speciales-anti-graffitis\/#primaryimage"},"image":{"@id":"https:\/\/www.4bdistrib.com\/produits\/microfibres-et-lingettes\/lingettes\/anti-graffitis\/lingettes-impregnees-speciales-anti-graffitis\/#primaryimage"},"thumbnailUrl":"https:\/\/www.4bdistrib.com\/wp-content\/uploads\/2018\/07\/lingettes-impregnees-speciales-anti-graffitis.jpg","datePublished":"2019-04-24T13:47:22+00:00","dateModified":"2024-02-29T12:32:44+00:00","description":"Box of 80 anti-graffiti wipes, High solvent power, Removal of graffiti and glue on smooth or porous surfaces. Works on glass, metal...","breadcrumb":{"@id":"https:\/\/www.4bdistrib.com\/produits\/microfibres-et-lingettes\/lingettes\/anti-graffitis\/lingettes-impregnees-speciales-anti-graffitis\/#breadcrumb"},"inLanguage":"en-GB","potentialAction":[{"@type":"ReadAction","target":["https:\/\/www.4bdistrib.com\/produits\/microfibres-et-lingettes\/lingettes\/anti-graffitis\/lingettes-impregnees-speciales-anti-graffitis\/"]}]},{"@type":"ImageObject","inLanguage":"en-GB","@id":"https:\/\/www.4bdistrib.com\/produits\/microfibres-et-lingettes\/lingettes\/anti-graffitis\/lingettes-impregnees-speciales-anti-graffitis\/#primaryimage","url":"https:\/\/www.4bdistrib.com\/wp-content\/uploads\/2018\/07\/lingettes-impregnees-speciales-anti-graffitis.jpg","contentUrl":"https:\/\/www.4bdistrib.com\/wp-content\/uploads\/2018\/07\/lingettes-impregnees-speciales-anti-graffitis.jpg","width":720,"height":660,"caption":"Lingettes sp\u00e9ciales anti-graffitis"},{"@type":"BreadcrumbList","@id":"https:\/\/www.4bdistrib.com\/produits\/microfibres-et-lingettes\/lingettes\/anti-graffitis\/lingettes-impregnees-speciales-anti-graffitis\/#breadcrumb","itemListElement":[{"@type":"ListItem","position":1,"name":"Home","item":"https:\/\/www.4bdistrib.com\/"},{"@type":"ListItem","position":2,"name":"Produits","item":"https:\/\/www.4bdistrib.com\/produits\/"},{"@type":"ListItem","position":3,"name":"Lingettes Impr\u00e9gn\u00e9es Sp\u00e9ciales Anti-Graffitis"}]},{"@type":"WebSite","@id":"https:\/\/www.4bdistrib.com\/#website","url":"https:\/\/www.4bdistrib.com\/","name":"4B DISTRIB","description":"Equipements Conseils Services","potentialAction":[{"@type":"SearchAction","target":{"@type":"EntryPoint","urlTemplate":"https:\/\/www.4bdistrib.com\/?s={search_term_string}"},"query-input":{"@type":"PropertyValueSpecification","valueRequired":true,"valueName":"search_term_string"}}],"inLanguage":"en-GB"}]}},"_links":{"self":[{"href":"https:\/\/www.4bdistrib.com\/en\/wp-json\/wp\/v2\/product\/6364","targetHints":{"allow":["GET"]}}],"collection":[{"href":"https:\/\/www.4bdistrib.com\/en\/wp-json\/wp\/v2\/product"}],"about":[{"href":"https:\/\/www.4bdistrib.com\/en\/wp-json\/wp\/v2\/types\/product"}],"wp:featuredmedia":[{"embeddable":true,"href":"https:\/\/www.4bdistrib.com\/en\/wp-json\/wp\/v2\/media\/6365"}],"wp:attachment":[{"href":"https:\/\/www.4bdistrib.com\/en\/wp-json\/wp\/v2\/media?parent=6364"}],"wp:term":[{"taxonomy":"product_brand","embeddable":true,"href":"https:\/\/www.4bdistrib.com\/en\/wp-json\/wp\/v2\/product_brand?post=6364"},{"taxonomy":"product_cat","embeddable":true,"href":"https:\/\/www.4bdistrib.com\/en\/wp-json\/wp\/v2\/product_cat?post=6364"},{"taxonomy":"product_tag","embeddable":true,"href":"https:\/\/www.4bdistrib.com\/en\/wp-json\/wp\/v2\/product_tag?post=6364"}],"curies":[{"name":"wp","href":"https:\/\/api.w.org\/{rel}","templated":true}]}}