{"id":6371,"date":"2018-07-23T16:22:52","date_gmt":"2018-07-23T14:22:52","guid":{"rendered":"https:\/\/www.4bdistrib.com\/?post_type=product&#038;p=6371"},"modified":"2018-10-02T15:37:39","modified_gmt":"2018-10-02T13:37:39","slug":"lustreuse-professionnelle-nenette","status":"publish","type":"product","link":"https:\/\/www.4bdistrib.com\/en\/produits\/gants-et-eponges\/lustreuses\/nenette\/lustreuse-professionnelle-nenette\/","title":{"rendered":"Professional Polisher \u2013 Nenette"},"content":{"rendered":"<p>This <strong>professional polisher<\/strong> is a soft brush, made of treated fibers to dust and polish delicate surfaces. The nenette retains dust and shine to leave an impeccable surface.<\/p>\n<p>The <strong>nenette polisher<\/strong> can be used for automobile cleaning (on the bodywork or dashboard) and for furniture dusting work.<\/p>\n<p>&nbsp;<\/p>","protected":false},"excerpt":{"rendered":"<ul>\n<li>Vehicle polisher<\/li>\n<li>Material: treated fibers<\/li>\n<li>Delicate surfaces<\/li>\n<li>Size : 70 x 15 x 14 cm<\/li>\n<\/ul>","protected":false},"featured_media":6373,"template":"","meta":{"_exactmetrics_skip_tracking":false,"_exactmetrics_sitenote_active":false,"_exactmetrics_sitenote_note":"","_exactmetrics_sitenote_category":0},"product_brand":[],"product_cat":[548,549],"product_tag":[],"class_list":{"0":"post-6371","1":"product","2":"type-product","3":"status-publish","4":"has-post-thumbnail","6":"product_cat-lustreuses","7":"product_cat-nenette","9":"first","10":"instock","11":"shipping-taxable","12":"product-type-simple"},"yoast_head":"<!-- This site is optimized with the Yoast SEO plugin v27.2 - https:\/\/yoast.com\/product\/yoast-seo-wordpress\/ -->\n<title>Lustreuse professionnelle - 4B DISTRIB<\/title>\n<meta name=\"description\" content=\"Lustreuse pro en fibres trait\u00e9es, Dimensions 75 x 20 cm, Pour surfaces d\u00e9licates, Id\u00e9al lustrage automobile.\" \/>\n<meta name=\"robots\" content=\"index, follow, max-snippet:-1, max-image-preview:large, max-video-preview:-1\" \/>\n<link rel=\"canonical\" href=\"https:\/\/www.4bdistrib.com\/en\/produits\/gants-et-eponges\/lustreuses\/nenette\/lustreuse-professionnelle-nenette\/\" \/>\n<meta property=\"og:locale\" content=\"en_GB\" \/>\n<meta property=\"og:type\" content=\"article\" \/>\n<meta property=\"og:title\" content=\"Lustreuse professionnelle - 4B DISTRIB\" \/>\n<meta property=\"og:description\" content=\"Lustreuse pro en fibres trait\u00e9es, Dimensions 75 x 20 cm, Pour surfaces d\u00e9licates, Id\u00e9al lustrage automobile.\" \/>\n<meta property=\"og:url\" content=\"https:\/\/www.4bdistrib.com\/en\/produits\/gants-et-eponges\/lustreuses\/nenette\/lustreuse-professionnelle-nenette\/\" \/>\n<meta property=\"og:site_name\" content=\"4B DISTRIB\" \/>\n<meta property=\"article:modified_time\" content=\"2018-10-02T13:37:39+00:00\" \/>\n<meta property=\"og:image\" content=\"https:\/\/www.4bdistrib.com\/wp-content\/uploads\/2018\/07\/lustreuse-professionnelle-nenette.jpg\" \/>\n\t<meta property=\"og:image:width\" content=\"720\" \/>\n\t<meta property=\"og:image:height\" content=\"660\" \/>\n\t<meta property=\"og:image:type\" content=\"image\/jpeg\" \/>\n<meta name=\"twitter:card\" content=\"summary_large_image\" \/>\n<script type=\"application\/ld+json\" class=\"yoast-schema-graph\">{\"@context\":\"https:\/\/schema.org\",\"@graph\":[{\"@type\":\"WebPage\",\"@id\":\"https:\/\/www.4bdistrib.com\/produits\/gants-et-eponges\/lustreuses\/nenette\/lustreuse-professionnelle-nenette\/\",\"url\":\"https:\/\/www.4bdistrib.com\/produits\/gants-et-eponges\/lustreuses\/nenette\/lustreuse-professionnelle-nenette\/\",\"name\":\"Lustreuse professionnelle - 4B DISTRIB\",\"isPartOf\":{\"@id\":\"https:\/\/www.4bdistrib.com\/#website\"},\"primaryImageOfPage\":{\"@id\":\"https:\/\/www.4bdistrib.com\/produits\/gants-et-eponges\/lustreuses\/nenette\/lustreuse-professionnelle-nenette\/#primaryimage\"},\"image\":{\"@id\":\"https:\/\/www.4bdistrib.com\/produits\/gants-et-eponges\/lustreuses\/nenette\/lustreuse-professionnelle-nenette\/#primaryimage\"},\"thumbnailUrl\":\"https:\/\/www.4bdistrib.com\/wp-content\/uploads\/2018\/07\/lustreuse-professionnelle-nenette.jpg\",\"datePublished\":\"2018-07-23T14:22:52+00:00\",\"dateModified\":\"2018-10-02T13:37:39+00:00\",\"description\":\"Lustreuse pro en fibres trait\u00e9es, Dimensions 75 x 20 cm, Pour surfaces d\u00e9licates, Id\u00e9al lustrage automobile.\",\"breadcrumb\":{\"@id\":\"https:\/\/www.4bdistrib.com\/produits\/gants-et-eponges\/lustreuses\/nenette\/lustreuse-professionnelle-nenette\/#breadcrumb\"},\"inLanguage\":\"en-GB\",\"potentialAction\":[{\"@type\":\"ReadAction\",\"target\":[\"https:\/\/www.4bdistrib.com\/produits\/gants-et-eponges\/lustreuses\/nenette\/lustreuse-professionnelle-nenette\/\"]}]},{\"@type\":\"ImageObject\",\"inLanguage\":\"en-GB\",\"@id\":\"https:\/\/www.4bdistrib.com\/produits\/gants-et-eponges\/lustreuses\/nenette\/lustreuse-professionnelle-nenette\/#primaryimage\",\"url\":\"https:\/\/www.4bdistrib.com\/wp-content\/uploads\/2018\/07\/lustreuse-professionnelle-nenette.jpg\",\"contentUrl\":\"https:\/\/www.4bdistrib.com\/wp-content\/uploads\/2018\/07\/lustreuse-professionnelle-nenette.jpg\",\"width\":720,\"height\":660,\"caption\":\"Lustreuse professionnelle, nenette\"},{\"@type\":\"BreadcrumbList\",\"@id\":\"https:\/\/www.4bdistrib.com\/produits\/gants-et-eponges\/lustreuses\/nenette\/lustreuse-professionnelle-nenette\/#breadcrumb\",\"itemListElement\":[{\"@type\":\"ListItem\",\"position\":1,\"name\":\"Home\",\"item\":\"https:\/\/www.4bdistrib.com\/\"},{\"@type\":\"ListItem\",\"position\":2,\"name\":\"Produits\",\"item\":\"https:\/\/www.4bdistrib.com\/produits\/\"},{\"@type\":\"ListItem\",\"position\":3,\"name\":\"Lustreuse Professionnelle &#8211; Nenette\"}]},{\"@type\":\"WebSite\",\"@id\":\"https:\/\/www.4bdistrib.com\/#website\",\"url\":\"https:\/\/www.4bdistrib.com\/\",\"name\":\"4B DISTRIB\",\"description\":\"Equipements Conseils Services\",\"potentialAction\":[{\"@type\":\"SearchAction\",\"target\":{\"@type\":\"EntryPoint\",\"urlTemplate\":\"https:\/\/www.4bdistrib.com\/?s={search_term_string}\"},\"query-input\":{\"@type\":\"PropertyValueSpecification\",\"valueRequired\":true,\"valueName\":\"search_term_string\"}}],\"inLanguage\":\"en-GB\"}]}<\/script>\n<!-- \/ Yoast SEO plugin. -->","yoast_head_json":{"title":"Professional polisher - 4B DISTRIB","description":"Professional polisher in treated fibers, Dimensions 75 x 20 cm, For delicate surfaces, Ideal for automobile polishing.","robots":{"index":"index","follow":"follow","max-snippet":"max-snippet:-1","max-image-preview":"max-image-preview:large","max-video-preview":"max-video-preview:-1"},"canonical":"https:\/\/www.4bdistrib.com\/en\/produits\/gants-et-eponges\/lustreuses\/nenette\/lustreuse-professionnelle-nenette\/","og_locale":"en_GB","og_type":"article","og_title":"Lustreuse professionnelle - 4B DISTRIB","og_description":"Lustreuse pro en fibres trait\u00e9es, Dimensions 75 x 20 cm, Pour surfaces d\u00e9licates, Id\u00e9al lustrage automobile.","og_url":"https:\/\/www.4bdistrib.com\/en\/produits\/gants-et-eponges\/lustreuses\/nenette\/lustreuse-professionnelle-nenette\/","og_site_name":"4B DISTRIB","article_modified_time":"2018-10-02T13:37:39+00:00","og_image":[{"width":720,"height":660,"url":"https:\/\/www.4bdistrib.com\/wp-content\/uploads\/2018\/07\/lustreuse-professionnelle-nenette.jpg","type":"image\/jpeg"}],"twitter_card":"summary_large_image","schema":{"@context":"https:\/\/schema.org","@graph":[{"@type":"WebPage","@id":"https:\/\/www.4bdistrib.com\/produits\/gants-et-eponges\/lustreuses\/nenette\/lustreuse-professionnelle-nenette\/","url":"https:\/\/www.4bdistrib.com\/produits\/gants-et-eponges\/lustreuses\/nenette\/lustreuse-professionnelle-nenette\/","name":"Professional polisher - 4B DISTRIB","isPartOf":{"@id":"https:\/\/www.4bdistrib.com\/#website"},"primaryImageOfPage":{"@id":"https:\/\/www.4bdistrib.com\/produits\/gants-et-eponges\/lustreuses\/nenette\/lustreuse-professionnelle-nenette\/#primaryimage"},"image":{"@id":"https:\/\/www.4bdistrib.com\/produits\/gants-et-eponges\/lustreuses\/nenette\/lustreuse-professionnelle-nenette\/#primaryimage"},"thumbnailUrl":"https:\/\/www.4bdistrib.com\/wp-content\/uploads\/2018\/07\/lustreuse-professionnelle-nenette.jpg","datePublished":"2018-07-23T14:22:52+00:00","dateModified":"2018-10-02T13:37:39+00:00","description":"Professional polisher in treated fibers, Dimensions 75 x 20 cm, For delicate surfaces, Ideal for automobile polishing.","breadcrumb":{"@id":"https:\/\/www.4bdistrib.com\/produits\/gants-et-eponges\/lustreuses\/nenette\/lustreuse-professionnelle-nenette\/#breadcrumb"},"inLanguage":"en-GB","potentialAction":[{"@type":"ReadAction","target":["https:\/\/www.4bdistrib.com\/produits\/gants-et-eponges\/lustreuses\/nenette\/lustreuse-professionnelle-nenette\/"]}]},{"@type":"ImageObject","inLanguage":"en-GB","@id":"https:\/\/www.4bdistrib.com\/produits\/gants-et-eponges\/lustreuses\/nenette\/lustreuse-professionnelle-nenette\/#primaryimage","url":"https:\/\/www.4bdistrib.com\/wp-content\/uploads\/2018\/07\/lustreuse-professionnelle-nenette.jpg","contentUrl":"https:\/\/www.4bdistrib.com\/wp-content\/uploads\/2018\/07\/lustreuse-professionnelle-nenette.jpg","width":720,"height":660,"caption":"Lustreuse professionnelle, nenette"},{"@type":"BreadcrumbList","@id":"https:\/\/www.4bdistrib.com\/produits\/gants-et-eponges\/lustreuses\/nenette\/lustreuse-professionnelle-nenette\/#breadcrumb","itemListElement":[{"@type":"ListItem","position":1,"name":"Home","item":"https:\/\/www.4bdistrib.com\/"},{"@type":"ListItem","position":2,"name":"Produits","item":"https:\/\/www.4bdistrib.com\/produits\/"},{"@type":"ListItem","position":3,"name":"Lustreuse Professionnelle &#8211; Nenette"}]},{"@type":"WebSite","@id":"https:\/\/www.4bdistrib.com\/#website","url":"https:\/\/www.4bdistrib.com\/","name":"4B DISTRIB","description":"Equipements Conseils Services","potentialAction":[{"@type":"SearchAction","target":{"@type":"EntryPoint","urlTemplate":"https:\/\/www.4bdistrib.com\/?s={search_term_string}"},"query-input":{"@type":"PropertyValueSpecification","valueRequired":true,"valueName":"search_term_string"}}],"inLanguage":"en-GB"}]}},"_links":{"self":[{"href":"https:\/\/www.4bdistrib.com\/en\/wp-json\/wp\/v2\/product\/6371","targetHints":{"allow":["GET"]}}],"collection":[{"href":"https:\/\/www.4bdistrib.com\/en\/wp-json\/wp\/v2\/product"}],"about":[{"href":"https:\/\/www.4bdistrib.com\/en\/wp-json\/wp\/v2\/types\/product"}],"wp:featuredmedia":[{"embeddable":true,"href":"https:\/\/www.4bdistrib.com\/en\/wp-json\/wp\/v2\/media\/6373"}],"wp:attachment":[{"href":"https:\/\/www.4bdistrib.com\/en\/wp-json\/wp\/v2\/media?parent=6371"}],"wp:term":[{"taxonomy":"product_brand","embeddable":true,"href":"https:\/\/www.4bdistrib.com\/en\/wp-json\/wp\/v2\/product_brand?post=6371"},{"taxonomy":"product_cat","embeddable":true,"href":"https:\/\/www.4bdistrib.com\/en\/wp-json\/wp\/v2\/product_cat?post=6371"},{"taxonomy":"product_tag","embeddable":true,"href":"https:\/\/www.4bdistrib.com\/en\/wp-json\/wp\/v2\/product_tag?post=6371"}],"curies":[{"name":"wp","href":"https:\/\/api.w.org\/{rel}","templated":true}]}}