{"id":6386,"date":"2018-07-25T11:58:24","date_gmt":"2018-07-25T09:58:24","guid":{"rendered":"https:\/\/www.4bdistrib.com\/?post_type=product&#038;p=6386"},"modified":"2018-10-03T11:03:21","modified_gmt":"2018-10-03T09:03:21","slug":"gant-de-lavage-microfibres-bi-faces-coloris-orange","status":"publish","type":"product","link":"https:\/\/www.4bdistrib.com\/en\/produits\/gants-et-eponges\/gants\/gants-de-lavage\/gant-de-lavage-microfibres-bi-faces-coloris-orange\/","title":{"rendered":"Two-sided Microfiber Washing Glove \u2013 Orange Color"},"content":{"rendered":"<p>The <strong>microfiber wash mitt<\/strong> is an ideal tool for automobile cleaning.<\/p>\n<p>It allows you to remove all dirt and dust without damaging the bodywork.<\/p>\n<p>The <strong>wash mitt<\/strong> has an elastic so that it is well held on your wrist and you can carry out your cleaning in complete practicality.<\/p>","protected":false},"excerpt":{"rendered":"<ul>\n<li>2 sides<\/li>\n<li>Material: microfibers<\/li>\n<li>Gently removes dirt<\/li>\n<li>Ideal car cleaning<\/li>\n<\/ul>","protected":false},"featured_media":6387,"template":"","meta":{"_exactmetrics_skip_tracking":false,"_exactmetrics_sitenote_active":false,"_exactmetrics_sitenote_note":"","_exactmetrics_sitenote_category":0},"product_brand":[],"product_cat":[550,547,551],"product_tag":[],"class_list":{"0":"post-6386","1":"product","2":"type-product","3":"status-publish","4":"has-post-thumbnail","6":"product_cat-gants","7":"product_cat-gants-et-eponges","8":"product_cat-gants-de-lavage","10":"first","11":"instock","12":"shipping-taxable","13":"product-type-simple"},"yoast_head":"<!-- This site is optimized with the Yoast SEO plugin v27.2 - https:\/\/yoast.com\/product\/yoast-seo-wordpress\/ -->\n<title>Gant de lavage microfibres bi-faces, coloris orange - 4b DISTRIB<\/title>\n<meta name=\"description\" content=\"Gant de lavage en microfibres sur les 2 faces, Dimensions 28 x 22 cm, Retire les salet\u00e9s en douceur, \u00c9lastique au poignet, Id\u00e9al nettoyage auto.\" \/>\n<meta name=\"robots\" content=\"index, follow, max-snippet:-1, max-image-preview:large, max-video-preview:-1\" \/>\n<link rel=\"canonical\" href=\"https:\/\/www.4bdistrib.com\/en\/produits\/gants-et-eponges\/gants\/gants-de-lavage\/gant-de-lavage-microfibres-bi-faces-coloris-orange\/\" \/>\n<meta property=\"og:locale\" content=\"en_GB\" \/>\n<meta property=\"og:type\" content=\"article\" \/>\n<meta property=\"og:title\" content=\"Gant de lavage microfibres bi-faces, coloris orange - 4b DISTRIB\" \/>\n<meta property=\"og:description\" content=\"Gant de lavage en microfibres sur les 2 faces, Dimensions 28 x 22 cm, Retire les salet\u00e9s en douceur, \u00c9lastique au poignet, Id\u00e9al nettoyage auto.\" \/>\n<meta property=\"og:url\" content=\"https:\/\/www.4bdistrib.com\/en\/produits\/gants-et-eponges\/gants\/gants-de-lavage\/gant-de-lavage-microfibres-bi-faces-coloris-orange\/\" \/>\n<meta property=\"og:site_name\" content=\"4B DISTRIB\" \/>\n<meta property=\"article:modified_time\" content=\"2018-10-03T09:03:21+00:00\" \/>\n<meta property=\"og:image\" content=\"https:\/\/www.4bdistrib.com\/wp-content\/uploads\/2018\/07\/gant-de-lavage-bi-faces-microfibres-orange.jpg\" \/>\n\t<meta property=\"og:image:width\" content=\"720\" \/>\n\t<meta property=\"og:image:height\" content=\"660\" \/>\n\t<meta property=\"og:image:type\" content=\"image\/jpeg\" \/>\n<meta name=\"twitter:card\" content=\"summary_large_image\" \/>\n<script type=\"application\/ld+json\" class=\"yoast-schema-graph\">{\"@context\":\"https:\/\/schema.org\",\"@graph\":[{\"@type\":\"WebPage\",\"@id\":\"https:\/\/www.4bdistrib.com\/produits\/gants-et-eponges\/gants\/gants-de-lavage\/gant-de-lavage-microfibres-bi-faces-coloris-orange\/\",\"url\":\"https:\/\/www.4bdistrib.com\/produits\/gants-et-eponges\/gants\/gants-de-lavage\/gant-de-lavage-microfibres-bi-faces-coloris-orange\/\",\"name\":\"Gant de lavage microfibres bi-faces, coloris orange - 4b DISTRIB\",\"isPartOf\":{\"@id\":\"https:\/\/www.4bdistrib.com\/#website\"},\"primaryImageOfPage\":{\"@id\":\"https:\/\/www.4bdistrib.com\/produits\/gants-et-eponges\/gants\/gants-de-lavage\/gant-de-lavage-microfibres-bi-faces-coloris-orange\/#primaryimage\"},\"image\":{\"@id\":\"https:\/\/www.4bdistrib.com\/produits\/gants-et-eponges\/gants\/gants-de-lavage\/gant-de-lavage-microfibres-bi-faces-coloris-orange\/#primaryimage\"},\"thumbnailUrl\":\"https:\/\/www.4bdistrib.com\/wp-content\/uploads\/2018\/07\/gant-de-lavage-bi-faces-microfibres-orange.jpg\",\"datePublished\":\"2018-07-25T09:58:24+00:00\",\"dateModified\":\"2018-10-03T09:03:21+00:00\",\"description\":\"Gant de lavage en microfibres sur les 2 faces, Dimensions 28 x 22 cm, Retire les salet\u00e9s en douceur, \u00c9lastique au poignet, Id\u00e9al nettoyage auto.\",\"breadcrumb\":{\"@id\":\"https:\/\/www.4bdistrib.com\/produits\/gants-et-eponges\/gants\/gants-de-lavage\/gant-de-lavage-microfibres-bi-faces-coloris-orange\/#breadcrumb\"},\"inLanguage\":\"en-GB\",\"potentialAction\":[{\"@type\":\"ReadAction\",\"target\":[\"https:\/\/www.4bdistrib.com\/produits\/gants-et-eponges\/gants\/gants-de-lavage\/gant-de-lavage-microfibres-bi-faces-coloris-orange\/\"]}]},{\"@type\":\"ImageObject\",\"inLanguage\":\"en-GB\",\"@id\":\"https:\/\/www.4bdistrib.com\/produits\/gants-et-eponges\/gants\/gants-de-lavage\/gant-de-lavage-microfibres-bi-faces-coloris-orange\/#primaryimage\",\"url\":\"https:\/\/www.4bdistrib.com\/wp-content\/uploads\/2018\/07\/gant-de-lavage-bi-faces-microfibres-orange.jpg\",\"contentUrl\":\"https:\/\/www.4bdistrib.com\/wp-content\/uploads\/2018\/07\/gant-de-lavage-bi-faces-microfibres-orange.jpg\",\"width\":720,\"height\":660,\"caption\":\"Gant de lavage microfibres bi-faces\"},{\"@type\":\"BreadcrumbList\",\"@id\":\"https:\/\/www.4bdistrib.com\/produits\/gants-et-eponges\/gants\/gants-de-lavage\/gant-de-lavage-microfibres-bi-faces-coloris-orange\/#breadcrumb\",\"itemListElement\":[{\"@type\":\"ListItem\",\"position\":1,\"name\":\"Home\",\"item\":\"https:\/\/www.4bdistrib.com\/\"},{\"@type\":\"ListItem\",\"position\":2,\"name\":\"Produits\",\"item\":\"https:\/\/www.4bdistrib.com\/produits\/\"},{\"@type\":\"ListItem\",\"position\":3,\"name\":\"Gant de Lavage Microfibres Bi-faces &#8211; Coloris Orange\"}]},{\"@type\":\"WebSite\",\"@id\":\"https:\/\/www.4bdistrib.com\/#website\",\"url\":\"https:\/\/www.4bdistrib.com\/\",\"name\":\"4B DISTRIB\",\"description\":\"Equipements Conseils Services\",\"potentialAction\":[{\"@type\":\"SearchAction\",\"target\":{\"@type\":\"EntryPoint\",\"urlTemplate\":\"https:\/\/www.4bdistrib.com\/?s={search_term_string}\"},\"query-input\":{\"@type\":\"PropertyValueSpecification\",\"valueRequired\":true,\"valueName\":\"search_term_string\"}}],\"inLanguage\":\"en-GB\"}]}<\/script>\n<!-- \/ Yoast SEO plugin. -->","yoast_head_json":{"title":"Two-sided microfiber washing glove, orange color - 4b DISTRIB","description":"Microfiber washing glove on both sides, Dimensions 28 x 22 cm, Gently removes dirt, Elastic wrist, Ideal for car cleaning.","robots":{"index":"index","follow":"follow","max-snippet":"max-snippet:-1","max-image-preview":"max-image-preview:large","max-video-preview":"max-video-preview:-1"},"canonical":"https:\/\/www.4bdistrib.com\/en\/produits\/gants-et-eponges\/gants\/gants-de-lavage\/gant-de-lavage-microfibres-bi-faces-coloris-orange\/","og_locale":"en_GB","og_type":"article","og_title":"Gant de lavage microfibres bi-faces, coloris orange - 4b DISTRIB","og_description":"Gant de lavage en microfibres sur les 2 faces, Dimensions 28 x 22 cm, Retire les salet\u00e9s en douceur, \u00c9lastique au poignet, Id\u00e9al nettoyage auto.","og_url":"https:\/\/www.4bdistrib.com\/en\/produits\/gants-et-eponges\/gants\/gants-de-lavage\/gant-de-lavage-microfibres-bi-faces-coloris-orange\/","og_site_name":"4B DISTRIB","article_modified_time":"2018-10-03T09:03:21+00:00","og_image":[{"width":720,"height":660,"url":"https:\/\/www.4bdistrib.com\/wp-content\/uploads\/2018\/07\/gant-de-lavage-bi-faces-microfibres-orange.jpg","type":"image\/jpeg"}],"twitter_card":"summary_large_image","schema":{"@context":"https:\/\/schema.org","@graph":[{"@type":"WebPage","@id":"https:\/\/www.4bdistrib.com\/produits\/gants-et-eponges\/gants\/gants-de-lavage\/gant-de-lavage-microfibres-bi-faces-coloris-orange\/","url":"https:\/\/www.4bdistrib.com\/produits\/gants-et-eponges\/gants\/gants-de-lavage\/gant-de-lavage-microfibres-bi-faces-coloris-orange\/","name":"Two-sided microfiber washing glove, orange color - 4b DISTRIB","isPartOf":{"@id":"https:\/\/www.4bdistrib.com\/#website"},"primaryImageOfPage":{"@id":"https:\/\/www.4bdistrib.com\/produits\/gants-et-eponges\/gants\/gants-de-lavage\/gant-de-lavage-microfibres-bi-faces-coloris-orange\/#primaryimage"},"image":{"@id":"https:\/\/www.4bdistrib.com\/produits\/gants-et-eponges\/gants\/gants-de-lavage\/gant-de-lavage-microfibres-bi-faces-coloris-orange\/#primaryimage"},"thumbnailUrl":"https:\/\/www.4bdistrib.com\/wp-content\/uploads\/2018\/07\/gant-de-lavage-bi-faces-microfibres-orange.jpg","datePublished":"2018-07-25T09:58:24+00:00","dateModified":"2018-10-03T09:03:21+00:00","description":"Microfiber washing glove on both sides, Dimensions 28 x 22 cm, Gently removes dirt, Elastic wrist, Ideal for car cleaning.","breadcrumb":{"@id":"https:\/\/www.4bdistrib.com\/produits\/gants-et-eponges\/gants\/gants-de-lavage\/gant-de-lavage-microfibres-bi-faces-coloris-orange\/#breadcrumb"},"inLanguage":"en-GB","potentialAction":[{"@type":"ReadAction","target":["https:\/\/www.4bdistrib.com\/produits\/gants-et-eponges\/gants\/gants-de-lavage\/gant-de-lavage-microfibres-bi-faces-coloris-orange\/"]}]},{"@type":"ImageObject","inLanguage":"en-GB","@id":"https:\/\/www.4bdistrib.com\/produits\/gants-et-eponges\/gants\/gants-de-lavage\/gant-de-lavage-microfibres-bi-faces-coloris-orange\/#primaryimage","url":"https:\/\/www.4bdistrib.com\/wp-content\/uploads\/2018\/07\/gant-de-lavage-bi-faces-microfibres-orange.jpg","contentUrl":"https:\/\/www.4bdistrib.com\/wp-content\/uploads\/2018\/07\/gant-de-lavage-bi-faces-microfibres-orange.jpg","width":720,"height":660,"caption":"Gant de lavage microfibres bi-faces"},{"@type":"BreadcrumbList","@id":"https:\/\/www.4bdistrib.com\/produits\/gants-et-eponges\/gants\/gants-de-lavage\/gant-de-lavage-microfibres-bi-faces-coloris-orange\/#breadcrumb","itemListElement":[{"@type":"ListItem","position":1,"name":"Home","item":"https:\/\/www.4bdistrib.com\/"},{"@type":"ListItem","position":2,"name":"Produits","item":"https:\/\/www.4bdistrib.com\/produits\/"},{"@type":"ListItem","position":3,"name":"Gant de Lavage Microfibres Bi-faces &#8211; Coloris Orange"}]},{"@type":"WebSite","@id":"https:\/\/www.4bdistrib.com\/#website","url":"https:\/\/www.4bdistrib.com\/","name":"4B DISTRIB","description":"Equipements Conseils Services","potentialAction":[{"@type":"SearchAction","target":{"@type":"EntryPoint","urlTemplate":"https:\/\/www.4bdistrib.com\/?s={search_term_string}"},"query-input":{"@type":"PropertyValueSpecification","valueRequired":true,"valueName":"search_term_string"}}],"inLanguage":"en-GB"}]}},"_links":{"self":[{"href":"https:\/\/www.4bdistrib.com\/en\/wp-json\/wp\/v2\/product\/6386","targetHints":{"allow":["GET"]}}],"collection":[{"href":"https:\/\/www.4bdistrib.com\/en\/wp-json\/wp\/v2\/product"}],"about":[{"href":"https:\/\/www.4bdistrib.com\/en\/wp-json\/wp\/v2\/types\/product"}],"wp:featuredmedia":[{"embeddable":true,"href":"https:\/\/www.4bdistrib.com\/en\/wp-json\/wp\/v2\/media\/6387"}],"wp:attachment":[{"href":"https:\/\/www.4bdistrib.com\/en\/wp-json\/wp\/v2\/media?parent=6386"}],"wp:term":[{"taxonomy":"product_brand","embeddable":true,"href":"https:\/\/www.4bdistrib.com\/en\/wp-json\/wp\/v2\/product_brand?post=6386"},{"taxonomy":"product_cat","embeddable":true,"href":"https:\/\/www.4bdistrib.com\/en\/wp-json\/wp\/v2\/product_cat?post=6386"},{"taxonomy":"product_tag","embeddable":true,"href":"https:\/\/www.4bdistrib.com\/en\/wp-json\/wp\/v2\/product_tag?post=6386"}],"curies":[{"name":"wp","href":"https:\/\/api.w.org\/{rel}","templated":true}]}}