{"id":6404,"date":"2018-07-25T15:32:09","date_gmt":"2018-07-25T13:32:09","guid":{"rendered":"https:\/\/www.4bdistrib.com\/?post_type=product&#038;p=6404"},"modified":"2018-10-03T11:16:29","modified_gmt":"2018-10-03T09:16:29","slug":"peau-de-chamois-nouvelle-generation","status":"publish","type":"product","link":"https:\/\/www.4bdistrib.com\/en\/produits\/gants-et-eponges\/peaux-de-chamois\/peau-de-chamois-nouvelle-generation\/","title":{"rendered":"Peau de Chamois &#8220;Nouvelle G\u00e9n\u00e9ration&#8221;"},"content":{"rendered":"<p>The <strong>new generation chamois<\/strong> en PVA gaufr\u00e9 est 2 fois plus absorbante (peut absorber jusqu&#8217;\u00e0 5 fois son poids) et 2 fois plus performante !<\/p>\n<p>Elle est constitu\u00e9e d&#8217;une face gaufr\u00e9e qui permet de frotter sans rayer et d&#8217;une face lisse pour essuyer.<\/p>\n<p>It is ideal for cleaning any vehicle (car, motorcycle, boat, etc.). It quickly dries the bodywork for a streak-free result.<\/p>","protected":false},"excerpt":{"rendered":"<ul>\n<li>Highly absorbent chamois<\/li>\n<li>Material: Embossed PVA<\/li>\n<li>Very fast drying<\/li>\n<li>2 sizes to choose from<\/li>\n<li>SKU 430M008 : 43 x 32 x 0,2 cm<\/li>\n<li>SKU 430M009 : 64 x 43 x 0,2 cm<\/li>\n<\/ul>","protected":false},"featured_media":6405,"template":"","meta":{"_exactmetrics_skip_tracking":false,"_exactmetrics_sitenote_active":false,"_exactmetrics_sitenote_note":"","_exactmetrics_sitenote_category":0},"product_brand":[],"product_cat":[547,561],"product_tag":[],"class_list":{"0":"post-6404","1":"product","2":"type-product","3":"status-publish","4":"has-post-thumbnail","6":"product_cat-gants-et-eponges","7":"product_cat-peaux-de-chamois","9":"first","10":"instock","11":"shipping-taxable","12":"product-type-simple"},"yoast_head":"<!-- This site is optimized with the Yoast SEO plugin v27.2 - https:\/\/yoast.com\/product\/yoast-seo-wordpress\/ -->\n<title>Peau de chamois &quot;Nouvelle g\u00e9n\u00e9ration&quot; - 4B DISTRIB<\/title>\n<meta name=\"description\" content=\"Peau de chamois en PVA gaufr\u00e9, Tr\u00e8s absorbante (jusqu&#039;\u00e0 5 fois son poids), S\u00e9chage tr\u00e8s rapide, 2 dimensions au choix. Id\u00e9ale nettoyage auto.\" \/>\n<meta name=\"robots\" content=\"index, follow, max-snippet:-1, max-image-preview:large, max-video-preview:-1\" \/>\n<link rel=\"canonical\" href=\"https:\/\/www.4bdistrib.com\/en\/produits\/gants-et-eponges\/peaux-de-chamois\/peau-de-chamois-nouvelle-generation\/\" \/>\n<meta property=\"og:locale\" content=\"en_GB\" \/>\n<meta property=\"og:type\" content=\"article\" \/>\n<meta property=\"og:title\" content=\"Peau de chamois &quot;Nouvelle g\u00e9n\u00e9ration&quot; - 4B DISTRIB\" \/>\n<meta property=\"og:description\" content=\"Peau de chamois en PVA gaufr\u00e9, Tr\u00e8s absorbante (jusqu&#039;\u00e0 5 fois son poids), S\u00e9chage tr\u00e8s rapide, 2 dimensions au choix. Id\u00e9ale nettoyage auto.\" \/>\n<meta property=\"og:url\" content=\"https:\/\/www.4bdistrib.com\/en\/produits\/gants-et-eponges\/peaux-de-chamois\/peau-de-chamois-nouvelle-generation\/\" \/>\n<meta property=\"og:site_name\" content=\"4B DISTRIB\" \/>\n<meta property=\"article:modified_time\" content=\"2018-10-03T09:16:29+00:00\" \/>\n<meta property=\"og:image\" content=\"https:\/\/www.4bdistrib.com\/wp-content\/uploads\/2018\/07\/peau-de-chamois-nouvelle-generation.jpg\" \/>\n\t<meta property=\"og:image:width\" content=\"720\" \/>\n\t<meta property=\"og:image:height\" content=\"660\" \/>\n\t<meta property=\"og:image:type\" content=\"image\/jpeg\" \/>\n<meta name=\"twitter:card\" content=\"summary_large_image\" \/>\n<script type=\"application\/ld+json\" class=\"yoast-schema-graph\">{\"@context\":\"https:\/\/schema.org\",\"@graph\":[{\"@type\":\"WebPage\",\"@id\":\"https:\/\/www.4bdistrib.com\/produits\/gants-et-eponges\/peaux-de-chamois\/peau-de-chamois-nouvelle-generation\/\",\"url\":\"https:\/\/www.4bdistrib.com\/produits\/gants-et-eponges\/peaux-de-chamois\/peau-de-chamois-nouvelle-generation\/\",\"name\":\"Peau de chamois \\\"Nouvelle g\u00e9n\u00e9ration\\\" - 4B DISTRIB\",\"isPartOf\":{\"@id\":\"https:\/\/www.4bdistrib.com\/#website\"},\"primaryImageOfPage\":{\"@id\":\"https:\/\/www.4bdistrib.com\/produits\/gants-et-eponges\/peaux-de-chamois\/peau-de-chamois-nouvelle-generation\/#primaryimage\"},\"image\":{\"@id\":\"https:\/\/www.4bdistrib.com\/produits\/gants-et-eponges\/peaux-de-chamois\/peau-de-chamois-nouvelle-generation\/#primaryimage\"},\"thumbnailUrl\":\"https:\/\/www.4bdistrib.com\/wp-content\/uploads\/2018\/07\/peau-de-chamois-nouvelle-generation.jpg\",\"datePublished\":\"2018-07-25T13:32:09+00:00\",\"dateModified\":\"2018-10-03T09:16:29+00:00\",\"description\":\"Peau de chamois en PVA gaufr\u00e9, Tr\u00e8s absorbante (jusqu'\u00e0 5 fois son poids), S\u00e9chage tr\u00e8s rapide, 2 dimensions au choix. Id\u00e9ale nettoyage auto.\",\"breadcrumb\":{\"@id\":\"https:\/\/www.4bdistrib.com\/produits\/gants-et-eponges\/peaux-de-chamois\/peau-de-chamois-nouvelle-generation\/#breadcrumb\"},\"inLanguage\":\"en-GB\",\"potentialAction\":[{\"@type\":\"ReadAction\",\"target\":[\"https:\/\/www.4bdistrib.com\/produits\/gants-et-eponges\/peaux-de-chamois\/peau-de-chamois-nouvelle-generation\/\"]}]},{\"@type\":\"ImageObject\",\"inLanguage\":\"en-GB\",\"@id\":\"https:\/\/www.4bdistrib.com\/produits\/gants-et-eponges\/peaux-de-chamois\/peau-de-chamois-nouvelle-generation\/#primaryimage\",\"url\":\"https:\/\/www.4bdistrib.com\/wp-content\/uploads\/2018\/07\/peau-de-chamois-nouvelle-generation.jpg\",\"contentUrl\":\"https:\/\/www.4bdistrib.com\/wp-content\/uploads\/2018\/07\/peau-de-chamois-nouvelle-generation.jpg\",\"width\":720,\"height\":660},{\"@type\":\"BreadcrumbList\",\"@id\":\"https:\/\/www.4bdistrib.com\/produits\/gants-et-eponges\/peaux-de-chamois\/peau-de-chamois-nouvelle-generation\/#breadcrumb\",\"itemListElement\":[{\"@type\":\"ListItem\",\"position\":1,\"name\":\"Home\",\"item\":\"https:\/\/www.4bdistrib.com\/\"},{\"@type\":\"ListItem\",\"position\":2,\"name\":\"Produits\",\"item\":\"https:\/\/www.4bdistrib.com\/produits\/\"},{\"@type\":\"ListItem\",\"position\":3,\"name\":\"Peau de Chamois &#8220;Nouvelle G\u00e9n\u00e9ration&#8221;\"}]},{\"@type\":\"WebSite\",\"@id\":\"https:\/\/www.4bdistrib.com\/#website\",\"url\":\"https:\/\/www.4bdistrib.com\/\",\"name\":\"4B DISTRIB\",\"description\":\"Equipements Conseils Services\",\"potentialAction\":[{\"@type\":\"SearchAction\",\"target\":{\"@type\":\"EntryPoint\",\"urlTemplate\":\"https:\/\/www.4bdistrib.com\/?s={search_term_string}\"},\"query-input\":{\"@type\":\"PropertyValueSpecification\",\"valueRequired\":true,\"valueName\":\"search_term_string\"}}],\"inLanguage\":\"en-GB\"}]}<\/script>\n<!-- \/ Yoast SEO plugin. -->","yoast_head_json":{"title":"\u201cNew generation\u201d chamois - 4B DISTRIB","description":"Embossed PVA chamois, Very absorbent (up to 5 times its weight), Very quick drying, 2 sizes to choose from. Ideal car cleaning.","robots":{"index":"index","follow":"follow","max-snippet":"max-snippet:-1","max-image-preview":"max-image-preview:large","max-video-preview":"max-video-preview:-1"},"canonical":"https:\/\/www.4bdistrib.com\/en\/produits\/gants-et-eponges\/peaux-de-chamois\/peau-de-chamois-nouvelle-generation\/","og_locale":"en_GB","og_type":"article","og_title":"Peau de chamois \"Nouvelle g\u00e9n\u00e9ration\" - 4B DISTRIB","og_description":"Peau de chamois en PVA gaufr\u00e9, Tr\u00e8s absorbante (jusqu'\u00e0 5 fois son poids), S\u00e9chage tr\u00e8s rapide, 2 dimensions au choix. Id\u00e9ale nettoyage auto.","og_url":"https:\/\/www.4bdistrib.com\/en\/produits\/gants-et-eponges\/peaux-de-chamois\/peau-de-chamois-nouvelle-generation\/","og_site_name":"4B DISTRIB","article_modified_time":"2018-10-03T09:16:29+00:00","og_image":[{"width":720,"height":660,"url":"https:\/\/www.4bdistrib.com\/wp-content\/uploads\/2018\/07\/peau-de-chamois-nouvelle-generation.jpg","type":"image\/jpeg"}],"twitter_card":"summary_large_image","schema":{"@context":"https:\/\/schema.org","@graph":[{"@type":"WebPage","@id":"https:\/\/www.4bdistrib.com\/produits\/gants-et-eponges\/peaux-de-chamois\/peau-de-chamois-nouvelle-generation\/","url":"https:\/\/www.4bdistrib.com\/produits\/gants-et-eponges\/peaux-de-chamois\/peau-de-chamois-nouvelle-generation\/","name":"\u201cNew generation\u201d chamois - 4B DISTRIB","isPartOf":{"@id":"https:\/\/www.4bdistrib.com\/#website"},"primaryImageOfPage":{"@id":"https:\/\/www.4bdistrib.com\/produits\/gants-et-eponges\/peaux-de-chamois\/peau-de-chamois-nouvelle-generation\/#primaryimage"},"image":{"@id":"https:\/\/www.4bdistrib.com\/produits\/gants-et-eponges\/peaux-de-chamois\/peau-de-chamois-nouvelle-generation\/#primaryimage"},"thumbnailUrl":"https:\/\/www.4bdistrib.com\/wp-content\/uploads\/2018\/07\/peau-de-chamois-nouvelle-generation.jpg","datePublished":"2018-07-25T13:32:09+00:00","dateModified":"2018-10-03T09:16:29+00:00","description":"Embossed PVA chamois, Very absorbent (up to 5 times its weight), Very quick drying, 2 sizes to choose from. Ideal car cleaning.","breadcrumb":{"@id":"https:\/\/www.4bdistrib.com\/produits\/gants-et-eponges\/peaux-de-chamois\/peau-de-chamois-nouvelle-generation\/#breadcrumb"},"inLanguage":"en-GB","potentialAction":[{"@type":"ReadAction","target":["https:\/\/www.4bdistrib.com\/produits\/gants-et-eponges\/peaux-de-chamois\/peau-de-chamois-nouvelle-generation\/"]}]},{"@type":"ImageObject","inLanguage":"en-GB","@id":"https:\/\/www.4bdistrib.com\/produits\/gants-et-eponges\/peaux-de-chamois\/peau-de-chamois-nouvelle-generation\/#primaryimage","url":"https:\/\/www.4bdistrib.com\/wp-content\/uploads\/2018\/07\/peau-de-chamois-nouvelle-generation.jpg","contentUrl":"https:\/\/www.4bdistrib.com\/wp-content\/uploads\/2018\/07\/peau-de-chamois-nouvelle-generation.jpg","width":720,"height":660},{"@type":"BreadcrumbList","@id":"https:\/\/www.4bdistrib.com\/produits\/gants-et-eponges\/peaux-de-chamois\/peau-de-chamois-nouvelle-generation\/#breadcrumb","itemListElement":[{"@type":"ListItem","position":1,"name":"Home","item":"https:\/\/www.4bdistrib.com\/"},{"@type":"ListItem","position":2,"name":"Produits","item":"https:\/\/www.4bdistrib.com\/produits\/"},{"@type":"ListItem","position":3,"name":"Peau de Chamois &#8220;Nouvelle G\u00e9n\u00e9ration&#8221;"}]},{"@type":"WebSite","@id":"https:\/\/www.4bdistrib.com\/#website","url":"https:\/\/www.4bdistrib.com\/","name":"4B DISTRIB","description":"Equipements Conseils Services","potentialAction":[{"@type":"SearchAction","target":{"@type":"EntryPoint","urlTemplate":"https:\/\/www.4bdistrib.com\/?s={search_term_string}"},"query-input":{"@type":"PropertyValueSpecification","valueRequired":true,"valueName":"search_term_string"}}],"inLanguage":"en-GB"}]}},"_links":{"self":[{"href":"https:\/\/www.4bdistrib.com\/en\/wp-json\/wp\/v2\/product\/6404","targetHints":{"allow":["GET"]}}],"collection":[{"href":"https:\/\/www.4bdistrib.com\/en\/wp-json\/wp\/v2\/product"}],"about":[{"href":"https:\/\/www.4bdistrib.com\/en\/wp-json\/wp\/v2\/types\/product"}],"wp:featuredmedia":[{"embeddable":true,"href":"https:\/\/www.4bdistrib.com\/en\/wp-json\/wp\/v2\/media\/6405"}],"wp:attachment":[{"href":"https:\/\/www.4bdistrib.com\/en\/wp-json\/wp\/v2\/media?parent=6404"}],"wp:term":[{"taxonomy":"product_brand","embeddable":true,"href":"https:\/\/www.4bdistrib.com\/en\/wp-json\/wp\/v2\/product_brand?post=6404"},{"taxonomy":"product_cat","embeddable":true,"href":"https:\/\/www.4bdistrib.com\/en\/wp-json\/wp\/v2\/product_cat?post=6404"},{"taxonomy":"product_tag","embeddable":true,"href":"https:\/\/www.4bdistrib.com\/en\/wp-json\/wp\/v2\/product_tag?post=6404"}],"curies":[{"name":"wp","href":"https:\/\/api.w.org\/{rel}","templated":true}]}}