{"id":6417,"date":"2021-04-14T09:18:45","date_gmt":"2021-04-14T07:18:45","guid":{"rendered":"https:\/\/www.4bdistrib.com\/?post_type=product&#038;p=6417"},"modified":"2023-02-09T13:13:47","modified_gmt":"2023-02-09T12:13:47","slug":"deboucheur-autonome-et-universel-rapido","status":"publish","type":"product","link":"https:\/\/www.4bdistrib.com\/en\/produits\/materiels-et-outillages\/deboucheur\/deboucheur-autonome-et-universel-rapido\/","title":{"rendered":"RAPIDO Autonomous and Universal Unblocker"},"content":{"rendered":"<p>The <strong>autonomous and universal unblocker RAPIDO<\/strong> is a 4B DISTRIB innovation and exclusivity.<\/p>\n<p>This <strong>autonomous unblocker<\/strong> de canalisation autonome est \u00e9quip\u00e9 d&#8217;une pompe \u00e9lectropneumatique qui envoi une pression d&#8217;air calibr\u00e9e en fonction de la canalisation \u00e0 d\u00e9boucher (WC, \u00e9vier, douche, siphon de sol&#8230;).<\/p>\n<p>It recharges in just 20 seconds.<\/p>\n<p>The <strong>Rapido unblocker<\/strong> comes with a storage case, several tips to adapt to different pipes, a 230 V charger and an electro-pneumatic pump.<\/p>\n<hr \/>\n<p>&nbsp;<\/p>\n<div align=\"center\">\n<p><iframe loading=\"lazy\" src=\"https:\/\/www.youtube.com\/embed\/8gx7Qd-1Rog\" width=\"560\" height=\"315\" frameborder=\"0\" allowfullscreen=\"allowfullscreen\"><\/iframe><\/p>\n<div><\/div>\n<\/div>","protected":false},"excerpt":{"rendered":"<ul>\n<li>Autonomous pipe unblocker<\/li>\n<li>Simple, ultra-fast and effective<\/li>\n<li>No need for water, electricity or compressed air connections<\/li>\n<\/ul>","protected":false},"featured_media":6418,"template":"","meta":{"_exactmetrics_skip_tracking":false,"_exactmetrics_sitenote_active":false,"_exactmetrics_sitenote_note":"","_exactmetrics_sitenote_category":0},"product_brand":[],"product_cat":[707,390],"product_tag":[],"class_list":{"0":"post-6417","1":"product","2":"type-product","3":"status-publish","4":"has-post-thumbnail","6":"product_cat-deboucheur","7":"product_cat-materiels-et-outillages","9":"first","10":"instock","11":"shipping-taxable","12":"product-type-simple"},"yoast_head":"<!-- This site is optimized with the Yoast SEO plugin v27.2 - https:\/\/yoast.com\/product\/yoast-seo-wordpress\/ -->\n<title>D\u00e9boucheur Autonome et Universel Rapido - 4B DISTRIB<\/title>\n<meta name=\"description\" content=\"D\u00e9boucheur de canalisations ultra rapide et efficace, Pas besoin de raccordement en eau \u00e9lectricit\u00e9, Se recharge en 20 sec, D\u00e9bouche WC, \u00e9vier, douches...\" \/>\n<meta name=\"robots\" content=\"index, follow, max-snippet:-1, max-image-preview:large, max-video-preview:-1\" \/>\n<link rel=\"canonical\" href=\"https:\/\/www.4bdistrib.com\/en\/produits\/materiels-et-outillages\/deboucheur\/deboucheur-autonome-et-universel-rapido\/\" \/>\n<meta property=\"og:locale\" content=\"en_GB\" \/>\n<meta property=\"og:type\" content=\"article\" \/>\n<meta property=\"og:title\" content=\"D\u00e9boucheur Autonome et Universel Rapido - 4B DISTRIB\" \/>\n<meta property=\"og:description\" content=\"D\u00e9boucheur de canalisations ultra rapide et efficace, Pas besoin de raccordement en eau \u00e9lectricit\u00e9, Se recharge en 20 sec, D\u00e9bouche WC, \u00e9vier, douches...\" \/>\n<meta property=\"og:url\" content=\"https:\/\/www.4bdistrib.com\/en\/produits\/materiels-et-outillages\/deboucheur\/deboucheur-autonome-et-universel-rapido\/\" \/>\n<meta property=\"og:site_name\" content=\"4B DISTRIB\" \/>\n<meta property=\"article:modified_time\" content=\"2023-02-09T12:13:47+00:00\" \/>\n<meta property=\"og:image\" content=\"https:\/\/www.4bdistrib.com\/wp-content\/uploads\/2018\/07\/deboucheur-autonome-et-universel-rapido.jpg\" \/>\n\t<meta property=\"og:image:width\" content=\"720\" \/>\n\t<meta property=\"og:image:height\" content=\"660\" \/>\n\t<meta property=\"og:image:type\" content=\"image\/jpeg\" \/>\n<meta name=\"twitter:card\" content=\"summary_large_image\" \/>\n<script type=\"application\/ld+json\" class=\"yoast-schema-graph\">{\"@context\":\"https:\/\/schema.org\",\"@graph\":[{\"@type\":\"WebPage\",\"@id\":\"https:\/\/www.4bdistrib.com\/produits\/materiels-et-outillages\/deboucheur\/deboucheur-autonome-et-universel-rapido\/\",\"url\":\"https:\/\/www.4bdistrib.com\/produits\/materiels-et-outillages\/deboucheur\/deboucheur-autonome-et-universel-rapido\/\",\"name\":\"D\u00e9boucheur Autonome et Universel Rapido - 4B DISTRIB\",\"isPartOf\":{\"@id\":\"https:\/\/www.4bdistrib.com\/#website\"},\"primaryImageOfPage\":{\"@id\":\"https:\/\/www.4bdistrib.com\/produits\/materiels-et-outillages\/deboucheur\/deboucheur-autonome-et-universel-rapido\/#primaryimage\"},\"image\":{\"@id\":\"https:\/\/www.4bdistrib.com\/produits\/materiels-et-outillages\/deboucheur\/deboucheur-autonome-et-universel-rapido\/#primaryimage\"},\"thumbnailUrl\":\"https:\/\/www.4bdistrib.com\/wp-content\/uploads\/2018\/07\/deboucheur-autonome-et-universel-rapido.jpg\",\"datePublished\":\"2021-04-14T07:18:45+00:00\",\"dateModified\":\"2023-02-09T12:13:47+00:00\",\"description\":\"D\u00e9boucheur de canalisations ultra rapide et efficace, Pas besoin de raccordement en eau \u00e9lectricit\u00e9, Se recharge en 20 sec, D\u00e9bouche WC, \u00e9vier, douches...\",\"breadcrumb\":{\"@id\":\"https:\/\/www.4bdistrib.com\/produits\/materiels-et-outillages\/deboucheur\/deboucheur-autonome-et-universel-rapido\/#breadcrumb\"},\"inLanguage\":\"en-GB\",\"potentialAction\":[{\"@type\":\"ReadAction\",\"target\":[\"https:\/\/www.4bdistrib.com\/produits\/materiels-et-outillages\/deboucheur\/deboucheur-autonome-et-universel-rapido\/\"]}]},{\"@type\":\"ImageObject\",\"inLanguage\":\"en-GB\",\"@id\":\"https:\/\/www.4bdistrib.com\/produits\/materiels-et-outillages\/deboucheur\/deboucheur-autonome-et-universel-rapido\/#primaryimage\",\"url\":\"https:\/\/www.4bdistrib.com\/wp-content\/uploads\/2018\/07\/deboucheur-autonome-et-universel-rapido.jpg\",\"contentUrl\":\"https:\/\/www.4bdistrib.com\/wp-content\/uploads\/2018\/07\/deboucheur-autonome-et-universel-rapido.jpg\",\"width\":720,\"height\":660,\"caption\":\"D\u00e9boucheur autonome et universel Rapido\"},{\"@type\":\"BreadcrumbList\",\"@id\":\"https:\/\/www.4bdistrib.com\/produits\/materiels-et-outillages\/deboucheur\/deboucheur-autonome-et-universel-rapido\/#breadcrumb\",\"itemListElement\":[{\"@type\":\"ListItem\",\"position\":1,\"name\":\"Home\",\"item\":\"https:\/\/www.4bdistrib.com\/\"},{\"@type\":\"ListItem\",\"position\":2,\"name\":\"Produits\",\"item\":\"https:\/\/www.4bdistrib.com\/produits\/\"},{\"@type\":\"ListItem\",\"position\":3,\"name\":\"D\u00e9boucheur Autonome et Universel RAPIDO\"}]},{\"@type\":\"WebSite\",\"@id\":\"https:\/\/www.4bdistrib.com\/#website\",\"url\":\"https:\/\/www.4bdistrib.com\/\",\"name\":\"4B DISTRIB\",\"description\":\"Equipements Conseils Services\",\"potentialAction\":[{\"@type\":\"SearchAction\",\"target\":{\"@type\":\"EntryPoint\",\"urlTemplate\":\"https:\/\/www.4bdistrib.com\/?s={search_term_string}\"},\"query-input\":{\"@type\":\"PropertyValueSpecification\",\"valueRequired\":true,\"valueName\":\"search_term_string\"}}],\"inLanguage\":\"en-GB\"}]}<\/script>\n<!-- \/ Yoast SEO plugin. -->","yoast_head_json":{"title":"D\u00e9boucheur Autonome et Universel Rapido - 4B DISTRIB","description":"D\u00e9boucheur de canalisations ultra rapide et efficace, Pas besoin de raccordement en eau \u00e9lectricit\u00e9, Se recharge en 20 sec, D\u00e9bouche WC, \u00e9vier, douches...","robots":{"index":"index","follow":"follow","max-snippet":"max-snippet:-1","max-image-preview":"max-image-preview:large","max-video-preview":"max-video-preview:-1"},"canonical":"https:\/\/www.4bdistrib.com\/en\/produits\/materiels-et-outillages\/deboucheur\/deboucheur-autonome-et-universel-rapido\/","og_locale":"en_GB","og_type":"article","og_title":"D\u00e9boucheur Autonome et Universel Rapido - 4B DISTRIB","og_description":"D\u00e9boucheur de canalisations ultra rapide et efficace, Pas besoin de raccordement en eau \u00e9lectricit\u00e9, Se recharge en 20 sec, D\u00e9bouche WC, \u00e9vier, douches...","og_url":"https:\/\/www.4bdistrib.com\/en\/produits\/materiels-et-outillages\/deboucheur\/deboucheur-autonome-et-universel-rapido\/","og_site_name":"4B DISTRIB","article_modified_time":"2023-02-09T12:13:47+00:00","og_image":[{"width":720,"height":660,"url":"https:\/\/www.4bdistrib.com\/wp-content\/uploads\/2018\/07\/deboucheur-autonome-et-universel-rapido.jpg","type":"image\/jpeg"}],"twitter_card":"summary_large_image","schema":{"@context":"https:\/\/schema.org","@graph":[{"@type":"WebPage","@id":"https:\/\/www.4bdistrib.com\/produits\/materiels-et-outillages\/deboucheur\/deboucheur-autonome-et-universel-rapido\/","url":"https:\/\/www.4bdistrib.com\/produits\/materiels-et-outillages\/deboucheur\/deboucheur-autonome-et-universel-rapido\/","name":"D\u00e9boucheur Autonome et Universel Rapido - 4B DISTRIB","isPartOf":{"@id":"https:\/\/www.4bdistrib.com\/#website"},"primaryImageOfPage":{"@id":"https:\/\/www.4bdistrib.com\/produits\/materiels-et-outillages\/deboucheur\/deboucheur-autonome-et-universel-rapido\/#primaryimage"},"image":{"@id":"https:\/\/www.4bdistrib.com\/produits\/materiels-et-outillages\/deboucheur\/deboucheur-autonome-et-universel-rapido\/#primaryimage"},"thumbnailUrl":"https:\/\/www.4bdistrib.com\/wp-content\/uploads\/2018\/07\/deboucheur-autonome-et-universel-rapido.jpg","datePublished":"2021-04-14T07:18:45+00:00","dateModified":"2023-02-09T12:13:47+00:00","description":"D\u00e9boucheur de canalisations ultra rapide et efficace, Pas besoin de raccordement en eau \u00e9lectricit\u00e9, Se recharge en 20 sec, D\u00e9bouche WC, \u00e9vier, douches...","breadcrumb":{"@id":"https:\/\/www.4bdistrib.com\/produits\/materiels-et-outillages\/deboucheur\/deboucheur-autonome-et-universel-rapido\/#breadcrumb"},"inLanguage":"en-GB","potentialAction":[{"@type":"ReadAction","target":["https:\/\/www.4bdistrib.com\/produits\/materiels-et-outillages\/deboucheur\/deboucheur-autonome-et-universel-rapido\/"]}]},{"@type":"ImageObject","inLanguage":"en-GB","@id":"https:\/\/www.4bdistrib.com\/produits\/materiels-et-outillages\/deboucheur\/deboucheur-autonome-et-universel-rapido\/#primaryimage","url":"https:\/\/www.4bdistrib.com\/wp-content\/uploads\/2018\/07\/deboucheur-autonome-et-universel-rapido.jpg","contentUrl":"https:\/\/www.4bdistrib.com\/wp-content\/uploads\/2018\/07\/deboucheur-autonome-et-universel-rapido.jpg","width":720,"height":660,"caption":"D\u00e9boucheur autonome et universel Rapido"},{"@type":"BreadcrumbList","@id":"https:\/\/www.4bdistrib.com\/produits\/materiels-et-outillages\/deboucheur\/deboucheur-autonome-et-universel-rapido\/#breadcrumb","itemListElement":[{"@type":"ListItem","position":1,"name":"Home","item":"https:\/\/www.4bdistrib.com\/"},{"@type":"ListItem","position":2,"name":"Produits","item":"https:\/\/www.4bdistrib.com\/produits\/"},{"@type":"ListItem","position":3,"name":"D\u00e9boucheur Autonome et Universel RAPIDO"}]},{"@type":"WebSite","@id":"https:\/\/www.4bdistrib.com\/#website","url":"https:\/\/www.4bdistrib.com\/","name":"4B DISTRIB","description":"Equipements Conseils Services","potentialAction":[{"@type":"SearchAction","target":{"@type":"EntryPoint","urlTemplate":"https:\/\/www.4bdistrib.com\/?s={search_term_string}"},"query-input":{"@type":"PropertyValueSpecification","valueRequired":true,"valueName":"search_term_string"}}],"inLanguage":"en-GB"}]}},"_links":{"self":[{"href":"https:\/\/www.4bdistrib.com\/en\/wp-json\/wp\/v2\/product\/6417","targetHints":{"allow":["GET"]}}],"collection":[{"href":"https:\/\/www.4bdistrib.com\/en\/wp-json\/wp\/v2\/product"}],"about":[{"href":"https:\/\/www.4bdistrib.com\/en\/wp-json\/wp\/v2\/types\/product"}],"wp:featuredmedia":[{"embeddable":true,"href":"https:\/\/www.4bdistrib.com\/en\/wp-json\/wp\/v2\/media\/6418"}],"wp:attachment":[{"href":"https:\/\/www.4bdistrib.com\/en\/wp-json\/wp\/v2\/media?parent=6417"}],"wp:term":[{"taxonomy":"product_brand","embeddable":true,"href":"https:\/\/www.4bdistrib.com\/en\/wp-json\/wp\/v2\/product_brand?post=6417"},{"taxonomy":"product_cat","embeddable":true,"href":"https:\/\/www.4bdistrib.com\/en\/wp-json\/wp\/v2\/product_cat?post=6417"},{"taxonomy":"product_tag","embeddable":true,"href":"https:\/\/www.4bdistrib.com\/en\/wp-json\/wp\/v2\/product_tag?post=6417"}],"curies":[{"name":"wp","href":"https:\/\/api.w.org\/{rel}","templated":true}]}}