{"id":6513,"date":"2021-03-11T13:52:02","date_gmt":"2021-03-11T12:52:02","guid":{"rendered":"https:\/\/www.4bdistrib.com\/?post_type=product&#038;p=6513"},"modified":"2021-04-27T16:14:13","modified_gmt":"2021-04-27T14:14:13","slug":"pompe-a-membrane-pour-pulverisateur-dorsal-sprayer","status":"publish","type":"product","link":"https:\/\/www.4bdistrib.com\/en\/produits\/pulverisateurs\/electriques\/accessoires-pulverisateurs-electriques\/pompe-a-membrane-pour-pulverisateur-dorsal-sprayer\/","title":{"rendered":"Membrane Pump \u2013 DORSAL SPRAYER"},"content":{"rendered":"<p><strong>Diaphragm pump <\/strong>for the autonomous electric sprayer <a href=\"https:\/\/www.4bdistrib.com\/en\/produits\/pulverisateurs\/pulverisateur-electrique-autonome-dorsal-sprayer\/\">Dorsal Sprayer<\/a>.<\/p>","protected":false},"excerpt":{"rendered":"<ul>\n<li>Diaphragm pump with pressure switch<\/li>\n<li>For the Dorsal Sprayer electric sprayer<\/li>\n<\/ul>","protected":false},"featured_media":6514,"template":"","meta":{"_exactmetrics_skip_tracking":false,"_exactmetrics_sitenote_active":false,"_exactmetrics_sitenote_note":"","_exactmetrics_sitenote_category":0},"product_brand":[],"product_cat":[259,241,240],"product_tag":[],"class_list":{"0":"post-6513","1":"product","2":"type-product","3":"status-publish","4":"has-post-thumbnail","6":"product_cat-accessoires-pulverisateurs-electriques","7":"product_cat-electriques","8":"product_cat-pulverisateurs","9":"pa_accessoire-pulverisateur-pompes","10":"pa_modele-pulverisateur-dorsal-sprayer","11":"pa_modele-pulverisateur-dual-sprayer","12":"pa_modele-pulverisateur-pro-sprayer","13":"pa_type-produit-pulverisateur-accessoires","15":"first","16":"instock","17":"shipping-taxable","18":"product-type-simple"},"yoast_head":"<!-- This site is optimized with the Yoast SEO plugin v27.2 - https:\/\/yoast.com\/product\/yoast-seo-wordpress\/ -->\n<title>Pompe \u00e0 membrane pour pulv\u00e9risateur Dorsal Sprayer - 4B DISTRIB<\/title>\n<meta name=\"description\" content=\"Pompe \u00e0 membrane pour pulv\u00e9risateur \u00e9lectrique autonome Dorsal Sprayer. Avec pressostat.\" \/>\n<meta name=\"robots\" content=\"index, follow, max-snippet:-1, max-image-preview:large, max-video-preview:-1\" \/>\n<link rel=\"canonical\" href=\"https:\/\/www.4bdistrib.com\/en\/produits\/pulverisateurs\/electriques\/accessoires-pulverisateurs-electriques\/pompe-a-membrane-pour-pulverisateur-dorsal-sprayer\/\" \/>\n<meta property=\"og:locale\" content=\"en_GB\" \/>\n<meta property=\"og:type\" content=\"article\" \/>\n<meta property=\"og:title\" content=\"Pompe \u00e0 membrane pour pulv\u00e9risateur Dorsal Sprayer - 4B DISTRIB\" \/>\n<meta property=\"og:description\" content=\"Pompe \u00e0 membrane pour pulv\u00e9risateur \u00e9lectrique autonome Dorsal Sprayer. Avec pressostat.\" \/>\n<meta property=\"og:url\" content=\"https:\/\/www.4bdistrib.com\/en\/produits\/pulverisateurs\/electriques\/accessoires-pulverisateurs-electriques\/pompe-a-membrane-pour-pulverisateur-dorsal-sprayer\/\" \/>\n<meta property=\"og:site_name\" content=\"4B DISTRIB\" \/>\n<meta property=\"article:modified_time\" content=\"2021-04-27T14:14:13+00:00\" \/>\n<meta property=\"og:image\" content=\"https:\/\/www.4bdistrib.com\/wp-content\/uploads\/2018\/08\/pompe-a-membrane-pour-dorsal-sprayer.jpg\" \/>\n\t<meta property=\"og:image:width\" content=\"720\" \/>\n\t<meta property=\"og:image:height\" content=\"660\" \/>\n\t<meta property=\"og:image:type\" content=\"image\/jpeg\" \/>\n<meta name=\"twitter:card\" content=\"summary_large_image\" \/>\n<script type=\"application\/ld+json\" class=\"yoast-schema-graph\">{\"@context\":\"https:\/\/schema.org\",\"@graph\":[{\"@type\":\"WebPage\",\"@id\":\"https:\/\/www.4bdistrib.com\/produits\/pulverisateurs\/electriques\/accessoires-pulverisateurs-electriques\/pompe-a-membrane-pour-pulverisateur-dorsal-sprayer\/\",\"url\":\"https:\/\/www.4bdistrib.com\/produits\/pulverisateurs\/electriques\/accessoires-pulverisateurs-electriques\/pompe-a-membrane-pour-pulverisateur-dorsal-sprayer\/\",\"name\":\"Pompe \u00e0 membrane pour pulv\u00e9risateur Dorsal Sprayer - 4B DISTRIB\",\"isPartOf\":{\"@id\":\"https:\/\/www.4bdistrib.com\/#website\"},\"primaryImageOfPage\":{\"@id\":\"https:\/\/www.4bdistrib.com\/produits\/pulverisateurs\/electriques\/accessoires-pulverisateurs-electriques\/pompe-a-membrane-pour-pulverisateur-dorsal-sprayer\/#primaryimage\"},\"image\":{\"@id\":\"https:\/\/www.4bdistrib.com\/produits\/pulverisateurs\/electriques\/accessoires-pulverisateurs-electriques\/pompe-a-membrane-pour-pulverisateur-dorsal-sprayer\/#primaryimage\"},\"thumbnailUrl\":\"https:\/\/www.4bdistrib.com\/wp-content\/uploads\/2018\/08\/pompe-a-membrane-pour-dorsal-sprayer.jpg\",\"datePublished\":\"2021-03-11T12:52:02+00:00\",\"dateModified\":\"2021-04-27T14:14:13+00:00\",\"description\":\"Pompe \u00e0 membrane pour pulv\u00e9risateur \u00e9lectrique autonome Dorsal Sprayer. Avec pressostat.\",\"breadcrumb\":{\"@id\":\"https:\/\/www.4bdistrib.com\/produits\/pulverisateurs\/electriques\/accessoires-pulverisateurs-electriques\/pompe-a-membrane-pour-pulverisateur-dorsal-sprayer\/#breadcrumb\"},\"inLanguage\":\"en-GB\",\"potentialAction\":[{\"@type\":\"ReadAction\",\"target\":[\"https:\/\/www.4bdistrib.com\/produits\/pulverisateurs\/electriques\/accessoires-pulverisateurs-electriques\/pompe-a-membrane-pour-pulverisateur-dorsal-sprayer\/\"]}]},{\"@type\":\"ImageObject\",\"inLanguage\":\"en-GB\",\"@id\":\"https:\/\/www.4bdistrib.com\/produits\/pulverisateurs\/electriques\/accessoires-pulverisateurs-electriques\/pompe-a-membrane-pour-pulverisateur-dorsal-sprayer\/#primaryimage\",\"url\":\"https:\/\/www.4bdistrib.com\/wp-content\/uploads\/2018\/08\/pompe-a-membrane-pour-dorsal-sprayer.jpg\",\"contentUrl\":\"https:\/\/www.4bdistrib.com\/wp-content\/uploads\/2018\/08\/pompe-a-membrane-pour-dorsal-sprayer.jpg\",\"width\":720,\"height\":660,\"caption\":\"Pompe \u00e0 membrane pour Dorsal Sprayer avec pressostat\"},{\"@type\":\"BreadcrumbList\",\"@id\":\"https:\/\/www.4bdistrib.com\/produits\/pulverisateurs\/electriques\/accessoires-pulverisateurs-electriques\/pompe-a-membrane-pour-pulverisateur-dorsal-sprayer\/#breadcrumb\",\"itemListElement\":[{\"@type\":\"ListItem\",\"position\":1,\"name\":\"Home\",\"item\":\"https:\/\/www.4bdistrib.com\/\"},{\"@type\":\"ListItem\",\"position\":2,\"name\":\"Produits\",\"item\":\"https:\/\/www.4bdistrib.com\/produits\/\"},{\"@type\":\"ListItem\",\"position\":3,\"name\":\"Pompe \u00e0 Membrane &#8211; DORSAL SPRAYER\"}]},{\"@type\":\"WebSite\",\"@id\":\"https:\/\/www.4bdistrib.com\/#website\",\"url\":\"https:\/\/www.4bdistrib.com\/\",\"name\":\"4B DISTRIB\",\"description\":\"Equipements Conseils Services\",\"potentialAction\":[{\"@type\":\"SearchAction\",\"target\":{\"@type\":\"EntryPoint\",\"urlTemplate\":\"https:\/\/www.4bdistrib.com\/?s={search_term_string}\"},\"query-input\":{\"@type\":\"PropertyValueSpecification\",\"valueRequired\":true,\"valueName\":\"search_term_string\"}}],\"inLanguage\":\"en-GB\"}]}<\/script>\n<!-- \/ Yoast SEO plugin. -->","yoast_head_json":{"title":"Diaphragm pump for Dorsal Sprayer - 4B DISTRIB","description":"Diaphragm pump for Dorsal Sprayer autonomous electric sprayer. With pressure switch.","robots":{"index":"index","follow":"follow","max-snippet":"max-snippet:-1","max-image-preview":"max-image-preview:large","max-video-preview":"max-video-preview:-1"},"canonical":"https:\/\/www.4bdistrib.com\/en\/produits\/pulverisateurs\/electriques\/accessoires-pulverisateurs-electriques\/pompe-a-membrane-pour-pulverisateur-dorsal-sprayer\/","og_locale":"en_GB","og_type":"article","og_title":"Pompe \u00e0 membrane pour pulv\u00e9risateur Dorsal Sprayer - 4B DISTRIB","og_description":"Pompe \u00e0 membrane pour pulv\u00e9risateur \u00e9lectrique autonome Dorsal Sprayer. Avec pressostat.","og_url":"https:\/\/www.4bdistrib.com\/en\/produits\/pulverisateurs\/electriques\/accessoires-pulverisateurs-electriques\/pompe-a-membrane-pour-pulverisateur-dorsal-sprayer\/","og_site_name":"4B DISTRIB","article_modified_time":"2021-04-27T14:14:13+00:00","og_image":[{"width":720,"height":660,"url":"https:\/\/www.4bdistrib.com\/wp-content\/uploads\/2018\/08\/pompe-a-membrane-pour-dorsal-sprayer.jpg","type":"image\/jpeg"}],"twitter_card":"summary_large_image","schema":{"@context":"https:\/\/schema.org","@graph":[{"@type":"WebPage","@id":"https:\/\/www.4bdistrib.com\/produits\/pulverisateurs\/electriques\/accessoires-pulverisateurs-electriques\/pompe-a-membrane-pour-pulverisateur-dorsal-sprayer\/","url":"https:\/\/www.4bdistrib.com\/produits\/pulverisateurs\/electriques\/accessoires-pulverisateurs-electriques\/pompe-a-membrane-pour-pulverisateur-dorsal-sprayer\/","name":"Diaphragm pump for Dorsal Sprayer - 4B DISTRIB","isPartOf":{"@id":"https:\/\/www.4bdistrib.com\/#website"},"primaryImageOfPage":{"@id":"https:\/\/www.4bdistrib.com\/produits\/pulverisateurs\/electriques\/accessoires-pulverisateurs-electriques\/pompe-a-membrane-pour-pulverisateur-dorsal-sprayer\/#primaryimage"},"image":{"@id":"https:\/\/www.4bdistrib.com\/produits\/pulverisateurs\/electriques\/accessoires-pulverisateurs-electriques\/pompe-a-membrane-pour-pulverisateur-dorsal-sprayer\/#primaryimage"},"thumbnailUrl":"https:\/\/www.4bdistrib.com\/wp-content\/uploads\/2018\/08\/pompe-a-membrane-pour-dorsal-sprayer.jpg","datePublished":"2021-03-11T12:52:02+00:00","dateModified":"2021-04-27T14:14:13+00:00","description":"Diaphragm pump for Dorsal Sprayer autonomous electric sprayer. With pressure switch.","breadcrumb":{"@id":"https:\/\/www.4bdistrib.com\/produits\/pulverisateurs\/electriques\/accessoires-pulverisateurs-electriques\/pompe-a-membrane-pour-pulverisateur-dorsal-sprayer\/#breadcrumb"},"inLanguage":"en-GB","potentialAction":[{"@type":"ReadAction","target":["https:\/\/www.4bdistrib.com\/produits\/pulverisateurs\/electriques\/accessoires-pulverisateurs-electriques\/pompe-a-membrane-pour-pulverisateur-dorsal-sprayer\/"]}]},{"@type":"ImageObject","inLanguage":"en-GB","@id":"https:\/\/www.4bdistrib.com\/produits\/pulverisateurs\/electriques\/accessoires-pulverisateurs-electriques\/pompe-a-membrane-pour-pulverisateur-dorsal-sprayer\/#primaryimage","url":"https:\/\/www.4bdistrib.com\/wp-content\/uploads\/2018\/08\/pompe-a-membrane-pour-dorsal-sprayer.jpg","contentUrl":"https:\/\/www.4bdistrib.com\/wp-content\/uploads\/2018\/08\/pompe-a-membrane-pour-dorsal-sprayer.jpg","width":720,"height":660,"caption":"Pompe \u00e0 membrane pour Dorsal Sprayer avec pressostat"},{"@type":"BreadcrumbList","@id":"https:\/\/www.4bdistrib.com\/produits\/pulverisateurs\/electriques\/accessoires-pulverisateurs-electriques\/pompe-a-membrane-pour-pulverisateur-dorsal-sprayer\/#breadcrumb","itemListElement":[{"@type":"ListItem","position":1,"name":"Home","item":"https:\/\/www.4bdistrib.com\/"},{"@type":"ListItem","position":2,"name":"Produits","item":"https:\/\/www.4bdistrib.com\/produits\/"},{"@type":"ListItem","position":3,"name":"Pompe \u00e0 Membrane &#8211; DORSAL SPRAYER"}]},{"@type":"WebSite","@id":"https:\/\/www.4bdistrib.com\/#website","url":"https:\/\/www.4bdistrib.com\/","name":"4B DISTRIB","description":"Equipements Conseils Services","potentialAction":[{"@type":"SearchAction","target":{"@type":"EntryPoint","urlTemplate":"https:\/\/www.4bdistrib.com\/?s={search_term_string}"},"query-input":{"@type":"PropertyValueSpecification","valueRequired":true,"valueName":"search_term_string"}}],"inLanguage":"en-GB"}]}},"_links":{"self":[{"href":"https:\/\/www.4bdistrib.com\/en\/wp-json\/wp\/v2\/product\/6513","targetHints":{"allow":["GET"]}}],"collection":[{"href":"https:\/\/www.4bdistrib.com\/en\/wp-json\/wp\/v2\/product"}],"about":[{"href":"https:\/\/www.4bdistrib.com\/en\/wp-json\/wp\/v2\/types\/product"}],"wp:featuredmedia":[{"embeddable":true,"href":"https:\/\/www.4bdistrib.com\/en\/wp-json\/wp\/v2\/media\/6514"}],"wp:attachment":[{"href":"https:\/\/www.4bdistrib.com\/en\/wp-json\/wp\/v2\/media?parent=6513"}],"wp:term":[{"taxonomy":"product_brand","embeddable":true,"href":"https:\/\/www.4bdistrib.com\/en\/wp-json\/wp\/v2\/product_brand?post=6513"},{"taxonomy":"product_cat","embeddable":true,"href":"https:\/\/www.4bdistrib.com\/en\/wp-json\/wp\/v2\/product_cat?post=6513"},{"taxonomy":"product_tag","embeddable":true,"href":"https:\/\/www.4bdistrib.com\/en\/wp-json\/wp\/v2\/product_tag?post=6513"}],"curies":[{"name":"wp","href":"https:\/\/api.w.org\/{rel}","templated":true}]}}