{"id":7063,"date":"2021-04-26T14:44:35","date_gmt":"2021-04-26T12:44:35","guid":{"rendered":"https:\/\/www.4bdistrib.com\/?post_type=product&#038;p=7063"},"modified":"2021-04-30T09:52:30","modified_gmt":"2021-04-30T07:52:30","slug":"soufflette-venturi-30cm-dual","status":"publish","type":"product","link":"https:\/\/www.4bdistrib.com\/en\/produits\/pistolets-de-nettoyage\/soufflettes-dair\/blowgun-venturi-30cm-dual\/","title":{"rendered":"Venturi blow gun 30 cm DUAL"},"content":{"rendered":"<p><strong>Venturi blow gun<\/strong> id\u00e9ale pour le nettoyage des endroits difficiles d&#8217;acc\u00e8s des v\u00e9hicules: bouches d&#8217;a\u00e9ration, passage entre les si\u00e8ges, recoins&#8230;<\/p>","protected":false},"excerpt":{"rendered":"<ul>\n<li>2 in 1 venturi blow gun<\/li>\n<li>Works in venturi or straight jet effect<\/li>\n<li>Buse venturi gros d\u00e9bit d&#8217;air<\/li>\n<\/ul>","protected":false},"featured_media":7064,"template":"","meta":{"_exactmetrics_skip_tracking":false,"_exactmetrics_sitenote_active":false,"_exactmetrics_sitenote_note":"","_exactmetrics_sitenote_category":0},"product_brand":[],"product_cat":[292,294],"product_tag":[],"class_list":{"0":"post-7063","1":"product","2":"type-product","3":"status-publish","4":"has-post-thumbnail","6":"product_cat-pistolets-de-nettoyage","7":"product_cat-soufflettes-dair","9":"first","10":"instock","11":"shipping-taxable","12":"product-type-simple"},"yoast_head":"<!-- This site is optimized with the Yoast SEO plugin v27.2 - https:\/\/yoast.com\/product\/yoast-seo-wordpress\/ -->\n<title>Soufflette Venturi 30cm, Souflette d&#039;air 2 en 1 - 4B DISTRIB<\/title>\n<meta name=\"description\" content=\"Soufflette venturi amovible de 30cm, Fonction 2 en 1, Effet venturi ou jet droit, Buse venturi gros d\u00e9bit d&#039;air, Id\u00e9al pour les endroits difficiles d&#039;acc\u00e8s.\" \/>\n<meta name=\"robots\" content=\"index, follow, max-snippet:-1, max-image-preview:large, max-video-preview:-1\" \/>\n<link rel=\"canonical\" href=\"https:\/\/www.4bdistrib.com\/en\/produits\/pistolets-de-nettoyage\/soufflettes-dair\/blowgun-venturi-30cm-dual\/\" \/>\n<meta property=\"og:locale\" content=\"en_GB\" \/>\n<meta property=\"og:type\" content=\"article\" \/>\n<meta property=\"og:title\" content=\"Soufflette Venturi 30cm, Souflette d&#039;air 2 en 1 - 4B DISTRIB\" \/>\n<meta property=\"og:description\" content=\"Soufflette venturi amovible de 30cm, Fonction 2 en 1, Effet venturi ou jet droit, Buse venturi gros d\u00e9bit d&#039;air, Id\u00e9al pour les endroits difficiles d&#039;acc\u00e8s.\" \/>\n<meta property=\"og:url\" content=\"https:\/\/www.4bdistrib.com\/en\/produits\/pistolets-de-nettoyage\/soufflettes-dair\/blowgun-venturi-30cm-dual\/\" \/>\n<meta property=\"og:site_name\" content=\"4B DISTRIB\" \/>\n<meta property=\"article:modified_time\" content=\"2021-04-30T07:52:30+00:00\" \/>\n<meta property=\"og:image\" content=\"https:\/\/www.4bdistrib.com\/wp-content\/uploads\/2018\/09\/souflette-venturi.jpg\" \/>\n\t<meta property=\"og:image:width\" content=\"720\" \/>\n\t<meta property=\"og:image:height\" content=\"660\" \/>\n\t<meta property=\"og:image:type\" content=\"image\/jpeg\" \/>\n<meta name=\"twitter:card\" content=\"summary_large_image\" \/>\n<script type=\"application\/ld+json\" class=\"yoast-schema-graph\">{\"@context\":\"https:\/\/schema.org\",\"@graph\":[{\"@type\":\"WebPage\",\"@id\":\"https:\/\/www.4bdistrib.com\/produits\/pistolets-de-nettoyage\/soufflettes-dair\/soufflette-venturi-30cm-dual\/\",\"url\":\"https:\/\/www.4bdistrib.com\/produits\/pistolets-de-nettoyage\/soufflettes-dair\/soufflette-venturi-30cm-dual\/\",\"name\":\"Soufflette Venturi 30cm, Souflette d'air 2 en 1 - 4B DISTRIB\",\"isPartOf\":{\"@id\":\"https:\/\/www.4bdistrib.com\/#website\"},\"primaryImageOfPage\":{\"@id\":\"https:\/\/www.4bdistrib.com\/produits\/pistolets-de-nettoyage\/soufflettes-dair\/soufflette-venturi-30cm-dual\/#primaryimage\"},\"image\":{\"@id\":\"https:\/\/www.4bdistrib.com\/produits\/pistolets-de-nettoyage\/soufflettes-dair\/soufflette-venturi-30cm-dual\/#primaryimage\"},\"thumbnailUrl\":\"https:\/\/www.4bdistrib.com\/wp-content\/uploads\/2018\/09\/souflette-venturi.jpg\",\"datePublished\":\"2021-04-26T12:44:35+00:00\",\"dateModified\":\"2021-04-30T07:52:30+00:00\",\"description\":\"Soufflette venturi amovible de 30cm, Fonction 2 en 1, Effet venturi ou jet droit, Buse venturi gros d\u00e9bit d'air, Id\u00e9al pour les endroits difficiles d'acc\u00e8s.\",\"breadcrumb\":{\"@id\":\"https:\/\/www.4bdistrib.com\/produits\/pistolets-de-nettoyage\/soufflettes-dair\/soufflette-venturi-30cm-dual\/#breadcrumb\"},\"inLanguage\":\"en-GB\",\"potentialAction\":[{\"@type\":\"ReadAction\",\"target\":[\"https:\/\/www.4bdistrib.com\/produits\/pistolets-de-nettoyage\/soufflettes-dair\/soufflette-venturi-30cm-dual\/\"]}]},{\"@type\":\"ImageObject\",\"inLanguage\":\"en-GB\",\"@id\":\"https:\/\/www.4bdistrib.com\/produits\/pistolets-de-nettoyage\/soufflettes-dair\/soufflette-venturi-30cm-dual\/#primaryimage\",\"url\":\"https:\/\/www.4bdistrib.com\/wp-content\/uploads\/2018\/09\/souflette-venturi.jpg\",\"contentUrl\":\"https:\/\/www.4bdistrib.com\/wp-content\/uploads\/2018\/09\/souflette-venturi.jpg\",\"width\":720,\"height\":660,\"caption\":\"Soufflette venturi\"},{\"@type\":\"BreadcrumbList\",\"@id\":\"https:\/\/www.4bdistrib.com\/produits\/pistolets-de-nettoyage\/soufflettes-dair\/soufflette-venturi-30cm-dual\/#breadcrumb\",\"itemListElement\":[{\"@type\":\"ListItem\",\"position\":1,\"name\":\"Home\",\"item\":\"https:\/\/www.4bdistrib.com\/\"},{\"@type\":\"ListItem\",\"position\":2,\"name\":\"Produits\",\"item\":\"https:\/\/www.4bdistrib.com\/produits\/\"},{\"@type\":\"ListItem\",\"position\":3,\"name\":\"Soufflette Venturi 30 cm DUAL\"}]},{\"@type\":\"WebSite\",\"@id\":\"https:\/\/www.4bdistrib.com\/#website\",\"url\":\"https:\/\/www.4bdistrib.com\/\",\"name\":\"4B DISTRIB\",\"description\":\"Equipements Conseils Services\",\"potentialAction\":[{\"@type\":\"SearchAction\",\"target\":{\"@type\":\"EntryPoint\",\"urlTemplate\":\"https:\/\/www.4bdistrib.com\/?s={search_term_string}\"},\"query-input\":{\"@type\":\"PropertyValueSpecification\",\"valueRequired\":true,\"valueName\":\"search_term_string\"}}],\"inLanguage\":\"en-GB\"}]}<\/script>\n<!-- \/ Yoast SEO plugin. -->","yoast_head_json":{"title":"Soufflette Venturi 30cm, Souflette d'air 2 en 1 - 4B DISTRIB","description":"Removable 30cm venturi blowgun, 2 in 1 function, Venturi or straight jet effect, Large air flow venturi nozzle, Ideal for hard-to-reach places.","robots":{"index":"index","follow":"follow","max-snippet":"max-snippet:-1","max-image-preview":"max-image-preview:large","max-video-preview":"max-video-preview:-1"},"canonical":"https:\/\/www.4bdistrib.com\/en\/produits\/pistolets-de-nettoyage\/soufflettes-dair\/blowgun-venturi-30cm-dual\/","og_locale":"en_GB","og_type":"article","og_title":"Soufflette Venturi 30cm, Souflette d'air 2 en 1 - 4B DISTRIB","og_description":"Soufflette venturi amovible de 30cm, Fonction 2 en 1, Effet venturi ou jet droit, Buse venturi gros d\u00e9bit d'air, Id\u00e9al pour les endroits difficiles d'acc\u00e8s.","og_url":"https:\/\/www.4bdistrib.com\/en\/produits\/pistolets-de-nettoyage\/soufflettes-dair\/blowgun-venturi-30cm-dual\/","og_site_name":"4B DISTRIB","article_modified_time":"2021-04-30T07:52:30+00:00","og_image":[{"width":720,"height":660,"url":"https:\/\/www.4bdistrib.com\/wp-content\/uploads\/2018\/09\/souflette-venturi.jpg","type":"image\/jpeg"}],"twitter_card":"summary_large_image","schema":{"@context":"https:\/\/schema.org","@graph":[{"@type":"WebPage","@id":"https:\/\/www.4bdistrib.com\/produits\/pistolets-de-nettoyage\/soufflettes-dair\/soufflette-venturi-30cm-dual\/","url":"https:\/\/www.4bdistrib.com\/produits\/pistolets-de-nettoyage\/soufflettes-dair\/soufflette-venturi-30cm-dual\/","name":"Soufflette Venturi 30cm, Souflette d'air 2 en 1 - 4B DISTRIB","isPartOf":{"@id":"https:\/\/www.4bdistrib.com\/#website"},"primaryImageOfPage":{"@id":"https:\/\/www.4bdistrib.com\/produits\/pistolets-de-nettoyage\/soufflettes-dair\/soufflette-venturi-30cm-dual\/#primaryimage"},"image":{"@id":"https:\/\/www.4bdistrib.com\/produits\/pistolets-de-nettoyage\/soufflettes-dair\/soufflette-venturi-30cm-dual\/#primaryimage"},"thumbnailUrl":"https:\/\/www.4bdistrib.com\/wp-content\/uploads\/2018\/09\/souflette-venturi.jpg","datePublished":"2021-04-26T12:44:35+00:00","dateModified":"2021-04-30T07:52:30+00:00","description":"Removable 30cm venturi blowgun, 2 in 1 function, Venturi or straight jet effect, Large air flow venturi nozzle, Ideal for hard-to-reach places.","breadcrumb":{"@id":"https:\/\/www.4bdistrib.com\/produits\/pistolets-de-nettoyage\/soufflettes-dair\/soufflette-venturi-30cm-dual\/#breadcrumb"},"inLanguage":"en-GB","potentialAction":[{"@type":"ReadAction","target":["https:\/\/www.4bdistrib.com\/produits\/pistolets-de-nettoyage\/soufflettes-dair\/soufflette-venturi-30cm-dual\/"]}]},{"@type":"ImageObject","inLanguage":"en-GB","@id":"https:\/\/www.4bdistrib.com\/produits\/pistolets-de-nettoyage\/soufflettes-dair\/soufflette-venturi-30cm-dual\/#primaryimage","url":"https:\/\/www.4bdistrib.com\/wp-content\/uploads\/2018\/09\/souflette-venturi.jpg","contentUrl":"https:\/\/www.4bdistrib.com\/wp-content\/uploads\/2018\/09\/souflette-venturi.jpg","width":720,"height":660,"caption":"Soufflette venturi"},{"@type":"BreadcrumbList","@id":"https:\/\/www.4bdistrib.com\/produits\/pistolets-de-nettoyage\/soufflettes-dair\/soufflette-venturi-30cm-dual\/#breadcrumb","itemListElement":[{"@type":"ListItem","position":1,"name":"Home","item":"https:\/\/www.4bdistrib.com\/"},{"@type":"ListItem","position":2,"name":"Produits","item":"https:\/\/www.4bdistrib.com\/produits\/"},{"@type":"ListItem","position":3,"name":"Soufflette Venturi 30 cm DUAL"}]},{"@type":"WebSite","@id":"https:\/\/www.4bdistrib.com\/#website","url":"https:\/\/www.4bdistrib.com\/","name":"4B DISTRIB","description":"Equipements Conseils Services","potentialAction":[{"@type":"SearchAction","target":{"@type":"EntryPoint","urlTemplate":"https:\/\/www.4bdistrib.com\/?s={search_term_string}"},"query-input":{"@type":"PropertyValueSpecification","valueRequired":true,"valueName":"search_term_string"}}],"inLanguage":"en-GB"}]}},"_links":{"self":[{"href":"https:\/\/www.4bdistrib.com\/en\/wp-json\/wp\/v2\/product\/7063","targetHints":{"allow":["GET"]}}],"collection":[{"href":"https:\/\/www.4bdistrib.com\/en\/wp-json\/wp\/v2\/product"}],"about":[{"href":"https:\/\/www.4bdistrib.com\/en\/wp-json\/wp\/v2\/types\/product"}],"wp:featuredmedia":[{"embeddable":true,"href":"https:\/\/www.4bdistrib.com\/en\/wp-json\/wp\/v2\/media\/7064"}],"wp:attachment":[{"href":"https:\/\/www.4bdistrib.com\/en\/wp-json\/wp\/v2\/media?parent=7063"}],"wp:term":[{"taxonomy":"product_brand","embeddable":true,"href":"https:\/\/www.4bdistrib.com\/en\/wp-json\/wp\/v2\/product_brand?post=7063"},{"taxonomy":"product_cat","embeddable":true,"href":"https:\/\/www.4bdistrib.com\/en\/wp-json\/wp\/v2\/product_cat?post=7063"},{"taxonomy":"product_tag","embeddable":true,"href":"https:\/\/www.4bdistrib.com\/en\/wp-json\/wp\/v2\/product_tag?post=7063"}],"curies":[{"name":"wp","href":"https:\/\/api.w.org\/{rel}","templated":true}]}}