{"id":7109,"date":"2021-03-21T13:16:59","date_gmt":"2021-03-21T12:16:59","guid":{"rendered":"https:\/\/www.4bdistrib.com\/?post_type=product&#038;p=7109"},"modified":"2021-04-29T15:06:25","modified_gmt":"2021-04-29T13:06:25","slug":"tuyau-25m-carwash","status":"publish","type":"product","link":"https:\/\/www.4bdistrib.com\/en\/produits\/systemes-de-pulverisation\/gamme-carwash\/tuyau-25m-carwash\/","title":{"rendered":"25 m Carwash hose \u2013 \u00d8 12 x 17.5 mm"},"content":{"rendered":"<p>25 m hose for <a href=\"https:\/\/www.4bdistrib.com\/en\/categorie-produit\/systemes-de-dosage\/\">Carwash dosing system.<\/a><\/p>\n<p><em>Also available in <a href=\"https:\/\/www.4bdistrib.com\/en\/produits\/systemes-de-pulverisation\/gamme-carwash\/tuyau-15-m-carwash\/\">15m version<\/a>.<\/em><\/p>","protected":false},"excerpt":{"rendered":"<ul>\n<li>Pipe \u00d8 12 x 17.5 mm<\/li>\n<li>Length: 25m<\/li>\n<li>For Carwash dosing system<\/li>\n<\/ul>","protected":false},"featured_media":7111,"template":"","meta":{"_exactmetrics_skip_tracking":false,"_exactmetrics_sitenote_active":false,"_exactmetrics_sitenote_note":"","_exactmetrics_sitenote_category":0},"product_brand":[],"product_cat":[646,645,643,644],"product_tag":[],"class_list":{"0":"post-7109","1":"product","2":"type-product","3":"status-publish","4":"has-post-thumbnail","6":"product_cat-accessoires-carwash","7":"product_cat-gamme-carwash","8":"product_cat-systemes-de-dosage","9":"product_cat-systemes-de-pulverisation","11":"first","12":"instock","13":"shipping-taxable","14":"product-type-simple"},"yoast_head":"<!-- This site is optimized with the Yoast SEO plugin v27.2 - https:\/\/yoast.com\/product\/yoast-seo-wordpress\/ -->\n<title>Tuyau 25m Carwash, Diam\u00e8tre 12 x 17,5 mm - 4B DISTRIB<\/title>\n<meta name=\"description\" content=\"Tuyau pour syst\u00e8me de dosage Carwash, Longueur 25 m\u00e8tres.\" \/>\n<meta name=\"robots\" content=\"index, follow, max-snippet:-1, max-image-preview:large, max-video-preview:-1\" \/>\n<link rel=\"canonical\" href=\"https:\/\/www.4bdistrib.com\/en\/produits\/systemes-de-pulverisation\/gamme-carwash\/tuyau-25m-carwash\/\" \/>\n<meta property=\"og:locale\" content=\"en_GB\" \/>\n<meta property=\"og:type\" content=\"article\" \/>\n<meta property=\"og:title\" content=\"Tuyau 25m Carwash, Diam\u00e8tre 12 x 17,5 mm - 4B DISTRIB\" \/>\n<meta property=\"og:description\" content=\"Tuyau pour syst\u00e8me de dosage Carwash, Longueur 25 m\u00e8tres.\" \/>\n<meta property=\"og:url\" content=\"https:\/\/www.4bdistrib.com\/en\/produits\/systemes-de-pulverisation\/gamme-carwash\/tuyau-25m-carwash\/\" \/>\n<meta property=\"og:site_name\" content=\"4B DISTRIB\" \/>\n<meta property=\"article:modified_time\" content=\"2021-04-29T13:06:25+00:00\" \/>\n<meta property=\"og:image\" content=\"https:\/\/www.4bdistrib.com\/wp-content\/uploads\/2018\/09\/tuyau-25-metres-carwash.jpg\" \/>\n\t<meta property=\"og:image:width\" content=\"720\" \/>\n\t<meta property=\"og:image:height\" content=\"660\" \/>\n\t<meta property=\"og:image:type\" content=\"image\/jpeg\" \/>\n<meta name=\"twitter:card\" content=\"summary_large_image\" \/>\n<script type=\"application\/ld+json\" class=\"yoast-schema-graph\">{\"@context\":\"https:\/\/schema.org\",\"@graph\":[{\"@type\":\"WebPage\",\"@id\":\"https:\/\/www.4bdistrib.com\/produits\/systemes-de-pulverisation\/gamme-carwash\/tuyau-25m-carwash\/\",\"url\":\"https:\/\/www.4bdistrib.com\/produits\/systemes-de-pulverisation\/gamme-carwash\/tuyau-25m-carwash\/\",\"name\":\"Tuyau 25m Carwash, Diam\u00e8tre 12 x 17,5 mm - 4B DISTRIB\",\"isPartOf\":{\"@id\":\"https:\/\/www.4bdistrib.com\/#website\"},\"primaryImageOfPage\":{\"@id\":\"https:\/\/www.4bdistrib.com\/produits\/systemes-de-pulverisation\/gamme-carwash\/tuyau-25m-carwash\/#primaryimage\"},\"image\":{\"@id\":\"https:\/\/www.4bdistrib.com\/produits\/systemes-de-pulverisation\/gamme-carwash\/tuyau-25m-carwash\/#primaryimage\"},\"thumbnailUrl\":\"https:\/\/www.4bdistrib.com\/wp-content\/uploads\/2018\/09\/tuyau-25-metres-carwash.jpg\",\"datePublished\":\"2021-03-21T12:16:59+00:00\",\"dateModified\":\"2021-04-29T13:06:25+00:00\",\"description\":\"Tuyau pour syst\u00e8me de dosage Carwash, Longueur 25 m\u00e8tres.\",\"breadcrumb\":{\"@id\":\"https:\/\/www.4bdistrib.com\/produits\/systemes-de-pulverisation\/gamme-carwash\/tuyau-25m-carwash\/#breadcrumb\"},\"inLanguage\":\"en-GB\",\"potentialAction\":[{\"@type\":\"ReadAction\",\"target\":[\"https:\/\/www.4bdistrib.com\/produits\/systemes-de-pulverisation\/gamme-carwash\/tuyau-25m-carwash\/\"]}]},{\"@type\":\"ImageObject\",\"inLanguage\":\"en-GB\",\"@id\":\"https:\/\/www.4bdistrib.com\/produits\/systemes-de-pulverisation\/gamme-carwash\/tuyau-25m-carwash\/#primaryimage\",\"url\":\"https:\/\/www.4bdistrib.com\/wp-content\/uploads\/2018\/09\/tuyau-25-metres-carwash.jpg\",\"contentUrl\":\"https:\/\/www.4bdistrib.com\/wp-content\/uploads\/2018\/09\/tuyau-25-metres-carwash.jpg\",\"width\":720,\"height\":660,\"caption\":\"Tuyau 25m Carwash\"},{\"@type\":\"BreadcrumbList\",\"@id\":\"https:\/\/www.4bdistrib.com\/produits\/systemes-de-pulverisation\/gamme-carwash\/tuyau-25m-carwash\/#breadcrumb\",\"itemListElement\":[{\"@type\":\"ListItem\",\"position\":1,\"name\":\"Home\",\"item\":\"https:\/\/www.4bdistrib.com\/\"},{\"@type\":\"ListItem\",\"position\":2,\"name\":\"Produits\",\"item\":\"https:\/\/www.4bdistrib.com\/produits\/\"},{\"@type\":\"ListItem\",\"position\":3,\"name\":\"Tuyau 25 m Carwash &#8211; \u00d8 12 x 17,5 mm\"}]},{\"@type\":\"WebSite\",\"@id\":\"https:\/\/www.4bdistrib.com\/#website\",\"url\":\"https:\/\/www.4bdistrib.com\/\",\"name\":\"4B DISTRIB\",\"description\":\"Equipements Conseils Services\",\"potentialAction\":[{\"@type\":\"SearchAction\",\"target\":{\"@type\":\"EntryPoint\",\"urlTemplate\":\"https:\/\/www.4bdistrib.com\/?s={search_term_string}\"},\"query-input\":{\"@type\":\"PropertyValueSpecification\",\"valueRequired\":true,\"valueName\":\"search_term_string\"}}],\"inLanguage\":\"en-GB\"}]}<\/script>\n<!-- \/ Yoast SEO plugin. -->","yoast_head_json":{"title":"Tuyau 25m Carwash, Diam\u00e8tre 12 x 17,5 mm - 4B DISTRIB","description":"Tuyau pour syst\u00e8me de dosage Carwash, Longueur 25 m\u00e8tres.","robots":{"index":"index","follow":"follow","max-snippet":"max-snippet:-1","max-image-preview":"max-image-preview:large","max-video-preview":"max-video-preview:-1"},"canonical":"https:\/\/www.4bdistrib.com\/en\/produits\/systemes-de-pulverisation\/gamme-carwash\/tuyau-25m-carwash\/","og_locale":"en_GB","og_type":"article","og_title":"Tuyau 25m Carwash, Diam\u00e8tre 12 x 17,5 mm - 4B DISTRIB","og_description":"Tuyau pour syst\u00e8me de dosage Carwash, Longueur 25 m\u00e8tres.","og_url":"https:\/\/www.4bdistrib.com\/en\/produits\/systemes-de-pulverisation\/gamme-carwash\/tuyau-25m-carwash\/","og_site_name":"4B DISTRIB","article_modified_time":"2021-04-29T13:06:25+00:00","og_image":[{"width":720,"height":660,"url":"https:\/\/www.4bdistrib.com\/wp-content\/uploads\/2018\/09\/tuyau-25-metres-carwash.jpg","type":"image\/jpeg"}],"twitter_card":"summary_large_image","schema":{"@context":"https:\/\/schema.org","@graph":[{"@type":"WebPage","@id":"https:\/\/www.4bdistrib.com\/produits\/systemes-de-pulverisation\/gamme-carwash\/tuyau-25m-carwash\/","url":"https:\/\/www.4bdistrib.com\/produits\/systemes-de-pulverisation\/gamme-carwash\/tuyau-25m-carwash\/","name":"Tuyau 25m Carwash, Diam\u00e8tre 12 x 17,5 mm - 4B DISTRIB","isPartOf":{"@id":"https:\/\/www.4bdistrib.com\/#website"},"primaryImageOfPage":{"@id":"https:\/\/www.4bdistrib.com\/produits\/systemes-de-pulverisation\/gamme-carwash\/tuyau-25m-carwash\/#primaryimage"},"image":{"@id":"https:\/\/www.4bdistrib.com\/produits\/systemes-de-pulverisation\/gamme-carwash\/tuyau-25m-carwash\/#primaryimage"},"thumbnailUrl":"https:\/\/www.4bdistrib.com\/wp-content\/uploads\/2018\/09\/tuyau-25-metres-carwash.jpg","datePublished":"2021-03-21T12:16:59+00:00","dateModified":"2021-04-29T13:06:25+00:00","description":"Tuyau pour syst\u00e8me de dosage Carwash, Longueur 25 m\u00e8tres.","breadcrumb":{"@id":"https:\/\/www.4bdistrib.com\/produits\/systemes-de-pulverisation\/gamme-carwash\/tuyau-25m-carwash\/#breadcrumb"},"inLanguage":"en-GB","potentialAction":[{"@type":"ReadAction","target":["https:\/\/www.4bdistrib.com\/produits\/systemes-de-pulverisation\/gamme-carwash\/tuyau-25m-carwash\/"]}]},{"@type":"ImageObject","inLanguage":"en-GB","@id":"https:\/\/www.4bdistrib.com\/produits\/systemes-de-pulverisation\/gamme-carwash\/tuyau-25m-carwash\/#primaryimage","url":"https:\/\/www.4bdistrib.com\/wp-content\/uploads\/2018\/09\/tuyau-25-metres-carwash.jpg","contentUrl":"https:\/\/www.4bdistrib.com\/wp-content\/uploads\/2018\/09\/tuyau-25-metres-carwash.jpg","width":720,"height":660,"caption":"Tuyau 25m Carwash"},{"@type":"BreadcrumbList","@id":"https:\/\/www.4bdistrib.com\/produits\/systemes-de-pulverisation\/gamme-carwash\/tuyau-25m-carwash\/#breadcrumb","itemListElement":[{"@type":"ListItem","position":1,"name":"Home","item":"https:\/\/www.4bdistrib.com\/"},{"@type":"ListItem","position":2,"name":"Produits","item":"https:\/\/www.4bdistrib.com\/produits\/"},{"@type":"ListItem","position":3,"name":"Tuyau 25 m Carwash &#8211; \u00d8 12 x 17,5 mm"}]},{"@type":"WebSite","@id":"https:\/\/www.4bdistrib.com\/#website","url":"https:\/\/www.4bdistrib.com\/","name":"4B DISTRIB","description":"Equipements Conseils Services","potentialAction":[{"@type":"SearchAction","target":{"@type":"EntryPoint","urlTemplate":"https:\/\/www.4bdistrib.com\/?s={search_term_string}"},"query-input":{"@type":"PropertyValueSpecification","valueRequired":true,"valueName":"search_term_string"}}],"inLanguage":"en-GB"}]}},"_links":{"self":[{"href":"https:\/\/www.4bdistrib.com\/en\/wp-json\/wp\/v2\/product\/7109","targetHints":{"allow":["GET"]}}],"collection":[{"href":"https:\/\/www.4bdistrib.com\/en\/wp-json\/wp\/v2\/product"}],"about":[{"href":"https:\/\/www.4bdistrib.com\/en\/wp-json\/wp\/v2\/types\/product"}],"wp:featuredmedia":[{"embeddable":true,"href":"https:\/\/www.4bdistrib.com\/en\/wp-json\/wp\/v2\/media\/7111"}],"wp:attachment":[{"href":"https:\/\/www.4bdistrib.com\/en\/wp-json\/wp\/v2\/media?parent=7109"}],"wp:term":[{"taxonomy":"product_brand","embeddable":true,"href":"https:\/\/www.4bdistrib.com\/en\/wp-json\/wp\/v2\/product_brand?post=7109"},{"taxonomy":"product_cat","embeddable":true,"href":"https:\/\/www.4bdistrib.com\/en\/wp-json\/wp\/v2\/product_cat?post=7109"},{"taxonomy":"product_tag","embeddable":true,"href":"https:\/\/www.4bdistrib.com\/en\/wp-json\/wp\/v2\/product_tag?post=7109"}],"curies":[{"name":"wp","href":"https:\/\/api.w.org\/{rel}","templated":true}]}}