{"id":7125,"date":"2021-04-21T15:15:51","date_gmt":"2021-04-21T13:15:51","guid":{"rendered":"https:\/\/www.4bdistrib.com\/?post_type=product&#038;p=7125"},"modified":"2021-04-29T14:51:11","modified_gmt":"2021-04-29T12:51:11","slug":"systeme-de-dilution-accudose-2-produits","status":"publish","type":"product","link":"https:\/\/www.4bdistrib.com\/en\/produits\/systemes-de-dosage\/systemes-de-dilution\/accudose-dilution-system-2-products\/","title":{"rendered":"ACCUDOSE Dilution System \u2013 2 Products"},"content":{"rendered":"<p>The<strong> ACCUDOSE dilution system <\/strong>is an economical way to dispense a wide variety of diluted solutions automatically.<\/p>\n<p>Thanks to the different calibration nozzles, the dosage is precise and constant and the dilution is controlled by the suction of the chemicals.<\/p>\n<p>The products are not mixed during dilution.<\/p>\n<p>The<strong> ACCUDOSE dilution system<\/strong> saves time and productivity. In addition, employee safety is enhanced since the dispenser eliminates the risk of contact between the user and the products concerned.<\/p>\n<p>Acccudose dosers can be interconnected.<\/p>\n<p>Size: 18 x 20 x 12 cm.<\/p>\n<p><em>The Accudose system is also available in a version <a href=\"https:\/\/www.4bdistrib.com\/en\/produits\/systemes-de-dosage\/systemes-de-dilution\/systeme-de-dilution-accudose-1-produit\/\">1 product<\/a> and <a href=\"https:\/\/www.4bdistrib.com\/en\/produits\/systemes-de-dosage\/systemes-de-dilution\/accudose-dilution-system-3-products\/\">3 products<\/a>.<\/em><\/p>","protected":false},"excerpt":{"rendered":"<ul>\n<li>Accudose 2 products<\/li>\n<li>Dispensing diluted solutions automatically<\/li>\n<li>3 flow versions available<\/li>\n<li>SKU 150M021 : <b>Flow rate 4 L + 4 L\/min<\/b><\/li>\n<li>SKU 150M022 : <b>Flow rate 14 L + 14 L\/min<\/b><\/li>\n<li>SKU 150M023 : <b>Flow rate 4 L + 14 L\/min<\/b><\/li>\n<\/ul>","protected":false},"featured_media":7126,"template":"","meta":{"_exactmetrics_skip_tracking":false,"_exactmetrics_sitenote_active":false,"_exactmetrics_sitenote_note":"","_exactmetrics_sitenote_category":0},"product_brand":[],"product_cat":[647,643],"product_tag":[],"class_list":{"0":"post-7125","1":"product","2":"type-product","3":"status-publish","4":"has-post-thumbnail","6":"product_cat-systemes-de-dilution","7":"product_cat-systemes-de-dosage","9":"first","10":"instock","11":"shipping-taxable","12":"product-type-simple"},"yoast_head":"<!-- This site is optimized with the Yoast SEO plugin v27.2 - https:\/\/yoast.com\/product\/yoast-seo-wordpress\/ -->\n<title>Syst\u00e8me de dilution Accudose 2 produits - 4B DISTRIB<\/title>\n<meta name=\"description\" content=\"Accudose 2 produits, syst\u00e8me de dilution automatique, Dosage et dilution constant et pr\u00e9cis, S\u00e9curit\u00e9, Productivit\u00e9, Rapidit\u00e9. Plusieurs d\u00e9bits disponibles.\" \/>\n<meta name=\"robots\" content=\"index, follow, max-snippet:-1, max-image-preview:large, max-video-preview:-1\" \/>\n<link rel=\"canonical\" href=\"https:\/\/www.4bdistrib.com\/en\/produits\/systemes-de-dosage\/systemes-de-dilution\/accudose-dilution-system-2-products\/\" \/>\n<meta property=\"og:locale\" content=\"en_GB\" \/>\n<meta property=\"og:type\" content=\"article\" \/>\n<meta property=\"og:title\" content=\"Syst\u00e8me de dilution Accudose 2 produits - 4B DISTRIB\" \/>\n<meta property=\"og:description\" content=\"Accudose 2 produits, syst\u00e8me de dilution automatique, Dosage et dilution constant et pr\u00e9cis, S\u00e9curit\u00e9, Productivit\u00e9, Rapidit\u00e9. Plusieurs d\u00e9bits disponibles.\" \/>\n<meta property=\"og:url\" content=\"https:\/\/www.4bdistrib.com\/en\/produits\/systemes-de-dosage\/systemes-de-dilution\/accudose-dilution-system-2-products\/\" \/>\n<meta property=\"og:site_name\" content=\"4B DISTRIB\" \/>\n<meta property=\"article:modified_time\" content=\"2021-04-29T12:51:11+00:00\" \/>\n<meta property=\"og:image\" content=\"https:\/\/www.4bdistrib.com\/wp-content\/uploads\/2018\/09\/accudose-2-produits.jpg\" \/>\n\t<meta property=\"og:image:width\" content=\"720\" \/>\n\t<meta property=\"og:image:height\" content=\"660\" \/>\n\t<meta property=\"og:image:type\" content=\"image\/jpeg\" \/>\n<meta name=\"twitter:card\" content=\"summary_large_image\" \/>\n<meta name=\"twitter:label1\" content=\"Estimated reading time\" \/>\n\t<meta name=\"twitter:data1\" content=\"1 minute\" \/>\n<script type=\"application\/ld+json\" class=\"yoast-schema-graph\">{\"@context\":\"https:\/\/schema.org\",\"@graph\":[{\"@type\":\"WebPage\",\"@id\":\"https:\/\/www.4bdistrib.com\/produits\/systemes-de-dosage\/systemes-de-dilution\/systeme-de-dilution-accudose-2-produits\/\",\"url\":\"https:\/\/www.4bdistrib.com\/produits\/systemes-de-dosage\/systemes-de-dilution\/systeme-de-dilution-accudose-2-produits\/\",\"name\":\"Syst\u00e8me de dilution Accudose 2 produits - 4B DISTRIB\",\"isPartOf\":{\"@id\":\"https:\/\/www.4bdistrib.com\/#website\"},\"primaryImageOfPage\":{\"@id\":\"https:\/\/www.4bdistrib.com\/produits\/systemes-de-dosage\/systemes-de-dilution\/systeme-de-dilution-accudose-2-produits\/#primaryimage\"},\"image\":{\"@id\":\"https:\/\/www.4bdistrib.com\/produits\/systemes-de-dosage\/systemes-de-dilution\/systeme-de-dilution-accudose-2-produits\/#primaryimage\"},\"thumbnailUrl\":\"https:\/\/www.4bdistrib.com\/wp-content\/uploads\/2018\/09\/accudose-2-produits.jpg\",\"datePublished\":\"2021-04-21T13:15:51+00:00\",\"dateModified\":\"2021-04-29T12:51:11+00:00\",\"description\":\"Accudose 2 produits, syst\u00e8me de dilution automatique, Dosage et dilution constant et pr\u00e9cis, S\u00e9curit\u00e9, Productivit\u00e9, Rapidit\u00e9. Plusieurs d\u00e9bits disponibles.\",\"breadcrumb\":{\"@id\":\"https:\/\/www.4bdistrib.com\/produits\/systemes-de-dosage\/systemes-de-dilution\/systeme-de-dilution-accudose-2-produits\/#breadcrumb\"},\"inLanguage\":\"en-GB\",\"potentialAction\":[{\"@type\":\"ReadAction\",\"target\":[\"https:\/\/www.4bdistrib.com\/produits\/systemes-de-dosage\/systemes-de-dilution\/systeme-de-dilution-accudose-2-produits\/\"]}]},{\"@type\":\"ImageObject\",\"inLanguage\":\"en-GB\",\"@id\":\"https:\/\/www.4bdistrib.com\/produits\/systemes-de-dosage\/systemes-de-dilution\/systeme-de-dilution-accudose-2-produits\/#primaryimage\",\"url\":\"https:\/\/www.4bdistrib.com\/wp-content\/uploads\/2018\/09\/accudose-2-produits.jpg\",\"contentUrl\":\"https:\/\/www.4bdistrib.com\/wp-content\/uploads\/2018\/09\/accudose-2-produits.jpg\",\"width\":720,\"height\":660,\"caption\":\"Syst\u00e8me de dilution Accudose 2 produits\"},{\"@type\":\"BreadcrumbList\",\"@id\":\"https:\/\/www.4bdistrib.com\/produits\/systemes-de-dosage\/systemes-de-dilution\/systeme-de-dilution-accudose-2-produits\/#breadcrumb\",\"itemListElement\":[{\"@type\":\"ListItem\",\"position\":1,\"name\":\"Home\",\"item\":\"https:\/\/www.4bdistrib.com\/\"},{\"@type\":\"ListItem\",\"position\":2,\"name\":\"Produits\",\"item\":\"https:\/\/www.4bdistrib.com\/produits\/\"},{\"@type\":\"ListItem\",\"position\":3,\"name\":\"Syst\u00e8me de Dilution ACCUDOSE &#8211; 2 Produits\"}]},{\"@type\":\"WebSite\",\"@id\":\"https:\/\/www.4bdistrib.com\/#website\",\"url\":\"https:\/\/www.4bdistrib.com\/\",\"name\":\"4B DISTRIB\",\"description\":\"Equipements Conseils Services\",\"potentialAction\":[{\"@type\":\"SearchAction\",\"target\":{\"@type\":\"EntryPoint\",\"urlTemplate\":\"https:\/\/www.4bdistrib.com\/?s={search_term_string}\"},\"query-input\":{\"@type\":\"PropertyValueSpecification\",\"valueRequired\":true,\"valueName\":\"search_term_string\"}}],\"inLanguage\":\"en-GB\"}]}<\/script>\n<!-- \/ Yoast SEO plugin. -->","yoast_head_json":{"title":"Accudose dilution system 2 products - 4B DISTRIB","description":"Accudose 2 products, automatic dilution system, Constant and precise dosing and dilution, Safety, Productivity, Speed. Several flow rates available.","robots":{"index":"index","follow":"follow","max-snippet":"max-snippet:-1","max-image-preview":"max-image-preview:large","max-video-preview":"max-video-preview:-1"},"canonical":"https:\/\/www.4bdistrib.com\/en\/produits\/systemes-de-dosage\/systemes-de-dilution\/accudose-dilution-system-2-products\/","og_locale":"en_GB","og_type":"article","og_title":"Syst\u00e8me de dilution Accudose 2 produits - 4B DISTRIB","og_description":"Accudose 2 produits, syst\u00e8me de dilution automatique, Dosage et dilution constant et pr\u00e9cis, S\u00e9curit\u00e9, Productivit\u00e9, Rapidit\u00e9. Plusieurs d\u00e9bits disponibles.","og_url":"https:\/\/www.4bdistrib.com\/en\/produits\/systemes-de-dosage\/systemes-de-dilution\/accudose-dilution-system-2-products\/","og_site_name":"4B DISTRIB","article_modified_time":"2021-04-29T12:51:11+00:00","og_image":[{"width":720,"height":660,"url":"https:\/\/www.4bdistrib.com\/wp-content\/uploads\/2018\/09\/accudose-2-produits.jpg","type":"image\/jpeg"}],"twitter_card":"summary_large_image","twitter_misc":{"Estimated reading time":"1 minute"},"schema":{"@context":"https:\/\/schema.org","@graph":[{"@type":"WebPage","@id":"https:\/\/www.4bdistrib.com\/produits\/systemes-de-dosage\/systemes-de-dilution\/systeme-de-dilution-accudose-2-produits\/","url":"https:\/\/www.4bdistrib.com\/produits\/systemes-de-dosage\/systemes-de-dilution\/systeme-de-dilution-accudose-2-produits\/","name":"Accudose dilution system 2 products - 4B DISTRIB","isPartOf":{"@id":"https:\/\/www.4bdistrib.com\/#website"},"primaryImageOfPage":{"@id":"https:\/\/www.4bdistrib.com\/produits\/systemes-de-dosage\/systemes-de-dilution\/systeme-de-dilution-accudose-2-produits\/#primaryimage"},"image":{"@id":"https:\/\/www.4bdistrib.com\/produits\/systemes-de-dosage\/systemes-de-dilution\/systeme-de-dilution-accudose-2-produits\/#primaryimage"},"thumbnailUrl":"https:\/\/www.4bdistrib.com\/wp-content\/uploads\/2018\/09\/accudose-2-produits.jpg","datePublished":"2021-04-21T13:15:51+00:00","dateModified":"2021-04-29T12:51:11+00:00","description":"Accudose 2 products, automatic dilution system, Constant and precise dosing and dilution, Safety, Productivity, Speed. Several flow rates available.","breadcrumb":{"@id":"https:\/\/www.4bdistrib.com\/produits\/systemes-de-dosage\/systemes-de-dilution\/systeme-de-dilution-accudose-2-produits\/#breadcrumb"},"inLanguage":"en-GB","potentialAction":[{"@type":"ReadAction","target":["https:\/\/www.4bdistrib.com\/produits\/systemes-de-dosage\/systemes-de-dilution\/systeme-de-dilution-accudose-2-produits\/"]}]},{"@type":"ImageObject","inLanguage":"en-GB","@id":"https:\/\/www.4bdistrib.com\/produits\/systemes-de-dosage\/systemes-de-dilution\/systeme-de-dilution-accudose-2-produits\/#primaryimage","url":"https:\/\/www.4bdistrib.com\/wp-content\/uploads\/2018\/09\/accudose-2-produits.jpg","contentUrl":"https:\/\/www.4bdistrib.com\/wp-content\/uploads\/2018\/09\/accudose-2-produits.jpg","width":720,"height":660,"caption":"Syst\u00e8me de dilution Accudose 2 produits"},{"@type":"BreadcrumbList","@id":"https:\/\/www.4bdistrib.com\/produits\/systemes-de-dosage\/systemes-de-dilution\/systeme-de-dilution-accudose-2-produits\/#breadcrumb","itemListElement":[{"@type":"ListItem","position":1,"name":"Home","item":"https:\/\/www.4bdistrib.com\/"},{"@type":"ListItem","position":2,"name":"Produits","item":"https:\/\/www.4bdistrib.com\/produits\/"},{"@type":"ListItem","position":3,"name":"Syst\u00e8me de Dilution ACCUDOSE &#8211; 2 Produits"}]},{"@type":"WebSite","@id":"https:\/\/www.4bdistrib.com\/#website","url":"https:\/\/www.4bdistrib.com\/","name":"4B DISTRIB","description":"Equipements Conseils Services","potentialAction":[{"@type":"SearchAction","target":{"@type":"EntryPoint","urlTemplate":"https:\/\/www.4bdistrib.com\/?s={search_term_string}"},"query-input":{"@type":"PropertyValueSpecification","valueRequired":true,"valueName":"search_term_string"}}],"inLanguage":"en-GB"}]}},"_links":{"self":[{"href":"https:\/\/www.4bdistrib.com\/en\/wp-json\/wp\/v2\/product\/7125","targetHints":{"allow":["GET"]}}],"collection":[{"href":"https:\/\/www.4bdistrib.com\/en\/wp-json\/wp\/v2\/product"}],"about":[{"href":"https:\/\/www.4bdistrib.com\/en\/wp-json\/wp\/v2\/types\/product"}],"wp:featuredmedia":[{"embeddable":true,"href":"https:\/\/www.4bdistrib.com\/en\/wp-json\/wp\/v2\/media\/7126"}],"wp:attachment":[{"href":"https:\/\/www.4bdistrib.com\/en\/wp-json\/wp\/v2\/media?parent=7125"}],"wp:term":[{"taxonomy":"product_brand","embeddable":true,"href":"https:\/\/www.4bdistrib.com\/en\/wp-json\/wp\/v2\/product_brand?post=7125"},{"taxonomy":"product_cat","embeddable":true,"href":"https:\/\/www.4bdistrib.com\/en\/wp-json\/wp\/v2\/product_cat?post=7125"},{"taxonomy":"product_tag","embeddable":true,"href":"https:\/\/www.4bdistrib.com\/en\/wp-json\/wp\/v2\/product_tag?post=7125"}],"curies":[{"name":"wp","href":"https:\/\/api.w.org\/{rel}","templated":true}]}}