{"id":7145,"date":"2021-04-18T11:06:15","date_gmt":"2021-04-18T09:06:15","guid":{"rendered":"https:\/\/www.4bdistrib.com\/?post_type=product&#038;p=7145"},"modified":"2021-04-29T14:51:30","modified_gmt":"2021-04-29T12:51:30","slug":"systeme-de-dilution-evodose-4-produits","status":"publish","type":"product","link":"https:\/\/www.4bdistrib.com\/en\/produits\/systemes-de-dosage\/systemes-de-dilution\/gamme-evodose\/systeme-de-dilution-evodose-4-produits\/","title":{"rendered":"EVODOSE Dilution System \u2013 4 Products"},"content":{"rendered":"<p>The <strong>EVODOSE dilution system<\/strong> est le doseur de produit le plus abouti du march\u00e9 r\u00e9pondant aux exigences les plus pointues des acteurs du nettoyage et de la d\u00e9sinfection dans les domaines alimentaires, hospitaliers, scolaires, collectifs&#8230; Il est l&#8217;aboutissement de 30 ans d&#8217;exp\u00e9rience dans les syt\u00e8mes de dosage.<\/p>\n<p>Dilution 4 produits multi-d\u00e9bits: 4 L et 14 L.<\/p>\n<p>Possibilit\u00e9 de coupler l&#8217;EVODOSE \u00e0 un syst\u00e8me d&#8217;armoire \u00e0 cl\u00e9 pouvant recevoir les bidons de 5 L ou des poches souples. Possible \u00e9galement de recevoir en option un pistolet de commande \u00e0 distance pour le remplissage des seaux et petites auto-laveuses.<\/p>\n<p>L&#8217;<strong>EVODOSE <\/strong>est \u00e9quip\u00e9 de la derni\u00e8re technologie Accupro qui r\u00e9gule la pression, permettant ainsi un meilleur dosage.<\/p>\n<p><em>Ce syst\u00e8me de dilution est \u00e9galement disponible en <a href=\"https:\/\/www.4bdistrib.com\/en\/produits\/systemes-de-dosage\/systemes-de-dilution\/gamme-evodose\/systeme-de-dilution-evodose-1-produit\/\">version 1 produit<\/a>.<\/em><\/p>","protected":false},"excerpt":{"rendered":"<ul>\n<li>Evodose range, 4 products<\/li>\n<li>Flow rate 4 L and 14 L<\/li>\n<li>Push button + lever<\/li>\n<li>3 versions available<\/li>\n<li>SKU 156M041: Button\/Lever version \u2013 <b>Flow rate 4 L + 4 L + 4 L + 4 L<\/b><\/li>\n<li>SKU 156M042: Button\/Lever version \u2013 <b>Flow rate 4 L + 4 L + 14 L + 14 L<\/b><\/li>\n<li>SKU 156M043: Button\/Lever version \u2013 <b>Flow rate 4 L + 4 L + 4 L + 14 L<\/b><\/li>\n<\/ul>","protected":false},"featured_media":7949,"template":"","meta":{"_exactmetrics_skip_tracking":false,"_exactmetrics_sitenote_active":false,"_exactmetrics_sitenote_note":"","_exactmetrics_sitenote_category":0},"product_brand":[],"product_cat":[650,647,643],"product_tag":[],"class_list":{"0":"post-7145","1":"product","2":"type-product","3":"status-publish","4":"has-post-thumbnail","6":"product_cat-gamme-evodose","7":"product_cat-systemes-de-dilution","8":"product_cat-systemes-de-dosage","10":"first","11":"instock","12":"shipping-taxable","13":"product-type-simple"},"yoast_head":"<!-- This site is optimized with the Yoast SEO plugin v27.2 - https:\/\/yoast.com\/product\/yoast-seo-wordpress\/ -->\n<title>Syst\u00e8me de dilution Evodose, 1 produit - 4B DISTRIB<\/title>\n<meta name=\"description\" content=\"Doseur produit pour nettoyage &amp; d\u00e9sinfection en milieux alimentaires, hospitaliers, collectifs... Dilution multi-d\u00e9bits, Bouton poussoir, leviers, pistolet.\" \/>\n<meta name=\"robots\" content=\"index, follow, max-snippet:-1, max-image-preview:large, max-video-preview:-1\" \/>\n<link rel=\"canonical\" href=\"https:\/\/www.4bdistrib.com\/en\/produits\/systemes-de-dosage\/systemes-de-dilution\/gamme-evodose\/systeme-de-dilution-evodose-4-produits\/\" \/>\n<meta property=\"og:locale\" content=\"en_GB\" \/>\n<meta property=\"og:type\" content=\"article\" \/>\n<meta property=\"og:title\" content=\"Syst\u00e8me de dilution Evodose, 1 produit - 4B DISTRIB\" \/>\n<meta property=\"og:description\" content=\"Doseur produit pour nettoyage &amp; d\u00e9sinfection en milieux alimentaires, hospitaliers, collectifs... Dilution multi-d\u00e9bits, Bouton poussoir, leviers, pistolet.\" \/>\n<meta property=\"og:url\" content=\"https:\/\/www.4bdistrib.com\/en\/produits\/systemes-de-dosage\/systemes-de-dilution\/gamme-evodose\/systeme-de-dilution-evodose-4-produits\/\" \/>\n<meta property=\"og:site_name\" content=\"4B DISTRIB\" \/>\n<meta property=\"article:modified_time\" content=\"2021-04-29T12:51:30+00:00\" \/>\n<meta property=\"og:image\" content=\"https:\/\/www.4bdistrib.com\/wp-content\/uploads\/2018\/09\/systeme-de-dilution-evodose.jpg\" \/>\n\t<meta property=\"og:image:width\" content=\"720\" \/>\n\t<meta property=\"og:image:height\" content=\"660\" \/>\n\t<meta property=\"og:image:type\" content=\"image\/jpeg\" \/>\n<meta name=\"twitter:card\" content=\"summary_large_image\" \/>\n<meta name=\"twitter:label1\" content=\"Estimated reading time\" \/>\n\t<meta name=\"twitter:data1\" content=\"1 minute\" \/>\n<script type=\"application\/ld+json\" class=\"yoast-schema-graph\">{\"@context\":\"https:\/\/schema.org\",\"@graph\":[{\"@type\":\"WebPage\",\"@id\":\"https:\/\/www.4bdistrib.com\/produits\/systemes-de-dosage\/systemes-de-dilution\/gamme-evodose\/systeme-de-dilution-evodose-4-produits\/\",\"url\":\"https:\/\/www.4bdistrib.com\/produits\/systemes-de-dosage\/systemes-de-dilution\/gamme-evodose\/systeme-de-dilution-evodose-4-produits\/\",\"name\":\"Syst\u00e8me de dilution Evodose, 1 produit - 4B DISTRIB\",\"isPartOf\":{\"@id\":\"https:\/\/www.4bdistrib.com\/#website\"},\"primaryImageOfPage\":{\"@id\":\"https:\/\/www.4bdistrib.com\/produits\/systemes-de-dosage\/systemes-de-dilution\/gamme-evodose\/systeme-de-dilution-evodose-4-produits\/#primaryimage\"},\"image\":{\"@id\":\"https:\/\/www.4bdistrib.com\/produits\/systemes-de-dosage\/systemes-de-dilution\/gamme-evodose\/systeme-de-dilution-evodose-4-produits\/#primaryimage\"},\"thumbnailUrl\":\"https:\/\/www.4bdistrib.com\/wp-content\/uploads\/2018\/09\/systeme-de-dilution-evodose.jpg\",\"datePublished\":\"2021-04-18T09:06:15+00:00\",\"dateModified\":\"2021-04-29T12:51:30+00:00\",\"description\":\"Doseur produit pour nettoyage & d\u00e9sinfection en milieux alimentaires, hospitaliers, collectifs... Dilution multi-d\u00e9bits, Bouton poussoir, leviers, pistolet.\",\"breadcrumb\":{\"@id\":\"https:\/\/www.4bdistrib.com\/produits\/systemes-de-dosage\/systemes-de-dilution\/gamme-evodose\/systeme-de-dilution-evodose-4-produits\/#breadcrumb\"},\"inLanguage\":\"en-GB\",\"potentialAction\":[{\"@type\":\"ReadAction\",\"target\":[\"https:\/\/www.4bdistrib.com\/produits\/systemes-de-dosage\/systemes-de-dilution\/gamme-evodose\/systeme-de-dilution-evodose-4-produits\/\"]}]},{\"@type\":\"ImageObject\",\"inLanguage\":\"en-GB\",\"@id\":\"https:\/\/www.4bdistrib.com\/produits\/systemes-de-dosage\/systemes-de-dilution\/gamme-evodose\/systeme-de-dilution-evodose-4-produits\/#primaryimage\",\"url\":\"https:\/\/www.4bdistrib.com\/wp-content\/uploads\/2018\/09\/systeme-de-dilution-evodose.jpg\",\"contentUrl\":\"https:\/\/www.4bdistrib.com\/wp-content\/uploads\/2018\/09\/systeme-de-dilution-evodose.jpg\",\"width\":720,\"height\":660,\"caption\":\"Syst\u00e8me de dilution Evodose 4 produits\"},{\"@type\":\"BreadcrumbList\",\"@id\":\"https:\/\/www.4bdistrib.com\/produits\/systemes-de-dosage\/systemes-de-dilution\/gamme-evodose\/systeme-de-dilution-evodose-4-produits\/#breadcrumb\",\"itemListElement\":[{\"@type\":\"ListItem\",\"position\":1,\"name\":\"Home\",\"item\":\"https:\/\/www.4bdistrib.com\/\"},{\"@type\":\"ListItem\",\"position\":2,\"name\":\"Produits\",\"item\":\"https:\/\/www.4bdistrib.com\/produits\/\"},{\"@type\":\"ListItem\",\"position\":3,\"name\":\"Syst\u00e8me de Dilution EVODOSE &#8211; 4 Produits\"}]},{\"@type\":\"WebSite\",\"@id\":\"https:\/\/www.4bdistrib.com\/#website\",\"url\":\"https:\/\/www.4bdistrib.com\/\",\"name\":\"4B DISTRIB\",\"description\":\"Equipements Conseils Services\",\"potentialAction\":[{\"@type\":\"SearchAction\",\"target\":{\"@type\":\"EntryPoint\",\"urlTemplate\":\"https:\/\/www.4bdistrib.com\/?s={search_term_string}\"},\"query-input\":{\"@type\":\"PropertyValueSpecification\",\"valueRequired\":true,\"valueName\":\"search_term_string\"}}],\"inLanguage\":\"en-GB\"}]}<\/script>\n<!-- \/ Yoast SEO plugin. -->","yoast_head_json":{"title":"Syst\u00e8me de dilution Evodose, 1 produit - 4B DISTRIB","description":"Doseur produit pour nettoyage & d\u00e9sinfection en milieux alimentaires, hospitaliers, collectifs... Dilution multi-d\u00e9bits, Bouton poussoir, leviers, pistolet.","robots":{"index":"index","follow":"follow","max-snippet":"max-snippet:-1","max-image-preview":"max-image-preview:large","max-video-preview":"max-video-preview:-1"},"canonical":"https:\/\/www.4bdistrib.com\/en\/produits\/systemes-de-dosage\/systemes-de-dilution\/gamme-evodose\/systeme-de-dilution-evodose-4-produits\/","og_locale":"en_GB","og_type":"article","og_title":"Syst\u00e8me de dilution Evodose, 1 produit - 4B DISTRIB","og_description":"Doseur produit pour nettoyage & d\u00e9sinfection en milieux alimentaires, hospitaliers, collectifs... Dilution multi-d\u00e9bits, Bouton poussoir, leviers, pistolet.","og_url":"https:\/\/www.4bdistrib.com\/en\/produits\/systemes-de-dosage\/systemes-de-dilution\/gamme-evodose\/systeme-de-dilution-evodose-4-produits\/","og_site_name":"4B DISTRIB","article_modified_time":"2021-04-29T12:51:30+00:00","og_image":[{"width":720,"height":660,"url":"https:\/\/www.4bdistrib.com\/wp-content\/uploads\/2018\/09\/systeme-de-dilution-evodose.jpg","type":"image\/jpeg"}],"twitter_card":"summary_large_image","twitter_misc":{"Estimated reading time":"1 minute"},"schema":{"@context":"https:\/\/schema.org","@graph":[{"@type":"WebPage","@id":"https:\/\/www.4bdistrib.com\/produits\/systemes-de-dosage\/systemes-de-dilution\/gamme-evodose\/systeme-de-dilution-evodose-4-produits\/","url":"https:\/\/www.4bdistrib.com\/produits\/systemes-de-dosage\/systemes-de-dilution\/gamme-evodose\/systeme-de-dilution-evodose-4-produits\/","name":"Syst\u00e8me de dilution Evodose, 1 produit - 4B DISTRIB","isPartOf":{"@id":"https:\/\/www.4bdistrib.com\/#website"},"primaryImageOfPage":{"@id":"https:\/\/www.4bdistrib.com\/produits\/systemes-de-dosage\/systemes-de-dilution\/gamme-evodose\/systeme-de-dilution-evodose-4-produits\/#primaryimage"},"image":{"@id":"https:\/\/www.4bdistrib.com\/produits\/systemes-de-dosage\/systemes-de-dilution\/gamme-evodose\/systeme-de-dilution-evodose-4-produits\/#primaryimage"},"thumbnailUrl":"https:\/\/www.4bdistrib.com\/wp-content\/uploads\/2018\/09\/systeme-de-dilution-evodose.jpg","datePublished":"2021-04-18T09:06:15+00:00","dateModified":"2021-04-29T12:51:30+00:00","description":"Doseur produit pour nettoyage & d\u00e9sinfection en milieux alimentaires, hospitaliers, collectifs... Dilution multi-d\u00e9bits, Bouton poussoir, leviers, pistolet.","breadcrumb":{"@id":"https:\/\/www.4bdistrib.com\/produits\/systemes-de-dosage\/systemes-de-dilution\/gamme-evodose\/systeme-de-dilution-evodose-4-produits\/#breadcrumb"},"inLanguage":"en-GB","potentialAction":[{"@type":"ReadAction","target":["https:\/\/www.4bdistrib.com\/produits\/systemes-de-dosage\/systemes-de-dilution\/gamme-evodose\/systeme-de-dilution-evodose-4-produits\/"]}]},{"@type":"ImageObject","inLanguage":"en-GB","@id":"https:\/\/www.4bdistrib.com\/produits\/systemes-de-dosage\/systemes-de-dilution\/gamme-evodose\/systeme-de-dilution-evodose-4-produits\/#primaryimage","url":"https:\/\/www.4bdistrib.com\/wp-content\/uploads\/2018\/09\/systeme-de-dilution-evodose.jpg","contentUrl":"https:\/\/www.4bdistrib.com\/wp-content\/uploads\/2018\/09\/systeme-de-dilution-evodose.jpg","width":720,"height":660,"caption":"Syst\u00e8me de dilution Evodose 4 produits"},{"@type":"BreadcrumbList","@id":"https:\/\/www.4bdistrib.com\/produits\/systemes-de-dosage\/systemes-de-dilution\/gamme-evodose\/systeme-de-dilution-evodose-4-produits\/#breadcrumb","itemListElement":[{"@type":"ListItem","position":1,"name":"Home","item":"https:\/\/www.4bdistrib.com\/"},{"@type":"ListItem","position":2,"name":"Produits","item":"https:\/\/www.4bdistrib.com\/produits\/"},{"@type":"ListItem","position":3,"name":"Syst\u00e8me de Dilution EVODOSE &#8211; 4 Produits"}]},{"@type":"WebSite","@id":"https:\/\/www.4bdistrib.com\/#website","url":"https:\/\/www.4bdistrib.com\/","name":"4B DISTRIB","description":"Equipements Conseils Services","potentialAction":[{"@type":"SearchAction","target":{"@type":"EntryPoint","urlTemplate":"https:\/\/www.4bdistrib.com\/?s={search_term_string}"},"query-input":{"@type":"PropertyValueSpecification","valueRequired":true,"valueName":"search_term_string"}}],"inLanguage":"en-GB"}]}},"_links":{"self":[{"href":"https:\/\/www.4bdistrib.com\/en\/wp-json\/wp\/v2\/product\/7145","targetHints":{"allow":["GET"]}}],"collection":[{"href":"https:\/\/www.4bdistrib.com\/en\/wp-json\/wp\/v2\/product"}],"about":[{"href":"https:\/\/www.4bdistrib.com\/en\/wp-json\/wp\/v2\/types\/product"}],"wp:featuredmedia":[{"embeddable":true,"href":"https:\/\/www.4bdistrib.com\/en\/wp-json\/wp\/v2\/media\/7949"}],"wp:attachment":[{"href":"https:\/\/www.4bdistrib.com\/en\/wp-json\/wp\/v2\/media?parent=7145"}],"wp:term":[{"taxonomy":"product_brand","embeddable":true,"href":"https:\/\/www.4bdistrib.com\/en\/wp-json\/wp\/v2\/product_brand?post=7145"},{"taxonomy":"product_cat","embeddable":true,"href":"https:\/\/www.4bdistrib.com\/en\/wp-json\/wp\/v2\/product_cat?post=7145"},{"taxonomy":"product_tag","embeddable":true,"href":"https:\/\/www.4bdistrib.com\/en\/wp-json\/wp\/v2\/product_tag?post=7145"}],"curies":[{"name":"wp","href":"https:\/\/api.w.org\/{rel}","templated":true}]}}