{"id":7218,"date":"2021-04-13T09:43:10","date_gmt":"2021-04-13T07:43:10","guid":{"rendered":"https:\/\/www.4bdistrib.com\/?post_type=product&#038;p=7218"},"modified":"2021-04-30T10:08:24","modified_gmt":"2021-04-30T08:08:24","slug":"mousseur-a-pression-prealable-foamer-orion","status":"publish","type":"product","link":"https:\/\/www.4bdistrib.com\/en\/produits\/mousseurs\/mousseurs-a-pression-prealable\/foamer-orion\/mousseur-a-pression-prealable-foamer-orion\/","title":{"rendered":"FOAMER ORION pre-pressure foamer"},"content":{"rendered":"<p>Pulv\u00e9risateur &#8220;sp\u00e9cial mousse&#8221; con\u00e7u avec des joints epdm, r\u00e9sistants aux substances alcalines, alcools et ac\u00e9tones.<\/p>\n<p>\u00c9quip\u00e9 d&#8217;une lance de 40 cm avec indicateur de pression et d&#8217;une sangle de transport.<\/p>\n<p>Aerator delivered with 3 spray nozzles.<\/p>","protected":false},"excerpt":{"rendered":"<ul>\n<li>Pulv\u00e9risateur &#8220;sp\u00e9cial mousse&#8221;<\/li>\n<li>Capacit\u00e9 : 6 L<\/li>\n<li>Joints epdm r\u00e9sistants aux produits alcalins<\/li>\n<li>Livr\u00e9 avec 3 buses de pulv\u00e9risation<\/li>\n<\/ul>\n<p>[maxbutton id=&#8221;1&#8243; ]<\/p>\n","protected":false},"featured_media":9248,"template":"","meta":{"_exactmetrics_skip_tracking":false,"_exactmetrics_sitenote_active":false,"_exactmetrics_sitenote_note":"","_exactmetrics_sitenote_category":0},"product_brand":[],"product_cat":[320,340,367],"product_tag":[],"class_list":{"0":"post-7218","1":"product","2":"type-product","3":"status-publish","4":"has-post-thumbnail","6":"product_cat-mousseurs","7":"product_cat-mousseurs-a-pression-prealable","8":"product_cat-foamer-orion","10":"first","11":"instock","12":"shipping-taxable","13":"product-type-simple"},"yoast_head":"<!-- This site is optimized with the Yoast SEO plugin v27.2 - https:\/\/yoast.com\/product\/yoast-seo-wordpress\/ -->\n<title>Mousseur a pression pr\u00e9alable Foamer Orion 6L - 4B DISTRIB<\/title>\n<meta name=\"description\" content=\"Pulv\u00e9risateur sp\u00e9cial mousse avec capacit\u00e9 de 6l, Joints epdm r\u00e9sistants aux alcalins, Lance de 40cm avec indicateur de pression, Livr\u00e9 avec 3 buses.\" \/>\n<meta name=\"robots\" content=\"index, follow, max-snippet:-1, max-image-preview:large, max-video-preview:-1\" \/>\n<link rel=\"canonical\" href=\"https:\/\/www.4bdistrib.com\/en\/produits\/mousseurs\/mousseurs-a-pression-prealable\/foamer-orion\/mousseur-a-pression-prealable-foamer-orion\/\" \/>\n<meta property=\"og:locale\" content=\"en_GB\" \/>\n<meta property=\"og:type\" content=\"article\" \/>\n<meta property=\"og:title\" content=\"Mousseur a pression pr\u00e9alable Foamer Orion 6L - 4B DISTRIB\" \/>\n<meta property=\"og:description\" content=\"Pulv\u00e9risateur sp\u00e9cial mousse avec capacit\u00e9 de 6l, Joints epdm r\u00e9sistants aux alcalins, Lance de 40cm avec indicateur de pression, Livr\u00e9 avec 3 buses.\" \/>\n<meta property=\"og:url\" content=\"https:\/\/www.4bdistrib.com\/en\/produits\/mousseurs\/mousseurs-a-pression-prealable\/foamer-orion\/mousseur-a-pression-prealable-foamer-orion\/\" \/>\n<meta property=\"og:site_name\" content=\"4B DISTRIB\" \/>\n<meta property=\"article:modified_time\" content=\"2021-04-30T08:08:24+00:00\" \/>\n<meta property=\"og:image\" content=\"https:\/\/www.4bdistrib.com\/wp-content\/uploads\/2018\/09\/0-340M004-1024x1024.png\" \/>\n\t<meta property=\"og:image:width\" content=\"1024\" \/>\n\t<meta property=\"og:image:height\" content=\"1024\" \/>\n\t<meta property=\"og:image:type\" content=\"image\/png\" \/>\n<meta name=\"twitter:card\" content=\"summary_large_image\" \/>\n<script type=\"application\/ld+json\" class=\"yoast-schema-graph\">{\"@context\":\"https:\/\/schema.org\",\"@graph\":[{\"@type\":\"WebPage\",\"@id\":\"https:\/\/www.4bdistrib.com\/produits\/mousseurs\/mousseurs-a-pression-prealable\/foamer-orion\/mousseur-a-pression-prealable-foamer-orion\/\",\"url\":\"https:\/\/www.4bdistrib.com\/produits\/mousseurs\/mousseurs-a-pression-prealable\/foamer-orion\/mousseur-a-pression-prealable-foamer-orion\/\",\"name\":\"Mousseur a pression pr\u00e9alable Foamer Orion 6L - 4B DISTRIB\",\"isPartOf\":{\"@id\":\"https:\/\/www.4bdistrib.com\/#website\"},\"primaryImageOfPage\":{\"@id\":\"https:\/\/www.4bdistrib.com\/produits\/mousseurs\/mousseurs-a-pression-prealable\/foamer-orion\/mousseur-a-pression-prealable-foamer-orion\/#primaryimage\"},\"image\":{\"@id\":\"https:\/\/www.4bdistrib.com\/produits\/mousseurs\/mousseurs-a-pression-prealable\/foamer-orion\/mousseur-a-pression-prealable-foamer-orion\/#primaryimage\"},\"thumbnailUrl\":\"https:\/\/www.4bdistrib.com\/wp-content\/uploads\/2018\/09\/0-340M004.png\",\"datePublished\":\"2021-04-13T07:43:10+00:00\",\"dateModified\":\"2021-04-30T08:08:24+00:00\",\"description\":\"Pulv\u00e9risateur sp\u00e9cial mousse avec capacit\u00e9 de 6l, Joints epdm r\u00e9sistants aux alcalins, Lance de 40cm avec indicateur de pression, Livr\u00e9 avec 3 buses.\",\"breadcrumb\":{\"@id\":\"https:\/\/www.4bdistrib.com\/produits\/mousseurs\/mousseurs-a-pression-prealable\/foamer-orion\/mousseur-a-pression-prealable-foamer-orion\/#breadcrumb\"},\"inLanguage\":\"en-GB\",\"potentialAction\":[{\"@type\":\"ReadAction\",\"target\":[\"https:\/\/www.4bdistrib.com\/produits\/mousseurs\/mousseurs-a-pression-prealable\/foamer-orion\/mousseur-a-pression-prealable-foamer-orion\/\"]}]},{\"@type\":\"ImageObject\",\"inLanguage\":\"en-GB\",\"@id\":\"https:\/\/www.4bdistrib.com\/produits\/mousseurs\/mousseurs-a-pression-prealable\/foamer-orion\/mousseur-a-pression-prealable-foamer-orion\/#primaryimage\",\"url\":\"https:\/\/www.4bdistrib.com\/wp-content\/uploads\/2018\/09\/0-340M004.png\",\"contentUrl\":\"https:\/\/www.4bdistrib.com\/wp-content\/uploads\/2018\/09\/0-340M004.png\",\"width\":4500,\"height\":4500},{\"@type\":\"BreadcrumbList\",\"@id\":\"https:\/\/www.4bdistrib.com\/produits\/mousseurs\/mousseurs-a-pression-prealable\/foamer-orion\/mousseur-a-pression-prealable-foamer-orion\/#breadcrumb\",\"itemListElement\":[{\"@type\":\"ListItem\",\"position\":1,\"name\":\"Home\",\"item\":\"https:\/\/www.4bdistrib.com\/\"},{\"@type\":\"ListItem\",\"position\":2,\"name\":\"Produits\",\"item\":\"https:\/\/www.4bdistrib.com\/produits\/\"},{\"@type\":\"ListItem\",\"position\":3,\"name\":\"Mousseur a pression pr\u00e9alable FOAMER ORION\"}]},{\"@type\":\"WebSite\",\"@id\":\"https:\/\/www.4bdistrib.com\/#website\",\"url\":\"https:\/\/www.4bdistrib.com\/\",\"name\":\"4B DISTRIB\",\"description\":\"Equipements Conseils Services\",\"potentialAction\":[{\"@type\":\"SearchAction\",\"target\":{\"@type\":\"EntryPoint\",\"urlTemplate\":\"https:\/\/www.4bdistrib.com\/?s={search_term_string}\"},\"query-input\":{\"@type\":\"PropertyValueSpecification\",\"valueRequired\":true,\"valueName\":\"search_term_string\"}}],\"inLanguage\":\"en-GB\"}]}<\/script>\n<!-- \/ Yoast SEO plugin. -->","yoast_head_json":{"title":"Mousseur a pression pr\u00e9alable Foamer Orion 6L - 4B DISTRIB","description":"Pulv\u00e9risateur sp\u00e9cial mousse avec capacit\u00e9 de 6l, Joints epdm r\u00e9sistants aux alcalins, Lance de 40cm avec indicateur de pression, Livr\u00e9 avec 3 buses.","robots":{"index":"index","follow":"follow","max-snippet":"max-snippet:-1","max-image-preview":"max-image-preview:large","max-video-preview":"max-video-preview:-1"},"canonical":"https:\/\/www.4bdistrib.com\/en\/produits\/mousseurs\/mousseurs-a-pression-prealable\/foamer-orion\/mousseur-a-pression-prealable-foamer-orion\/","og_locale":"en_GB","og_type":"article","og_title":"Mousseur a pression pr\u00e9alable Foamer Orion 6L - 4B DISTRIB","og_description":"Pulv\u00e9risateur sp\u00e9cial mousse avec capacit\u00e9 de 6l, Joints epdm r\u00e9sistants aux alcalins, Lance de 40cm avec indicateur de pression, Livr\u00e9 avec 3 buses.","og_url":"https:\/\/www.4bdistrib.com\/en\/produits\/mousseurs\/mousseurs-a-pression-prealable\/foamer-orion\/mousseur-a-pression-prealable-foamer-orion\/","og_site_name":"4B DISTRIB","article_modified_time":"2021-04-30T08:08:24+00:00","og_image":[{"width":1024,"height":1024,"url":"https:\/\/www.4bdistrib.com\/wp-content\/uploads\/2018\/09\/0-340M004-1024x1024.png","type":"image\/png"}],"twitter_card":"summary_large_image","schema":{"@context":"https:\/\/schema.org","@graph":[{"@type":"WebPage","@id":"https:\/\/www.4bdistrib.com\/produits\/mousseurs\/mousseurs-a-pression-prealable\/foamer-orion\/mousseur-a-pression-prealable-foamer-orion\/","url":"https:\/\/www.4bdistrib.com\/produits\/mousseurs\/mousseurs-a-pression-prealable\/foamer-orion\/mousseur-a-pression-prealable-foamer-orion\/","name":"Mousseur a pression pr\u00e9alable Foamer Orion 6L - 4B DISTRIB","isPartOf":{"@id":"https:\/\/www.4bdistrib.com\/#website"},"primaryImageOfPage":{"@id":"https:\/\/www.4bdistrib.com\/produits\/mousseurs\/mousseurs-a-pression-prealable\/foamer-orion\/mousseur-a-pression-prealable-foamer-orion\/#primaryimage"},"image":{"@id":"https:\/\/www.4bdistrib.com\/produits\/mousseurs\/mousseurs-a-pression-prealable\/foamer-orion\/mousseur-a-pression-prealable-foamer-orion\/#primaryimage"},"thumbnailUrl":"https:\/\/www.4bdistrib.com\/wp-content\/uploads\/2018\/09\/0-340M004.png","datePublished":"2021-04-13T07:43:10+00:00","dateModified":"2021-04-30T08:08:24+00:00","description":"Pulv\u00e9risateur sp\u00e9cial mousse avec capacit\u00e9 de 6l, Joints epdm r\u00e9sistants aux alcalins, Lance de 40cm avec indicateur de pression, Livr\u00e9 avec 3 buses.","breadcrumb":{"@id":"https:\/\/www.4bdistrib.com\/produits\/mousseurs\/mousseurs-a-pression-prealable\/foamer-orion\/mousseur-a-pression-prealable-foamer-orion\/#breadcrumb"},"inLanguage":"en-GB","potentialAction":[{"@type":"ReadAction","target":["https:\/\/www.4bdistrib.com\/produits\/mousseurs\/mousseurs-a-pression-prealable\/foamer-orion\/mousseur-a-pression-prealable-foamer-orion\/"]}]},{"@type":"ImageObject","inLanguage":"en-GB","@id":"https:\/\/www.4bdistrib.com\/produits\/mousseurs\/mousseurs-a-pression-prealable\/foamer-orion\/mousseur-a-pression-prealable-foamer-orion\/#primaryimage","url":"https:\/\/www.4bdistrib.com\/wp-content\/uploads\/2018\/09\/0-340M004.png","contentUrl":"https:\/\/www.4bdistrib.com\/wp-content\/uploads\/2018\/09\/0-340M004.png","width":4500,"height":4500},{"@type":"BreadcrumbList","@id":"https:\/\/www.4bdistrib.com\/produits\/mousseurs\/mousseurs-a-pression-prealable\/foamer-orion\/mousseur-a-pression-prealable-foamer-orion\/#breadcrumb","itemListElement":[{"@type":"ListItem","position":1,"name":"Home","item":"https:\/\/www.4bdistrib.com\/"},{"@type":"ListItem","position":2,"name":"Produits","item":"https:\/\/www.4bdistrib.com\/produits\/"},{"@type":"ListItem","position":3,"name":"Mousseur a pression pr\u00e9alable FOAMER ORION"}]},{"@type":"WebSite","@id":"https:\/\/www.4bdistrib.com\/#website","url":"https:\/\/www.4bdistrib.com\/","name":"4B DISTRIB","description":"Equipements Conseils Services","potentialAction":[{"@type":"SearchAction","target":{"@type":"EntryPoint","urlTemplate":"https:\/\/www.4bdistrib.com\/?s={search_term_string}"},"query-input":{"@type":"PropertyValueSpecification","valueRequired":true,"valueName":"search_term_string"}}],"inLanguage":"en-GB"}]}},"_links":{"self":[{"href":"https:\/\/www.4bdistrib.com\/en\/wp-json\/wp\/v2\/product\/7218","targetHints":{"allow":["GET"]}}],"collection":[{"href":"https:\/\/www.4bdistrib.com\/en\/wp-json\/wp\/v2\/product"}],"about":[{"href":"https:\/\/www.4bdistrib.com\/en\/wp-json\/wp\/v2\/types\/product"}],"wp:featuredmedia":[{"embeddable":true,"href":"https:\/\/www.4bdistrib.com\/en\/wp-json\/wp\/v2\/media\/9248"}],"wp:attachment":[{"href":"https:\/\/www.4bdistrib.com\/en\/wp-json\/wp\/v2\/media?parent=7218"}],"wp:term":[{"taxonomy":"product_brand","embeddable":true,"href":"https:\/\/www.4bdistrib.com\/en\/wp-json\/wp\/v2\/product_brand?post=7218"},{"taxonomy":"product_cat","embeddable":true,"href":"https:\/\/www.4bdistrib.com\/en\/wp-json\/wp\/v2\/product_cat?post=7218"},{"taxonomy":"product_tag","embeddable":true,"href":"https:\/\/www.4bdistrib.com\/en\/wp-json\/wp\/v2\/product_tag?post=7218"}],"curies":[{"name":"wp","href":"https:\/\/api.w.org\/{rel}","templated":true}]}}