{"id":8684,"date":"2023-02-10T12:53:36","date_gmt":"2023-02-10T11:53:36","guid":{"rendered":"https:\/\/www.4bdistrib.com\/?post_type=product&#038;p=8684"},"modified":"2023-02-10T13:17:33","modified_gmt":"2023-02-10T12:17:33","slug":"pulverisateur-electrique-et-autonome-pro-sprayer-3","status":"publish","type":"product","link":"https:\/\/www.4bdistrib.com\/en\/produits\/pulverisateurs\/electriques\/autonomes\/electric-and-autonomous-pro-sprayer-3-sprayer\/","title":{"rendered":"Pulv\u00e9risateur \u00e9lectrique et autonome PRO SPRAYER III &#8220;Nouvelle g\u00e9n\u00e9ration&#8221;"},"content":{"rendered":"<p>The <strong>electric sprayer PRO SPRAYER III<\/strong> available in 1 battery or 2 battery version. The 2 battery version will allow you to work continuously.<\/p>\n<p><strong>The PRO SPRAYER III sprayer<\/strong> is multi-purpose and can be used in many areas: building for anti-moss applications, water repellent on facades, terraces, roofs, etc., hygiene in communities and the agri-food industry, gardens and green spaces, agricultural and wine-growing, swimming pools, automotive, construction industry, breeding, equestrian centers\u2026<\/p>\n<p>Il permet d&#8217;avoir une grande mobilit\u00e9, pas besoin de raccordement en eau, \u00e9lectricit\u00e9 ou air comprim\u00e9.<\/p>\n<p>The\u00a0<strong>PRO SPRAYER III<\/strong> has many advantages:<\/p>\n<ul>\n<li>Height-adjustable handle for greater comfort<\/li>\n<li>Nozzle storage box<\/li>\n<li>Integrated hose holder for added convenience<\/li>\n<li>Equipped with a drain plug<\/li>\n<li>Tilt cap for easier filling<\/li>\n<\/ul>","protected":false},"excerpt":{"rendered":"<p>&nbsp;<\/p>\n<ul>\n<li>Multi-use.<\/li>\n<li>Operates on rechargeable Lithium-ion battery.<\/li>\n<li>Mobility: spray freely.<\/li>\n<li>No need for water, electricity or compressed air connections.<\/li>\n<li>Non-stop use thanks to the 2 standard batteries.<\/li>\n<li>Jet range up to 13 m.<\/li>\n<li>Trolley with tank and integrated pump.<\/li>\n<\/ul>\n<p>&nbsp;<\/p>","protected":false},"featured_media":8866,"template":"","meta":{"_exactmetrics_skip_tracking":false,"_exactmetrics_sitenote_active":false,"_exactmetrics_sitenote_note":"","_exactmetrics_sitenote_category":0},"product_brand":[],"product_cat":[242,241,240],"product_tag":[],"class_list":{"0":"post-8684","1":"product","2":"type-product","3":"status-publish","4":"has-post-thumbnail","6":"product_cat-autonomes","7":"product_cat-electriques","8":"product_cat-pulverisateurs","10":"first","11":"instock","12":"featured","13":"shipping-taxable","14":"product-type-simple"},"yoast_head":"<!-- This site is optimized with the Yoast SEO plugin v27.2 - https:\/\/yoast.com\/product\/yoast-seo-wordpress\/ -->\n<title>Pulv\u00e9risateur \u00e9lectrique et autonome PRO SPRAYER III &quot;Nouvelle g\u00e9n\u00e9ration&quot; - 4B DISTRIB<\/title>\n<meta name=\"robots\" content=\"index, follow, max-snippet:-1, max-image-preview:large, max-video-preview:-1\" \/>\n<link rel=\"canonical\" href=\"https:\/\/www.4bdistrib.com\/en\/produits\/pulverisateurs\/electriques\/autonomes\/electric-and-autonomous-pro-sprayer-3-sprayer\/\" \/>\n<meta property=\"og:locale\" content=\"en_GB\" \/>\n<meta property=\"og:type\" content=\"article\" \/>\n<meta property=\"og:title\" content=\"Pulv\u00e9risateur \u00e9lectrique et autonome PRO SPRAYER III &quot;Nouvelle g\u00e9n\u00e9ration&quot; - 4B DISTRIB\" \/>\n<meta property=\"og:description\" content=\"&nbsp;   Multi-usages.  Fonctionne sur batterie Lithium-ion rechargeable.  Mobilit\u00e9 : pulv\u00e9riser en toute libert\u00e9.  Pas besoin de raccordement en eau, \u00e9lectricit\u00e9, air comprim\u00e9.  Utilisation non stop gr\u00e2ce aux 2 batteries de s\u00e9rie.  Port\u00e9e du jet jusqu\u2019\u00e0 13 M.  Chariot avec r\u00e9servoir et pompe int\u00e9gr\u00e9e.  &nbsp;\" \/>\n<meta property=\"og:url\" content=\"https:\/\/www.4bdistrib.com\/en\/produits\/pulverisateurs\/electriques\/autonomes\/electric-and-autonomous-pro-sprayer-3-sprayer\/\" \/>\n<meta property=\"og:site_name\" content=\"4B DISTRIB\" \/>\n<meta property=\"article:modified_time\" content=\"2023-02-10T12:17:33+00:00\" \/>\n<meta property=\"og:image\" content=\"https:\/\/www.4bdistrib.com\/wp-content\/uploads\/2020\/10\/100M005-100M006.jpg\" \/>\n\t<meta property=\"og:image:width\" content=\"720\" \/>\n\t<meta property=\"og:image:height\" content=\"660\" \/>\n\t<meta property=\"og:image:type\" content=\"image\/jpeg\" \/>\n<meta name=\"twitter:card\" content=\"summary_large_image\" \/>\n<meta name=\"twitter:label1\" content=\"Estimated reading time\" \/>\n\t<meta name=\"twitter:data1\" content=\"1 minute\" \/>\n<script type=\"application\/ld+json\" class=\"yoast-schema-graph\">{\"@context\":\"https:\/\/schema.org\",\"@graph\":[{\"@type\":\"WebPage\",\"@id\":\"https:\/\/www.4bdistrib.com\/produits\/pulverisateurs\/electriques\/autonomes\/pulverisateur-electrique-et-autonome-pro-sprayer-3\/\",\"url\":\"https:\/\/www.4bdistrib.com\/produits\/pulverisateurs\/electriques\/autonomes\/pulverisateur-electrique-et-autonome-pro-sprayer-3\/\",\"name\":\"Pulv\u00e9risateur \u00e9lectrique et autonome PRO SPRAYER III \\\"Nouvelle g\u00e9n\u00e9ration\\\" - 4B DISTRIB\",\"isPartOf\":{\"@id\":\"https:\/\/www.4bdistrib.com\/#website\"},\"primaryImageOfPage\":{\"@id\":\"https:\/\/www.4bdistrib.com\/produits\/pulverisateurs\/electriques\/autonomes\/pulverisateur-electrique-et-autonome-pro-sprayer-3\/#primaryimage\"},\"image\":{\"@id\":\"https:\/\/www.4bdistrib.com\/produits\/pulverisateurs\/electriques\/autonomes\/pulverisateur-electrique-et-autonome-pro-sprayer-3\/#primaryimage\"},\"thumbnailUrl\":\"https:\/\/www.4bdistrib.com\/wp-content\/uploads\/2020\/10\/100M005-100M006.jpg\",\"datePublished\":\"2023-02-10T11:53:36+00:00\",\"dateModified\":\"2023-02-10T12:17:33+00:00\",\"breadcrumb\":{\"@id\":\"https:\/\/www.4bdistrib.com\/produits\/pulverisateurs\/electriques\/autonomes\/pulverisateur-electrique-et-autonome-pro-sprayer-3\/#breadcrumb\"},\"inLanguage\":\"en-GB\",\"potentialAction\":[{\"@type\":\"ReadAction\",\"target\":[\"https:\/\/www.4bdistrib.com\/produits\/pulverisateurs\/electriques\/autonomes\/pulverisateur-electrique-et-autonome-pro-sprayer-3\/\"]}]},{\"@type\":\"ImageObject\",\"inLanguage\":\"en-GB\",\"@id\":\"https:\/\/www.4bdistrib.com\/produits\/pulverisateurs\/electriques\/autonomes\/pulverisateur-electrique-et-autonome-pro-sprayer-3\/#primaryimage\",\"url\":\"https:\/\/www.4bdistrib.com\/wp-content\/uploads\/2020\/10\/100M005-100M006.jpg\",\"contentUrl\":\"https:\/\/www.4bdistrib.com\/wp-content\/uploads\/2020\/10\/100M005-100M006.jpg\",\"width\":720,\"height\":660},{\"@type\":\"BreadcrumbList\",\"@id\":\"https:\/\/www.4bdistrib.com\/produits\/pulverisateurs\/electriques\/autonomes\/pulverisateur-electrique-et-autonome-pro-sprayer-3\/#breadcrumb\",\"itemListElement\":[{\"@type\":\"ListItem\",\"position\":1,\"name\":\"Home\",\"item\":\"https:\/\/www.4bdistrib.com\/\"},{\"@type\":\"ListItem\",\"position\":2,\"name\":\"Produits\",\"item\":\"https:\/\/www.4bdistrib.com\/produits\/\"},{\"@type\":\"ListItem\",\"position\":3,\"name\":\"Pulv\u00e9risateur \u00e9lectrique et autonome PRO SPRAYER III &#8220;Nouvelle g\u00e9n\u00e9ration&#8221;\"}]},{\"@type\":\"WebSite\",\"@id\":\"https:\/\/www.4bdistrib.com\/#website\",\"url\":\"https:\/\/www.4bdistrib.com\/\",\"name\":\"4B DISTRIB\",\"description\":\"Equipements Conseils Services\",\"potentialAction\":[{\"@type\":\"SearchAction\",\"target\":{\"@type\":\"EntryPoint\",\"urlTemplate\":\"https:\/\/www.4bdistrib.com\/?s={search_term_string}\"},\"query-input\":{\"@type\":\"PropertyValueSpecification\",\"valueRequired\":true,\"valueName\":\"search_term_string\"}}],\"inLanguage\":\"en-GB\"}]}<\/script>\n<!-- \/ Yoast SEO plugin. -->","yoast_head_json":{"title":"Electric and autonomous sprayer PRO SPRAYER III \"New generation\" - 4B DISTRIB","robots":{"index":"index","follow":"follow","max-snippet":"max-snippet:-1","max-image-preview":"max-image-preview:large","max-video-preview":"max-video-preview:-1"},"canonical":"https:\/\/www.4bdistrib.com\/en\/produits\/pulverisateurs\/electriques\/autonomes\/electric-and-autonomous-pro-sprayer-3-sprayer\/","og_locale":"en_GB","og_type":"article","og_title":"Pulv\u00e9risateur \u00e9lectrique et autonome PRO SPRAYER III \"Nouvelle g\u00e9n\u00e9ration\" - 4B DISTRIB","og_description":"&nbsp;   Multi-usages.  Fonctionne sur batterie Lithium-ion rechargeable.  Mobilit\u00e9 : pulv\u00e9riser en toute libert\u00e9.  Pas besoin de raccordement en eau, \u00e9lectricit\u00e9, air comprim\u00e9.  Utilisation non stop gr\u00e2ce aux 2 batteries de s\u00e9rie.  Port\u00e9e du jet jusqu\u2019\u00e0 13 M.  Chariot avec r\u00e9servoir et pompe int\u00e9gr\u00e9e.  &nbsp;","og_url":"https:\/\/www.4bdistrib.com\/en\/produits\/pulverisateurs\/electriques\/autonomes\/electric-and-autonomous-pro-sprayer-3-sprayer\/","og_site_name":"4B DISTRIB","article_modified_time":"2023-02-10T12:17:33+00:00","og_image":[{"width":720,"height":660,"url":"https:\/\/www.4bdistrib.com\/wp-content\/uploads\/2020\/10\/100M005-100M006.jpg","type":"image\/jpeg"}],"twitter_card":"summary_large_image","twitter_misc":{"Estimated reading time":"1 minute"},"schema":{"@context":"https:\/\/schema.org","@graph":[{"@type":"WebPage","@id":"https:\/\/www.4bdistrib.com\/produits\/pulverisateurs\/electriques\/autonomes\/pulverisateur-electrique-et-autonome-pro-sprayer-3\/","url":"https:\/\/www.4bdistrib.com\/produits\/pulverisateurs\/electriques\/autonomes\/pulverisateur-electrique-et-autonome-pro-sprayer-3\/","name":"Electric and autonomous sprayer PRO SPRAYER III \"New generation\" - 4B DISTRIB","isPartOf":{"@id":"https:\/\/www.4bdistrib.com\/#website"},"primaryImageOfPage":{"@id":"https:\/\/www.4bdistrib.com\/produits\/pulverisateurs\/electriques\/autonomes\/pulverisateur-electrique-et-autonome-pro-sprayer-3\/#primaryimage"},"image":{"@id":"https:\/\/www.4bdistrib.com\/produits\/pulverisateurs\/electriques\/autonomes\/pulverisateur-electrique-et-autonome-pro-sprayer-3\/#primaryimage"},"thumbnailUrl":"https:\/\/www.4bdistrib.com\/wp-content\/uploads\/2020\/10\/100M005-100M006.jpg","datePublished":"2023-02-10T11:53:36+00:00","dateModified":"2023-02-10T12:17:33+00:00","breadcrumb":{"@id":"https:\/\/www.4bdistrib.com\/produits\/pulverisateurs\/electriques\/autonomes\/pulverisateur-electrique-et-autonome-pro-sprayer-3\/#breadcrumb"},"inLanguage":"en-GB","potentialAction":[{"@type":"ReadAction","target":["https:\/\/www.4bdistrib.com\/produits\/pulverisateurs\/electriques\/autonomes\/pulverisateur-electrique-et-autonome-pro-sprayer-3\/"]}]},{"@type":"ImageObject","inLanguage":"en-GB","@id":"https:\/\/www.4bdistrib.com\/produits\/pulverisateurs\/electriques\/autonomes\/pulverisateur-electrique-et-autonome-pro-sprayer-3\/#primaryimage","url":"https:\/\/www.4bdistrib.com\/wp-content\/uploads\/2020\/10\/100M005-100M006.jpg","contentUrl":"https:\/\/www.4bdistrib.com\/wp-content\/uploads\/2020\/10\/100M005-100M006.jpg","width":720,"height":660},{"@type":"BreadcrumbList","@id":"https:\/\/www.4bdistrib.com\/produits\/pulverisateurs\/electriques\/autonomes\/pulverisateur-electrique-et-autonome-pro-sprayer-3\/#breadcrumb","itemListElement":[{"@type":"ListItem","position":1,"name":"Home","item":"https:\/\/www.4bdistrib.com\/"},{"@type":"ListItem","position":2,"name":"Produits","item":"https:\/\/www.4bdistrib.com\/produits\/"},{"@type":"ListItem","position":3,"name":"Pulv\u00e9risateur \u00e9lectrique et autonome PRO SPRAYER III &#8220;Nouvelle g\u00e9n\u00e9ration&#8221;"}]},{"@type":"WebSite","@id":"https:\/\/www.4bdistrib.com\/#website","url":"https:\/\/www.4bdistrib.com\/","name":"4B DISTRIB","description":"Equipements Conseils Services","potentialAction":[{"@type":"SearchAction","target":{"@type":"EntryPoint","urlTemplate":"https:\/\/www.4bdistrib.com\/?s={search_term_string}"},"query-input":{"@type":"PropertyValueSpecification","valueRequired":true,"valueName":"search_term_string"}}],"inLanguage":"en-GB"}]}},"_links":{"self":[{"href":"https:\/\/www.4bdistrib.com\/en\/wp-json\/wp\/v2\/product\/8684","targetHints":{"allow":["GET"]}}],"collection":[{"href":"https:\/\/www.4bdistrib.com\/en\/wp-json\/wp\/v2\/product"}],"about":[{"href":"https:\/\/www.4bdistrib.com\/en\/wp-json\/wp\/v2\/types\/product"}],"wp:featuredmedia":[{"embeddable":true,"href":"https:\/\/www.4bdistrib.com\/en\/wp-json\/wp\/v2\/media\/8866"}],"wp:attachment":[{"href":"https:\/\/www.4bdistrib.com\/en\/wp-json\/wp\/v2\/media?parent=8684"}],"wp:term":[{"taxonomy":"product_brand","embeddable":true,"href":"https:\/\/www.4bdistrib.com\/en\/wp-json\/wp\/v2\/product_brand?post=8684"},{"taxonomy":"product_cat","embeddable":true,"href":"https:\/\/www.4bdistrib.com\/en\/wp-json\/wp\/v2\/product_cat?post=8684"},{"taxonomy":"product_tag","embeddable":true,"href":"https:\/\/www.4bdistrib.com\/en\/wp-json\/wp\/v2\/product_tag?post=8684"}],"curies":[{"name":"wp","href":"https:\/\/api.w.org\/{rel}","templated":true}]}}