{"id":8801,"date":"2021-03-18T13:41:03","date_gmt":"2021-03-18T12:41:03","guid":{"rendered":"https:\/\/www.4bdistrib.com\/?post_type=product&#038;p=8801"},"modified":"2021-04-27T15:06:41","modified_gmt":"2021-04-27T13:06:41","slug":"pulverisateurs-a-pression-prealable-ik-12bs-joints-viton","status":"publish","type":"product","link":"https:\/\/www.4bdistrib.com\/en\/produits\/pulverisateurs\/pression-prealable\/ik\/pulverisateurs-a-pression-prealable-ik-12bs-joints-viton\/","title":{"rendered":"IK 12BS pre-pressure sprayer \u2013 Viton seals"},"content":{"rendered":"<ul>\n<li>Maintained pressure backpack sprayer<\/li>\n<li>Seals and materials resistant to most acids and solvents<\/li>\n<\/ul>","protected":false},"excerpt":{"rendered":"<ul>\n<li>Maintained pressure backpack sprayer<\/li>\n<li>Seals and materials resistant to most acids and solvents<\/li>\n<\/ul>","protected":false},"featured_media":8804,"template":"","meta":{"_exactmetrics_skip_tracking":false,"_exactmetrics_sitenote_active":false,"_exactmetrics_sitenote_note":"","_exactmetrics_sitenote_category":0},"product_brand":[],"product_cat":[245,246],"product_tag":[],"class_list":{"0":"post-8801","1":"product","2":"type-product","3":"status-publish","4":"has-post-thumbnail","6":"product_cat-pression-prealable","7":"product_cat-ik","9":"first","10":"instock","11":"shipping-taxable","12":"product-type-simple"},"yoast_head":"<!-- This site is optimized with the Yoast SEO plugin v27.2 - https:\/\/yoast.com\/product\/yoast-seo-wordpress\/ -->\n<title>Pulv\u00e9risateur \u00e0 pression pr\u00e9alable IK 12BS - Joints Viton - 4B DISTRIB<\/title>\n<meta name=\"robots\" content=\"index, follow, max-snippet:-1, max-image-preview:large, max-video-preview:-1\" \/>\n<link rel=\"canonical\" href=\"https:\/\/www.4bdistrib.com\/en\/produits\/pulverisateurs\/pression-prealable\/ik\/pulverisateurs-a-pression-prealable-ik-12bs-joints-viton\/\" \/>\n<meta property=\"og:locale\" content=\"en_GB\" \/>\n<meta property=\"og:type\" content=\"article\" \/>\n<meta property=\"og:title\" content=\"Pulv\u00e9risateur \u00e0 pression pr\u00e9alable IK 12BS - Joints Viton - 4B DISTRIB\" \/>\n<meta property=\"og:description\" content=\"Pulv\u00e9risateur dorsal \u00e0 pression entretenue  Joints et mat\u00e9riaux r\u00e9sistants \u00e0 la plupart des acides et dissolvants\" \/>\n<meta property=\"og:url\" content=\"https:\/\/www.4bdistrib.com\/en\/produits\/pulverisateurs\/pression-prealable\/ik\/pulverisateurs-a-pression-prealable-ik-12bs-joints-viton\/\" \/>\n<meta property=\"og:site_name\" content=\"4B DISTRIB\" \/>\n<meta property=\"article:modified_time\" content=\"2021-04-27T13:06:41+00:00\" \/>\n<meta property=\"og:image\" content=\"https:\/\/www.4bdistrib.com\/wp-content\/uploads\/2021\/01\/130M006-2-2.jpg\" \/>\n\t<meta property=\"og:image:width\" content=\"720\" \/>\n\t<meta property=\"og:image:height\" content=\"660\" \/>\n\t<meta property=\"og:image:type\" content=\"image\/jpeg\" \/>\n<meta name=\"twitter:card\" content=\"summary_large_image\" \/>\n<script type=\"application\/ld+json\" class=\"yoast-schema-graph\">{\"@context\":\"https:\/\/schema.org\",\"@graph\":[{\"@type\":\"WebPage\",\"@id\":\"https:\/\/www.4bdistrib.com\/en\/produits\/pulverisateurs\/pression-prealable\/ik\/pulverisateurs-a-pression-prealable-ik-12bs-joints-viton\/\",\"url\":\"https:\/\/www.4bdistrib.com\/en\/produits\/pulverisateurs\/pression-prealable\/ik\/pulverisateurs-a-pression-prealable-ik-12bs-joints-viton\/\",\"name\":\"Pulv\u00e9risateur \u00e0 pression pr\u00e9alable IK 12BS - Joints Viton - 4B DISTRIB\",\"isPartOf\":{\"@id\":\"https:\/\/www.4bdistrib.com\/#website\"},\"primaryImageOfPage\":{\"@id\":\"https:\/\/www.4bdistrib.com\/en\/produits\/pulverisateurs\/pression-prealable\/ik\/pulverisateurs-a-pression-prealable-ik-12bs-joints-viton\/#primaryimage\"},\"image\":{\"@id\":\"https:\/\/www.4bdistrib.com\/en\/produits\/pulverisateurs\/pression-prealable\/ik\/pulverisateurs-a-pression-prealable-ik-12bs-joints-viton\/#primaryimage\"},\"thumbnailUrl\":\"https:\/\/www.4bdistrib.com\/wp-content\/uploads\/2021\/01\/130M006-2-2.jpg\",\"datePublished\":\"2021-03-18T12:41:03+00:00\",\"dateModified\":\"2021-04-27T13:06:41+00:00\",\"breadcrumb\":{\"@id\":\"https:\/\/www.4bdistrib.com\/en\/produits\/pulverisateurs\/pression-prealable\/ik\/pulverisateurs-a-pression-prealable-ik-12bs-joints-viton\/#breadcrumb\"},\"inLanguage\":\"en-GB\",\"potentialAction\":[{\"@type\":\"ReadAction\",\"target\":[\"https:\/\/www.4bdistrib.com\/en\/produits\/pulverisateurs\/pression-prealable\/ik\/pulverisateurs-a-pression-prealable-ik-12bs-joints-viton\/\"]}]},{\"@type\":\"ImageObject\",\"inLanguage\":\"en-GB\",\"@id\":\"https:\/\/www.4bdistrib.com\/en\/produits\/pulverisateurs\/pression-prealable\/ik\/pulverisateurs-a-pression-prealable-ik-12bs-joints-viton\/#primaryimage\",\"url\":\"https:\/\/www.4bdistrib.com\/wp-content\/uploads\/2021\/01\/130M006-2-2.jpg\",\"contentUrl\":\"https:\/\/www.4bdistrib.com\/wp-content\/uploads\/2021\/01\/130M006-2-2.jpg\",\"width\":720,\"height\":660,\"caption\":\"Imagen 042\"},{\"@type\":\"BreadcrumbList\",\"@id\":\"https:\/\/www.4bdistrib.com\/en\/produits\/pulverisateurs\/pression-prealable\/ik\/pulverisateurs-a-pression-prealable-ik-12bs-joints-viton\/#breadcrumb\",\"itemListElement\":[{\"@type\":\"ListItem\",\"position\":1,\"name\":\"Home\",\"item\":\"https:\/\/www.4bdistrib.com\/\"},{\"@type\":\"ListItem\",\"position\":2,\"name\":\"Produits\",\"item\":\"https:\/\/www.4bdistrib.com\/produits\/\"},{\"@type\":\"ListItem\",\"position\":3,\"name\":\"Pulv\u00e9risateur \u00e0 pression pr\u00e9alable IK 12BS &#8211; Joints Viton\"}]},{\"@type\":\"WebSite\",\"@id\":\"https:\/\/www.4bdistrib.com\/#website\",\"url\":\"https:\/\/www.4bdistrib.com\/\",\"name\":\"4B DISTRIB\",\"description\":\"Equipements Conseils Services\",\"potentialAction\":[{\"@type\":\"SearchAction\",\"target\":{\"@type\":\"EntryPoint\",\"urlTemplate\":\"https:\/\/www.4bdistrib.com\/?s={search_term_string}\"},\"query-input\":{\"@type\":\"PropertyValueSpecification\",\"valueRequired\":true,\"valueName\":\"search_term_string\"}}],\"inLanguage\":\"en-GB\"}]}<\/script>\n<!-- \/ Yoast SEO plugin. -->","yoast_head_json":{"title":"Pulv\u00e9risateur \u00e0 pression pr\u00e9alable IK 12BS - Joints Viton - 4B DISTRIB","robots":{"index":"index","follow":"follow","max-snippet":"max-snippet:-1","max-image-preview":"max-image-preview:large","max-video-preview":"max-video-preview:-1"},"canonical":"https:\/\/www.4bdistrib.com\/en\/produits\/pulverisateurs\/pression-prealable\/ik\/pulverisateurs-a-pression-prealable-ik-12bs-joints-viton\/","og_locale":"en_GB","og_type":"article","og_title":"Pulv\u00e9risateur \u00e0 pression pr\u00e9alable IK 12BS - Joints Viton - 4B DISTRIB","og_description":"Pulv\u00e9risateur dorsal \u00e0 pression entretenue  Joints et mat\u00e9riaux r\u00e9sistants \u00e0 la plupart des acides et dissolvants","og_url":"https:\/\/www.4bdistrib.com\/en\/produits\/pulverisateurs\/pression-prealable\/ik\/pulverisateurs-a-pression-prealable-ik-12bs-joints-viton\/","og_site_name":"4B DISTRIB","article_modified_time":"2021-04-27T13:06:41+00:00","og_image":[{"width":720,"height":660,"url":"https:\/\/www.4bdistrib.com\/wp-content\/uploads\/2021\/01\/130M006-2-2.jpg","type":"image\/jpeg"}],"twitter_card":"summary_large_image","schema":{"@context":"https:\/\/schema.org","@graph":[{"@type":"WebPage","@id":"https:\/\/www.4bdistrib.com\/en\/produits\/pulverisateurs\/pression-prealable\/ik\/pulverisateurs-a-pression-prealable-ik-12bs-joints-viton\/","url":"https:\/\/www.4bdistrib.com\/en\/produits\/pulverisateurs\/pression-prealable\/ik\/pulverisateurs-a-pression-prealable-ik-12bs-joints-viton\/","name":"Pulv\u00e9risateur \u00e0 pression pr\u00e9alable IK 12BS - Joints Viton - 4B DISTRIB","isPartOf":{"@id":"https:\/\/www.4bdistrib.com\/#website"},"primaryImageOfPage":{"@id":"https:\/\/www.4bdistrib.com\/en\/produits\/pulverisateurs\/pression-prealable\/ik\/pulverisateurs-a-pression-prealable-ik-12bs-joints-viton\/#primaryimage"},"image":{"@id":"https:\/\/www.4bdistrib.com\/en\/produits\/pulverisateurs\/pression-prealable\/ik\/pulverisateurs-a-pression-prealable-ik-12bs-joints-viton\/#primaryimage"},"thumbnailUrl":"https:\/\/www.4bdistrib.com\/wp-content\/uploads\/2021\/01\/130M006-2-2.jpg","datePublished":"2021-03-18T12:41:03+00:00","dateModified":"2021-04-27T13:06:41+00:00","breadcrumb":{"@id":"https:\/\/www.4bdistrib.com\/en\/produits\/pulverisateurs\/pression-prealable\/ik\/pulverisateurs-a-pression-prealable-ik-12bs-joints-viton\/#breadcrumb"},"inLanguage":"en-GB","potentialAction":[{"@type":"ReadAction","target":["https:\/\/www.4bdistrib.com\/en\/produits\/pulverisateurs\/pression-prealable\/ik\/pulverisateurs-a-pression-prealable-ik-12bs-joints-viton\/"]}]},{"@type":"ImageObject","inLanguage":"en-GB","@id":"https:\/\/www.4bdistrib.com\/en\/produits\/pulverisateurs\/pression-prealable\/ik\/pulverisateurs-a-pression-prealable-ik-12bs-joints-viton\/#primaryimage","url":"https:\/\/www.4bdistrib.com\/wp-content\/uploads\/2021\/01\/130M006-2-2.jpg","contentUrl":"https:\/\/www.4bdistrib.com\/wp-content\/uploads\/2021\/01\/130M006-2-2.jpg","width":720,"height":660,"caption":"Imagen 042"},{"@type":"BreadcrumbList","@id":"https:\/\/www.4bdistrib.com\/en\/produits\/pulverisateurs\/pression-prealable\/ik\/pulverisateurs-a-pression-prealable-ik-12bs-joints-viton\/#breadcrumb","itemListElement":[{"@type":"ListItem","position":1,"name":"Home","item":"https:\/\/www.4bdistrib.com\/"},{"@type":"ListItem","position":2,"name":"Produits","item":"https:\/\/www.4bdistrib.com\/produits\/"},{"@type":"ListItem","position":3,"name":"Pulv\u00e9risateur \u00e0 pression pr\u00e9alable IK 12BS &#8211; Joints Viton"}]},{"@type":"WebSite","@id":"https:\/\/www.4bdistrib.com\/#website","url":"https:\/\/www.4bdistrib.com\/","name":"4B DISTRIB","description":"Equipements Conseils Services","potentialAction":[{"@type":"SearchAction","target":{"@type":"EntryPoint","urlTemplate":"https:\/\/www.4bdistrib.com\/?s={search_term_string}"},"query-input":{"@type":"PropertyValueSpecification","valueRequired":true,"valueName":"search_term_string"}}],"inLanguage":"en-GB"}]}},"_links":{"self":[{"href":"https:\/\/www.4bdistrib.com\/en\/wp-json\/wp\/v2\/product\/8801","targetHints":{"allow":["GET"]}}],"collection":[{"href":"https:\/\/www.4bdistrib.com\/en\/wp-json\/wp\/v2\/product"}],"about":[{"href":"https:\/\/www.4bdistrib.com\/en\/wp-json\/wp\/v2\/types\/product"}],"wp:featuredmedia":[{"embeddable":true,"href":"https:\/\/www.4bdistrib.com\/en\/wp-json\/wp\/v2\/media\/8804"}],"wp:attachment":[{"href":"https:\/\/www.4bdistrib.com\/en\/wp-json\/wp\/v2\/media?parent=8801"}],"wp:term":[{"taxonomy":"product_brand","embeddable":true,"href":"https:\/\/www.4bdistrib.com\/en\/wp-json\/wp\/v2\/product_brand?post=8801"},{"taxonomy":"product_cat","embeddable":true,"href":"https:\/\/www.4bdistrib.com\/en\/wp-json\/wp\/v2\/product_cat?post=8801"},{"taxonomy":"product_tag","embeddable":true,"href":"https:\/\/www.4bdistrib.com\/en\/wp-json\/wp\/v2\/product_tag?post=8801"}],"curies":[{"name":"wp","href":"https:\/\/api.w.org\/{rel}","templated":true}]}}