{"id":9155,"date":"2021-04-12T09:07:21","date_gmt":"2021-04-12T07:07:21","guid":{"rendered":"https:\/\/www.4bdistrib.com\/?post_type=product&#038;p=9155"},"modified":"2021-04-29T14:57:03","modified_gmt":"2021-04-29T12:57:03","slug":"pompe-vide-fut-noir","status":"publish","type":"product","link":"https:\/\/www.4bdistrib.com\/en\/produits\/systemes-de-dosage\/systeme-de-dosage-et-de-remplissage\/pompe-vide-fut\/pompe-vide-fut-noir\/","title":{"rendered":"Drum Vacuum Pump \u2013 Black"},"content":{"rendered":"<ul>\n<li>Pump in PPS \/ RYTHON<\/li>\n<li>Suitable for: water, alcohol, kerosene, lubricant, high concentration acid\u2026<\/li>\n<li>316 stainless steel axle<\/li>\n<li>PTFE seals<\/li>\n<li>Male fixing diameter 2\u00b0 gas pitch (generally metal barrels)<\/li>\n<\/ul>","protected":false},"excerpt":{"rendered":"<ul>\n<li>Pump in PPS \/ RYTHON<\/li>\n<li>PTFE seals<\/li>\n<li>Suitable for: water, alcohol, kerosene, lubricant, high concentration acid, etc.<\/li>\n<\/ul>","protected":false},"featured_media":9158,"template":"","meta":{"_exactmetrics_skip_tracking":false,"_exactmetrics_sitenote_active":false,"_exactmetrics_sitenote_note":"","_exactmetrics_sitenote_category":0},"product_brand":[],"product_cat":[688,643],"product_tag":[],"class_list":{"0":"post-9155","1":"product","2":"type-product","3":"status-publish","4":"has-post-thumbnail","6":"product_cat-pompe-vide-fut","7":"product_cat-systemes-de-dosage","9":"first","10":"instock","11":"shipping-taxable","12":"product-type-simple"},"yoast_head":"<!-- This site is optimized with the Yoast SEO plugin v27.2 - https:\/\/yoast.com\/product\/yoast-seo-wordpress\/ -->\n<title>Pompe Vide F\u00fbt - Noir - 4B DISTRIB<\/title>\n<meta name=\"robots\" content=\"index, follow, max-snippet:-1, max-image-preview:large, max-video-preview:-1\" \/>\n<link rel=\"canonical\" href=\"https:\/\/www.4bdistrib.com\/en\/produits\/systemes-de-dosage\/systeme-de-dosage-et-de-remplissage\/pompe-vide-fut\/pompe-vide-fut-noir\/\" \/>\n<meta property=\"og:locale\" content=\"en_GB\" \/>\n<meta property=\"og:type\" content=\"article\" \/>\n<meta property=\"og:title\" content=\"Pompe Vide F\u00fbt - Noir - 4B DISTRIB\" \/>\n<meta property=\"og:description\" content=\"Pompe en PPS \/ RYTHON  Joints PTFE  Adapt\u00e9e pour : eau, alcool, k\u00e9ros\u00e8ne, lubrifiant, acide haute concentration...\" \/>\n<meta property=\"og:url\" content=\"https:\/\/www.4bdistrib.com\/en\/produits\/systemes-de-dosage\/systeme-de-dosage-et-de-remplissage\/pompe-vide-fut\/pompe-vide-fut-noir\/\" \/>\n<meta property=\"og:site_name\" content=\"4B DISTRIB\" \/>\n<meta property=\"article:modified_time\" content=\"2021-04-29T12:57:03+00:00\" \/>\n<meta property=\"og:image\" content=\"https:\/\/www.4bdistrib.com\/wp-content\/uploads\/2021\/03\/0-710M021.jpg\" \/>\n\t<meta property=\"og:image:width\" content=\"720\" \/>\n\t<meta property=\"og:image:height\" content=\"660\" \/>\n\t<meta property=\"og:image:type\" content=\"image\/jpeg\" \/>\n<meta name=\"twitter:card\" content=\"summary_large_image\" \/>\n<script type=\"application\/ld+json\" class=\"yoast-schema-graph\">{\"@context\":\"https:\/\/schema.org\",\"@graph\":[{\"@type\":\"WebPage\",\"@id\":\"https:\/\/www.4bdistrib.com\/produits\/systemes-de-dosage\/systeme-de-dosage-et-de-remplissage\/pompe-vide-fut\/pompe-vide-fut-noir\/\",\"url\":\"https:\/\/www.4bdistrib.com\/produits\/systemes-de-dosage\/systeme-de-dosage-et-de-remplissage\/pompe-vide-fut\/pompe-vide-fut-noir\/\",\"name\":\"Pompe Vide F\u00fbt - Noir - 4B DISTRIB\",\"isPartOf\":{\"@id\":\"https:\/\/www.4bdistrib.com\/#website\"},\"primaryImageOfPage\":{\"@id\":\"https:\/\/www.4bdistrib.com\/produits\/systemes-de-dosage\/systeme-de-dosage-et-de-remplissage\/pompe-vide-fut\/pompe-vide-fut-noir\/#primaryimage\"},\"image\":{\"@id\":\"https:\/\/www.4bdistrib.com\/produits\/systemes-de-dosage\/systeme-de-dosage-et-de-remplissage\/pompe-vide-fut\/pompe-vide-fut-noir\/#primaryimage\"},\"thumbnailUrl\":\"https:\/\/www.4bdistrib.com\/wp-content\/uploads\/2021\/03\/0-710M021.jpg\",\"datePublished\":\"2021-04-12T07:07:21+00:00\",\"dateModified\":\"2021-04-29T12:57:03+00:00\",\"breadcrumb\":{\"@id\":\"https:\/\/www.4bdistrib.com\/produits\/systemes-de-dosage\/systeme-de-dosage-et-de-remplissage\/pompe-vide-fut\/pompe-vide-fut-noir\/#breadcrumb\"},\"inLanguage\":\"en-GB\",\"potentialAction\":[{\"@type\":\"ReadAction\",\"target\":[\"https:\/\/www.4bdistrib.com\/produits\/systemes-de-dosage\/systeme-de-dosage-et-de-remplissage\/pompe-vide-fut\/pompe-vide-fut-noir\/\"]}]},{\"@type\":\"ImageObject\",\"inLanguage\":\"en-GB\",\"@id\":\"https:\/\/www.4bdistrib.com\/produits\/systemes-de-dosage\/systeme-de-dosage-et-de-remplissage\/pompe-vide-fut\/pompe-vide-fut-noir\/#primaryimage\",\"url\":\"https:\/\/www.4bdistrib.com\/wp-content\/uploads\/2021\/03\/0-710M021.jpg\",\"contentUrl\":\"https:\/\/www.4bdistrib.com\/wp-content\/uploads\/2021\/03\/0-710M021.jpg\",\"width\":720,\"height\":660},{\"@type\":\"BreadcrumbList\",\"@id\":\"https:\/\/www.4bdistrib.com\/produits\/systemes-de-dosage\/systeme-de-dosage-et-de-remplissage\/pompe-vide-fut\/pompe-vide-fut-noir\/#breadcrumb\",\"itemListElement\":[{\"@type\":\"ListItem\",\"position\":1,\"name\":\"Home\",\"item\":\"https:\/\/www.4bdistrib.com\/\"},{\"@type\":\"ListItem\",\"position\":2,\"name\":\"Produits\",\"item\":\"https:\/\/www.4bdistrib.com\/produits\/\"},{\"@type\":\"ListItem\",\"position\":3,\"name\":\"Pompe Vide F\u00fbt &#8211; Noir\"}]},{\"@type\":\"WebSite\",\"@id\":\"https:\/\/www.4bdistrib.com\/#website\",\"url\":\"https:\/\/www.4bdistrib.com\/\",\"name\":\"4B DISTRIB\",\"description\":\"Equipements Conseils Services\",\"potentialAction\":[{\"@type\":\"SearchAction\",\"target\":{\"@type\":\"EntryPoint\",\"urlTemplate\":\"https:\/\/www.4bdistrib.com\/?s={search_term_string}\"},\"query-input\":{\"@type\":\"PropertyValueSpecification\",\"valueRequired\":true,\"valueName\":\"search_term_string\"}}],\"inLanguage\":\"en-GB\"}]}<\/script>\n<!-- \/ Yoast SEO plugin. -->","yoast_head_json":{"title":"Pompe Vide F\u00fbt - Noir - 4B DISTRIB","robots":{"index":"index","follow":"follow","max-snippet":"max-snippet:-1","max-image-preview":"max-image-preview:large","max-video-preview":"max-video-preview:-1"},"canonical":"https:\/\/www.4bdistrib.com\/en\/produits\/systemes-de-dosage\/systeme-de-dosage-et-de-remplissage\/pompe-vide-fut\/pompe-vide-fut-noir\/","og_locale":"en_GB","og_type":"article","og_title":"Pompe Vide F\u00fbt - Noir - 4B DISTRIB","og_description":"Pompe en PPS \/ RYTHON  Joints PTFE  Adapt\u00e9e pour : eau, alcool, k\u00e9ros\u00e8ne, lubrifiant, acide haute concentration...","og_url":"https:\/\/www.4bdistrib.com\/en\/produits\/systemes-de-dosage\/systeme-de-dosage-et-de-remplissage\/pompe-vide-fut\/pompe-vide-fut-noir\/","og_site_name":"4B DISTRIB","article_modified_time":"2021-04-29T12:57:03+00:00","og_image":[{"width":720,"height":660,"url":"https:\/\/www.4bdistrib.com\/wp-content\/uploads\/2021\/03\/0-710M021.jpg","type":"image\/jpeg"}],"twitter_card":"summary_large_image","schema":{"@context":"https:\/\/schema.org","@graph":[{"@type":"WebPage","@id":"https:\/\/www.4bdistrib.com\/produits\/systemes-de-dosage\/systeme-de-dosage-et-de-remplissage\/pompe-vide-fut\/pompe-vide-fut-noir\/","url":"https:\/\/www.4bdistrib.com\/produits\/systemes-de-dosage\/systeme-de-dosage-et-de-remplissage\/pompe-vide-fut\/pompe-vide-fut-noir\/","name":"Pompe Vide F\u00fbt - Noir - 4B DISTRIB","isPartOf":{"@id":"https:\/\/www.4bdistrib.com\/#website"},"primaryImageOfPage":{"@id":"https:\/\/www.4bdistrib.com\/produits\/systemes-de-dosage\/systeme-de-dosage-et-de-remplissage\/pompe-vide-fut\/pompe-vide-fut-noir\/#primaryimage"},"image":{"@id":"https:\/\/www.4bdistrib.com\/produits\/systemes-de-dosage\/systeme-de-dosage-et-de-remplissage\/pompe-vide-fut\/pompe-vide-fut-noir\/#primaryimage"},"thumbnailUrl":"https:\/\/www.4bdistrib.com\/wp-content\/uploads\/2021\/03\/0-710M021.jpg","datePublished":"2021-04-12T07:07:21+00:00","dateModified":"2021-04-29T12:57:03+00:00","breadcrumb":{"@id":"https:\/\/www.4bdistrib.com\/produits\/systemes-de-dosage\/systeme-de-dosage-et-de-remplissage\/pompe-vide-fut\/pompe-vide-fut-noir\/#breadcrumb"},"inLanguage":"en-GB","potentialAction":[{"@type":"ReadAction","target":["https:\/\/www.4bdistrib.com\/produits\/systemes-de-dosage\/systeme-de-dosage-et-de-remplissage\/pompe-vide-fut\/pompe-vide-fut-noir\/"]}]},{"@type":"ImageObject","inLanguage":"en-GB","@id":"https:\/\/www.4bdistrib.com\/produits\/systemes-de-dosage\/systeme-de-dosage-et-de-remplissage\/pompe-vide-fut\/pompe-vide-fut-noir\/#primaryimage","url":"https:\/\/www.4bdistrib.com\/wp-content\/uploads\/2021\/03\/0-710M021.jpg","contentUrl":"https:\/\/www.4bdistrib.com\/wp-content\/uploads\/2021\/03\/0-710M021.jpg","width":720,"height":660},{"@type":"BreadcrumbList","@id":"https:\/\/www.4bdistrib.com\/produits\/systemes-de-dosage\/systeme-de-dosage-et-de-remplissage\/pompe-vide-fut\/pompe-vide-fut-noir\/#breadcrumb","itemListElement":[{"@type":"ListItem","position":1,"name":"Home","item":"https:\/\/www.4bdistrib.com\/"},{"@type":"ListItem","position":2,"name":"Produits","item":"https:\/\/www.4bdistrib.com\/produits\/"},{"@type":"ListItem","position":3,"name":"Pompe Vide F\u00fbt &#8211; Noir"}]},{"@type":"WebSite","@id":"https:\/\/www.4bdistrib.com\/#website","url":"https:\/\/www.4bdistrib.com\/","name":"4B DISTRIB","description":"Equipements Conseils Services","potentialAction":[{"@type":"SearchAction","target":{"@type":"EntryPoint","urlTemplate":"https:\/\/www.4bdistrib.com\/?s={search_term_string}"},"query-input":{"@type":"PropertyValueSpecification","valueRequired":true,"valueName":"search_term_string"}}],"inLanguage":"en-GB"}]}},"_links":{"self":[{"href":"https:\/\/www.4bdistrib.com\/en\/wp-json\/wp\/v2\/product\/9155","targetHints":{"allow":["GET"]}}],"collection":[{"href":"https:\/\/www.4bdistrib.com\/en\/wp-json\/wp\/v2\/product"}],"about":[{"href":"https:\/\/www.4bdistrib.com\/en\/wp-json\/wp\/v2\/types\/product"}],"wp:featuredmedia":[{"embeddable":true,"href":"https:\/\/www.4bdistrib.com\/en\/wp-json\/wp\/v2\/media\/9158"}],"wp:attachment":[{"href":"https:\/\/www.4bdistrib.com\/en\/wp-json\/wp\/v2\/media?parent=9155"}],"wp:term":[{"taxonomy":"product_brand","embeddable":true,"href":"https:\/\/www.4bdistrib.com\/en\/wp-json\/wp\/v2\/product_brand?post=9155"},{"taxonomy":"product_cat","embeddable":true,"href":"https:\/\/www.4bdistrib.com\/en\/wp-json\/wp\/v2\/product_cat?post=9155"},{"taxonomy":"product_tag","embeddable":true,"href":"https:\/\/www.4bdistrib.com\/en\/wp-json\/wp\/v2\/product_tag?post=9155"}],"curies":[{"name":"wp","href":"https:\/\/api.w.org\/{rel}","templated":true}]}}