{"id":9591,"date":"2021-04-29T14:53:00","date_gmt":"2021-04-29T12:53:00","guid":{"rendered":"https:\/\/www.4bdistrib.com\/?post_type=product&#038;p=9591"},"modified":"2021-04-30T11:17:47","modified_gmt":"2021-04-30T09:17:47","slug":"polisseuse-electrique-circulaire-rp","status":"publish","type":"product","link":"https:\/\/www.4bdistrib.com\/en\/produits\/materiels-et-outillages\/polisseuses-ponceuses\/polisseuses-ponceuses-electriques\/electric-circular-polisher-rp\/","title":{"rendered":"RP+ circular electric polisher"},"content":{"rendered":"<ul>\n<li>Circular polisher<\/li>\n<li>With mechanical variator<\/li>\n<li>Facile d&#8217;utilisation<\/li>\n<li>Id\u00e9al pour l&#8217;esth\u00e9tique automobile<\/li>\n<li>Comes with storage bag and a set of spare charcoal and two handles<\/li>\n<\/ul>","protected":false},"excerpt":{"rendered":"<ul>\n<li>Circular polisher<\/li>\n<li>With mechanical variator<\/li>\n<li>Facile d&#8217;utilisation<\/li>\n<li>Id\u00e9al pour l&#8217;esth\u00e9tique automobile<\/li>\n<\/ul>","protected":false},"featured_media":9860,"template":"","meta":{"_exactmetrics_skip_tracking":false,"_exactmetrics_sitenote_active":false,"_exactmetrics_sitenote_note":"","_exactmetrics_sitenote_category":0},"product_brand":[],"product_cat":[403,390,393],"product_tag":[],"class_list":{"0":"post-9591","1":"product","2":"type-product","3":"status-publish","4":"has-post-thumbnail","6":"product_cat-polisseuses-ponceuses-electriques","7":"product_cat-materiels-et-outillages","8":"product_cat-polisseuses-ponceuses","10":"first","11":"instock","12":"shipping-taxable","13":"product-type-simple"},"yoast_head":"<!-- This site is optimized with the Yoast SEO plugin v27.2 - https:\/\/yoast.com\/product\/yoast-seo-wordpress\/ -->\n<title>Polisseuse \u00e9lectrique circulaire RP+ - 4B DISTRIB<\/title>\n<meta name=\"robots\" content=\"index, follow, max-snippet:-1, max-image-preview:large, max-video-preview:-1\" \/>\n<link rel=\"canonical\" href=\"https:\/\/www.4bdistrib.com\/en\/produits\/materiels-et-outillages\/polisseuses-ponceuses\/polisseuses-ponceuses-electriques\/electric-circular-polisher-rp\/\" \/>\n<meta property=\"og:locale\" content=\"en_GB\" \/>\n<meta property=\"og:type\" content=\"article\" \/>\n<meta property=\"og:title\" content=\"Polisseuse \u00e9lectrique circulaire RP+ - 4B DISTRIB\" \/>\n<meta property=\"og:description\" content=\"Polisseuse circulaire  Avec variateur m\u00e9canique  Facile d&#039;utilisation  Id\u00e9al pour l&#039;esth\u00e9tique automobile\" \/>\n<meta property=\"og:url\" content=\"https:\/\/www.4bdistrib.com\/en\/produits\/materiels-et-outillages\/polisseuses-ponceuses\/polisseuses-ponceuses-electriques\/electric-circular-polisher-rp\/\" \/>\n<meta property=\"og:site_name\" content=\"4B DISTRIB\" \/>\n<meta property=\"article:modified_time\" content=\"2021-04-30T09:17:47+00:00\" \/>\n<meta property=\"og:image\" content=\"https:\/\/www.4bdistrib.com\/wp-content\/uploads\/2021\/04\/0-620M006.png\" \/>\n\t<meta property=\"og:image:width\" content=\"720\" \/>\n\t<meta property=\"og:image:height\" content=\"660\" \/>\n\t<meta property=\"og:image:type\" content=\"image\/png\" \/>\n<meta name=\"twitter:card\" content=\"summary_large_image\" \/>\n<script type=\"application\/ld+json\" class=\"yoast-schema-graph\">{\"@context\":\"https:\/\/schema.org\",\"@graph\":[{\"@type\":\"WebPage\",\"@id\":\"https:\/\/www.4bdistrib.com\/produits\/materiels-et-outillages\/polisseuses-ponceuses\/polisseuses-ponceuses-electriques\/polisseuse-electrique-circulaire-rp\/\",\"url\":\"https:\/\/www.4bdistrib.com\/produits\/materiels-et-outillages\/polisseuses-ponceuses\/polisseuses-ponceuses-electriques\/polisseuse-electrique-circulaire-rp\/\",\"name\":\"Polisseuse \u00e9lectrique circulaire RP+ - 4B DISTRIB\",\"isPartOf\":{\"@id\":\"https:\/\/www.4bdistrib.com\/#website\"},\"primaryImageOfPage\":{\"@id\":\"https:\/\/www.4bdistrib.com\/produits\/materiels-et-outillages\/polisseuses-ponceuses\/polisseuses-ponceuses-electriques\/polisseuse-electrique-circulaire-rp\/#primaryimage\"},\"image\":{\"@id\":\"https:\/\/www.4bdistrib.com\/produits\/materiels-et-outillages\/polisseuses-ponceuses\/polisseuses-ponceuses-electriques\/polisseuse-electrique-circulaire-rp\/#primaryimage\"},\"thumbnailUrl\":\"https:\/\/www.4bdistrib.com\/wp-content\/uploads\/2021\/04\/0-620M006.png\",\"datePublished\":\"2021-04-29T12:53:00+00:00\",\"dateModified\":\"2021-04-30T09:17:47+00:00\",\"breadcrumb\":{\"@id\":\"https:\/\/www.4bdistrib.com\/produits\/materiels-et-outillages\/polisseuses-ponceuses\/polisseuses-ponceuses-electriques\/polisseuse-electrique-circulaire-rp\/#breadcrumb\"},\"inLanguage\":\"en-GB\",\"potentialAction\":[{\"@type\":\"ReadAction\",\"target\":[\"https:\/\/www.4bdistrib.com\/produits\/materiels-et-outillages\/polisseuses-ponceuses\/polisseuses-ponceuses-electriques\/polisseuse-electrique-circulaire-rp\/\"]}]},{\"@type\":\"ImageObject\",\"inLanguage\":\"en-GB\",\"@id\":\"https:\/\/www.4bdistrib.com\/produits\/materiels-et-outillages\/polisseuses-ponceuses\/polisseuses-ponceuses-electriques\/polisseuse-electrique-circulaire-rp\/#primaryimage\",\"url\":\"https:\/\/www.4bdistrib.com\/wp-content\/uploads\/2021\/04\/0-620M006.png\",\"contentUrl\":\"https:\/\/www.4bdistrib.com\/wp-content\/uploads\/2021\/04\/0-620M006.png\",\"width\":720,\"height\":660},{\"@type\":\"BreadcrumbList\",\"@id\":\"https:\/\/www.4bdistrib.com\/produits\/materiels-et-outillages\/polisseuses-ponceuses\/polisseuses-ponceuses-electriques\/polisseuse-electrique-circulaire-rp\/#breadcrumb\",\"itemListElement\":[{\"@type\":\"ListItem\",\"position\":1,\"name\":\"Home\",\"item\":\"https:\/\/www.4bdistrib.com\/\"},{\"@type\":\"ListItem\",\"position\":2,\"name\":\"Produits\",\"item\":\"https:\/\/www.4bdistrib.com\/produits\/\"},{\"@type\":\"ListItem\",\"position\":3,\"name\":\"Polisseuse \u00e9lectrique circulaire RP+\"}]},{\"@type\":\"WebSite\",\"@id\":\"https:\/\/www.4bdistrib.com\/#website\",\"url\":\"https:\/\/www.4bdistrib.com\/\",\"name\":\"4B DISTRIB\",\"description\":\"Equipements Conseils Services\",\"potentialAction\":[{\"@type\":\"SearchAction\",\"target\":{\"@type\":\"EntryPoint\",\"urlTemplate\":\"https:\/\/www.4bdistrib.com\/?s={search_term_string}\"},\"query-input\":{\"@type\":\"PropertyValueSpecification\",\"valueRequired\":true,\"valueName\":\"search_term_string\"}}],\"inLanguage\":\"en-GB\"}]}<\/script>\n<!-- \/ Yoast SEO plugin. -->","yoast_head_json":{"title":"RP+ circular electric polisher - 4B DISTRIB","robots":{"index":"index","follow":"follow","max-snippet":"max-snippet:-1","max-image-preview":"max-image-preview:large","max-video-preview":"max-video-preview:-1"},"canonical":"https:\/\/www.4bdistrib.com\/en\/produits\/materiels-et-outillages\/polisseuses-ponceuses\/polisseuses-ponceuses-electriques\/electric-circular-polisher-rp\/","og_locale":"en_GB","og_type":"article","og_title":"Polisseuse \u00e9lectrique circulaire RP+ - 4B DISTRIB","og_description":"Polisseuse circulaire  Avec variateur m\u00e9canique  Facile d'utilisation  Id\u00e9al pour l'esth\u00e9tique automobile","og_url":"https:\/\/www.4bdistrib.com\/en\/produits\/materiels-et-outillages\/polisseuses-ponceuses\/polisseuses-ponceuses-electriques\/electric-circular-polisher-rp\/","og_site_name":"4B DISTRIB","article_modified_time":"2021-04-30T09:17:47+00:00","og_image":[{"width":720,"height":660,"url":"https:\/\/www.4bdistrib.com\/wp-content\/uploads\/2021\/04\/0-620M006.png","type":"image\/png"}],"twitter_card":"summary_large_image","schema":{"@context":"https:\/\/schema.org","@graph":[{"@type":"WebPage","@id":"https:\/\/www.4bdistrib.com\/produits\/materiels-et-outillages\/polisseuses-ponceuses\/polisseuses-ponceuses-electriques\/polisseuse-electrique-circulaire-rp\/","url":"https:\/\/www.4bdistrib.com\/produits\/materiels-et-outillages\/polisseuses-ponceuses\/polisseuses-ponceuses-electriques\/polisseuse-electrique-circulaire-rp\/","name":"RP+ circular electric polisher - 4B DISTRIB","isPartOf":{"@id":"https:\/\/www.4bdistrib.com\/#website"},"primaryImageOfPage":{"@id":"https:\/\/www.4bdistrib.com\/produits\/materiels-et-outillages\/polisseuses-ponceuses\/polisseuses-ponceuses-electriques\/polisseuse-electrique-circulaire-rp\/#primaryimage"},"image":{"@id":"https:\/\/www.4bdistrib.com\/produits\/materiels-et-outillages\/polisseuses-ponceuses\/polisseuses-ponceuses-electriques\/polisseuse-electrique-circulaire-rp\/#primaryimage"},"thumbnailUrl":"https:\/\/www.4bdistrib.com\/wp-content\/uploads\/2021\/04\/0-620M006.png","datePublished":"2021-04-29T12:53:00+00:00","dateModified":"2021-04-30T09:17:47+00:00","breadcrumb":{"@id":"https:\/\/www.4bdistrib.com\/produits\/materiels-et-outillages\/polisseuses-ponceuses\/polisseuses-ponceuses-electriques\/polisseuse-electrique-circulaire-rp\/#breadcrumb"},"inLanguage":"en-GB","potentialAction":[{"@type":"ReadAction","target":["https:\/\/www.4bdistrib.com\/produits\/materiels-et-outillages\/polisseuses-ponceuses\/polisseuses-ponceuses-electriques\/polisseuse-electrique-circulaire-rp\/"]}]},{"@type":"ImageObject","inLanguage":"en-GB","@id":"https:\/\/www.4bdistrib.com\/produits\/materiels-et-outillages\/polisseuses-ponceuses\/polisseuses-ponceuses-electriques\/polisseuse-electrique-circulaire-rp\/#primaryimage","url":"https:\/\/www.4bdistrib.com\/wp-content\/uploads\/2021\/04\/0-620M006.png","contentUrl":"https:\/\/www.4bdistrib.com\/wp-content\/uploads\/2021\/04\/0-620M006.png","width":720,"height":660},{"@type":"BreadcrumbList","@id":"https:\/\/www.4bdistrib.com\/produits\/materiels-et-outillages\/polisseuses-ponceuses\/polisseuses-ponceuses-electriques\/polisseuse-electrique-circulaire-rp\/#breadcrumb","itemListElement":[{"@type":"ListItem","position":1,"name":"Home","item":"https:\/\/www.4bdistrib.com\/"},{"@type":"ListItem","position":2,"name":"Produits","item":"https:\/\/www.4bdistrib.com\/produits\/"},{"@type":"ListItem","position":3,"name":"Polisseuse \u00e9lectrique circulaire RP+"}]},{"@type":"WebSite","@id":"https:\/\/www.4bdistrib.com\/#website","url":"https:\/\/www.4bdistrib.com\/","name":"4B DISTRIB","description":"Equipements Conseils Services","potentialAction":[{"@type":"SearchAction","target":{"@type":"EntryPoint","urlTemplate":"https:\/\/www.4bdistrib.com\/?s={search_term_string}"},"query-input":{"@type":"PropertyValueSpecification","valueRequired":true,"valueName":"search_term_string"}}],"inLanguage":"en-GB"}]}},"_links":{"self":[{"href":"https:\/\/www.4bdistrib.com\/en\/wp-json\/wp\/v2\/product\/9591","targetHints":{"allow":["GET"]}}],"collection":[{"href":"https:\/\/www.4bdistrib.com\/en\/wp-json\/wp\/v2\/product"}],"about":[{"href":"https:\/\/www.4bdistrib.com\/en\/wp-json\/wp\/v2\/types\/product"}],"wp:featuredmedia":[{"embeddable":true,"href":"https:\/\/www.4bdistrib.com\/en\/wp-json\/wp\/v2\/media\/9860"}],"wp:attachment":[{"href":"https:\/\/www.4bdistrib.com\/en\/wp-json\/wp\/v2\/media?parent=9591"}],"wp:term":[{"taxonomy":"product_brand","embeddable":true,"href":"https:\/\/www.4bdistrib.com\/en\/wp-json\/wp\/v2\/product_brand?post=9591"},{"taxonomy":"product_cat","embeddable":true,"href":"https:\/\/www.4bdistrib.com\/en\/wp-json\/wp\/v2\/product_cat?post=9591"},{"taxonomy":"product_tag","embeddable":true,"href":"https:\/\/www.4bdistrib.com\/en\/wp-json\/wp\/v2\/product_tag?post=9591"}],"curies":[{"name":"wp","href":"https:\/\/api.w.org\/{rel}","templated":true}]}}